{"id":1790,"date":"2022-02-03T09:41:47","date_gmt":"2022-02-03T09:41:47","guid":{"rendered":"https:\/\/www.le34.dk\/stor-innovationspris-till-smartsurvey\/"},"modified":"2025-05-12T09:58:23","modified_gmt":"2025-05-12T09:58:23","slug":"stor-innovationspris-till-smartsurvey","status":"publish","type":"page","link":"https:\/\/www.le34.dk\/sv\/stor-innovationspris-till-smartsurvey\/","title":{"rendered":"Stor innovationspris till SmartSurvey\u2122"},"content":{"rendered":"<p>Den 1 februari 2022<br \/>\nInnovation blir funktionell n\u00e4r den nya produkten g\u00f6r saker enklare och kan anv\u00e4ndas av m\u00e5nga fler \u00e4n de som utvecklat den.<\/p>\n<p>Gemensamma m\u00e5l och krafter i innovationsprocessen<br \/>\nModet att kasta sig ut i det ok\u00e4nda, f\u00f6rm\u00e5gan att oms\u00e4tta kundens behov till verklighet och viljan att \u201ddisruptera\u201d, dvs omkullkasta r\u00e5dande sanningar i den egna verksamheten till f\u00f6rm\u00e5n f\u00f6r n\u00e5got st\u00f6rre, \u00e4r en av anledningarna till att LE34 tog hem det \u00f6stjyll\u00e4ndska partnerskapet Vandpartners innovationspris f\u00f6r utvecklingen av appen SmartSurvey\u2122.<br \/>\nVi avgick med segern bland nio f\u00f6retag som vart och ett har r\u00f6stat p\u00e5 b\u00e4sta innovationsbidrag i regi av Vandpartner 1.0 under perioden 2016\u20132021.<br \/>\n\u2013 LE34 har kastat sig \u00f6ver innovationssamarbetet p\u00e5 b\u00e4sta s\u00e4tt. De har varit ih\u00e4rdiga och h\u00e5llit en h\u00f6g och positiv energiniv\u00e5, och n\u00e4r det har skett ett genombrott har de lyckats kommersialisera det s\u00e5 att det har kommit alla till del, s\u00e4ger Karsten Lundbye, innovationschef p\u00e5 Aarhus Vand och ledamot i juryn i samband med prisutdelningen.<\/p>\n<p>Peter Hjortdal, avdelningschef f\u00f6r byggprojekt, Aarhus Vand<br \/>\n\u201cAlla parter jobbar tillsammans p\u00e5 l\u00f6sningar d\u00e4r vi kan g\u00f6ra saker smartare, och om alla n\u00e4rmar sig innovationsarbetet med \u00f6ppenhet, tillit och \u00e4rlighet kan man h\u00f6ja niv\u00e5n rej\u00e4lt. Det \u00e4r precis det vi sj\u00e4lva upplevde i samband med utvecklingen av SmartSurvey&#8482;\u201d\u00a0<\/p>\n<p>Karsten Lumbye, innovationschef p\u00e5 Aarhus Vand och ledamot i juryn f\u00f6r Innovationspriset<br \/>\n\u201cDet fina \u00e4r att LE34 \u201ddisrupterar\u201d sin egen verksamhet. De underl\u00e4ttar f\u00f6r andra att kunna erbjuda klassiska lantm\u00e4teritj\u00e4nster, som de sj\u00e4lva drar in pengar p\u00e5, och de lyfter branschen och g\u00f6r samtidigt aff\u00e4rer av det. Det \u00e4r bra jobbat och f\u00f6rutseende av dem.\u201d<\/p>\n<p>Fr\u00e5n kartong till app<br \/>\nVandpartner 1.0 \u00e4r ett ambiti\u00f6st partnerskap mellan de tre \u00f6stjyll\u00e4ndska allm\u00e4nnyttiga f\u00f6retagen Aarhus Vand, Favrskov Forsyning och Samn Forsyning och deras leverant\u00f6rer. Tillsammans med de allm\u00e4nnyttiga f\u00f6retagen ing\u00e5r 14 olika f\u00f6retag i ett sex\u00e5rigt samarbetsavtal, d\u00e4r parterna har f\u00f6rbundit sig till att bedriva ett n\u00e4ra samarbete.<br \/>\n\u2013 SmartSurvey\u2122 uppstod under en workshop, d\u00e4r jag pratade med LE34 om vilka utmaningar vi st\u00e5r inf\u00f6r. En av utmaningarna var att det tog l\u00e5ng tid fr\u00e5n att n\u00e5got gjordes i f\u00e4lt tills data kom hem och laddades in i v\u00e5r ledningsregistrering. Tillsammans skapade vi en prototyp i kartong, och den tog LE34 med sig hem till tankesmedjan. Idag \u00e4r det en app som kan optimera arbetsfl\u00f6den betydligt, s\u00e4ger Peter Hjortdal, avdelningschef f\u00f6r byggprojekt p\u00e5 Aarhus Vand.<\/p>\n<p>Innovation till nytta f\u00f6r allm\u00e4nnyttiga f\u00f6retag och entrepren\u00f6rer<br \/>\nMed SmartSurvey&#8482; \u00e4r det idag lika enkelt att samla in noggranna data om en ledning i en \u00f6ppen ledningsgrav, som det \u00e4r att spela in ett videoklipp med en smartphone. F\u00f6rdelarna f\u00f6r allm\u00e4nnyttiga f\u00f6retag och entrepren\u00f6rer \u00e4r stora, eftersom de sj\u00e4lva kan samla in dokumentationen p\u00e5 f\u00e4ltet efter ledningsarbetet, t\u00e4cka \u00f6ver ledningsh\u00e5let och \u00e5terst\u00e4lla markbel\u00e4ggningen i ett enda moment. Samtidigt f\u00e5r de mer information om ledningen \u00e4n de f\u00e5 punkter som m\u00e4ts med traditionell m\u00e4tning.<br \/>\n\u00c4ven det allm\u00e4nnyttiga f\u00f6retaget Novafos har bidragit till utvecklingen av SmartSurvey\u2122 genom att testa prototyper av appen och insamla data fr\u00e5n tusentals \u00f6ppna ledningsgravar.<br \/>\nVandpartner har p\u00e5b\u00f6rjat en ny omg\u00e5ng av sex\u00e5riga ramavtal, under namnet Vandpartner 2.0. Fokus ligger fortfarande p\u00e5 digitalisering och innovation. LE34 har \u00e5terf\u00e5tt sitt ramavtal med Aarhus Vand och g\u00e5r med Vandpartner 2.0 in i en ny roll som v\u00e4gledare f\u00f6r skapandet av ett geodatafl\u00f6de, s\u00e5 att alla i partnerskapet har tillg\u00e5ng till aktuella och kompletta ledningsdata.<\/p>\n<p>Ladda ner SmartSurvey\u2122 gratis fr\u00e5n App Store<\/p>\n<p>Ladda ner SmartSurvey\u2122 gratis fr\u00e5n Google Play<\/p>\n<p>Torbj\u00f8rn Mandahl Pedersen, aff\u00e4rsomr\u00e5deschef f\u00f6r LE34 Forsyning<br \/>\n\u201cDet \u00e4r fantastiskt att f\u00e5 vara med och utveckla n\u00e5got som tillf\u00f6r v\u00e4rde f\u00f6r v\u00e5ra kunder, och det \u00e4r h\u00e4ftigt att se hur proaktiva och lekfulla b\u00e5de Vandpartner \u2013 som har skapat ett utm\u00e4rkt innovationsuppl\u00e4gg \u2013 och alla andra parter har varit. D\u00e4r vi tidigare f\u00f6rs\u00f6kte optimera v\u00e5r egen del av ett projekt f\u00f6r att f\u00e5 det att fungera gr\u00e4ns\u00f6verskridande, g\u00e5r vi nu ihop och funderar tillsammans p\u00e5 hur vi b\u00e4st jobbar mot ett gemensamt m\u00e5l.\u201d<\/p>\n<p>Vill du veta mer?<br \/>\nKONTAKTA OSS<br \/>\nVill du veta mer om LE34:s VA-tj\u00e4nster eller inm\u00e4tningsappen SmartSurvey?<br \/>\nTveka inte att kontakta oss.<\/p>\n<p>Johan J\u00f6nsson<br \/>\nAff\u00e4rsomr\u00e5deschef<br \/>\nLE34 M\u00e4tkonsult, Sverige<br \/>\nTel. \u00a0+46 769 410 530<br \/>\njjn@le34.se<\/p>\n<p>Skicka ett mejl till Johan J\u00f6nsson<\/p>\n","protected":false},"excerpt":{"rendered":"<p>Den 1 februari 2022 Innovation blir funktionell n\u00e4r den nya produkten g\u00f6r saker enklare och kan anv\u00e4ndas av m\u00e5nga fler \u00e4n de som utvecklat den. Gemensamma m\u00e5l och krafter i innovationsprocessen Modet att kasta sig ut i det ok\u00e4nda, f\u00f6rm\u00e5gan att oms\u00e4tta kundens behov till verklighet och viljan att \u201ddisruptera\u201d, dvs omkullkasta r\u00e5dande sanningar i [&hellip;]<\/p>\n","protected":false},"author":28,"featured_media":0,"parent":0,"menu_order":0,"comment_status":"closed","ping_status":"closed","template":"","meta":{"_acf_changed":false,"footnotes":""},"class_list":["post-1790","page","type-page","status-publish","hentry"],"acf":[],"yoast_head":"<!-- This site is optimized with the Yoast SEO plugin v27.5 - https:\/\/yoast.com\/product\/yoast-seo-wordpress\/ -->\n<title>SmartSurvey utvecklad av LE34 mottar innovationspris<\/title>\n<meta name=\"description\" content=\"SmartSurvey, en inm\u00e4tningsapp p\u00e5 telefonen som LE34 utvecklat fick stort innovationspris. Appen \u00e4r utvecklad i samarbete med v\u00e5ra kunder.\" \/>\n<meta name=\"robots\" content=\"index, follow, max-snippet:-1, max-image-preview:large, max-video-preview:-1\" \/>\n<link rel=\"canonical\" href=\"https:\/\/www.le34.dk\/sv\/stor-innovationspris-till-smartsurvey\/\" \/>\n<meta property=\"og:locale\" content=\"sv_SE\" \/>\n<meta property=\"og:type\" content=\"article\" \/>\n<meta property=\"og:title\" content=\"SmartSurvey utvecklad av LE34 mottar innovationspris\" \/>\n<meta property=\"og:description\" content=\"SmartSurvey, en inm\u00e4tningsapp p\u00e5 telefonen som LE34 utvecklat fick stort innovationspris. Appen \u00e4r utvecklad i samarbete med v\u00e5ra kunder.\" \/>\n<meta property=\"og:url\" content=\"https:\/\/www.le34.dk\/sv\/stor-innovationspris-till-smartsurvey\/\" \/>\n<meta property=\"og:site_name\" content=\"LE34\" \/>\n<meta property=\"article:modified_time\" content=\"2025-05-12T09:58:23+00:00\" \/>\n<meta name=\"twitter:card\" content=\"summary_large_image\" \/>\n<meta name=\"twitter:label1\" content=\"Ber\u00e4knad l\u00e4stid\" \/>\n\t<meta name=\"twitter:data1\" content=\"10 minuter\" \/>\n<script type=\"application\/ld+json\" class=\"yoast-schema-graph\">{\"@context\":\"https:\\\/\\\/schema.org\",\"@graph\":[{\"@type\":\"WebPage\",\"@id\":\"https:\\\/\\\/www.le34.dk\\\/sv\\\/stor-innovationspris-till-smartsurvey\\\/\",\"url\":\"https:\\\/\\\/www.le34.dk\\\/sv\\\/stor-innovationspris-till-smartsurvey\\\/\",\"name\":\"SmartSurvey utvecklad av LE34 mottar innovationspris\",\"isPartOf\":{\"@id\":\"https:\\\/\\\/www.le34.dk\\\/sv\\\/#website\"},\"datePublished\":\"2022-02-03T09:41:47+00:00\",\"dateModified\":\"2025-05-12T09:58:23+00:00\",\"description\":\"SmartSurvey, en inm\u00e4tningsapp p\u00e5 telefonen som LE34 utvecklat fick stort innovationspris. Appen \u00e4r utvecklad i samarbete med v\u00e5ra kunder.\",\"breadcrumb\":{\"@id\":\"https:\\\/\\\/www.le34.dk\\\/sv\\\/stor-innovationspris-till-smartsurvey\\\/#breadcrumb\"},\"inLanguage\":\"sv-SE\",\"potentialAction\":[{\"@type\":\"ReadAction\",\"target\":[\"https:\\\/\\\/www.le34.dk\\\/sv\\\/stor-innovationspris-till-smartsurvey\\\/\"]}]},{\"@type\":\"BreadcrumbList\",\"@id\":\"https:\\\/\\\/www.le34.dk\\\/sv\\\/stor-innovationspris-till-smartsurvey\\\/#breadcrumb\",\"itemListElement\":[{\"@type\":\"ListItem\",\"position\":1,\"name\":\"Home\",\"item\":\"https:\\\/\\\/www.le34.dk\\\/sv\\\/\"},{\"@type\":\"ListItem\",\"position\":2,\"name\":\"Stor innovationspris till SmartSurvey\u2122\"}]},{\"@type\":\"WebSite\",\"@id\":\"https:\\\/\\\/www.le34.dk\\\/sv\\\/#website\",\"url\":\"https:\\\/\\\/www.le34.dk\\\/sv\\\/\",\"name\":\"LE34\",\"description\":\"\",\"potentialAction\":[{\"@type\":\"SearchAction\",\"target\":{\"@type\":\"EntryPoint\",\"urlTemplate\":\"https:\\\/\\\/www.le34.dk\\\/sv\\\/?s={search_term_string}\"},\"query-input\":{\"@type\":\"PropertyValueSpecification\",\"valueRequired\":true,\"valueName\":\"search_term_string\"}}],\"inLanguage\":\"sv-SE\"}]}<\/script>\n<!-- \/ Yoast SEO plugin. -->","yoast_head_json":{"title":"SmartSurvey utvecklad av LE34 mottar innovationspris","description":"SmartSurvey, en inm\u00e4tningsapp p\u00e5 telefonen som LE34 utvecklat fick stort innovationspris. Appen \u00e4r utvecklad i samarbete med v\u00e5ra kunder.","robots":{"index":"index","follow":"follow","max-snippet":"max-snippet:-1","max-image-preview":"max-image-preview:large","max-video-preview":"max-video-preview:-1"},"canonical":"https:\/\/www.le34.dk\/sv\/stor-innovationspris-till-smartsurvey\/","og_locale":"sv_SE","og_type":"article","og_title":"SmartSurvey utvecklad av LE34 mottar innovationspris","og_description":"SmartSurvey, en inm\u00e4tningsapp p\u00e5 telefonen som LE34 utvecklat fick stort innovationspris. Appen \u00e4r utvecklad i samarbete med v\u00e5ra kunder.","og_url":"https:\/\/www.le34.dk\/sv\/stor-innovationspris-till-smartsurvey\/","og_site_name":"LE34","article_modified_time":"2025-05-12T09:58:23+00:00","twitter_card":"summary_large_image","twitter_misc":{"Ber\u00e4knad l\u00e4stid":"10 minuter"},"schema":{"@context":"https:\/\/schema.org","@graph":[{"@type":"WebPage","@id":"https:\/\/www.le34.dk\/sv\/stor-innovationspris-till-smartsurvey\/","url":"https:\/\/www.le34.dk\/sv\/stor-innovationspris-till-smartsurvey\/","name":"SmartSurvey utvecklad av LE34 mottar innovationspris","isPartOf":{"@id":"https:\/\/www.le34.dk\/sv\/#website"},"datePublished":"2022-02-03T09:41:47+00:00","dateModified":"2025-05-12T09:58:23+00:00","description":"SmartSurvey, en inm\u00e4tningsapp p\u00e5 telefonen som LE34 utvecklat fick stort innovationspris. Appen \u00e4r utvecklad i samarbete med v\u00e5ra kunder.","breadcrumb":{"@id":"https:\/\/www.le34.dk\/sv\/stor-innovationspris-till-smartsurvey\/#breadcrumb"},"inLanguage":"sv-SE","potentialAction":[{"@type":"ReadAction","target":["https:\/\/www.le34.dk\/sv\/stor-innovationspris-till-smartsurvey\/"]}]},{"@type":"BreadcrumbList","@id":"https:\/\/www.le34.dk\/sv\/stor-innovationspris-till-smartsurvey\/#breadcrumb","itemListElement":[{"@type":"ListItem","position":1,"name":"Home","item":"https:\/\/www.le34.dk\/sv\/"},{"@type":"ListItem","position":2,"name":"Stor innovationspris till SmartSurvey\u2122"}]},{"@type":"WebSite","@id":"https:\/\/www.le34.dk\/sv\/#website","url":"https:\/\/www.le34.dk\/sv\/","name":"LE34","description":"","potentialAction":[{"@type":"SearchAction","target":{"@type":"EntryPoint","urlTemplate":"https:\/\/www.le34.dk\/sv\/?s={search_term_string}"},"query-input":{"@type":"PropertyValueSpecification","valueRequired":true,"valueName":"search_term_string"}}],"inLanguage":"sv-SE"}]}},"_links":{"self":[{"href":"https:\/\/www.le34.dk\/sv\/wp-json\/wp\/v2\/pages\/1790","targetHints":{"allow":["GET"]}}],"collection":[{"href":"https:\/\/www.le34.dk\/sv\/wp-json\/wp\/v2\/pages"}],"about":[{"href":"https:\/\/www.le34.dk\/sv\/wp-json\/wp\/v2\/types\/page"}],"author":[{"embeddable":true,"href":"https:\/\/www.le34.dk\/sv\/wp-json\/wp\/v2\/users\/28"}],"replies":[{"embeddable":true,"href":"https:\/\/www.le34.dk\/sv\/wp-json\/wp\/v2\/comments?post=1790"}],"version-history":[{"count":6,"href":"https:\/\/www.le34.dk\/sv\/wp-json\/wp\/v2\/pages\/1790\/revisions"}],"predecessor-version":[{"id":18417,"href":"https:\/\/www.le34.dk\/sv\/wp-json\/wp\/v2\/pages\/1790\/revisions\/18417"}],"wp:attachment":[{"href":"https:\/\/www.le34.dk\/sv\/wp-json\/wp\/v2\/media?parent=1790"}],"curies":[{"name":"wp","href":"https:\/\/api.w.org\/{rel}","templated":true}]}}