{"id":1739,"date":"2017-07-18T04:22:32","date_gmt":"2017-07-18T04:22:32","guid":{"rendered":"https:\/\/www.le34.dk\/branscher\/"},"modified":"2025-05-12T10:05:47","modified_gmt":"2025-05-12T10:05:47","slug":"branscher","status":"publish","type":"page","link":"https:\/\/www.le34.dk\/sv\/branscher\/","title":{"rendered":"Branscher"},"content":{"rendered":"<p>F\u00f6rnybar energi<br \/>\nSolceller, vindkraftverk och biogasanl\u00e4ggningar. LE34 har samlat ett engagerat team av experter inom f\u00f6rnybar energi.<\/p>\n<p>Kommuner och regioner<br \/>\nUts\u00e4ttning, l\u00e4geskontroll, stomn\u00e4t, nybyggnadskartor, grundkartor, projekteringsm\u00e4tningar och dr\u00f6narflygning. Underlag i form av punktmoln och 3D-modeller.<\/p>\n<p>Bygg och anl\u00e4ggning<br \/>\nVi hj\u00e4lper dig b\u00e5de f\u00f6re, under och efter ditt nybyggnadsprojekt. <\/p>\n<p>Hamnar<br \/>\nExakta data om hamnanl\u00e4ggningar, b\u00e5de under och ovanf\u00f6r vattenytan.<\/p>\n<p>Broar, tunnlar, j\u00e4rnv\u00e4gar och v\u00e4gar<br \/>\nM\u00e4tningstekniska tj\u00e4nster i stora som sm\u00e5 infrastrukturprojekt fr\u00e5n projektering till f\u00e4rdig anl\u00e4ggning. <\/p>\n<p>Ledningsn\u00e4t<br \/>\nTeknisk och juridisk r\u00e5dgivning g\u00f6r livet l\u00e4ttare f\u00f6r allm\u00e4nnyttiga f\u00f6retag.<\/p>\n<p>Industrin\u00e4ringen<br \/>\nAlla m\u00e4tdata du beh\u00f6ver f\u00f6r att f\u00f6rhindra dyra driftstopp i produktionen vid nyinstallation, renovering eller ombyggnation.<\/p>\n<p>Villakvarteret<br \/>\nDr\u00f6mmer du om en ny carport eller en tillbyggnad p\u00e5 huset?<\/p>\n<p>Digitala l\u00f6sningar<br \/>\nVi \u00e4r skarpa p\u00e5 att utveckla digitala l\u00f6sningar baserade p\u00e5 GIS og geografiska data. D\u00e4rf\u00f6r har vi etablerat IT34 \u2013 LE34:s digitala tvilling.<\/p>\n<p>Vad beh\u00f6ver du oss till?<br \/>\nStort bygg- eller fastighetsutvecklingsprojekt eller privat husk\u00f6p? V\u00e5ra m\u00e4tningstekniska specialister \u00e4r alltid redo att hj\u00e4lpa till varhelst du beh\u00f6ver oss.<\/p>\n<p>LE34 visar v\u00e4gen \u2013 hela v\u00e4gen<br \/>\nVi p\u00e5 LE34 M\u00e4tkonsult hanterar allt fr\u00e5n snabba lokala insatser till st\u00f6rre projekt med kompletta m\u00e4ttj\u00e4nster. M\u00e4tning av ledningsn\u00e4t, skanning av byggnader eller infrastruktur, insamling med dr\u00f6nare och inte minst traditionell byggm\u00e4tning. B\u00e5de p\u00e5\u00a0marken, till sj\u00f6ss och i luften.<\/p>\n<p>LE34 \u2013 den r\u00f6da tr\u00e5den<br \/>\nVi ser som v\u00e5r viktigaste uppgift att g\u00f6ra livet enklare f\u00f6r v\u00e5ra kunder. Det g\u00f6r vi genom att r\u00e4ta ut tr\u00e5darna och se till att \u00e4ndarna m\u00f6ts. F\u00f6lj den r\u00f6da tr\u00e5den, som utg\u00f6r bilden p\u00e5 v\u00e5r n\u00e4rvaro, just precis d\u00e4r du beh\u00f6ver oss.<\/p>\n<p>Vill du veta mer<br \/>\nKONTAKTA OSS<br \/>\nKontakta Johan J\u00f6nsson om du \u00e4r intresserad av att f\u00e5 veta mer om hur vi kan hj\u00e4lpa dig.<br \/>\nJohan J\u00f6nsson<br \/>\nAff\u00e4rsomr\u00e5deschef<br \/>\nLE34 M\u00e4tkonsult, Sverige<br \/>\nTel. \u00a0+46 769 410 530<br \/>\njjn@le34.se<\/p>\n<p>Skicka ett mail till Johan J\u00f6nsson<\/p>\n","protected":false},"excerpt":{"rendered":"<p>F\u00f6rnybar energi Solceller, vindkraftverk och biogasanl\u00e4ggningar. LE34 har samlat ett engagerat team av experter inom f\u00f6rnybar energi. Kommuner och regioner Uts\u00e4ttning, l\u00e4geskontroll, stomn\u00e4t, nybyggnadskartor, grundkartor, projekteringsm\u00e4tningar och dr\u00f6narflygning. Underlag i form av punktmoln och 3D-modeller. Bygg och anl\u00e4ggning Vi hj\u00e4lper dig b\u00e5de f\u00f6re, under och efter ditt nybyggnadsprojekt. Hamnar Exakta data om hamnanl\u00e4ggningar, b\u00e5de under [&hellip;]<\/p>\n","protected":false},"author":28,"featured_media":0,"parent":0,"menu_order":0,"comment_status":"closed","ping_status":"closed","template":"","meta":{"_acf_changed":false,"footnotes":""},"class_list":["post-1739","page","type-page","status-publish","hentry"],"acf":[],"yoast_head":"<!-- This site is optimized with the Yoast SEO plugin v27.4 - https:\/\/yoast.com\/product\/yoast-seo-wordpress\/ -->\n<title>LE34 levererar m\u00e4ttj\u00e4nster i alla bygg- och anl\u00e4ggsprojekt<\/title>\n<meta name=\"description\" content=\"F\u00f6retag, kommun eller privatperson. Vi utf\u00f6r alla typer av m\u00e4tningstekniska tj\u00e4nster och driver m\u00e4tprojekt s\u00e4kert fram\u00e5t.\" \/>\n<meta name=\"robots\" content=\"index, follow, max-snippet:-1, max-image-preview:large, max-video-preview:-1\" \/>\n<link rel=\"canonical\" href=\"https:\/\/www.le34.dk\/sv\/branscher\/\" \/>\n<meta property=\"og:locale\" content=\"sv_SE\" \/>\n<meta property=\"og:type\" content=\"article\" \/>\n<meta property=\"og:title\" content=\"LE34 levererar m\u00e4ttj\u00e4nster i alla bygg- och anl\u00e4ggsprojekt\" \/>\n<meta property=\"og:description\" content=\"F\u00f6retag, kommun eller privatperson. Vi utf\u00f6r alla typer av m\u00e4tningstekniska tj\u00e4nster och driver m\u00e4tprojekt s\u00e4kert fram\u00e5t.\" \/>\n<meta property=\"og:url\" content=\"https:\/\/www.le34.dk\/sv\/branscher\/\" \/>\n<meta property=\"og:site_name\" content=\"LE34\" \/>\n<meta property=\"article:modified_time\" content=\"2025-05-12T10:05:47+00:00\" \/>\n<meta name=\"twitter:card\" content=\"summary_large_image\" \/>\n<meta name=\"twitter:label1\" content=\"Ber\u00e4knad l\u00e4stid\" \/>\n\t<meta name=\"twitter:data1\" content=\"4 minuter\" \/>\n<script type=\"application\/ld+json\" class=\"yoast-schema-graph\">{\"@context\":\"https:\\\/\\\/schema.org\",\"@graph\":[{\"@type\":\"WebPage\",\"@id\":\"https:\\\/\\\/www.le34.dk\\\/sv\\\/branscher\\\/\",\"url\":\"https:\\\/\\\/www.le34.dk\\\/sv\\\/branscher\\\/\",\"name\":\"LE34 levererar m\u00e4ttj\u00e4nster i alla bygg- och anl\u00e4ggsprojekt\",\"isPartOf\":{\"@id\":\"https:\\\/\\\/www.le34.dk\\\/sv\\\/#website\"},\"datePublished\":\"2017-07-18T04:22:32+00:00\",\"dateModified\":\"2025-05-12T10:05:47+00:00\",\"description\":\"F\u00f6retag, kommun eller privatperson. Vi utf\u00f6r alla typer av m\u00e4tningstekniska tj\u00e4nster och driver m\u00e4tprojekt s\u00e4kert fram\u00e5t.\",\"breadcrumb\":{\"@id\":\"https:\\\/\\\/www.le34.dk\\\/sv\\\/branscher\\\/#breadcrumb\"},\"inLanguage\":\"sv-SE\",\"potentialAction\":[{\"@type\":\"ReadAction\",\"target\":[\"https:\\\/\\\/www.le34.dk\\\/sv\\\/branscher\\\/\"]}]},{\"@type\":\"BreadcrumbList\",\"@id\":\"https:\\\/\\\/www.le34.dk\\\/sv\\\/branscher\\\/#breadcrumb\",\"itemListElement\":[{\"@type\":\"ListItem\",\"position\":1,\"name\":\"Home\",\"item\":\"https:\\\/\\\/www.le34.dk\\\/sv\\\/\"},{\"@type\":\"ListItem\",\"position\":2,\"name\":\"Branscher\"}]},{\"@type\":\"WebSite\",\"@id\":\"https:\\\/\\\/www.le34.dk\\\/sv\\\/#website\",\"url\":\"https:\\\/\\\/www.le34.dk\\\/sv\\\/\",\"name\":\"LE34\",\"description\":\"\",\"potentialAction\":[{\"@type\":\"SearchAction\",\"target\":{\"@type\":\"EntryPoint\",\"urlTemplate\":\"https:\\\/\\\/www.le34.dk\\\/sv\\\/?s={search_term_string}\"},\"query-input\":{\"@type\":\"PropertyValueSpecification\",\"valueRequired\":true,\"valueName\":\"search_term_string\"}}],\"inLanguage\":\"sv-SE\"}]}<\/script>\n<!-- \/ Yoast SEO plugin. -->","yoast_head_json":{"title":"LE34 levererar m\u00e4ttj\u00e4nster i alla bygg- och anl\u00e4ggsprojekt","description":"F\u00f6retag, kommun eller privatperson. Vi utf\u00f6r alla typer av m\u00e4tningstekniska tj\u00e4nster och driver m\u00e4tprojekt s\u00e4kert fram\u00e5t.","robots":{"index":"index","follow":"follow","max-snippet":"max-snippet:-1","max-image-preview":"max-image-preview:large","max-video-preview":"max-video-preview:-1"},"canonical":"https:\/\/www.le34.dk\/sv\/branscher\/","og_locale":"sv_SE","og_type":"article","og_title":"LE34 levererar m\u00e4ttj\u00e4nster i alla bygg- och anl\u00e4ggsprojekt","og_description":"F\u00f6retag, kommun eller privatperson. Vi utf\u00f6r alla typer av m\u00e4tningstekniska tj\u00e4nster och driver m\u00e4tprojekt s\u00e4kert fram\u00e5t.","og_url":"https:\/\/www.le34.dk\/sv\/branscher\/","og_site_name":"LE34","article_modified_time":"2025-05-12T10:05:47+00:00","twitter_card":"summary_large_image","twitter_misc":{"Ber\u00e4knad l\u00e4stid":"4 minuter"},"schema":{"@context":"https:\/\/schema.org","@graph":[{"@type":"WebPage","@id":"https:\/\/www.le34.dk\/sv\/branscher\/","url":"https:\/\/www.le34.dk\/sv\/branscher\/","name":"LE34 levererar m\u00e4ttj\u00e4nster i alla bygg- och anl\u00e4ggsprojekt","isPartOf":{"@id":"https:\/\/www.le34.dk\/sv\/#website"},"datePublished":"2017-07-18T04:22:32+00:00","dateModified":"2025-05-12T10:05:47+00:00","description":"F\u00f6retag, kommun eller privatperson. Vi utf\u00f6r alla typer av m\u00e4tningstekniska tj\u00e4nster och driver m\u00e4tprojekt s\u00e4kert fram\u00e5t.","breadcrumb":{"@id":"https:\/\/www.le34.dk\/sv\/branscher\/#breadcrumb"},"inLanguage":"sv-SE","potentialAction":[{"@type":"ReadAction","target":["https:\/\/www.le34.dk\/sv\/branscher\/"]}]},{"@type":"BreadcrumbList","@id":"https:\/\/www.le34.dk\/sv\/branscher\/#breadcrumb","itemListElement":[{"@type":"ListItem","position":1,"name":"Home","item":"https:\/\/www.le34.dk\/sv\/"},{"@type":"ListItem","position":2,"name":"Branscher"}]},{"@type":"WebSite","@id":"https:\/\/www.le34.dk\/sv\/#website","url":"https:\/\/www.le34.dk\/sv\/","name":"LE34","description":"","potentialAction":[{"@type":"SearchAction","target":{"@type":"EntryPoint","urlTemplate":"https:\/\/www.le34.dk\/sv\/?s={search_term_string}"},"query-input":{"@type":"PropertyValueSpecification","valueRequired":true,"valueName":"search_term_string"}}],"inLanguage":"sv-SE"}]}},"_links":{"self":[{"href":"https:\/\/www.le34.dk\/sv\/wp-json\/wp\/v2\/pages\/1739","targetHints":{"allow":["GET"]}}],"collection":[{"href":"https:\/\/www.le34.dk\/sv\/wp-json\/wp\/v2\/pages"}],"about":[{"href":"https:\/\/www.le34.dk\/sv\/wp-json\/wp\/v2\/types\/page"}],"author":[{"embeddable":true,"href":"https:\/\/www.le34.dk\/sv\/wp-json\/wp\/v2\/users\/28"}],"replies":[{"embeddable":true,"href":"https:\/\/www.le34.dk\/sv\/wp-json\/wp\/v2\/comments?post=1739"}],"version-history":[{"count":5,"href":"https:\/\/www.le34.dk\/sv\/wp-json\/wp\/v2\/pages\/1739\/revisions"}],"predecessor-version":[{"id":18422,"href":"https:\/\/www.le34.dk\/sv\/wp-json\/wp\/v2\/pages\/1739\/revisions\/18422"}],"wp:attachment":[{"href":"https:\/\/www.le34.dk\/sv\/wp-json\/wp\/v2\/media?parent=1739"}],"curies":[{"name":"wp","href":"https:\/\/api.w.org\/{rel}","templated":true}]}}