{"id":1720,"date":"2021-11-10T12:15:46","date_gmt":"2021-11-10T12:15:46","guid":{"rendered":"https:\/\/www.le34.dk\/registrering\/"},"modified":"2024-01-15T15:00:52","modified_gmt":"2024-01-15T15:00:52","slug":"registrering","status":"publish","type":"page","link":"https:\/\/www.le34.dk\/sv\/registrering\/","title":{"rendered":"Registrering f\u00f6r webinar"},"content":{"rendered":"","protected":false},"excerpt":{"rendered":"","protected":false},"author":3,"featured_media":0,"parent":0,"menu_order":0,"comment_status":"closed","ping_status":"closed","template":"","meta":{"_acf_changed":false,"footnotes":""},"class_list":["post-1720","page","type-page","status-publish","hentry"],"acf":[],"yoast_head":"<!-- This site is optimized with the Yoast SEO plugin v27.5 - https:\/\/yoast.com\/product\/yoast-seo-wordpress\/ -->\n<title>LE34 delar med sig av ny kunskap om teknologier och metoder<\/title>\n<meta name=\"description\" content=\"LE34 delar med sig av ny kunskap om teknologier och metoder. Delta i gratis webinar med v\u00e5ra experter och h\u00e5ll koll p\u00e5 utvecklingen\" \/>\n<meta name=\"robots\" content=\"index, follow, max-snippet:-1, max-image-preview:large, max-video-preview:-1\" \/>\n<link rel=\"canonical\" href=\"https:\/\/www.le34.dk\/sv\/registrering\/\" \/>\n<meta property=\"og:locale\" content=\"sv_SE\" \/>\n<meta property=\"og:type\" content=\"article\" \/>\n<meta property=\"og:title\" content=\"LE34 delar med sig av ny kunskap om teknologier och metoder\" \/>\n<meta property=\"og:description\" content=\"LE34 delar med sig av ny kunskap om teknologier och metoder. Delta i gratis webinar med v\u00e5ra experter och h\u00e5ll koll p\u00e5 utvecklingen\" \/>\n<meta property=\"og:url\" content=\"https:\/\/www.le34.dk\/sv\/registrering\/\" \/>\n<meta property=\"og:site_name\" content=\"LE34\" \/>\n<meta property=\"article:modified_time\" content=\"2024-01-15T15:00:52+00:00\" \/>\n<meta name=\"twitter:card\" content=\"summary_large_image\" \/>\n<script type=\"application\/ld+json\" class=\"yoast-schema-graph\">{\"@context\":\"https:\\\/\\\/schema.org\",\"@graph\":[{\"@type\":\"WebPage\",\"@id\":\"https:\\\/\\\/www.le34.dk\\\/sv\\\/registrering\\\/\",\"url\":\"https:\\\/\\\/www.le34.dk\\\/sv\\\/registrering\\\/\",\"name\":\"LE34 delar med sig av ny kunskap om teknologier och metoder\",\"isPartOf\":{\"@id\":\"https:\\\/\\\/www.le34.dk\\\/sv\\\/#website\"},\"datePublished\":\"2021-11-10T12:15:46+00:00\",\"dateModified\":\"2024-01-15T15:00:52+00:00\",\"description\":\"LE34 delar med sig av ny kunskap om teknologier och metoder. Delta i gratis webinar med v\u00e5ra experter och h\u00e5ll koll p\u00e5 utvecklingen\",\"breadcrumb\":{\"@id\":\"https:\\\/\\\/www.le34.dk\\\/sv\\\/registrering\\\/#breadcrumb\"},\"inLanguage\":\"sv-SE\",\"potentialAction\":[{\"@type\":\"ReadAction\",\"target\":[\"https:\\\/\\\/www.le34.dk\\\/sv\\\/registrering\\\/\"]}]},{\"@type\":\"BreadcrumbList\",\"@id\":\"https:\\\/\\\/www.le34.dk\\\/sv\\\/registrering\\\/#breadcrumb\",\"itemListElement\":[{\"@type\":\"ListItem\",\"position\":1,\"name\":\"Home\",\"item\":\"https:\\\/\\\/www.le34.dk\\\/sv\\\/\"},{\"@type\":\"ListItem\",\"position\":2,\"name\":\"Registrering f\u00f6r webinar\"}]},{\"@type\":\"WebSite\",\"@id\":\"https:\\\/\\\/www.le34.dk\\\/sv\\\/#website\",\"url\":\"https:\\\/\\\/www.le34.dk\\\/sv\\\/\",\"name\":\"LE34\",\"description\":\"\",\"potentialAction\":[{\"@type\":\"SearchAction\",\"target\":{\"@type\":\"EntryPoint\",\"urlTemplate\":\"https:\\\/\\\/www.le34.dk\\\/sv\\\/?s={search_term_string}\"},\"query-input\":{\"@type\":\"PropertyValueSpecification\",\"valueRequired\":true,\"valueName\":\"search_term_string\"}}],\"inLanguage\":\"sv-SE\"}]}<\/script>\n<!-- \/ Yoast SEO plugin. -->","yoast_head_json":{"title":"LE34 delar med sig av ny kunskap om teknologier och metoder","description":"LE34 delar med sig av ny kunskap om teknologier och metoder. Delta i gratis webinar med v\u00e5ra experter och h\u00e5ll koll p\u00e5 utvecklingen","robots":{"index":"index","follow":"follow","max-snippet":"max-snippet:-1","max-image-preview":"max-image-preview:large","max-video-preview":"max-video-preview:-1"},"canonical":"https:\/\/www.le34.dk\/sv\/registrering\/","og_locale":"sv_SE","og_type":"article","og_title":"LE34 delar med sig av ny kunskap om teknologier och metoder","og_description":"LE34 delar med sig av ny kunskap om teknologier och metoder. Delta i gratis webinar med v\u00e5ra experter och h\u00e5ll koll p\u00e5 utvecklingen","og_url":"https:\/\/www.le34.dk\/sv\/registrering\/","og_site_name":"LE34","article_modified_time":"2024-01-15T15:00:52+00:00","twitter_card":"summary_large_image","schema":{"@context":"https:\/\/schema.org","@graph":[{"@type":"WebPage","@id":"https:\/\/www.le34.dk\/sv\/registrering\/","url":"https:\/\/www.le34.dk\/sv\/registrering\/","name":"LE34 delar med sig av ny kunskap om teknologier och metoder","isPartOf":{"@id":"https:\/\/www.le34.dk\/sv\/#website"},"datePublished":"2021-11-10T12:15:46+00:00","dateModified":"2024-01-15T15:00:52+00:00","description":"LE34 delar med sig av ny kunskap om teknologier och metoder. Delta i gratis webinar med v\u00e5ra experter och h\u00e5ll koll p\u00e5 utvecklingen","breadcrumb":{"@id":"https:\/\/www.le34.dk\/sv\/registrering\/#breadcrumb"},"inLanguage":"sv-SE","potentialAction":[{"@type":"ReadAction","target":["https:\/\/www.le34.dk\/sv\/registrering\/"]}]},{"@type":"BreadcrumbList","@id":"https:\/\/www.le34.dk\/sv\/registrering\/#breadcrumb","itemListElement":[{"@type":"ListItem","position":1,"name":"Home","item":"https:\/\/www.le34.dk\/sv\/"},{"@type":"ListItem","position":2,"name":"Registrering f\u00f6r webinar"}]},{"@type":"WebSite","@id":"https:\/\/www.le34.dk\/sv\/#website","url":"https:\/\/www.le34.dk\/sv\/","name":"LE34","description":"","potentialAction":[{"@type":"SearchAction","target":{"@type":"EntryPoint","urlTemplate":"https:\/\/www.le34.dk\/sv\/?s={search_term_string}"},"query-input":{"@type":"PropertyValueSpecification","valueRequired":true,"valueName":"search_term_string"}}],"inLanguage":"sv-SE"}]}},"_links":{"self":[{"href":"https:\/\/www.le34.dk\/sv\/wp-json\/wp\/v2\/pages\/1720","targetHints":{"allow":["GET"]}}],"collection":[{"href":"https:\/\/www.le34.dk\/sv\/wp-json\/wp\/v2\/pages"}],"about":[{"href":"https:\/\/www.le34.dk\/sv\/wp-json\/wp\/v2\/types\/page"}],"author":[{"embeddable":true,"href":"https:\/\/www.le34.dk\/sv\/wp-json\/wp\/v2\/users\/3"}],"replies":[{"embeddable":true,"href":"https:\/\/www.le34.dk\/sv\/wp-json\/wp\/v2\/comments?post=1720"}],"version-history":[{"count":1,"href":"https:\/\/www.le34.dk\/sv\/wp-json\/wp\/v2\/pages\/1720\/revisions"}],"predecessor-version":[{"id":13378,"href":"https:\/\/www.le34.dk\/sv\/wp-json\/wp\/v2\/pages\/1720\/revisions\/13378"}],"wp:attachment":[{"href":"https:\/\/www.le34.dk\/sv\/wp-json\/wp\/v2\/media?parent=1720"}],"curies":[{"name":"wp","href":"https:\/\/api.w.org\/{rel}","templated":true}]}}