{"id":1707,"date":"2017-07-18T04:21:29","date_gmt":"2017-07-18T04:21:29","guid":{"rendered":"https:\/\/www.le34.dk\/projekt\/"},"modified":"2024-07-26T09:30:56","modified_gmt":"2024-07-26T09:30:56","slug":"projekt","status":"publish","type":"page","link":"https:\/\/www.le34.dk\/sv\/projekt\/","title":{"rendered":"Projekt"},"content":{"rendered":"<p>Aream\u00e4tning med b\u00e4rbar laserskanner<br \/>\nTack vare v\u00e5r b\u00e4rbara VLX-laserskanner tog det inte mer \u00e4n 45 minuter att m\u00e4ta arean p\u00e5 denna klassiska murm\u00e4starvilla och tillh\u00f6rande strandareal i Str\u00f8by Egede p\u00e5 Sj\u00e4lland i Danmark.<\/p>\n<p>Arealbest\u00e4mning, BaseCamp i Malm\u00f6<br \/>\nMed v\u00e5r b\u00e4rbara NavVis VLX skannade vi BaseCamps nya studentbygge i Malm\u00f6.<\/p>\n<p>Arbetstunnel Arenastaden, Stockholm<br \/>\nUnder h\u00f6sten 2022 har vi jobbat med inledande drivning av arbetstunnel till Arenastaden som underleverant\u00f6r till Rosenqvist Entreprenad AB.<\/p>\n<p>Gamla Stan<br \/>\nV\u00e5r Mobile Mapping bil var p\u00e5 uppdrag utanf\u00f6r Stockholm och d\u00e5 passade vi p\u00e5 att dokumentera Gamla Stan n\u00e4r vi \u00e4nd\u00e5 var i farten.<\/p>\n<p>Kungens Kurva Stockholm<br \/>\nBetongtunnel Kungens kurva \u00e4r den st\u00f6rsta entreprenaden och inneh\u00e5ller p\u00e5- och avfarterna till F\u00f6rbifart Stockholm s\u00f6derifr\u00e5n. LE34 finns p\u00e5 plats: Vi st\u00f6ttar med inm\u00e4tning och uts\u00e4ttning.<\/p>\n<p>Stor innovationspris till SmartSurvey\u2122<br \/>\nDet vision\u00e4ra partnerskapet \u201dVandpartner\u201d har delat ut ett innovationspris, som utg\u00f6r kronan p\u00e5 verket efter de f\u00f6rsta sex \u00e5rens samarbete. Priset har tilldelats LE34:s m\u00e4tningsapp SmartSurvey\u2122.<\/p>\n<p>Nya H.C. Andersens museum<br \/>\nModerna sagor. Ju \u00e4ldre H.C. Andersen blir, desto modernare blir han. Med lite hj\u00e4lp fr\u00e5n ett stort antal internationella experter. D\u00e4ribland LE34.<\/p>\n<p>Mobile Mapping av cykelbanor och v\u00e4gar f\u00f6r v\u00e4gmyndigheter<br \/>\nKommuner och v\u00e4gmyndigheter har redan b\u00f6rjat sk\u00f6rda frukterna av den revolutionerande tekniken Mobile Mapping och den tillh\u00f6rande webviewern PointView\u2122. <\/p>\n<p>Vindkraftspark f\u00f6r Vattenfall<br \/>\nPlaceringen f\u00f6r samtliga 22 turbiner \u00e4r noga vald: LE34:s m\u00e4tningsingenj\u00f6rar har sett till att placeringen \u00e4r optimal i f\u00f6rh\u00e5llande till vind, skugga, buller och r\u00e4ttigheter.<\/p>\n<p>N\u00e4r staten exproprierar<br \/>\nAtt bygga en ny motorv\u00e4g handlar inte bara om konstruktions- och asfaltsarbete. Det handlar i h\u00f6g grad om r\u00e4ttigheter \u2013 och hur man g\u00f6r intr\u00e5ng i m\u00e4nniskors \u00e4gander\u00e4tt p\u00e5 det mest h\u00e4nsynsfulla s\u00e4ttet.<\/p>\n<p>Lighthouse<br \/>\nDanmarks h\u00f6gsta bostadshus \u2013 Lighthouse i stadsdelen \u00c5rhus \u00d8 \u2013 kr\u00e4ver Danmarks h\u00f6gsta precision i byggnadsm\u00e4tning.<\/p>\n<p>Digital kyrkog\u00e5rdskarta<br \/>\nS\u00e4g adj\u00f6ss till papper med ol\u00e4sliga anteckningar, streck och pilar. Och s\u00e4g hej till en knivskarp digital kyrkog\u00e5rdskarta som skapar \u00f6verblick och \u00e4r enkel att uppdatera. Det sparar tid och pengar <\/p>\n<p>Camp Adventures skogtorn<br \/>\nNjut av utsikten fr\u00e5n den nya h\u00f6jdpunkt i Danmark. LE34 har genomf\u00f6rt uts\u00e4ttning av skogstornet.<\/p>\n<p>Baltic Pipe: nya gasledningen till Polen<br \/>\nEnerginet, som ansvarar f\u00f6r byggandet av Baltic Pipe, har valt LE34 till det omfattande arbetet med att framst\u00e4lla fastighetskartorna, som ligger till grund f\u00f6r de kommande expropriationerna f\u00f6r gasledningen.<\/p>\n<p>Skyfallstunneln Strandboulevarden<br \/>\nSkyfallstunnlar och andra klimatanpassningar som g\u00f6rs f\u00f6r att framtidss\u00e4kra st\u00e4der och landsbygd \u00e4r komplexa byggprojekt d\u00e4r behovet av tekniska lantm\u00e4teritj\u00e4nster \u00e4r stort. LE34 finns p\u00e5 plats.<\/p>\n<p>\u00d6stra Hamnen i Aalborg<br \/>\nVid vattenbrynet dominerar de starka ljusreflexerna och den friska luften, medan resterna av den ursprungliga hamnmilj\u00f6n utg\u00f6r en k\u00e4rv scen till de nya arkitektoniska p\u00e4rlorna i Aalborgs hamnomr\u00e5de. LE34 deltar i arbetet med att s\u00e4kerst\u00e4lla att byggplanerna kan f\u00f6rverkligas.<\/p>\n<p>K\u00f6penhamns Metro<br \/>\nDe nya metrolinjerna Cityringen och Sydhavnslinjen binder samman K\u00f6penhamn. LE34 hj\u00e4lper till att samordna Metroselskabets anl\u00e4ggningsarbeten: Vi s\u00e4kerst\u00e4ller den r\u00e4ttsliga och tekniska grunden.<\/p>\n<p>Fehmarn B\u00e4lt-f\u00f6rbindelsen<br \/>\nV\u00e4rldens l\u00e4ngsta s\u00e4nktunnel kr\u00e4ver omsorgsfull planering och noggranna f\u00f6rberedelser. LE34 ansvarar f\u00f6r att s\u00e4kerst\u00e4lla att f\u00f6rv\u00e4rvet av mark och r\u00e4ttigheter f\u00f6r Fehmarn B\u00e4lt-projektet genomf\u00f6rs via expropriation och frivilliga avtal.<\/p>\n<p>K\u00f6penhamns nya hamnkvarter i Nordhavn<br \/>\nLE34 hj\u00e4lper till i arbetet med att f\u00f6rvandla hamnen fr\u00e5n gammalt industriomr\u00e5de till maritim metropol: Ett helt nytt kvarter har sett dagens ljus i K\u00f6penhamn.<\/p>\n<p>Hotell Bella Sky<br \/>\nDen asymmetriska fasaden p\u00e5 hotellet Bella Sky utmanar konventionerna. LE34 har bidragit med att s\u00e4kerst\u00e4lla att konceptet lyckades \u2013 att v\u00e5ningarna blev korrekt f\u00f6rskjutna s\u00e5 att byggnaden blev precis s\u00e5 skev som avsett.<\/p>\n<p>Regina-byggnaden i Aarhus<br \/>\nRenoveringen av Regina-byggnaden \u00e4r komplex. V\u00e5ningsplanen \u00e4r f\u00f6rskjutna och fasaden har ett skyddsv\u00e4rde. Men med en avancerad BIM-modell blir det enkelt att planera det komplexa.<\/p>\n<p>Banedanmark<br \/>\nBanedanmark h\u00e5ller landets j\u00e4rnv\u00e4g p\u00e5 r\u00e4tt sp\u00e5r. Och tack vare landets kunnigaste landinspekt\u00f6rer och m\u00e4ttekniker, kan LE34 se till att Banedanmarks inm\u00e4tningar h\u00e5ller sig p\u00e5 r\u00e4tt sp\u00e5r.<\/p>\n<p>Klitgaard Agro<br \/>\nKlick, klick, klick: Digitala dr\u00e4neringskartor och daglig projekthantering i en och samma l\u00f6sning sparar tid inom jordbruket.<\/p>\n<p>Vattenpartner \u00d6stjylland<br \/>\nLE34 ing\u00e5r i det \u00f6stjyll\u00e4ndska partnerskapet Vandpartner (vattenpartner), som arbetar f\u00f6r att s\u00e4kerst\u00e4lla rent vatten och ett v\u00e4l fungerande avloppssystem.<\/p>\n<p>Maersk Oil\/Total<br \/>\nDet ska till p\u00e5litlig teknisk genialitet i v\u00e4rldsklass f\u00f6r att utvinna olja under instabila f\u00f6rh\u00e5llanden till havs \u2013 LE34 har under \u00e5rtionden levererat offshore-expertis \u00e5t Maersk Oil.<\/p>\n<p>B\u00e4ttre j\u00e4rnv\u00e4g med LE34 som extra resurs<br \/>\nLE34 har vunnit \u00e4nnu en upphandling som inhouse-r\u00e5dgivare hos Banedanmark.<\/p>\n<p>Inhouse-planerare med detaljplaner som specialitet<br \/>\nSom lantm\u00e4tare och inhouse-konsulter i ett stort antal kommuner hj\u00e4lper vi till att l\u00e4gga grunden f\u00f6r en framg\u00e5ngsrik utvecklingsprocess.<\/p>\n","protected":false},"excerpt":{"rendered":"<p>Aream\u00e4tning med b\u00e4rbar laserskanner Tack vare v\u00e5r b\u00e4rbara VLX-laserskanner tog det inte mer \u00e4n 45 minuter att m\u00e4ta arean p\u00e5 denna klassiska murm\u00e4starvilla och tillh\u00f6rande strandareal i Str\u00f8by Egede p\u00e5 Sj\u00e4lland i Danmark. Arealbest\u00e4mning, BaseCamp i Malm\u00f6 Med v\u00e5r b\u00e4rbara NavVis VLX skannade vi BaseCamps nya studentbygge i Malm\u00f6. Arbetstunnel Arenastaden, Stockholm Under h\u00f6sten 2022 [&hellip;]<\/p>\n","protected":false},"author":28,"featured_media":0,"parent":0,"menu_order":0,"comment_status":"closed","ping_status":"closed","template":"","meta":{"_acf_changed":false,"footnotes":""},"class_list":["post-1707","page","type-page","status-publish","hentry"],"acf":[],"yoast_head":"<!-- This site is optimized with the Yoast SEO plugin v27.4 - https:\/\/yoast.com\/product\/yoast-seo-wordpress\/ -->\n<title>LE34 m\u00e4ter p\u00e5 land, i luft och i vatten. Se v\u00e5ra referensprojekt<\/title>\n<meta name=\"description\" content=\"I LE34 utf\u00f6r vi m\u00e4ttj\u00e4nster i alla typer av bygg- och anl\u00e4ggsarbeten. Ingen uppgift \u00e4r f\u00f6r stor och ingen \u00e4r f\u00f6r liten. Se v\u00e5ra projekt.\" \/>\n<meta name=\"robots\" content=\"index, follow, max-snippet:-1, max-image-preview:large, max-video-preview:-1\" \/>\n<link rel=\"canonical\" href=\"https:\/\/www.le34.dk\/sv\/projekt\/\" \/>\n<meta property=\"og:locale\" content=\"sv_SE\" \/>\n<meta property=\"og:type\" content=\"article\" \/>\n<meta property=\"og:title\" content=\"LE34 m\u00e4ter p\u00e5 land, i luft och i vatten. Se v\u00e5ra referensprojekt\" \/>\n<meta property=\"og:description\" content=\"I LE34 utf\u00f6r vi m\u00e4ttj\u00e4nster i alla typer av bygg- och anl\u00e4ggsarbeten. Ingen uppgift \u00e4r f\u00f6r stor och ingen \u00e4r f\u00f6r liten. Se v\u00e5ra projekt.\" \/>\n<meta property=\"og:url\" content=\"https:\/\/www.le34.dk\/sv\/projekt\/\" \/>\n<meta property=\"og:site_name\" content=\"LE34\" \/>\n<meta property=\"article:modified_time\" content=\"2024-07-26T09:30:56+00:00\" \/>\n<meta name=\"twitter:card\" content=\"summary_large_image\" \/>\n<meta name=\"twitter:label1\" content=\"Ber\u00e4knad l\u00e4stid\" \/>\n\t<meta name=\"twitter:data1\" content=\"15 minuter\" \/>\n<script type=\"application\/ld+json\" class=\"yoast-schema-graph\">{\"@context\":\"https:\\\/\\\/schema.org\",\"@graph\":[{\"@type\":\"WebPage\",\"@id\":\"https:\\\/\\\/www.le34.dk\\\/sv\\\/projekt\\\/\",\"url\":\"https:\\\/\\\/www.le34.dk\\\/sv\\\/projekt\\\/\",\"name\":\"LE34 m\u00e4ter p\u00e5 land, i luft och i vatten. Se v\u00e5ra referensprojekt\",\"isPartOf\":{\"@id\":\"https:\\\/\\\/www.le34.dk\\\/sv\\\/#website\"},\"datePublished\":\"2017-07-18T04:21:29+00:00\",\"dateModified\":\"2024-07-26T09:30:56+00:00\",\"description\":\"I LE34 utf\u00f6r vi m\u00e4ttj\u00e4nster i alla typer av bygg- och anl\u00e4ggsarbeten. Ingen uppgift \u00e4r f\u00f6r stor och ingen \u00e4r f\u00f6r liten. Se v\u00e5ra projekt.\",\"breadcrumb\":{\"@id\":\"https:\\\/\\\/www.le34.dk\\\/sv\\\/projekt\\\/#breadcrumb\"},\"inLanguage\":\"sv-SE\",\"potentialAction\":[{\"@type\":\"ReadAction\",\"target\":[\"https:\\\/\\\/www.le34.dk\\\/sv\\\/projekt\\\/\"]}]},{\"@type\":\"BreadcrumbList\",\"@id\":\"https:\\\/\\\/www.le34.dk\\\/sv\\\/projekt\\\/#breadcrumb\",\"itemListElement\":[{\"@type\":\"ListItem\",\"position\":1,\"name\":\"Home\",\"item\":\"https:\\\/\\\/www.le34.dk\\\/sv\\\/\"},{\"@type\":\"ListItem\",\"position\":2,\"name\":\"Projekt\"}]},{\"@type\":\"WebSite\",\"@id\":\"https:\\\/\\\/www.le34.dk\\\/sv\\\/#website\",\"url\":\"https:\\\/\\\/www.le34.dk\\\/sv\\\/\",\"name\":\"LE34\",\"description\":\"\",\"potentialAction\":[{\"@type\":\"SearchAction\",\"target\":{\"@type\":\"EntryPoint\",\"urlTemplate\":\"https:\\\/\\\/www.le34.dk\\\/sv\\\/?s={search_term_string}\"},\"query-input\":{\"@type\":\"PropertyValueSpecification\",\"valueRequired\":true,\"valueName\":\"search_term_string\"}}],\"inLanguage\":\"sv-SE\"}]}<\/script>\n<!-- \/ Yoast SEO plugin. -->","yoast_head_json":{"title":"LE34 m\u00e4ter p\u00e5 land, i luft och i vatten. Se v\u00e5ra referensprojekt","description":"I LE34 utf\u00f6r vi m\u00e4ttj\u00e4nster i alla typer av bygg- och anl\u00e4ggsarbeten. Ingen uppgift \u00e4r f\u00f6r stor och ingen \u00e4r f\u00f6r liten. Se v\u00e5ra projekt.","robots":{"index":"index","follow":"follow","max-snippet":"max-snippet:-1","max-image-preview":"max-image-preview:large","max-video-preview":"max-video-preview:-1"},"canonical":"https:\/\/www.le34.dk\/sv\/projekt\/","og_locale":"sv_SE","og_type":"article","og_title":"LE34 m\u00e4ter p\u00e5 land, i luft och i vatten. Se v\u00e5ra referensprojekt","og_description":"I LE34 utf\u00f6r vi m\u00e4ttj\u00e4nster i alla typer av bygg- och anl\u00e4ggsarbeten. Ingen uppgift \u00e4r f\u00f6r stor och ingen \u00e4r f\u00f6r liten. Se v\u00e5ra projekt.","og_url":"https:\/\/www.le34.dk\/sv\/projekt\/","og_site_name":"LE34","article_modified_time":"2024-07-26T09:30:56+00:00","twitter_card":"summary_large_image","twitter_misc":{"Ber\u00e4knad l\u00e4stid":"15 minuter"},"schema":{"@context":"https:\/\/schema.org","@graph":[{"@type":"WebPage","@id":"https:\/\/www.le34.dk\/sv\/projekt\/","url":"https:\/\/www.le34.dk\/sv\/projekt\/","name":"LE34 m\u00e4ter p\u00e5 land, i luft och i vatten. Se v\u00e5ra referensprojekt","isPartOf":{"@id":"https:\/\/www.le34.dk\/sv\/#website"},"datePublished":"2017-07-18T04:21:29+00:00","dateModified":"2024-07-26T09:30:56+00:00","description":"I LE34 utf\u00f6r vi m\u00e4ttj\u00e4nster i alla typer av bygg- och anl\u00e4ggsarbeten. Ingen uppgift \u00e4r f\u00f6r stor och ingen \u00e4r f\u00f6r liten. Se v\u00e5ra projekt.","breadcrumb":{"@id":"https:\/\/www.le34.dk\/sv\/projekt\/#breadcrumb"},"inLanguage":"sv-SE","potentialAction":[{"@type":"ReadAction","target":["https:\/\/www.le34.dk\/sv\/projekt\/"]}]},{"@type":"BreadcrumbList","@id":"https:\/\/www.le34.dk\/sv\/projekt\/#breadcrumb","itemListElement":[{"@type":"ListItem","position":1,"name":"Home","item":"https:\/\/www.le34.dk\/sv\/"},{"@type":"ListItem","position":2,"name":"Projekt"}]},{"@type":"WebSite","@id":"https:\/\/www.le34.dk\/sv\/#website","url":"https:\/\/www.le34.dk\/sv\/","name":"LE34","description":"","potentialAction":[{"@type":"SearchAction","target":{"@type":"EntryPoint","urlTemplate":"https:\/\/www.le34.dk\/sv\/?s={search_term_string}"},"query-input":{"@type":"PropertyValueSpecification","valueRequired":true,"valueName":"search_term_string"}}],"inLanguage":"sv-SE"}]}},"_links":{"self":[{"href":"https:\/\/www.le34.dk\/sv\/wp-json\/wp\/v2\/pages\/1707","targetHints":{"allow":["GET"]}}],"collection":[{"href":"https:\/\/www.le34.dk\/sv\/wp-json\/wp\/v2\/pages"}],"about":[{"href":"https:\/\/www.le34.dk\/sv\/wp-json\/wp\/v2\/types\/page"}],"author":[{"embeddable":true,"href":"https:\/\/www.le34.dk\/sv\/wp-json\/wp\/v2\/users\/28"}],"replies":[{"embeddable":true,"href":"https:\/\/www.le34.dk\/sv\/wp-json\/wp\/v2\/comments?post=1707"}],"version-history":[{"count":2,"href":"https:\/\/www.le34.dk\/sv\/wp-json\/wp\/v2\/pages\/1707\/revisions"}],"predecessor-version":[{"id":15683,"href":"https:\/\/www.le34.dk\/sv\/wp-json\/wp\/v2\/pages\/1707\/revisions\/15683"}],"wp:attachment":[{"href":"https:\/\/www.le34.dk\/sv\/wp-json\/wp\/v2\/media?parent=1707"}],"curies":[{"name":"wp","href":"https:\/\/api.w.org\/{rel}","templated":true}]}}