{"id":1654,"date":"2019-12-17T09:19:14","date_gmt":"2019-12-17T09:19:14","guid":{"rendered":"https:\/\/www.le34.dk\/ny-vd-le34-sverige\/"},"modified":"2024-01-15T14:59:38","modified_gmt":"2024-01-15T14:59:38","slug":"ny-vd-le34-sverige","status":"publish","type":"page","link":"https:\/\/www.le34.dk\/sv\/ny-vd-le34-sverige\/","title":{"rendered":"Ny VD f\u00f6r LE34 Sverige"},"content":{"rendered":"<p>Kenneth Norre, VD f\u00f6r koncernen LE34<br \/>\n\u201cUnder de kommande \u00e5ren ska vi expandera verksamheten kraftigt i Sverige och det finns ingen tvekan om att Mickael Holgersson \u00e4r r\u00e4tt person f\u00f6r uppgiften. Han har redan visat sitt v\u00e4rde i samband med utvecklingen av LE34 i Sverige och vi \u00e4r mycket glada att han har accepterat utmaningen.\u201d<\/p>\n<p>Bekant ansikte i spetsen f\u00f6r Sverige<br \/>\nMickael Holgersson \u00e4r bekant\u00a0som aff\u00e4rsomr\u00e5deschef p\u00e5 LE34 Sverige och \u00f6vertar platsen som VD efter Per Nord som g\u00e5r i pension.<br \/>\nN\u00e4r han tilltr\u00e4dde som aff\u00e4rsomr\u00e5deschef var det f\u00f6r att skapa f\u00f6ruts\u00e4ttningar f\u00f6r tillv\u00e4xt av LE34 i Sverige. I takt med v\u00e5r expansion \u00e4r rollen som VD ett naturligt n\u00e4sta steg f\u00f6r Mickael och f\u00f6r LE34.<br \/>\n\u00d6verallt d\u00e4r vi \u00e4r n\u00e4rvarande, tillhandah\u00e5ller vi en h\u00f6g serviceniv\u00e5 \u2013 det \u00e4r ett av f\u00f6retagets k\u00e4nnetecken och ett grundl\u00e4ggande v\u00e4rde f\u00f6r alla anst\u00e4llda inom LE34. Vi forts\u00e4tter v\u00e5r expansion runt Malm\u00f6, G\u00f6teborg och kring Mellansveriges \u00f6stkust.<\/p>\n<p>Mer och mer stadsutveckling<br \/>\nLE34\u00a0har funnits i Sverige sedan 2014 och vi har kontor i b\u00e5de Malm\u00f6 och G\u00f6teborg. Vi \u00e4r involverade i en l\u00e5ng rad utvecklingsprojekt i s\u00f6dra Sverige dels i G\u00f6teborgsregionen och dels i Sk\u00e5neregionen. V\u00e5ra medarbetares tekniska kompetens och stora engagemang f\u00e5r projekten realiserade.<br \/>\nUnder de kommande fem \u00e5ren r\u00e4knar vi med att anst\u00e4lla cirka 50 nya medarbetare i Sverige och vi\u00a0f\u00f6ljer stadsutvecklingen\u00a0 kring Stockholm noga.<br \/>\n\u00a0<br \/>\n\u00a0<br \/>\n\u00a0<\/p>\n<p>Vill du veta mer<br \/>\nKontakta oss<br \/>\nMickael Holgersson<br \/>\n VD LE34 Sverige<br \/>\n Terminalgatan 9<br \/>\n 232 61 Arl\u00f6v<br \/>\n +46 769 410 340<br \/>\n malmo@le34.se<br \/>\nmobil +46 709 703 090<br \/>\n mic@le34.se<\/p>\n<p>Skicka ett mail till Mickael Holgersson<\/p>\n","protected":false},"excerpt":{"rendered":"<p>Kenneth Norre, VD f\u00f6r koncernen LE34 \u201cUnder de kommande \u00e5ren ska vi expandera verksamheten kraftigt i Sverige och det finns ingen tvekan om att Mickael Holgersson \u00e4r r\u00e4tt person f\u00f6r uppgiften. Han har redan visat sitt v\u00e4rde i samband med utvecklingen av LE34 i Sverige och vi \u00e4r mycket glada att han har accepterat utmaningen.\u201d [&hellip;]<\/p>\n","protected":false},"author":3,"featured_media":0,"parent":0,"menu_order":0,"comment_status":"closed","ping_status":"closed","template":"","meta":{"_acf_changed":false,"footnotes":""},"class_list":["post-1654","page","type-page","status-publish","hentry"],"acf":[],"yoast_head":"<!-- This site is optimized with the Yoast SEO plugin v27.5 - https:\/\/yoast.com\/product\/yoast-seo-wordpress\/ -->\n<title>Ny VD f\u00f6r LE34 Sverige - LE34<\/title>\n<meta name=\"description\" content=\"Mickael Holgersson har blivit ny VD f\u00f6r den svenska delen av Nordens st\u00f6rsta konsultf\u00f6retag inom lantm\u00e4teri och markanv\u00e4ndning LE34.\" \/>\n<meta name=\"robots\" content=\"index, follow, max-snippet:-1, max-image-preview:large, max-video-preview:-1\" \/>\n<link rel=\"canonical\" href=\"https:\/\/www.le34.dk\/sv\/ny-vd-le34-sverige\/\" \/>\n<meta property=\"og:locale\" content=\"sv_SE\" \/>\n<meta property=\"og:type\" content=\"article\" \/>\n<meta property=\"og:title\" content=\"Ny VD f\u00f6r LE34 Sverige - LE34\" \/>\n<meta property=\"og:description\" content=\"Kenneth Norre, VD f\u00f6r koncernen LE34 \u201cUnder de kommande \u00e5ren ska vi expandera verksamheten kraftigt i Sverige och det finns ingen tvekan om att Mickael Holgersson \u00e4r r\u00e4tt person f\u00f6r uppgiften. Han har redan visat sitt v\u00e4rde i samband med utvecklingen av LE34 i Sverige och vi \u00e4r mycket glada att han har accepterat utmaningen.\u201d [&hellip;]\" \/>\n<meta property=\"og:url\" content=\"https:\/\/www.le34.dk\/sv\/ny-vd-le34-sverige\/\" \/>\n<meta property=\"og:site_name\" content=\"LE34\" \/>\n<meta property=\"article:modified_time\" content=\"2024-01-15T14:59:38+00:00\" \/>\n<meta name=\"twitter:card\" content=\"summary_large_image\" \/>\n<meta name=\"twitter:label1\" content=\"Ber\u00e4knad l\u00e4stid\" \/>\n\t<meta name=\"twitter:data1\" content=\"1 minut\" \/>\n<script type=\"application\/ld+json\" class=\"yoast-schema-graph\">{\"@context\":\"https:\\\/\\\/schema.org\",\"@graph\":[{\"@type\":\"WebPage\",\"@id\":\"https:\\\/\\\/www.le34.dk\\\/sv\\\/ny-vd-le34-sverige\\\/\",\"url\":\"https:\\\/\\\/www.le34.dk\\\/sv\\\/ny-vd-le34-sverige\\\/\",\"name\":\"Ny VD f\u00f6r LE34 Sverige - LE34\",\"isPartOf\":{\"@id\":\"https:\\\/\\\/www.le34.dk\\\/sv\\\/#website\"},\"datePublished\":\"2019-12-17T09:19:14+00:00\",\"dateModified\":\"2024-01-15T14:59:38+00:00\",\"breadcrumb\":{\"@id\":\"https:\\\/\\\/www.le34.dk\\\/sv\\\/ny-vd-le34-sverige\\\/#breadcrumb\"},\"inLanguage\":\"sv-SE\",\"potentialAction\":[{\"@type\":\"ReadAction\",\"target\":[\"https:\\\/\\\/www.le34.dk\\\/sv\\\/ny-vd-le34-sverige\\\/\"]}]},{\"@type\":\"BreadcrumbList\",\"@id\":\"https:\\\/\\\/www.le34.dk\\\/sv\\\/ny-vd-le34-sverige\\\/#breadcrumb\",\"itemListElement\":[{\"@type\":\"ListItem\",\"position\":1,\"name\":\"Home\",\"item\":\"https:\\\/\\\/www.le34.dk\\\/sv\\\/\"},{\"@type\":\"ListItem\",\"position\":2,\"name\":\"Ny VD f\u00f6r LE34 Sverige\"}]},{\"@type\":\"WebSite\",\"@id\":\"https:\\\/\\\/www.le34.dk\\\/sv\\\/#website\",\"url\":\"https:\\\/\\\/www.le34.dk\\\/sv\\\/\",\"name\":\"LE34\",\"description\":\"\",\"potentialAction\":[{\"@type\":\"SearchAction\",\"target\":{\"@type\":\"EntryPoint\",\"urlTemplate\":\"https:\\\/\\\/www.le34.dk\\\/sv\\\/?s={search_term_string}\"},\"query-input\":{\"@type\":\"PropertyValueSpecification\",\"valueRequired\":true,\"valueName\":\"search_term_string\"}}],\"inLanguage\":\"sv-SE\"}]}<\/script>\n<!-- \/ Yoast SEO plugin. -->","yoast_head_json":{"title":"Ny VD f\u00f6r LE34 Sverige - LE34","description":"Mickael Holgersson har blivit ny VD f\u00f6r den svenska delen av Nordens st\u00f6rsta konsultf\u00f6retag inom lantm\u00e4teri och markanv\u00e4ndning LE34.","robots":{"index":"index","follow":"follow","max-snippet":"max-snippet:-1","max-image-preview":"max-image-preview:large","max-video-preview":"max-video-preview:-1"},"canonical":"https:\/\/www.le34.dk\/sv\/ny-vd-le34-sverige\/","og_locale":"sv_SE","og_type":"article","og_title":"Ny VD f\u00f6r LE34 Sverige - LE34","og_description":"Kenneth Norre, VD f\u00f6r koncernen LE34 \u201cUnder de kommande \u00e5ren ska vi expandera verksamheten kraftigt i Sverige och det finns ingen tvekan om att Mickael Holgersson \u00e4r r\u00e4tt person f\u00f6r uppgiften. Han har redan visat sitt v\u00e4rde i samband med utvecklingen av LE34 i Sverige och vi \u00e4r mycket glada att han har accepterat utmaningen.\u201d [&hellip;]","og_url":"https:\/\/www.le34.dk\/sv\/ny-vd-le34-sverige\/","og_site_name":"LE34","article_modified_time":"2024-01-15T14:59:38+00:00","twitter_card":"summary_large_image","twitter_misc":{"Ber\u00e4knad l\u00e4stid":"1 minut"},"schema":{"@context":"https:\/\/schema.org","@graph":[{"@type":"WebPage","@id":"https:\/\/www.le34.dk\/sv\/ny-vd-le34-sverige\/","url":"https:\/\/www.le34.dk\/sv\/ny-vd-le34-sverige\/","name":"Ny VD f\u00f6r LE34 Sverige - LE34","isPartOf":{"@id":"https:\/\/www.le34.dk\/sv\/#website"},"datePublished":"2019-12-17T09:19:14+00:00","dateModified":"2024-01-15T14:59:38+00:00","breadcrumb":{"@id":"https:\/\/www.le34.dk\/sv\/ny-vd-le34-sverige\/#breadcrumb"},"inLanguage":"sv-SE","potentialAction":[{"@type":"ReadAction","target":["https:\/\/www.le34.dk\/sv\/ny-vd-le34-sverige\/"]}]},{"@type":"BreadcrumbList","@id":"https:\/\/www.le34.dk\/sv\/ny-vd-le34-sverige\/#breadcrumb","itemListElement":[{"@type":"ListItem","position":1,"name":"Home","item":"https:\/\/www.le34.dk\/sv\/"},{"@type":"ListItem","position":2,"name":"Ny VD f\u00f6r LE34 Sverige"}]},{"@type":"WebSite","@id":"https:\/\/www.le34.dk\/sv\/#website","url":"https:\/\/www.le34.dk\/sv\/","name":"LE34","description":"","potentialAction":[{"@type":"SearchAction","target":{"@type":"EntryPoint","urlTemplate":"https:\/\/www.le34.dk\/sv\/?s={search_term_string}"},"query-input":{"@type":"PropertyValueSpecification","valueRequired":true,"valueName":"search_term_string"}}],"inLanguage":"sv-SE"}]}},"_links":{"self":[{"href":"https:\/\/www.le34.dk\/sv\/wp-json\/wp\/v2\/pages\/1654","targetHints":{"allow":["GET"]}}],"collection":[{"href":"https:\/\/www.le34.dk\/sv\/wp-json\/wp\/v2\/pages"}],"about":[{"href":"https:\/\/www.le34.dk\/sv\/wp-json\/wp\/v2\/types\/page"}],"author":[{"embeddable":true,"href":"https:\/\/www.le34.dk\/sv\/wp-json\/wp\/v2\/users\/3"}],"replies":[{"embeddable":true,"href":"https:\/\/www.le34.dk\/sv\/wp-json\/wp\/v2\/comments?post=1654"}],"version-history":[{"count":1,"href":"https:\/\/www.le34.dk\/sv\/wp-json\/wp\/v2\/pages\/1654\/revisions"}],"predecessor-version":[{"id":13313,"href":"https:\/\/www.le34.dk\/sv\/wp-json\/wp\/v2\/pages\/1654\/revisions\/13313"}],"wp:attachment":[{"href":"https:\/\/www.le34.dk\/sv\/wp-json\/wp\/v2\/media?parent=1654"}],"curies":[{"name":"wp","href":"https:\/\/api.w.org\/{rel}","templated":true}]}}