{"id":1169,"date":"2017-07-18T04:20:31","date_gmt":"2017-07-18T04:20:31","guid":{"rendered":"https:\/\/www.le34.dk\/framsida\/"},"modified":"2025-05-12T10:08:11","modified_gmt":"2025-05-12T10:08:11","slug":"framsida","status":"publish","type":"page","link":"https:\/\/www.le34.dk\/sv\/","title":{"rendered":"Framsida"},"content":{"rendered":"<p>Aream\u00e4tning med b\u00e4rbar laserskanner<br \/>\nTack vare v\u00e5r b\u00e4rbara VLX-laserskanner tog det inte mer \u00e4n 45 minuter att m\u00e4ta arean p\u00e5 denna klassiska murm\u00e4starvilla och tillh\u00f6rande strandareal i Str\u00f8by Egede p\u00e5 Sj\u00e4lland i Danmark. <\/p>\n<p>Arealbest\u00e4mning, BaseCamp i Malm\u00f6<br \/>\nMed v\u00e5r b\u00e4rbara NavVis VLX skannade vi BaseCamps nya studentbygge i Malm\u00f6.<\/p>\n<p>Inledande tunneldrivning, Arenastaden i Stockholm<br \/>\nVi har utf\u00f6rt uts\u00e4ttning, inm\u00e4tning och skanning vid arbetstunnel till bygget av framtida tunnelbanestationen Arenastaden. <\/p>\n<p>Mobile Mapping i Gamla Stan i Stockholm<br \/>\nV\u00e5r Mobile Mapping bil var p\u00e5 uppdrag utanf\u00f6r Stockholm och d\u00e5 passade vi p\u00e5 att dokumentera Gamla Stan n\u00e4r vi \u00e4nd\u00e5 var i farten.<\/p>\n<p>Johan J\u00f6nsson, Aff\u00e4rsomr\u00e5deschef LE34 M\u00e4tkonsult<br \/>\n\u201cLE34 \u00e4r n\u00e4rvarande lokalt, nationellt och globalt. Till lands, till sj\u00f6ss och i luften. Det inneb\u00e4r att vi har en insikt i lokala f\u00f6rh\u00e5llanden och deras relation till det som h\u00e4nder globalt. Det g\u00f6r oss stabila, men samtidigt flexibla och med en helhetssyn. Och det \u00e4r i sin tur en garanti f\u00f6r att vi alltid befinner oss n\u00e4ra v\u00e5ra kunder \u2013 oavsett uppdragets storlek och dess geografiska l\u00e4ge.\u201d<\/p>\n<p>Kungens Kurva Stockholm<br \/>\nBetongtunnel Kungens kurva \u00e4r den st\u00f6rsta entreprenaden och inneh\u00e5ller p\u00e5- och avfarterna till F\u00f6rbifart Stockholm s\u00f6derifr\u00e5n. LE34 finns p\u00e5 plats: Vi st\u00f6ttar med inm\u00e4tning och uts\u00e4ttning.<\/p>\n<p>Innovationspris till SmartSurvey\u2122<br \/>\nDet vision\u00e4ra partnerskapet \u201dVandpartner\u201d har delat ut ett innovationspris, som utg\u00f6r kronan p\u00e5 verket efter de f\u00f6rsta sex \u00e5rens samarbete. Priset har tilldelats LE34:s m\u00e4tningsapp SmartSurvey\u2122.<\/p>\n","protected":false},"excerpt":{"rendered":"<p>Aream\u00e4tning med b\u00e4rbar laserskanner Tack vare v\u00e5r b\u00e4rbara VLX-laserskanner tog det inte mer \u00e4n 45 minuter att m\u00e4ta arean p\u00e5 denna klassiska murm\u00e4starvilla och tillh\u00f6rande strandareal i Str\u00f8by Egede p\u00e5 Sj\u00e4lland i Danmark. Arealbest\u00e4mning, BaseCamp i Malm\u00f6 Med v\u00e5r b\u00e4rbara NavVis VLX skannade vi BaseCamps nya studentbygge i Malm\u00f6. Inledande tunneldrivning, Arenastaden i Stockholm Vi [&hellip;]<\/p>\n","protected":false},"author":28,"featured_media":0,"parent":0,"menu_order":0,"comment_status":"closed","ping_status":"closed","template":"","meta":{"_acf_changed":false,"footnotes":""},"class_list":["post-1169","page","type-page","status-publish","hentry"],"acf":[],"yoast_head":"<!-- This site is optimized with the Yoast SEO plugin v27.5 - https:\/\/yoast.com\/product\/yoast-seo-wordpress\/ -->\n<title>LE34 - Nordens st\u00f6rsta inom lantm\u00e4teri och markanv\u00e4ndning<\/title>\n<meta name=\"description\" content=\"LE34 \u00e4r Nordens st\u00f6rsta inom lantm\u00e4teri och markanv\u00e4ndning. Fr\u00e5n v\u00e5ra 30 kontor jobbar vi p\u00e5 stora anl\u00e4ggnings- och infrastrukturprojekt.\" \/>\n<meta name=\"robots\" content=\"index, follow, max-snippet:-1, max-image-preview:large, max-video-preview:-1\" \/>\n<link rel=\"canonical\" href=\"https:\/\/www.le34.dk\/sv\/\" \/>\n<meta property=\"og:locale\" content=\"sv_SE\" \/>\n<meta property=\"og:type\" content=\"article\" \/>\n<meta property=\"og:title\" content=\"LE34 - Nordens st\u00f6rsta inom lantm\u00e4teri och markanv\u00e4ndning\" \/>\n<meta property=\"og:description\" content=\"LE34 \u00e4r Nordens st\u00f6rsta inom lantm\u00e4teri och markanv\u00e4ndning. Fr\u00e5n v\u00e5ra 30 kontor jobbar vi p\u00e5 stora anl\u00e4ggnings- och infrastrukturprojekt.\" \/>\n<meta property=\"og:url\" content=\"https:\/\/www.le34.dk\/sv\/\" \/>\n<meta property=\"og:site_name\" content=\"LE34\" \/>\n<meta property=\"article:modified_time\" content=\"2025-05-12T10:08:11+00:00\" \/>\n<meta name=\"twitter:card\" content=\"summary_large_image\" \/>\n<meta name=\"twitter:label1\" content=\"Ber\u00e4knad l\u00e4stid\" \/>\n\t<meta name=\"twitter:data1\" content=\"5 minuter\" \/>\n<script type=\"application\/ld+json\" class=\"yoast-schema-graph\">{\"@context\":\"https:\\\/\\\/schema.org\",\"@graph\":[{\"@type\":\"WebPage\",\"@id\":\"https:\\\/\\\/www.le34.dk\\\/sv\\\/\",\"url\":\"https:\\\/\\\/www.le34.dk\\\/sv\\\/\",\"name\":\"LE34 - Nordens st\u00f6rsta inom lantm\u00e4teri och markanv\u00e4ndning\",\"isPartOf\":{\"@id\":\"https:\\\/\\\/www.le34.dk\\\/sv\\\/#website\"},\"datePublished\":\"2017-07-18T04:20:31+00:00\",\"dateModified\":\"2025-05-12T10:08:11+00:00\",\"description\":\"LE34 \u00e4r Nordens st\u00f6rsta inom lantm\u00e4teri och markanv\u00e4ndning. Fr\u00e5n v\u00e5ra 30 kontor jobbar vi p\u00e5 stora anl\u00e4ggnings- och infrastrukturprojekt.\",\"breadcrumb\":{\"@id\":\"https:\\\/\\\/www.le34.dk\\\/sv\\\/#breadcrumb\"},\"inLanguage\":\"sv-SE\",\"potentialAction\":[{\"@type\":\"ReadAction\",\"target\":[\"https:\\\/\\\/www.le34.dk\\\/sv\\\/\"]}]},{\"@type\":\"BreadcrumbList\",\"@id\":\"https:\\\/\\\/www.le34.dk\\\/sv\\\/#breadcrumb\",\"itemListElement\":[{\"@type\":\"ListItem\",\"position\":1,\"name\":\"Home\",\"item\":\"https:\\\/\\\/www.le34.dk\\\/sv\\\/\"},{\"@type\":\"ListItem\",\"position\":2,\"name\":\"Framsida\"}]},{\"@type\":\"WebSite\",\"@id\":\"https:\\\/\\\/www.le34.dk\\\/sv\\\/#website\",\"url\":\"https:\\\/\\\/www.le34.dk\\\/sv\\\/\",\"name\":\"LE34\",\"description\":\"\",\"potentialAction\":[{\"@type\":\"SearchAction\",\"target\":{\"@type\":\"EntryPoint\",\"urlTemplate\":\"https:\\\/\\\/www.le34.dk\\\/sv\\\/?s={search_term_string}\"},\"query-input\":{\"@type\":\"PropertyValueSpecification\",\"valueRequired\":true,\"valueName\":\"search_term_string\"}}],\"inLanguage\":\"sv-SE\"}]}<\/script>\n<!-- \/ Yoast SEO plugin. -->","yoast_head_json":{"title":"LE34 - Nordens st\u00f6rsta inom lantm\u00e4teri och markanv\u00e4ndning","description":"LE34 \u00e4r Nordens st\u00f6rsta inom lantm\u00e4teri och markanv\u00e4ndning. Fr\u00e5n v\u00e5ra 30 kontor jobbar vi p\u00e5 stora anl\u00e4ggnings- och infrastrukturprojekt.","robots":{"index":"index","follow":"follow","max-snippet":"max-snippet:-1","max-image-preview":"max-image-preview:large","max-video-preview":"max-video-preview:-1"},"canonical":"https:\/\/www.le34.dk\/sv\/","og_locale":"sv_SE","og_type":"article","og_title":"LE34 - Nordens st\u00f6rsta inom lantm\u00e4teri och markanv\u00e4ndning","og_description":"LE34 \u00e4r Nordens st\u00f6rsta inom lantm\u00e4teri och markanv\u00e4ndning. Fr\u00e5n v\u00e5ra 30 kontor jobbar vi p\u00e5 stora anl\u00e4ggnings- och infrastrukturprojekt.","og_url":"https:\/\/www.le34.dk\/sv\/","og_site_name":"LE34","article_modified_time":"2025-05-12T10:08:11+00:00","twitter_card":"summary_large_image","twitter_misc":{"Ber\u00e4knad l\u00e4stid":"5 minuter"},"schema":{"@context":"https:\/\/schema.org","@graph":[{"@type":"WebPage","@id":"https:\/\/www.le34.dk\/sv\/","url":"https:\/\/www.le34.dk\/sv\/","name":"LE34 - Nordens st\u00f6rsta inom lantm\u00e4teri och markanv\u00e4ndning","isPartOf":{"@id":"https:\/\/www.le34.dk\/sv\/#website"},"datePublished":"2017-07-18T04:20:31+00:00","dateModified":"2025-05-12T10:08:11+00:00","description":"LE34 \u00e4r Nordens st\u00f6rsta inom lantm\u00e4teri och markanv\u00e4ndning. Fr\u00e5n v\u00e5ra 30 kontor jobbar vi p\u00e5 stora anl\u00e4ggnings- och infrastrukturprojekt.","breadcrumb":{"@id":"https:\/\/www.le34.dk\/sv\/#breadcrumb"},"inLanguage":"sv-SE","potentialAction":[{"@type":"ReadAction","target":["https:\/\/www.le34.dk\/sv\/"]}]},{"@type":"BreadcrumbList","@id":"https:\/\/www.le34.dk\/sv\/#breadcrumb","itemListElement":[{"@type":"ListItem","position":1,"name":"Home","item":"https:\/\/www.le34.dk\/sv\/"},{"@type":"ListItem","position":2,"name":"Framsida"}]},{"@type":"WebSite","@id":"https:\/\/www.le34.dk\/sv\/#website","url":"https:\/\/www.le34.dk\/sv\/","name":"LE34","description":"","potentialAction":[{"@type":"SearchAction","target":{"@type":"EntryPoint","urlTemplate":"https:\/\/www.le34.dk\/sv\/?s={search_term_string}"},"query-input":{"@type":"PropertyValueSpecification","valueRequired":true,"valueName":"search_term_string"}}],"inLanguage":"sv-SE"}]}},"_links":{"self":[{"href":"https:\/\/www.le34.dk\/sv\/wp-json\/wp\/v2\/pages\/1169","targetHints":{"allow":["GET"]}}],"collection":[{"href":"https:\/\/www.le34.dk\/sv\/wp-json\/wp\/v2\/pages"}],"about":[{"href":"https:\/\/www.le34.dk\/sv\/wp-json\/wp\/v2\/types\/page"}],"author":[{"embeddable":true,"href":"https:\/\/www.le34.dk\/sv\/wp-json\/wp\/v2\/users\/28"}],"replies":[{"embeddable":true,"href":"https:\/\/www.le34.dk\/sv\/wp-json\/wp\/v2\/comments?post=1169"}],"version-history":[{"count":18,"href":"https:\/\/www.le34.dk\/sv\/wp-json\/wp\/v2\/pages\/1169\/revisions"}],"predecessor-version":[{"id":16664,"href":"https:\/\/www.le34.dk\/sv\/wp-json\/wp\/v2\/pages\/1169\/revisions\/16664"}],"wp:attachment":[{"href":"https:\/\/www.le34.dk\/sv\/wp-json\/wp\/v2\/media?parent=1169"}],"curies":[{"name":"wp","href":"https:\/\/api.w.org\/{rel}","templated":true}]}}