{"id":1847,"date":"2021-04-19T14:55:20","date_gmt":"2021-04-19T14:55:20","guid":{"rendered":"https:\/\/www.le34.dk\/va-banken-nyhedsarkiv2\/"},"modified":"2024-01-15T15:02:44","modified_gmt":"2024-01-15T15:02:44","slug":"va-banken-nyhedsarkiv2","status":"publish","type":"page","link":"https:\/\/www.le34.dk\/en\/va-banken-nyhedsarkiv2\/","title":{"rendered":"VA-banken\u00a9 Brugerside Nyhedsarkiv2"},"content":{"rendered":"<p>Lad os se fremad. Sammen \u2013 hver for sig<br \/>\nDet er en ganske s\u00e6rlig tid og en ganske s\u00e6rlig situation, vi st\u00e5r i.<br \/>\nVi vil blive husket for, hvordan vi h\u00e5ndterer de alvorlige omst\u00e6ndigheder og for vores evne til at beskytte hinanden, vores samfund og \u00f8konomi.<br \/>\nHos LE34 er vi fuldt operationelle og servicerer vores kunder som hidtil. Vi har indf\u00f8rt s\u00e6rlige retningslinjer og forholdsregler i overensstemmelse med myndighedernes anvisninger for at forebygge spredning af Coronavirus, mens vi udf\u00f8rer vores arbejde med samme effektivitet og pr\u00e6cision som altid.<br \/>\nVi spiller alle en vigtig rolle i forhold til at holde erhvervslivet og \u00f8konomien i gang. Vi kan derfor benytte denne tid til udf\u00f8relse af opgaver, som I ved skal igangs\u00e6ttes og gennemf\u00f8res. I LE34 g\u00f8r vi, hvad vi kan for at holde hjulene i gang, men vi har brug for jeres hj\u00e6lp.<br \/>\nNetop denne tid er s\u00e6rlig gunstig for gennemf\u00f8relse af f.eks. GIS-opgaver, tilpasninger til VA-banken, online kurser, droneopm\u00e5ling, laserscanning af bygv\u00e6rker og opm\u00e5ling af ledningsnet, da der er uh\u00f8rt lidt trafik p\u00e5 vejene. Derfor vil jeg gerne appellere til, at I s\u00e6tter opgaver i gang, som alligevel venter p\u00e5 at blive udf\u00f8rt. Det vil hj\u00e6lpe os til at holde fast i vores medarbejdere og vores bidrag til f\u00e6llesskabet.<br \/>\nT\u00f8v ikke med at kontakte os, hvis du har sp\u00f8rgsm\u00e5l om vores beredskab og forholdsregler.<br \/>\nVenlig hilsen<br \/>\nTorbj\u00f8rn Pedersen, Forretningschef for LE34 Forsyning<br \/>\ntmp@le34.dk, tlf. +45 2688 3808<\/p>\n<p>VA-banken 2020.1 er klar til installation ved jer<br \/>\nS\u00e5 er VA-banken version 2020.1 klar til installation ved jer.<br \/>\nDet er vores anbefaling at I alle f\u00e5r den installeret. Opdateringen er gratis, men den tid vi bruger p\u00e5 installation og konfiguration afregnes efter medg\u00e5et tid.<br \/>\nVi har reserveret f\u00f8lgende dage til installation af VA-banken 2020.1 ved jer, kontakt os hvis I \u00f8nsker at g\u00f8re brug af jeres tid.<br \/>\nTirsdag (14\/4) \u2013 Ringsted Forsyning<br \/>\nOnsdag (15\/4) \u2013 Kalundborg Forsyning<br \/>\nTorsdag (16\/4) \u2013 Faxe Forsyning<br \/>\nMandag (20\/4) \u2013 S\u00f8nderborg<br \/>\nTirsdag (21\/4) \u2013 Vejen Forsyning<br \/>\nOnsdag(22\/4) \u2013 BIOFOS<\/p>\n<p>L\u00e6s mere om nyheder i 2020.1<\/p>\n<p>VA-utveckling brugerm\u00f8de 2020 going digital<br \/>\nS\u00e5 l\u00f8ber VA-utvecklings digitale brugerm\u00f8de igang om 1 time. I LE34 sidder vi klar og f\u00f8lger med i liveudsendelsen.<br \/>\nVi vil tage grundige noter, og lave et resume af de v\u00e6sentligste pointer til jer der ikke deltager \u2013 stay tuned <\/p>\n<p>L\u00e6s mere om brugerm\u00f8det her<\/p>\n<p>3D-opm\u00e5ling af ledningsgrave med mobilen<br \/>\nF\u00e5 et indblik i, hvad du kan f\u00e5 ud af at bruge den nye app SmartSurvey, som LE34 har udviklet i samarbejde med bl.a. Aarhus Vand og Novafos.<br \/>\nWebinaret foreg\u00e5r via den digitale platform Teams, og det er gratis at deltage, men af hensyn til planl\u00e6gningen skal du tilmelde dig til LE34\u2019s Mathias Bach her<br \/>\nP\u00e5 webinaret vil LE34\u2019s software-specialist Jan Thinglev Olsen give dig en virtuel tur fra start til slut med SmartSurvey:<br \/>\n\u2022\tFra opm\u00e5ling i marken til uploading af data. Fra modtagelse af punktsky til opm\u00e5ling, tegning af linjer i CAD eller p\u00e5 pointcloud.geonote.dk til endelig ledningsregistrering.<br \/>\n\u2022\tAlt foreg\u00e5r via sk\u00e6rmdeling i Teams, s\u00e5 du f\u00e5r syn for sagen samt mulighed<br \/>\nfor at stille sp\u00f8rgsm\u00e5l undervejs.<br \/>\nV\u00e6lg, hvilken dag der passer dig bedst:<br \/>\n\u2022\tTirsdag d. 24. marts kl. 10.30 \u2013 11.30<br \/>\n\u2022\tOnsdag d. 25. marts kl. 10.30 \u2013 11.30<br \/>\n\u2022\tTorsdag d. 26. marts kl. 10.30 \u2013 11.30<br \/>\n\u2022\tTorsdag d. 02. april kl. 10.30 \u2013 11.30<\/p>\n<p>L\u00e6s mere om SmartSurvey her<\/p>\n<p>Overblik over tickets<br \/>\nDet er muligt at se en liste over egne og organisationens igangv\u00e6rende og afsluttede support sager.<br \/>\nSe dine support sager her<\/p>\n<p>Vejledning til at se support sager<\/p>\n<p>VA-utveckling anv\u00e4ndertr\u00e4ff 2020 3-4 Juni (Bruger m\u00f8de)<br \/>\nVA-utveckling brugerm\u00f8de 2020 afholdes p\u00e5 Tyl\u00f6sand Hotell i Halmstad, Sverige den 3-4 juni.<br \/>\nPlanl\u00e6gningen er i fuld gang \u2013 men vi er nysgerrige p\u00e5 hvad du \u00f8nsker at programmet skal indeholde. Har du noget at fort\u00e6lle om? Eller har du h\u00f8rt noget interessant som du syns vi burde tage op?<br \/>\nsend gerne en mail til tmp@le34.dk.<br \/>\nBook datoen i kalenderen allerede nu, s\u00e5 du ikke misser brugerm\u00f8det. Indbydelse, tilmelding mm kommer senere.<\/p>\n<p>Version 2019.2<br \/>\nVersion 2019.2 er nu installeret ved de fleste danske Forsyninger. Version 2019.2 byder p\u00e5 mange sp\u00e6ndende nyheder, enkelte af disse kr\u00e6ver ops\u00e6tning, f\u00f8r de er tilg\u00e6ngelige. Kontakt os, hvis I \u00f8nsker et opdateringskursus, eller gennemse nyhederne her. <\/p>\n<p>Se release notes til 2019.2<\/p>\n<p>Ny brugerflade og arbejdsmetode til brugerstyring<br \/>\nFormularen til brugerstyring er blevet bygget helt om. Brugerrettigheder tildeles nu vha. oprettelse af funktionsgrupper (Brugergrupper) og brugerstyring, hvor det styres, hvilke funktionsgrupper den enkelte bruger tilh\u00f8rer. <\/p>\n<p>Se vejledning til ny brugerstyring<\/p>\n<p>Opret egne symboler<br \/>\nDer er nu et grafisk v\u00e6rkt\u00f8j til at tilpasse eksisterende symboler og tegne nye symboler som I \u00f8nsker de skal se ud. V\u00e6rkt\u00f8jet findes i MyCarta I menuen \u201dVerktyg, symboler, symboleditor\u201d.<\/p>\n<p>SUPPORT<br \/>\nKundesupport har meget h\u00f8j prioritet hos os. Vi l\u00e6gger stor v\u00e6gt p\u00e5 at opretholde et h\u00f8jt serviceniveau og kompetence i vores support.<br \/>\nVores st\u00f8tte er baseret p\u00e5 personlige relationer og en specifik viden om hver kunde. For os er det vigtigt, at du altid f\u00e5r den hj\u00e6lp, du har brug for.<br \/>\nVores supportteam er klar til at hj\u00e6lpe dig med alt fra enkle brugerproblemer til probleml\u00f8sning, korrigering af fejl eller andet, du har brug for hj\u00e6lp til.<br \/>\nSkriv til support p\u00e5 VA-support@le34.dk, hvis din henvendelse kan vente til n\u00e6ste dag.<br \/>\nRing til support p\u00e5\u00a0+45 8820 8787, hvis du har brug for hj\u00e6lp til at komme videre her og nu.<br \/>\nTelefontider: Mandag \u2013 Torsdag 08.00 \u2013 16.00 \/ Fredag 08.00 \u2013 15.30<br \/>\nFor status p\u00e5 supportsager, g\u00e5 til\u00a0supportsager\u00a0<br \/>\nFor fjernsupport, g\u00e5 til\u00a0fjernsupport<\/p>\n<p>Se \u00e6ldre nyheder her<\/p>\n","protected":false},"excerpt":{"rendered":"<p>Lad os se fremad. Sammen \u2013 hver for sig Det er en ganske s\u00e6rlig tid og en ganske s\u00e6rlig situation, vi st\u00e5r i. Vi vil blive husket for, hvordan vi h\u00e5ndterer de alvorlige omst\u00e6ndigheder og for vores evne til at beskytte hinanden, vores samfund og \u00f8konomi. Hos LE34 er vi fuldt operationelle og servicerer vores [&hellip;]<\/p>\n","protected":false},"author":3,"featured_media":0,"parent":0,"menu_order":0,"comment_status":"closed","ping_status":"closed","template":"","meta":{"_acf_changed":false,"footnotes":""},"class_list":["post-1847","page","type-page","status-publish","hentry"],"acf":[],"yoast_head":"<!-- This site is optimized with the Yoast SEO plugin v27.5 - https:\/\/yoast.com\/product\/yoast-seo-wordpress\/ -->\n<title>VA-banken\u00a9 Brugerside Nyhedsarkiv2 - LE34<\/title>\n<meta name=\"robots\" content=\"index, follow, max-snippet:-1, max-image-preview:large, max-video-preview:-1\" \/>\n<link rel=\"canonical\" href=\"https:\/\/www.le34.dk\/en\/va-banken-nyhedsarkiv2\/\" \/>\n<meta property=\"og:locale\" content=\"en_US\" \/>\n<meta property=\"og:type\" content=\"article\" \/>\n<meta property=\"og:title\" content=\"VA-banken\u00a9 Brugerside Nyhedsarkiv2 - LE34\" \/>\n<meta property=\"og:description\" content=\"Lad os se fremad. Sammen \u2013 hver for sig Det er en ganske s\u00e6rlig tid og en ganske s\u00e6rlig situation, vi st\u00e5r i. Vi vil blive husket for, hvordan vi h\u00e5ndterer de alvorlige omst\u00e6ndigheder og for vores evne til at beskytte hinanden, vores samfund og \u00f8konomi. Hos LE34 er vi fuldt operationelle og servicerer vores [&hellip;]\" \/>\n<meta property=\"og:url\" content=\"https:\/\/www.le34.dk\/en\/va-banken-nyhedsarkiv2\/\" \/>\n<meta property=\"og:site_name\" content=\"LE34\" \/>\n<meta property=\"article:modified_time\" content=\"2024-01-15T15:02:44+00:00\" \/>\n<meta name=\"twitter:card\" content=\"summary_large_image\" \/>\n<meta name=\"twitter:label1\" content=\"Est. reading time\" \/>\n\t<meta name=\"twitter:data1\" content=\"5 minutes\" \/>\n<script type=\"application\/ld+json\" class=\"yoast-schema-graph\">{\"@context\":\"https:\\\/\\\/schema.org\",\"@graph\":[{\"@type\":\"WebPage\",\"@id\":\"https:\\\/\\\/www.le34.dk\\\/en\\\/va-banken-nyhedsarkiv2\\\/\",\"url\":\"https:\\\/\\\/www.le34.dk\\\/en\\\/va-banken-nyhedsarkiv2\\\/\",\"name\":\"VA-banken\u00a9 Brugerside Nyhedsarkiv2 - LE34\",\"isPartOf\":{\"@id\":\"https:\\\/\\\/www.le34.dk\\\/en\\\/#website\"},\"datePublished\":\"2021-04-19T14:55:20+00:00\",\"dateModified\":\"2024-01-15T15:02:44+00:00\",\"breadcrumb\":{\"@id\":\"https:\\\/\\\/www.le34.dk\\\/en\\\/va-banken-nyhedsarkiv2\\\/#breadcrumb\"},\"inLanguage\":\"en-US\",\"potentialAction\":[{\"@type\":\"ReadAction\",\"target\":[\"https:\\\/\\\/www.le34.dk\\\/en\\\/va-banken-nyhedsarkiv2\\\/\"]}]},{\"@type\":\"BreadcrumbList\",\"@id\":\"https:\\\/\\\/www.le34.dk\\\/en\\\/va-banken-nyhedsarkiv2\\\/#breadcrumb\",\"itemListElement\":[{\"@type\":\"ListItem\",\"position\":1,\"name\":\"Home\",\"item\":\"https:\\\/\\\/www.le34.dk\\\/en\\\/\"},{\"@type\":\"ListItem\",\"position\":2,\"name\":\"VA-banken\u00a9 Brugerside Nyhedsarkiv2\"}]},{\"@type\":\"WebSite\",\"@id\":\"https:\\\/\\\/www.le34.dk\\\/en\\\/#website\",\"url\":\"https:\\\/\\\/www.le34.dk\\\/en\\\/\",\"name\":\"LE34\",\"description\":\"\",\"potentialAction\":[{\"@type\":\"SearchAction\",\"target\":{\"@type\":\"EntryPoint\",\"urlTemplate\":\"https:\\\/\\\/www.le34.dk\\\/en\\\/?s={search_term_string}\"},\"query-input\":{\"@type\":\"PropertyValueSpecification\",\"valueRequired\":true,\"valueName\":\"search_term_string\"}}],\"inLanguage\":\"en-US\"}]}<\/script>\n<!-- \/ Yoast SEO plugin. -->","yoast_head_json":{"title":"VA-banken\u00a9 Brugerside Nyhedsarkiv2 - LE34","robots":{"index":"index","follow":"follow","max-snippet":"max-snippet:-1","max-image-preview":"max-image-preview:large","max-video-preview":"max-video-preview:-1"},"canonical":"https:\/\/www.le34.dk\/en\/va-banken-nyhedsarkiv2\/","og_locale":"en_US","og_type":"article","og_title":"VA-banken\u00a9 Brugerside Nyhedsarkiv2 - LE34","og_description":"Lad os se fremad. Sammen \u2013 hver for sig Det er en ganske s\u00e6rlig tid og en ganske s\u00e6rlig situation, vi st\u00e5r i. Vi vil blive husket for, hvordan vi h\u00e5ndterer de alvorlige omst\u00e6ndigheder og for vores evne til at beskytte hinanden, vores samfund og \u00f8konomi. Hos LE34 er vi fuldt operationelle og servicerer vores [&hellip;]","og_url":"https:\/\/www.le34.dk\/en\/va-banken-nyhedsarkiv2\/","og_site_name":"LE34","article_modified_time":"2024-01-15T15:02:44+00:00","twitter_card":"summary_large_image","twitter_misc":{"Est. reading time":"5 minutes"},"schema":{"@context":"https:\/\/schema.org","@graph":[{"@type":"WebPage","@id":"https:\/\/www.le34.dk\/en\/va-banken-nyhedsarkiv2\/","url":"https:\/\/www.le34.dk\/en\/va-banken-nyhedsarkiv2\/","name":"VA-banken\u00a9 Brugerside Nyhedsarkiv2 - LE34","isPartOf":{"@id":"https:\/\/www.le34.dk\/en\/#website"},"datePublished":"2021-04-19T14:55:20+00:00","dateModified":"2024-01-15T15:02:44+00:00","breadcrumb":{"@id":"https:\/\/www.le34.dk\/en\/va-banken-nyhedsarkiv2\/#breadcrumb"},"inLanguage":"en-US","potentialAction":[{"@type":"ReadAction","target":["https:\/\/www.le34.dk\/en\/va-banken-nyhedsarkiv2\/"]}]},{"@type":"BreadcrumbList","@id":"https:\/\/www.le34.dk\/en\/va-banken-nyhedsarkiv2\/#breadcrumb","itemListElement":[{"@type":"ListItem","position":1,"name":"Home","item":"https:\/\/www.le34.dk\/en\/"},{"@type":"ListItem","position":2,"name":"VA-banken\u00a9 Brugerside Nyhedsarkiv2"}]},{"@type":"WebSite","@id":"https:\/\/www.le34.dk\/en\/#website","url":"https:\/\/www.le34.dk\/en\/","name":"LE34","description":"","potentialAction":[{"@type":"SearchAction","target":{"@type":"EntryPoint","urlTemplate":"https:\/\/www.le34.dk\/en\/?s={search_term_string}"},"query-input":{"@type":"PropertyValueSpecification","valueRequired":true,"valueName":"search_term_string"}}],"inLanguage":"en-US"}]}},"_links":{"self":[{"href":"https:\/\/www.le34.dk\/en\/wp-json\/wp\/v2\/pages\/1847","targetHints":{"allow":["GET"]}}],"collection":[{"href":"https:\/\/www.le34.dk\/en\/wp-json\/wp\/v2\/pages"}],"about":[{"href":"https:\/\/www.le34.dk\/en\/wp-json\/wp\/v2\/types\/page"}],"author":[{"embeddable":true,"href":"https:\/\/www.le34.dk\/en\/wp-json\/wp\/v2\/users\/3"}],"replies":[{"embeddable":true,"href":"https:\/\/www.le34.dk\/en\/wp-json\/wp\/v2\/comments?post=1847"}],"version-history":[{"count":1,"href":"https:\/\/www.le34.dk\/en\/wp-json\/wp\/v2\/pages\/1847\/revisions"}],"predecessor-version":[{"id":13507,"href":"https:\/\/www.le34.dk\/en\/wp-json\/wp\/v2\/pages\/1847\/revisions\/13507"}],"wp:attachment":[{"href":"https:\/\/www.le34.dk\/en\/wp-json\/wp\/v2\/media?parent=1847"}],"curies":[{"name":"wp","href":"https:\/\/api.w.org\/{rel}","templated":true}]}}