{"id":1846,"date":"2020-01-09T12:54:17","date_gmt":"2020-01-09T12:54:17","guid":{"rendered":"https:\/\/www.le34.dk\/va-banken-nyhedsarkiv1\/"},"modified":"2024-01-15T15:02:44","modified_gmt":"2024-01-15T15:02:44","slug":"va-banken-nyhedsarkiv1","status":"publish","type":"page","link":"https:\/\/www.le34.dk\/en\/va-banken-nyhedsarkiv1\/","title":{"rendered":"VA-banken\u00a9 Brugerside Nyhedsarkiv1"},"content":{"rendered":"<p>VA-banken\u00a9 er udviklet af forsyningseksperter<br \/>\nVA-banken\u00a9 udvikles af VA-utveckling. LE34 forhandler VA-banken\u00a9 i Danmark. L\u00e6s mere om VA-utveckling via linket nedenfor.  <\/p>\n<p>G\u00e5 til VA-utveckling<\/p>\n<p>Version 2019.1<br \/>\nVersion 2019.1 er nu installeret ved alle danske Forsyninger. Version 2019.1 byder p\u00e5 mange sp\u00e6ndende nyheder, enkelte af disse kr\u00e6ver ops\u00e6tning, f\u00f8r de er tilg\u00e6ngelige. Kontakt os, hvis I \u00f8nsker et opdateringskursus, eller gennemse nyhederne her. <\/p>\n<p>Se release notes til 2019.1<\/p>\n<p>Ekstra fane i punkt og ledningsformularen<br \/>\nMed version 2019.1 er der mulighed for at konfigurere en ekstra fane til lagring af ekstra oplysninger for henholdsvis punkter og ledninger.<br \/>\nDet er fuldt konfigurerbart, hvilke oplysninger der kan lagres, og der kan oprettes kodelister til de forskellige oplysninger.<\/p>\n<p>Link til pdf om 2019.1<\/p>\n<p>Flere kort i VA-banken\u00a9<br \/>\nMed version 2019.1 er det nu muligt at have flere kort til forskellige form\u00e5l. Det betyder at der kan etableres flere kortops\u00e6tninger til forskellige form\u00e5l, som kan \u00e5bnes direkte i VA-banken\u00a9, hvis brugeren har rettighed til det.<\/p>\n<p>Ny brugerflade og arbejdsmetode til brugerstyring<br \/>\nFormularen til brugerstyring er blevet bygget helt om. Brugerrettigheder tildeles nu vha. oprettelse af funktionsgrupper (Brugergrupper) og brugerstyring, hvor det styres, hvilke funktionsgrupper den enkelte bruger tilh\u00f8rer. <\/p>\n<p>Se vejledning til ny brugerstyring<\/p>\n<p>Opret egne symboler<br \/>\nDer er nu et grafisk v\u00e6rkt\u00f8j til at tilpasse eksisterende symboler og tegne nye symboler som I \u00f8nsker de skal se ud. V\u00e6rkt\u00f8jet findes i MyCarta I menuen \u201dVerktyg, symboler, symboleditor\u201d.<\/p>\n<p>SUPPORT<br \/>\nKundesupport har meget h\u00f8j prioritet hos os. Vi l\u00e6gger stor v\u00e6gt p\u00e5 at opretholde et h\u00f8jt serviceniveau og kompetence i vores support.<br \/>\nVores st\u00f8tte er baseret p\u00e5 personlige relationer og en specifik viden om hver kunde. For os er det vigtigt, at du altid f\u00e5r den hj\u00e6lp, du har brug for.<br \/>\nVores supportteam er klar til at hj\u00e6lpe dig med alt fra enkle brugerproblemer til probleml\u00f8sning, korrigering af fejl eller andet, du har brug for hj\u00e6lp til.<br \/>\nSkriv til support p\u00e5 VA-support@le34.dk, hvis din henvendelse kan vente til n\u00e6ste dag.<br \/>\nRing til support p\u00e5\u00a0+45 8820 8787, hvis du har brug for hj\u00e6lp til at komme videre her og nu.<br \/>\nTelefontider: Mandag \u2013 Torsdag 08.00 \u2013 16.00 \/ Fredag 08.00 \u2013 15.30<br \/>\nFor status p\u00e5 supportsager, g\u00e5 til\u00a0supportsager\u00a0<br \/>\nFor fjernsupport, g\u00e5 til\u00a0fjernsupport<\/p>\n","protected":false},"excerpt":{"rendered":"<p>VA-banken\u00a9 er udviklet af forsyningseksperter VA-banken\u00a9 udvikles af VA-utveckling. LE34 forhandler VA-banken\u00a9 i Danmark. L\u00e6s mere om VA-utveckling via linket nedenfor. G\u00e5 til VA-utveckling Version 2019.1 Version 2019.1 er nu installeret ved alle danske Forsyninger. Version 2019.1 byder p\u00e5 mange sp\u00e6ndende nyheder, enkelte af disse kr\u00e6ver ops\u00e6tning, f\u00f8r de er tilg\u00e6ngelige. Kontakt os, hvis I [&hellip;]<\/p>\n","protected":false},"author":3,"featured_media":0,"parent":0,"menu_order":0,"comment_status":"closed","ping_status":"closed","template":"","meta":{"_acf_changed":false,"footnotes":""},"class_list":["post-1846","page","type-page","status-publish","hentry"],"acf":[],"yoast_head":"<!-- This site is optimized with the Yoast SEO plugin v27.3 - https:\/\/yoast.com\/product\/yoast-seo-wordpress\/ -->\n<title>VA-banken\u00a9 nyhedsarkiv - LE34<\/title>\n<meta name=\"description\" content=\"Her kan du finde tips, l\u00f8sninger og opdateringer. Samtidig kan du se supportoplysninger, status p\u00e5 igangv\u00e6rende sager og information om nye versioner.\" \/>\n<meta name=\"robots\" content=\"index, follow, max-snippet:-1, max-image-preview:large, max-video-preview:-1\" \/>\n<link rel=\"canonical\" href=\"https:\/\/www.le34.dk\/en\/va-banken-nyhedsarkiv1\/\" \/>\n<meta property=\"og:locale\" content=\"en_US\" \/>\n<meta property=\"og:type\" content=\"article\" \/>\n<meta property=\"og:title\" content=\"VA-banken\u00a9 nyhedsarkiv - LE34\" \/>\n<meta property=\"og:description\" content=\"Her kan du finde tips, l\u00f8sninger og opdateringer. Samtidig kan du se supportoplysninger, status p\u00e5 igangv\u00e6rende sager og information om nye versioner.\" \/>\n<meta property=\"og:url\" content=\"https:\/\/www.le34.dk\/en\/va-banken-nyhedsarkiv1\/\" \/>\n<meta property=\"og:site_name\" content=\"LE34\" \/>\n<meta property=\"article:modified_time\" content=\"2024-01-15T15:02:44+00:00\" \/>\n<meta name=\"twitter:card\" content=\"summary_large_image\" \/>\n<meta name=\"twitter:label1\" content=\"Est. reading time\" \/>\n\t<meta name=\"twitter:data1\" content=\"2 minutes\" \/>\n<script type=\"application\/ld+json\" class=\"yoast-schema-graph\">{\"@context\":\"https:\\\/\\\/schema.org\",\"@graph\":[{\"@type\":\"WebPage\",\"@id\":\"https:\\\/\\\/www.le34.dk\\\/en\\\/va-banken-nyhedsarkiv1\\\/\",\"url\":\"https:\\\/\\\/www.le34.dk\\\/en\\\/va-banken-nyhedsarkiv1\\\/\",\"name\":\"VA-banken\u00a9 nyhedsarkiv - LE34\",\"isPartOf\":{\"@id\":\"https:\\\/\\\/www.le34.dk\\\/en\\\/#website\"},\"datePublished\":\"2020-01-09T12:54:17+00:00\",\"dateModified\":\"2024-01-15T15:02:44+00:00\",\"description\":\"Her kan du finde tips, l\u00f8sninger og opdateringer. Samtidig kan du se supportoplysninger, status p\u00e5 igangv\u00e6rende sager og information om nye versioner.\",\"breadcrumb\":{\"@id\":\"https:\\\/\\\/www.le34.dk\\\/en\\\/va-banken-nyhedsarkiv1\\\/#breadcrumb\"},\"inLanguage\":\"en-US\",\"potentialAction\":[{\"@type\":\"ReadAction\",\"target\":[\"https:\\\/\\\/www.le34.dk\\\/en\\\/va-banken-nyhedsarkiv1\\\/\"]}]},{\"@type\":\"BreadcrumbList\",\"@id\":\"https:\\\/\\\/www.le34.dk\\\/en\\\/va-banken-nyhedsarkiv1\\\/#breadcrumb\",\"itemListElement\":[{\"@type\":\"ListItem\",\"position\":1,\"name\":\"Home\",\"item\":\"https:\\\/\\\/www.le34.dk\\\/en\\\/\"},{\"@type\":\"ListItem\",\"position\":2,\"name\":\"VA-banken\u00a9 Brugerside Nyhedsarkiv1\"}]},{\"@type\":\"WebSite\",\"@id\":\"https:\\\/\\\/www.le34.dk\\\/en\\\/#website\",\"url\":\"https:\\\/\\\/www.le34.dk\\\/en\\\/\",\"name\":\"LE34\",\"description\":\"\",\"potentialAction\":[{\"@type\":\"SearchAction\",\"target\":{\"@type\":\"EntryPoint\",\"urlTemplate\":\"https:\\\/\\\/www.le34.dk\\\/en\\\/?s={search_term_string}\"},\"query-input\":{\"@type\":\"PropertyValueSpecification\",\"valueRequired\":true,\"valueName\":\"search_term_string\"}}],\"inLanguage\":\"en-US\"}]}<\/script>\n<!-- \/ Yoast SEO plugin. -->","yoast_head_json":{"title":"VA-banken\u00a9 nyhedsarkiv - LE34","description":"Her kan du finde tips, l\u00f8sninger og opdateringer. Samtidig kan du se supportoplysninger, status p\u00e5 igangv\u00e6rende sager og information om nye versioner.","robots":{"index":"index","follow":"follow","max-snippet":"max-snippet:-1","max-image-preview":"max-image-preview:large","max-video-preview":"max-video-preview:-1"},"canonical":"https:\/\/www.le34.dk\/en\/va-banken-nyhedsarkiv1\/","og_locale":"en_US","og_type":"article","og_title":"VA-banken\u00a9 nyhedsarkiv - LE34","og_description":"Her kan du finde tips, l\u00f8sninger og opdateringer. Samtidig kan du se supportoplysninger, status p\u00e5 igangv\u00e6rende sager og information om nye versioner.","og_url":"https:\/\/www.le34.dk\/en\/va-banken-nyhedsarkiv1\/","og_site_name":"LE34","article_modified_time":"2024-01-15T15:02:44+00:00","twitter_card":"summary_large_image","twitter_misc":{"Est. reading time":"2 minutes"},"schema":{"@context":"https:\/\/schema.org","@graph":[{"@type":"WebPage","@id":"https:\/\/www.le34.dk\/en\/va-banken-nyhedsarkiv1\/","url":"https:\/\/www.le34.dk\/en\/va-banken-nyhedsarkiv1\/","name":"VA-banken\u00a9 nyhedsarkiv - LE34","isPartOf":{"@id":"https:\/\/www.le34.dk\/en\/#website"},"datePublished":"2020-01-09T12:54:17+00:00","dateModified":"2024-01-15T15:02:44+00:00","description":"Her kan du finde tips, l\u00f8sninger og opdateringer. Samtidig kan du se supportoplysninger, status p\u00e5 igangv\u00e6rende sager og information om nye versioner.","breadcrumb":{"@id":"https:\/\/www.le34.dk\/en\/va-banken-nyhedsarkiv1\/#breadcrumb"},"inLanguage":"en-US","potentialAction":[{"@type":"ReadAction","target":["https:\/\/www.le34.dk\/en\/va-banken-nyhedsarkiv1\/"]}]},{"@type":"BreadcrumbList","@id":"https:\/\/www.le34.dk\/en\/va-banken-nyhedsarkiv1\/#breadcrumb","itemListElement":[{"@type":"ListItem","position":1,"name":"Home","item":"https:\/\/www.le34.dk\/en\/"},{"@type":"ListItem","position":2,"name":"VA-banken\u00a9 Brugerside Nyhedsarkiv1"}]},{"@type":"WebSite","@id":"https:\/\/www.le34.dk\/en\/#website","url":"https:\/\/www.le34.dk\/en\/","name":"LE34","description":"","potentialAction":[{"@type":"SearchAction","target":{"@type":"EntryPoint","urlTemplate":"https:\/\/www.le34.dk\/en\/?s={search_term_string}"},"query-input":{"@type":"PropertyValueSpecification","valueRequired":true,"valueName":"search_term_string"}}],"inLanguage":"en-US"}]}},"_links":{"self":[{"href":"https:\/\/www.le34.dk\/en\/wp-json\/wp\/v2\/pages\/1846","targetHints":{"allow":["GET"]}}],"collection":[{"href":"https:\/\/www.le34.dk\/en\/wp-json\/wp\/v2\/pages"}],"about":[{"href":"https:\/\/www.le34.dk\/en\/wp-json\/wp\/v2\/types\/page"}],"author":[{"embeddable":true,"href":"https:\/\/www.le34.dk\/en\/wp-json\/wp\/v2\/users\/3"}],"replies":[{"embeddable":true,"href":"https:\/\/www.le34.dk\/en\/wp-json\/wp\/v2\/comments?post=1846"}],"version-history":[{"count":1,"href":"https:\/\/www.le34.dk\/en\/wp-json\/wp\/v2\/pages\/1846\/revisions"}],"predecessor-version":[{"id":13506,"href":"https:\/\/www.le34.dk\/en\/wp-json\/wp\/v2\/pages\/1846\/revisions\/13506"}],"wp:attachment":[{"href":"https:\/\/www.le34.dk\/en\/wp-json\/wp\/v2\/media?parent=1846"}],"curies":[{"name":"wp","href":"https:\/\/api.w.org\/{rel}","templated":true}]}}