{"id":1843,"date":"2021-06-29T05:40:16","date_gmt":"2021-06-29T05:40:16","guid":{"rendered":"https:\/\/www.le34.dk\/va-banken-nyhedsarkiv3\/"},"modified":"2024-01-15T15:02:43","modified_gmt":"2024-01-15T15:02:43","slug":"va-banken-nyhedsarkiv3","status":"publish","type":"page","link":"https:\/\/www.le34.dk\/en\/va-banken-nyhedsarkiv3\/","title":{"rendered":"VA-banken\u00a9 Brugerside Nyhedsarkiv 3"},"content":{"rendered":"<p>VA-utveckling holder brugerm\u00f8de i V\u00e4xj\u00f6 7+8 september<br \/>\nVA-utveckling afholder deres \u00e5rlige brugerm\u00f8de i V\u00e4xj\u00f6 d. 7+8 September. De satser p\u00e5 et fysisk m\u00f8de.<br \/>\nDet vil v\u00e6re s\u00e5 hyggeligt hvis I vil med. Vi er derovre og har en udstillingsstand og gl\u00e6der os til et par gode dage med meget nyt. VA-utveckling laver meget gerne en \u201cdansk session\u201d hvor Marie og Daniel stiller  op til at svare p\u00e5 sp\u00f8rgsm\u00e5l mm. Vi har tilmeldt os med to overnatninger.<br \/>\nHvis det ikke kan afholdes som et fysisk m\u00f8de er VA-utveckling indstillet p\u00e5 at annullere jeres tilmeldinger.<br \/>\nI skal selv tilmelde jer  her. Hvis der er stemning for f\u00e6lles transport m\u00e5 I meget gerne sige til.<\/p>\n<p>Dansk brugerm\u00f8de  VA-banken 29. September 2021 ved Vejen Forsyning<br \/>\nF\u00f8r Corona havde vi planlagt n\u00e6ste m\u00f8de i Brugergruppen til afholdelse ved Vejen Forsyning. Det blev istedet et virtuelt m\u00f8de.<br \/>\nVi pr\u00f8ver derfor igen. Onsdag d 29\/9 vil Vejen Forsyning meget gerne invitere os indenfor.<br \/>\nReserver allerede nu dagen \u2013 program og egentlig indkaldelse sendes senere.<\/p>\n<p>Forsyningsprojekt i Ghana<br \/>\nLE34 bidrager til et forsyningsprojekt i Ghana hvor vi leverer en App til registrering af br\u00f8nde, Septictanke og meget andet.<br \/>\nI Ghana og mange andre lande er viden om den nedgravede infrastruktur meget mangelfuld eller ikke eksisterende. Det resulterer naturligvis i et meget d\u00e5rligt fungerende afl\u00f8bsnet med fejlkoblinger, opstuvninger eller manglende afledning. <\/p>\n<p>L\u00e6s artiklen om indsatsen og vores rolle<\/p>\n<p>Nu er det snart tid til LER 2.0<br \/>\nLE34\u2019s LER 2.0 motor er klar til drift \u2013 og de f\u00f8rste sm\u00e5 forsyninger er i gang p\u00e5 den.<br \/>\nDet betyder at vi er klar til at modtage jer som LER 2.0 kunder. Inden overgang til LER 2.0 er der nogle dataovervejelser og \u00f8velser der skal g\u00f8res \u2013 nogle af dem kan vi g\u00f8re sammen og andre skal I selv g\u00f8re jer. Vi vil kontakte jer individuelt for en dialog om denne overgang.<\/p>\n<p>2021.1 er klar til installation ved jer<br \/>\nVi er f\u00e6rdige med at teste version 2021.1 og er nu klar til at implementere den ved jer. I 2021.1 er der mange sp\u00e6ndende nyheder, bl.a. kobling direkte mod den danske h\u00f8jdemodel. Det kan anvendes i b\u00e5de l\u00e6ngdeprofiler og ved hentning af kote for enkelt punkter.<br \/>\nF\u00f8lgende datoer er booket til opgradering:<br \/>\n10 maj \u2013 Biofos<br \/>\n11 maj \u2013 Vejen<br \/>\n12 maj \u2013 Kalundborg<br \/>\n25 maj \u2013 Faxe<br \/>\n26 maj \u2013 Ringsted<br \/>\n27 maj \u2013 S\u00f8nderborg<\/p>\n<p>Hent oversigt over \u00e6ndringer i 2021.1 her<\/p>\n<p>IT34 hva-ba for noget ?<br \/>\nMange af jer har sikkert lagt m\u00e6rke til at mails fra os nu er i bl\u00e5 farver og sendes fra IT34. Det skyldes at vi har samlet alle kr\u00e6fterne i IT, CAD og GIS i en ny enhed vi har d\u00f8bt IT34. Jeres samarbejde med os bliver det samme, den eneste forskel er, at vi nu kan meget mere p\u00e5 IT omr\u00e5det. P\u00e5 sigt skulle det gerne komme jer til gode at vi f\u00e5r professionaliseret vores rolle som IT-leverand\u00f8r.<\/p>\n<p>L\u00e6s mere om IT34 her<\/p>\n<p>Nyt ansigt i supporten<br \/>\nVi har udvidet supporten med et nyt ansigt., Marianne Rydahl Svendsen. Marianne har arbejdet med ledningsregistrering i stort set hele hendes arbejdsliv, b\u00e5de som bruger i en forsyning og som r\u00e5dgiver i Orbicon og GeoPartner og nu alts\u00e5 LE34. Marianne kommer fra en baggrund med WSP\u2019s systemer (tidligere Orbicon) og er nu ved at v\u00e6re godt inde i VA-banken.<br \/>\nTag godt imod Marianne.<br \/>\nSamtidig med ans\u00e6ttelsen af Marianne har vi ansat yderligere to GIS-personer i Forsyningsafdelingen. De vil ikke direkte f\u00e5 ber\u00f8ring med VA-banken endnu, men I vil givet kunne m\u00f8de dem i andre sammenh\u00e6nge.<\/p>\n<p>Forebyggelse af graveskader med 3D teknologi<br \/>\nI Geoforum har Torbj\u00f8rn fra LE34 sammen med Lasse Hedegaard fra AAU skrevet en artikel om forebyggelse af graveskader med 3D teknologi, herunder SmartSurvey og Augmented reality \u2013 l\u00e6s mere her.<\/p>\n<p>L\u00e6s artikel her<\/p>\n<p>Fle\u00adre be\u00adtyd\u00adnings\u00adful\u00adde lands\u00adrets\u00addom\u00adme om g\u00e6\u00adste\u00adprin\u00adcip\u00adpet<br \/>\nDen 29. januar 2021 afsagde Vestre Landsret tre domme, som alle omhand\u00adlede g\u00e6ste\u00adprincippet. Sagerne vedr\u00f8rer oml\u00e6gning af en r\u00e6kke forsyningsledninger tilh\u00f8rende forskellige ledningsejere i forbindelse med anl\u00e6g af motorvejen mellem Herning og Holste\u00adbro. LE34\u2019s eksperter gennemg\u00e5r en af dommene og betydningen heraf.<\/p>\n<p>L\u00e6s mere om dommene her<\/p>\n<p>VA-banken planl\u00e6gningsmodul<br \/>\nSammen med Kuono og Vejen Forsyning har vi implementeret et planl\u00e6gningsmodul i VA-banken, hvor de bl.a. kan se risiko billede for projektomr\u00e5der, estimerede restlevetid, hotspot analyse mm.<br \/>\nDet samme er pt. under implementering ved S\u00f8nderborg Forsyning. Projektet vil blive pr\u00e6senteret n\u00e6rmere p\u00e5 Brugerm\u00f8det i September.<\/p>\n<p>SUPPORT<br \/>\nKundesupport har meget h\u00f8j prioritet hos os. Vi l\u00e6gger stor v\u00e6gt p\u00e5 at opretholde et h\u00f8jt serviceniveau og kompetence i vores support.<br \/>\nVores st\u00f8tte er baseret p\u00e5 personlige relationer og en specifik viden om hver kunde. For os er det vigtigt, at du altid f\u00e5r den hj\u00e6lp, du har brug for.<br \/>\nVores supportteam er klar til at hj\u00e6lpe dig med alt fra enkle brugerproblemer til probleml\u00f8sning, korrigering af fejl eller andet, du har brug for hj\u00e6lp til.<br \/>\nSkriv til support p\u00e5 VA-support@le34.dk, hvis din henvendelse kan vente til n\u00e6ste dag.<br \/>\nRing til support p\u00e5\u00a0+45 8820 8787, hvis du har brug for hj\u00e6lp til at komme videre her og nu.<br \/>\nTelefontider: Mandag \u2013 Torsdag 08.00 \u2013 16.00 \/ Fredag 08.00 \u2013 15.30<br \/>\nFor status p\u00e5 supportsager, g\u00e5 til\u00a0supportsager\u00a0<br \/>\nFor fjernsupport, g\u00e5 til\u00a0fjernsupport<\/p>\n<p>Se \u00e6ldre nyheder her<\/p>\n","protected":false},"excerpt":{"rendered":"<p>VA-utveckling holder brugerm\u00f8de i V\u00e4xj\u00f6 7+8 september VA-utveckling afholder deres \u00e5rlige brugerm\u00f8de i V\u00e4xj\u00f6 d. 7+8 September. De satser p\u00e5 et fysisk m\u00f8de. Det vil v\u00e6re s\u00e5 hyggeligt hvis I vil med. Vi er derovre og har en udstillingsstand og gl\u00e6der os til et par gode dage med meget nyt. VA-utveckling laver meget gerne en [&hellip;]<\/p>\n","protected":false},"author":3,"featured_media":0,"parent":0,"menu_order":0,"comment_status":"closed","ping_status":"closed","template":"","meta":{"_acf_changed":false,"footnotes":""},"class_list":["post-1843","page","type-page","status-publish","hentry"],"acf":[],"yoast_head":"<!-- This site is optimized with the Yoast SEO plugin v27.5 - https:\/\/yoast.com\/product\/yoast-seo-wordpress\/ -->\n<title>VA-banken\u00a9 Brugerside Nyhedsarkiv 3 - LE34<\/title>\n<meta name=\"robots\" content=\"index, follow, max-snippet:-1, max-image-preview:large, max-video-preview:-1\" \/>\n<link rel=\"canonical\" href=\"https:\/\/www.le34.dk\/en\/va-banken-nyhedsarkiv3\/\" \/>\n<meta property=\"og:locale\" content=\"en_US\" \/>\n<meta property=\"og:type\" content=\"article\" \/>\n<meta property=\"og:title\" content=\"VA-banken\u00a9 Brugerside Nyhedsarkiv 3 - LE34\" \/>\n<meta property=\"og:description\" content=\"VA-utveckling holder brugerm\u00f8de i V\u00e4xj\u00f6 7+8 september VA-utveckling afholder deres \u00e5rlige brugerm\u00f8de i V\u00e4xj\u00f6 d. 7+8 September. De satser p\u00e5 et fysisk m\u00f8de. Det vil v\u00e6re s\u00e5 hyggeligt hvis I vil med. Vi er derovre og har en udstillingsstand og gl\u00e6der os til et par gode dage med meget nyt. VA-utveckling laver meget gerne en [&hellip;]\" \/>\n<meta property=\"og:url\" content=\"https:\/\/www.le34.dk\/en\/va-banken-nyhedsarkiv3\/\" \/>\n<meta property=\"og:site_name\" content=\"LE34\" \/>\n<meta property=\"article:modified_time\" content=\"2024-01-15T15:02:43+00:00\" \/>\n<meta name=\"twitter:card\" content=\"summary_large_image\" \/>\n<meta name=\"twitter:label1\" content=\"Est. reading time\" \/>\n\t<meta name=\"twitter:data1\" content=\"5 minutes\" \/>\n<script type=\"application\/ld+json\" class=\"yoast-schema-graph\">{\"@context\":\"https:\\\/\\\/schema.org\",\"@graph\":[{\"@type\":\"WebPage\",\"@id\":\"https:\\\/\\\/www.le34.dk\\\/en\\\/va-banken-nyhedsarkiv3\\\/\",\"url\":\"https:\\\/\\\/www.le34.dk\\\/en\\\/va-banken-nyhedsarkiv3\\\/\",\"name\":\"VA-banken\u00a9 Brugerside Nyhedsarkiv 3 - LE34\",\"isPartOf\":{\"@id\":\"https:\\\/\\\/www.le34.dk\\\/en\\\/#website\"},\"datePublished\":\"2021-06-29T05:40:16+00:00\",\"dateModified\":\"2024-01-15T15:02:43+00:00\",\"breadcrumb\":{\"@id\":\"https:\\\/\\\/www.le34.dk\\\/en\\\/va-banken-nyhedsarkiv3\\\/#breadcrumb\"},\"inLanguage\":\"en-US\",\"potentialAction\":[{\"@type\":\"ReadAction\",\"target\":[\"https:\\\/\\\/www.le34.dk\\\/en\\\/va-banken-nyhedsarkiv3\\\/\"]}]},{\"@type\":\"BreadcrumbList\",\"@id\":\"https:\\\/\\\/www.le34.dk\\\/en\\\/va-banken-nyhedsarkiv3\\\/#breadcrumb\",\"itemListElement\":[{\"@type\":\"ListItem\",\"position\":1,\"name\":\"Home\",\"item\":\"https:\\\/\\\/www.le34.dk\\\/en\\\/\"},{\"@type\":\"ListItem\",\"position\":2,\"name\":\"VA-banken\u00a9 Brugerside Nyhedsarkiv 3\"}]},{\"@type\":\"WebSite\",\"@id\":\"https:\\\/\\\/www.le34.dk\\\/en\\\/#website\",\"url\":\"https:\\\/\\\/www.le34.dk\\\/en\\\/\",\"name\":\"LE34\",\"description\":\"\",\"potentialAction\":[{\"@type\":\"SearchAction\",\"target\":{\"@type\":\"EntryPoint\",\"urlTemplate\":\"https:\\\/\\\/www.le34.dk\\\/en\\\/?s={search_term_string}\"},\"query-input\":{\"@type\":\"PropertyValueSpecification\",\"valueRequired\":true,\"valueName\":\"search_term_string\"}}],\"inLanguage\":\"en-US\"}]}<\/script>\n<!-- \/ Yoast SEO plugin. -->","yoast_head_json":{"title":"VA-banken\u00a9 Brugerside Nyhedsarkiv 3 - LE34","robots":{"index":"index","follow":"follow","max-snippet":"max-snippet:-1","max-image-preview":"max-image-preview:large","max-video-preview":"max-video-preview:-1"},"canonical":"https:\/\/www.le34.dk\/en\/va-banken-nyhedsarkiv3\/","og_locale":"en_US","og_type":"article","og_title":"VA-banken\u00a9 Brugerside Nyhedsarkiv 3 - LE34","og_description":"VA-utveckling holder brugerm\u00f8de i V\u00e4xj\u00f6 7+8 september VA-utveckling afholder deres \u00e5rlige brugerm\u00f8de i V\u00e4xj\u00f6 d. 7+8 September. De satser p\u00e5 et fysisk m\u00f8de. Det vil v\u00e6re s\u00e5 hyggeligt hvis I vil med. Vi er derovre og har en udstillingsstand og gl\u00e6der os til et par gode dage med meget nyt. VA-utveckling laver meget gerne en [&hellip;]","og_url":"https:\/\/www.le34.dk\/en\/va-banken-nyhedsarkiv3\/","og_site_name":"LE34","article_modified_time":"2024-01-15T15:02:43+00:00","twitter_card":"summary_large_image","twitter_misc":{"Est. reading time":"5 minutes"},"schema":{"@context":"https:\/\/schema.org","@graph":[{"@type":"WebPage","@id":"https:\/\/www.le34.dk\/en\/va-banken-nyhedsarkiv3\/","url":"https:\/\/www.le34.dk\/en\/va-banken-nyhedsarkiv3\/","name":"VA-banken\u00a9 Brugerside Nyhedsarkiv 3 - LE34","isPartOf":{"@id":"https:\/\/www.le34.dk\/en\/#website"},"datePublished":"2021-06-29T05:40:16+00:00","dateModified":"2024-01-15T15:02:43+00:00","breadcrumb":{"@id":"https:\/\/www.le34.dk\/en\/va-banken-nyhedsarkiv3\/#breadcrumb"},"inLanguage":"en-US","potentialAction":[{"@type":"ReadAction","target":["https:\/\/www.le34.dk\/en\/va-banken-nyhedsarkiv3\/"]}]},{"@type":"BreadcrumbList","@id":"https:\/\/www.le34.dk\/en\/va-banken-nyhedsarkiv3\/#breadcrumb","itemListElement":[{"@type":"ListItem","position":1,"name":"Home","item":"https:\/\/www.le34.dk\/en\/"},{"@type":"ListItem","position":2,"name":"VA-banken\u00a9 Brugerside Nyhedsarkiv 3"}]},{"@type":"WebSite","@id":"https:\/\/www.le34.dk\/en\/#website","url":"https:\/\/www.le34.dk\/en\/","name":"LE34","description":"","potentialAction":[{"@type":"SearchAction","target":{"@type":"EntryPoint","urlTemplate":"https:\/\/www.le34.dk\/en\/?s={search_term_string}"},"query-input":{"@type":"PropertyValueSpecification","valueRequired":true,"valueName":"search_term_string"}}],"inLanguage":"en-US"}]}},"_links":{"self":[{"href":"https:\/\/www.le34.dk\/en\/wp-json\/wp\/v2\/pages\/1843","targetHints":{"allow":["GET"]}}],"collection":[{"href":"https:\/\/www.le34.dk\/en\/wp-json\/wp\/v2\/pages"}],"about":[{"href":"https:\/\/www.le34.dk\/en\/wp-json\/wp\/v2\/types\/page"}],"author":[{"embeddable":true,"href":"https:\/\/www.le34.dk\/en\/wp-json\/wp\/v2\/users\/3"}],"replies":[{"embeddable":true,"href":"https:\/\/www.le34.dk\/en\/wp-json\/wp\/v2\/comments?post=1843"}],"version-history":[{"count":1,"href":"https:\/\/www.le34.dk\/en\/wp-json\/wp\/v2\/pages\/1843\/revisions"}],"predecessor-version":[{"id":13503,"href":"https:\/\/www.le34.dk\/en\/wp-json\/wp\/v2\/pages\/1843\/revisions\/13503"}],"wp:attachment":[{"href":"https:\/\/www.le34.dk\/en\/wp-json\/wp\/v2\/media?parent=1843"}],"curies":[{"name":"wp","href":"https:\/\/api.w.org\/{rel}","templated":true}]}}