{"id":981,"date":"2018-05-02T12:38:48","date_gmt":"2018-05-02T12:38:48","guid":{"rendered":"https:\/\/www.le34.dk\/le34-bentley-forhandler-i-norden\/"},"modified":"2024-12-16T14:43:49","modified_gmt":"2024-12-16T14:43:49","slug":"le34-bentley-forhandler-i-norden","status":"publish","type":"page","link":"https:\/\/www.le34.dk\/da\/le34-bentley-forhandler-i-norden\/","title":{"rendered":"Autoriseret Bentley-forhandler i Norden"},"content":{"rendered":"<p>K\u00f8b Bentley Software hos vores digitale tvilling IT34<\/p>\n<p>IT34\u2019s softwarespecialister kender hver en afkrog af Bentleys programmer, som vores eget produktionssystem er bygget op omkring. Derfor har det v\u00e6ret et naturligt skridt at blive autoriseret Bentley-forhandler, s\u00e5 vi kan tilbyde b\u00e5de support, undervisning, udvikling, CAD-specialister og Bentley-licenser \u2013 samlet \u00e9t sted.<\/p>\n<p>Hotline giver hj\u00e6lp p\u00e5 stedet<br \/>\nVi ved, at det er afg\u00f8rende at f\u00e5 hj\u00e6lp med det samme, n\u00e5r man st\u00e5r midt i arbejdet. Derfor tilbyder vi en hotlineaftale, som giver ubegr\u00e6nset adgang til vores specialister, som kan l\u00f8se tekniske problemer p\u00e5 stedet, s\u00e5 du ikke skal vente p\u00e5 svar. Vi g\u00f8r det, fordi vi kender virkeligheden i en virksomhed, som udvikler projekter i CAD. Og fordi vi ved, at god r\u00e5dgivning kr\u00e6ver hurtig udrykning.<\/p>\n<p>Konsulentydelser<br \/>\nVi tilbyder vores erfarne 2D- og 3D-specialister som konsulenter, n\u00e5r der er behov for hj\u00e6lp hos vores brugere. Det kan v\u00e6re ops\u00e6tning af Bentley-programmer, gennemgang af jeres setup, udl\u00e5n af medarbejdere i kortere eller l\u00e6ngere perioder, eller til hj\u00e6lp ved spidsbelastninger i produktionen. Uanset hvor i landet, du befinder dig, har vi specialister i n\u00e6rheden.<\/p>\n<p>Udvikling<br \/>\nIT34 kan udvikle netop den applikation, du har behov for til dit Bentley-setup. Vi har designet en lang r\u00e6kke brugervenlige applikationer, og mangler du et program, udvikler vi det for dig. For at sikre, at vores brugere har adgang til pr\u00e6cis de programmer, de har behov for, har vi indg\u00e5et et samarbejde med Addin om forhandling af deres programmer. Addin har udviklet mange programmer til Bentley platformen, som vi kan stille til r\u00e5dighed eller videreudvikle.\u00a0<\/p>\n<p>M\u00f8d eksperterne<\/p>\n<p>Torbj\u00f8rn Mandahl Pedersen<\/p>\n","protected":false},"excerpt":{"rendered":"<p>K\u00f8b Bentley Software hos vores digitale tvilling IT34 IT34\u2019s softwarespecialister kender hver en afkrog af Bentleys programmer, som vores eget produktionssystem er bygget op omkring. Derfor har det v\u00e6ret et naturligt skridt at blive autoriseret Bentley-forhandler, s\u00e5 vi kan tilbyde b\u00e5de support, undervisning, udvikling, CAD-specialister og Bentley-licenser \u2013 samlet \u00e9t sted. Hotline giver hj\u00e6lp p\u00e5 [&hellip;]<\/p>\n","protected":false},"author":36,"featured_media":0,"parent":0,"menu_order":0,"comment_status":"closed","ping_status":"closed","template":"","meta":{"_acf_changed":false,"footnotes":""},"class_list":["post-981","page","type-page","status-publish","hentry"],"acf":[],"yoast_head":"<!-- This site is optimized with the Yoast SEO plugin v27.4 - https:\/\/yoast.com\/product\/yoast-seo-wordpress\/ -->\n<title>LE34 er autoriseret Bentley-forhandler i Norden - F\u00e5 hj\u00e6lp nu<\/title>\n<meta name=\"description\" content=\"LE34&#039;s digitale tvilling IT34 tilbyder totalr\u00e5dgivning om Bentleys CAD-programmer - undervisning, udvikling, support og licenser \u00e9t sted.\" \/>\n<meta name=\"robots\" content=\"index, follow, max-snippet:-1, max-image-preview:large, max-video-preview:-1\" \/>\n<link rel=\"canonical\" href=\"https:\/\/www.le34.dk\/da\/le34-bentley-forhandler-i-norden\/\" \/>\n<meta property=\"og:locale\" content=\"da_DK\" \/>\n<meta property=\"og:type\" content=\"article\" \/>\n<meta property=\"og:title\" content=\"LE34 er autoriseret Bentley-forhandler i Norden - F\u00e5 hj\u00e6lp nu\" \/>\n<meta property=\"og:description\" content=\"LE34&#039;s digitale tvilling IT34 tilbyder totalr\u00e5dgivning om Bentleys CAD-programmer - undervisning, udvikling, support og licenser \u00e9t sted.\" \/>\n<meta property=\"og:url\" content=\"https:\/\/www.le34.dk\/da\/le34-bentley-forhandler-i-norden\/\" \/>\n<meta property=\"og:site_name\" content=\"LE34\" \/>\n<meta property=\"article:modified_time\" content=\"2024-12-16T14:43:49+00:00\" \/>\n<meta name=\"twitter:card\" content=\"summary_large_image\" \/>\n<meta name=\"twitter:label1\" content=\"Estimeret l\u00e6setid\" \/>\n\t<meta name=\"twitter:data1\" content=\"5 minutter\" \/>\n<script type=\"application\/ld+json\" class=\"yoast-schema-graph\">{\"@context\":\"https:\\\/\\\/schema.org\",\"@graph\":[{\"@type\":\"WebPage\",\"@id\":\"https:\\\/\\\/www.le34.dk\\\/da\\\/le34-bentley-forhandler-i-norden\\\/\",\"url\":\"https:\\\/\\\/www.le34.dk\\\/da\\\/le34-bentley-forhandler-i-norden\\\/\",\"name\":\"LE34 er autoriseret Bentley-forhandler i Norden - F\u00e5 hj\u00e6lp nu\",\"isPartOf\":{\"@id\":\"https:\\\/\\\/www.le34.dk\\\/da\\\/#website\"},\"datePublished\":\"2018-05-02T12:38:48+00:00\",\"dateModified\":\"2024-12-16T14:43:49+00:00\",\"description\":\"LE34's digitale tvilling IT34 tilbyder totalr\u00e5dgivning om Bentleys CAD-programmer - undervisning, udvikling, support og licenser \u00e9t sted.\",\"breadcrumb\":{\"@id\":\"https:\\\/\\\/www.le34.dk\\\/da\\\/le34-bentley-forhandler-i-norden\\\/#breadcrumb\"},\"inLanguage\":\"da-DK\",\"potentialAction\":[{\"@type\":\"ReadAction\",\"target\":[\"https:\\\/\\\/www.le34.dk\\\/da\\\/le34-bentley-forhandler-i-norden\\\/\"]}]},{\"@type\":\"BreadcrumbList\",\"@id\":\"https:\\\/\\\/www.le34.dk\\\/da\\\/le34-bentley-forhandler-i-norden\\\/#breadcrumb\",\"itemListElement\":[{\"@type\":\"ListItem\",\"position\":1,\"name\":\"Home\",\"item\":\"https:\\\/\\\/www.le34.dk\\\/da\\\/\"},{\"@type\":\"ListItem\",\"position\":2,\"name\":\"Autoriseret Bentley-forhandler i Norden\"}]},{\"@type\":\"WebSite\",\"@id\":\"https:\\\/\\\/www.le34.dk\\\/da\\\/#website\",\"url\":\"https:\\\/\\\/www.le34.dk\\\/da\\\/\",\"name\":\"LE34\",\"description\":\"\",\"potentialAction\":[{\"@type\":\"SearchAction\",\"target\":{\"@type\":\"EntryPoint\",\"urlTemplate\":\"https:\\\/\\\/www.le34.dk\\\/da\\\/?s={search_term_string}\"},\"query-input\":{\"@type\":\"PropertyValueSpecification\",\"valueRequired\":true,\"valueName\":\"search_term_string\"}}],\"inLanguage\":\"da-DK\"}]}<\/script>\n<!-- \/ Yoast SEO plugin. -->","yoast_head_json":{"title":"LE34 er autoriseret Bentley-forhandler i Norden - F\u00e5 hj\u00e6lp nu","description":"LE34's digitale tvilling IT34 tilbyder totalr\u00e5dgivning om Bentleys CAD-programmer - undervisning, udvikling, support og licenser \u00e9t sted.","robots":{"index":"index","follow":"follow","max-snippet":"max-snippet:-1","max-image-preview":"max-image-preview:large","max-video-preview":"max-video-preview:-1"},"canonical":"https:\/\/www.le34.dk\/da\/le34-bentley-forhandler-i-norden\/","og_locale":"da_DK","og_type":"article","og_title":"LE34 er autoriseret Bentley-forhandler i Norden - F\u00e5 hj\u00e6lp nu","og_description":"LE34's digitale tvilling IT34 tilbyder totalr\u00e5dgivning om Bentleys CAD-programmer - undervisning, udvikling, support og licenser \u00e9t sted.","og_url":"https:\/\/www.le34.dk\/da\/le34-bentley-forhandler-i-norden\/","og_site_name":"LE34","article_modified_time":"2024-12-16T14:43:49+00:00","twitter_card":"summary_large_image","twitter_misc":{"Estimeret l\u00e6setid":"5 minutter"},"schema":{"@context":"https:\/\/schema.org","@graph":[{"@type":"WebPage","@id":"https:\/\/www.le34.dk\/da\/le34-bentley-forhandler-i-norden\/","url":"https:\/\/www.le34.dk\/da\/le34-bentley-forhandler-i-norden\/","name":"LE34 er autoriseret Bentley-forhandler i Norden - F\u00e5 hj\u00e6lp nu","isPartOf":{"@id":"https:\/\/www.le34.dk\/da\/#website"},"datePublished":"2018-05-02T12:38:48+00:00","dateModified":"2024-12-16T14:43:49+00:00","description":"LE34's digitale tvilling IT34 tilbyder totalr\u00e5dgivning om Bentleys CAD-programmer - undervisning, udvikling, support og licenser \u00e9t sted.","breadcrumb":{"@id":"https:\/\/www.le34.dk\/da\/le34-bentley-forhandler-i-norden\/#breadcrumb"},"inLanguage":"da-DK","potentialAction":[{"@type":"ReadAction","target":["https:\/\/www.le34.dk\/da\/le34-bentley-forhandler-i-norden\/"]}]},{"@type":"BreadcrumbList","@id":"https:\/\/www.le34.dk\/da\/le34-bentley-forhandler-i-norden\/#breadcrumb","itemListElement":[{"@type":"ListItem","position":1,"name":"Home","item":"https:\/\/www.le34.dk\/da\/"},{"@type":"ListItem","position":2,"name":"Autoriseret Bentley-forhandler i Norden"}]},{"@type":"WebSite","@id":"https:\/\/www.le34.dk\/da\/#website","url":"https:\/\/www.le34.dk\/da\/","name":"LE34","description":"","potentialAction":[{"@type":"SearchAction","target":{"@type":"EntryPoint","urlTemplate":"https:\/\/www.le34.dk\/da\/?s={search_term_string}"},"query-input":{"@type":"PropertyValueSpecification","valueRequired":true,"valueName":"search_term_string"}}],"inLanguage":"da-DK"}]}},"_links":{"self":[{"href":"https:\/\/www.le34.dk\/da\/wp-json\/wp\/v2\/pages\/981","targetHints":{"allow":["GET"]}}],"collection":[{"href":"https:\/\/www.le34.dk\/da\/wp-json\/wp\/v2\/pages"}],"about":[{"href":"https:\/\/www.le34.dk\/da\/wp-json\/wp\/v2\/types\/page"}],"author":[{"embeddable":true,"href":"https:\/\/www.le34.dk\/da\/wp-json\/wp\/v2\/users\/36"}],"replies":[{"embeddable":true,"href":"https:\/\/www.le34.dk\/da\/wp-json\/wp\/v2\/comments?post=981"}],"version-history":[{"count":2,"href":"https:\/\/www.le34.dk\/da\/wp-json\/wp\/v2\/pages\/981\/revisions"}],"predecessor-version":[{"id":17187,"href":"https:\/\/www.le34.dk\/da\/wp-json\/wp\/v2\/pages\/981\/revisions\/17187"}],"wp:attachment":[{"href":"https:\/\/www.le34.dk\/da\/wp-json\/wp\/v2\/media?parent=981"}],"curies":[{"name":"wp","href":"https:\/\/api.w.org\/{rel}","templated":true}]}}