{"id":19963,"date":"2025-11-19T10:31:24","date_gmt":"2025-11-19T10:31:24","guid":{"rendered":"https:\/\/www.le34.dk\/?page_id=19963"},"modified":"2025-11-19T10:31:24","modified_gmt":"2025-11-19T10:31:24","slug":"det-bliver-samarbejdsevnen-der-afgoer-om-den-groenne-trepart-lykkes-eller-forsumper","status":"publish","type":"page","link":"https:\/\/www.le34.dk\/da\/det-bliver-samarbejdsevnen-der-afgoer-om-den-groenne-trepart-lykkes-eller-forsumper\/","title":{"rendered":"Det bliver samarbejdsevnen, der afg\u00f8r, om den gr\u00f8nne trepart lykkes eller forsumper"},"content":{"rendered":"<p>L\u00e6s debatindl\u00e6g p\u00e5 Altinget.dk<\/p>\n<p>Gert M. Henningsen Landinspekt\u00f8r og forretningschef for Milj\u00f8, Plan &#038; Jura, LE34<br \/>\nTiden er knap.<br \/>\nVi har i \u00e5revis talt om behovet for at handle p\u00e5 vegne af klimaet, naturen og biodiversiteten. Nu ser vi reel, politisk handling i form af den gr\u00f8nne trepart, som dog risikerer at blive bremset af manglende koordinering og overblik.<br \/>\nHvis vi skal lykkes med at oml\u00e6gge omkring 400.000 hektar landbrugsjord til natur, skov og v\u00e5domr\u00e5der\u00a0\u2013 et omr\u00e5de p\u00e5 st\u00f8rrelse med Fyn og Bornholm\u00a0\u2013 kr\u00e6ver det, at alle akt\u00f8rer samarbejder t\u00e6t og t\u00e6nker l\u00e6ngere frem end trepartens m\u00e5ls\u00e6tninger.<br \/>\nFolketinget har sat kommunerne for bordenden, hvor de har f\u00e5et en hasteopgave af dimensioner.<br \/>\nDe 23 lokale treparter, som blev nedsat i februar, og som skal oms\u00e6tte treparten til konkrete forandringer i det danske landskab, skal allerede inden \u00e5rets udgang udarbejde konkrete oml\u00e6gningsplaner for, hvordan de vil komme i m\u00e5l med at reducere udledningen af kv\u00e6lstof og udtage lavbundsjord.<\/p>\n<p>Stram tidsplan og kamp om arealerne<br \/>\nKommunernes Landsforening har gjort det klart, at tidsplanen er \u201cstram\u201d, og at ambitionerne kun kan oms\u00e6ttes til lokal virkelighed, hvis \u201cvi i f\u00e6llesskab l\u00f8fter opgaven\u201d.<br \/>\nTidligere erfaringer viser desv\u00e6rre, at vi ikke m\u00e5 tage samarbejdet for givet. En evaluering af lavbundsprojekter fra Seges i 2019 viste, at op mod hvert femte lavbundsprojekt, som ikke lykkedes, skyldtes lodsejermodstand.<br \/>\nDet er en evaluering, som understreger behovet for koordinering mellem myndigheder, r\u00e5dgivere og lodsejere for at undg\u00e5 forsinkelser og lokal modstand.<br \/>\nDet er derfor afg\u00f8rende, at vi omfavner helhedst\u00e6nkning og tidlig inddragelse af de relevante fagligheder. For treparten vil\u00a0\u2013 hvis vi g\u00f8r det rigtigt\u00a0\u2013 sikre en omkalfatring af Danmarks arealer, som vi kender dem.<br \/>\nDet er ikke alene tid og koordinering, som kan skabe udfordringer. Vi st\u00e5r ogs\u00e5 med et massivt pres p\u00e5 Danmarks arealer.<br \/>\nVi ved fra Teknologir\u00e5det, i dag Democracy X, at forventningerne om fremtidens udvikling og de velmente \u00f8nsker om v\u00e6kst og forbedring af naturen, landskabet og fritidslivet fylder 130 til 140 procent af Danmarks areal.<\/p>\n<p>Gert M. Henningsen, Landinspekt\u00f8r og forretningschef for Milj\u00f8, Plan &#038; Jura, LE34<br \/>\n\u201cVi har allerede flere behov end arealer. Det betyder, at beslutningerne, som politikerne tr\u00e6ffer om arealanvendelse, ikke m\u00e5 ske i opdelte siloer.\u201d<\/p>\n<p>Flere behov end arealer<br \/>\nMed andre ord: Vi har allerede flere behov end arealer. Det betyder, at beslutningerne, som politikerne tr\u00e6ffer om arealanvendelse, ikke m\u00e5 ske i opdelte siloer.<br \/>\nVi m\u00e5 samtidig erkende, at treparten kun er et skridt p\u00e5 vejen mod, at vi i langt h\u00f8jere grad prioriterer klimaet, naturen og biodiversiteten.<br \/>\nDet er blevet meldt ud, at Folketinget i \u00e5r igangs\u00e6tter arbejdet med en ny biodiversitetslov, som kan ende med at f\u00f8lge EU\u2019s biodiversitetsstrategi for 2030, som vi i Danmark har forpligtet os til.<br \/>\nDet er en strategi, som har m\u00e5ls\u00e6tninger om at beskytte 30 procent af EU\u2019s landareal og 30 procent af EU\u2019s havareal, heraf mindst en tredjedel strengt beskyttede omr\u00e5der.<br \/>\nDet l\u00e6gger et yderligere pres p\u00e5 arealerne, som ogs\u00e5 kan komme i spil med den gr\u00f8nne trepart.<br \/>\nT\u00e6nketanken Concito har blandt andet efterlyst en samlet, strategisk tilgang til arealanvendelsen og pointerer i rapporten Danmarks Arealer fra 2023, at \u201cder vil blive konkurrence om arealerne, hvis vi ikke t\u00e6nker os om\u201d.<br \/>\nDet b\u00f8r derfor st\u00e5 klart, at uden en helhedsplan for arealanvendelsen risikerer vi, at naturgenopretning, klimaindsatser og landbrugsinteresser ender i konkurrence og konflikter fremfor i koordination.<\/p>\n<p>Ny tilgang til arealforvaltning<br \/>\nSom en del af den private r\u00e5dgiverbranche ved vi som landinspekt\u00f8rer, hvordan fragmenteret planl\u00e6gning og manglende gennemsigtighed i projekter f\u00f8rer til frustration og lokal modstand \u2013 s\u00e6rligt n\u00e5r lodsejere ikke bliver inddraget tidligt, og n\u00e5r ejendomsretlige hensyn ikke t\u00e6nkes ind fra begyndelsen.<br \/>\nDet g\u00e6lder ikke kun i lavbundsprojekter, men bredt i arealoml\u00e6gning.<br \/>\nVi er derfor den private stemme, som er n\u00f8dt til at insistere p\u00e5, at den gr\u00f8nne trepart ikke m\u00e5 blive en isoleret \u00f8velse, men i stedet begyndelsen p\u00e5 en ny tilgang til arealforvaltning i Danmark.<br \/>\nEn tilgang, der bygger p\u00e5 tidlig og reel inddragelse af alle relevante akt\u00f8rer \u2013 fra biologer til lodsejere \u2013 samt adgang til pr\u00e6cise data og faglig viden p\u00e5 tv\u00e6rs af myndigheder og en strategisk, langsigtet planl\u00e6gning, der i trepartens tilf\u00e6lde r\u00e6kker ud over 2030.<br \/>\nFor hvis vi kun planl\u00e6gger efter det f\u00f8rste, aktuelle m\u00e5l om at udtage 140.000 hektar kulstofrige lavbundsjorde inden for fem \u00e5r, risikerer vi at sp\u00e6nde ben for de n\u00e6ste politiske initiativer, s\u00e5som den nye biodiversitetslov, som Folketinget barsler med.<br \/>\nTreparten kan sikre en omfattende oml\u00e6gning af Danmarks arealer \u2013 p\u00e5 kort og lang sigt. Men kun, hvis vi tager et opg\u00f8r med silot\u00e6nkningen og i stedet bygger bro mellem interesser, fagligheder og forvaltninger, s\u00e5dan at alle akt\u00f8rer \u2013 heriblandt biologer, lodsejere, landinspekt\u00f8rer og kommuner \u2013 form\u00e5r at udnytte hinandens samtlige styrker.<br \/>\nEllers vil de gode intentioner forvitre sammen med tilliden til, at natur- og klimapolitik kan realiseres i praksis.<br \/>\nMed en stram tidsplan og tusindvis af hektar, der skal oml\u00e6gges, bliver det derfor samarbejdsevnen, der afg\u00f8r, om treparten lykkes \u2013 eller forsumper.<\/p>\n<p>Kontakt<\/p>\n<p>Gert M. Henningsen<\/p>\n","protected":false},"excerpt":{"rendered":"<p>L\u00e6s debatindl\u00e6g p\u00e5 Altinget.dk Gert M. Henningsen Landinspekt\u00f8r og forretningschef for Milj\u00f8, Plan &#038; Jura, LE34 Tiden er knap. Vi har i \u00e5revis talt om behovet for at handle p\u00e5 vegne af klimaet, naturen og biodiversiteten. Nu ser vi reel, politisk handling i form af den gr\u00f8nne trepart, som dog risikerer at blive bremset af [&hellip;]<\/p>\n","protected":false},"author":39,"featured_media":0,"parent":0,"menu_order":0,"comment_status":"closed","ping_status":"closed","template":"","meta":{"_acf_changed":false,"footnotes":""},"class_list":["post-19963","page","type-page","status-publish","hentry"],"acf":[],"yoast_head":"<!-- This site is optimized with the Yoast SEO plugin v27.4 - https:\/\/yoast.com\/product\/yoast-seo-wordpress\/ -->\n<title>Det bliver samarbejdsevnen, der afg\u00f8r, om den gr\u00f8nne trepart lykkes eller forsumper - LE34<\/title>\n<meta name=\"description\" content=\"Altinget debatindl\u00e6g: LE34&#039;s Gert M. Henningsen om realiseringen af den gr\u00f8nne trepart\" \/>\n<meta name=\"robots\" content=\"index, follow, max-snippet:-1, max-image-preview:large, max-video-preview:-1\" \/>\n<link rel=\"canonical\" href=\"https:\/\/www.le34.dk\/da\/det-bliver-samarbejdsevnen-der-afgoer-om-den-groenne-trepart-lykkes-eller-forsumper\/\" \/>\n<meta property=\"og:locale\" content=\"da_DK\" \/>\n<meta property=\"og:type\" content=\"article\" \/>\n<meta property=\"og:title\" content=\"Det bliver samarbejdsevnen, der afg\u00f8r, om den gr\u00f8nne trepart lykkes eller forsumper - LE34\" \/>\n<meta property=\"og:description\" content=\"Altinget debatindl\u00e6g: LE34&#039;s Gert M. Henningsen om realiseringen af den gr\u00f8nne trepart\" \/>\n<meta property=\"og:url\" content=\"https:\/\/www.le34.dk\/da\/det-bliver-samarbejdsevnen-der-afgoer-om-den-groenne-trepart-lykkes-eller-forsumper\/\" \/>\n<meta property=\"og:site_name\" content=\"LE34\" \/>\n<meta name=\"twitter:card\" content=\"summary_large_image\" \/>\n<meta name=\"twitter:label1\" content=\"Estimeret l\u00e6setid\" \/>\n\t<meta name=\"twitter:data1\" content=\"10 minutter\" \/>\n<script type=\"application\/ld+json\" class=\"yoast-schema-graph\">{\"@context\":\"https:\\\/\\\/schema.org\",\"@graph\":[{\"@type\":\"WebPage\",\"@id\":\"https:\\\/\\\/www.le34.dk\\\/da\\\/det-bliver-samarbejdsevnen-der-afgoer-om-den-groenne-trepart-lykkes-eller-forsumper\\\/\",\"url\":\"https:\\\/\\\/www.le34.dk\\\/da\\\/det-bliver-samarbejdsevnen-der-afgoer-om-den-groenne-trepart-lykkes-eller-forsumper\\\/\",\"name\":\"Det bliver samarbejdsevnen, der afg\u00f8r, om den gr\u00f8nne trepart lykkes eller forsumper - LE34\",\"isPartOf\":{\"@id\":\"https:\\\/\\\/www.le34.dk\\\/da\\\/#website\"},\"datePublished\":\"2025-11-19T10:31:24+00:00\",\"description\":\"Altinget debatindl\u00e6g: LE34's Gert M. Henningsen om realiseringen af den gr\u00f8nne trepart\",\"breadcrumb\":{\"@id\":\"https:\\\/\\\/www.le34.dk\\\/da\\\/det-bliver-samarbejdsevnen-der-afgoer-om-den-groenne-trepart-lykkes-eller-forsumper\\\/#breadcrumb\"},\"inLanguage\":\"da-DK\",\"potentialAction\":[{\"@type\":\"ReadAction\",\"target\":[\"https:\\\/\\\/www.le34.dk\\\/da\\\/det-bliver-samarbejdsevnen-der-afgoer-om-den-groenne-trepart-lykkes-eller-forsumper\\\/\"]}]},{\"@type\":\"BreadcrumbList\",\"@id\":\"https:\\\/\\\/www.le34.dk\\\/da\\\/det-bliver-samarbejdsevnen-der-afgoer-om-den-groenne-trepart-lykkes-eller-forsumper\\\/#breadcrumb\",\"itemListElement\":[{\"@type\":\"ListItem\",\"position\":1,\"name\":\"Home\",\"item\":\"https:\\\/\\\/www.le34.dk\\\/da\\\/\"},{\"@type\":\"ListItem\",\"position\":2,\"name\":\"Det bliver samarbejdsevnen, der afg\u00f8r, om den gr\u00f8nne trepart lykkes eller forsumper\"}]},{\"@type\":\"WebSite\",\"@id\":\"https:\\\/\\\/www.le34.dk\\\/da\\\/#website\",\"url\":\"https:\\\/\\\/www.le34.dk\\\/da\\\/\",\"name\":\"LE34\",\"description\":\"\",\"potentialAction\":[{\"@type\":\"SearchAction\",\"target\":{\"@type\":\"EntryPoint\",\"urlTemplate\":\"https:\\\/\\\/www.le34.dk\\\/da\\\/?s={search_term_string}\"},\"query-input\":{\"@type\":\"PropertyValueSpecification\",\"valueRequired\":true,\"valueName\":\"search_term_string\"}}],\"inLanguage\":\"da-DK\"}]}<\/script>\n<!-- \/ Yoast SEO plugin. -->","yoast_head_json":{"title":"Det bliver samarbejdsevnen, der afg\u00f8r, om den gr\u00f8nne trepart lykkes eller forsumper - LE34","description":"Altinget debatindl\u00e6g: LE34's Gert M. Henningsen om realiseringen af den gr\u00f8nne trepart","robots":{"index":"index","follow":"follow","max-snippet":"max-snippet:-1","max-image-preview":"max-image-preview:large","max-video-preview":"max-video-preview:-1"},"canonical":"https:\/\/www.le34.dk\/da\/det-bliver-samarbejdsevnen-der-afgoer-om-den-groenne-trepart-lykkes-eller-forsumper\/","og_locale":"da_DK","og_type":"article","og_title":"Det bliver samarbejdsevnen, der afg\u00f8r, om den gr\u00f8nne trepart lykkes eller forsumper - LE34","og_description":"Altinget debatindl\u00e6g: LE34's Gert M. Henningsen om realiseringen af den gr\u00f8nne trepart","og_url":"https:\/\/www.le34.dk\/da\/det-bliver-samarbejdsevnen-der-afgoer-om-den-groenne-trepart-lykkes-eller-forsumper\/","og_site_name":"LE34","twitter_card":"summary_large_image","twitter_misc":{"Estimeret l\u00e6setid":"10 minutter"},"schema":{"@context":"https:\/\/schema.org","@graph":[{"@type":"WebPage","@id":"https:\/\/www.le34.dk\/da\/det-bliver-samarbejdsevnen-der-afgoer-om-den-groenne-trepart-lykkes-eller-forsumper\/","url":"https:\/\/www.le34.dk\/da\/det-bliver-samarbejdsevnen-der-afgoer-om-den-groenne-trepart-lykkes-eller-forsumper\/","name":"Det bliver samarbejdsevnen, der afg\u00f8r, om den gr\u00f8nne trepart lykkes eller forsumper - LE34","isPartOf":{"@id":"https:\/\/www.le34.dk\/da\/#website"},"datePublished":"2025-11-19T10:31:24+00:00","description":"Altinget debatindl\u00e6g: LE34's Gert M. Henningsen om realiseringen af den gr\u00f8nne trepart","breadcrumb":{"@id":"https:\/\/www.le34.dk\/da\/det-bliver-samarbejdsevnen-der-afgoer-om-den-groenne-trepart-lykkes-eller-forsumper\/#breadcrumb"},"inLanguage":"da-DK","potentialAction":[{"@type":"ReadAction","target":["https:\/\/www.le34.dk\/da\/det-bliver-samarbejdsevnen-der-afgoer-om-den-groenne-trepart-lykkes-eller-forsumper\/"]}]},{"@type":"BreadcrumbList","@id":"https:\/\/www.le34.dk\/da\/det-bliver-samarbejdsevnen-der-afgoer-om-den-groenne-trepart-lykkes-eller-forsumper\/#breadcrumb","itemListElement":[{"@type":"ListItem","position":1,"name":"Home","item":"https:\/\/www.le34.dk\/da\/"},{"@type":"ListItem","position":2,"name":"Det bliver samarbejdsevnen, der afg\u00f8r, om den gr\u00f8nne trepart lykkes eller forsumper"}]},{"@type":"WebSite","@id":"https:\/\/www.le34.dk\/da\/#website","url":"https:\/\/www.le34.dk\/da\/","name":"LE34","description":"","potentialAction":[{"@type":"SearchAction","target":{"@type":"EntryPoint","urlTemplate":"https:\/\/www.le34.dk\/da\/?s={search_term_string}"},"query-input":{"@type":"PropertyValueSpecification","valueRequired":true,"valueName":"search_term_string"}}],"inLanguage":"da-DK"}]}},"_links":{"self":[{"href":"https:\/\/www.le34.dk\/da\/wp-json\/wp\/v2\/pages\/19963","targetHints":{"allow":["GET"]}}],"collection":[{"href":"https:\/\/www.le34.dk\/da\/wp-json\/wp\/v2\/pages"}],"about":[{"href":"https:\/\/www.le34.dk\/da\/wp-json\/wp\/v2\/types\/page"}],"author":[{"embeddable":true,"href":"https:\/\/www.le34.dk\/da\/wp-json\/wp\/v2\/users\/39"}],"replies":[{"embeddable":true,"href":"https:\/\/www.le34.dk\/da\/wp-json\/wp\/v2\/comments?post=19963"}],"version-history":[{"count":9,"href":"https:\/\/www.le34.dk\/da\/wp-json\/wp\/v2\/pages\/19963\/revisions"}],"predecessor-version":[{"id":20017,"href":"https:\/\/www.le34.dk\/da\/wp-json\/wp\/v2\/pages\/19963\/revisions\/20017"}],"wp:attachment":[{"href":"https:\/\/www.le34.dk\/da\/wp-json\/wp\/v2\/media?parent=19963"}],"curies":[{"name":"wp","href":"https:\/\/api.w.org\/{rel}","templated":true}]}}