{"id":19358,"date":"2025-10-29T23:20:21","date_gmt":"2025-10-29T23:20:21","guid":{"rendered":"https:\/\/www.le34.dk\/?page_id=19358"},"modified":"2025-11-17T08:36:24","modified_gmt":"2025-11-17T08:36:24","slug":"kommunal-ekspropriation","status":"publish","type":"page","link":"https:\/\/www.le34.dk\/da\/kommunal-ekspropriation\/","title":{"rendered":"Kommunal ekspropriation"},"content":{"rendered":"<p>Kontakt os<\/p>\n<p>Vibeke St\u00e6rdahl Nielsen, Landinspekt\u00f8r &#038; Partner, LE34:<br \/>\n\u201cEn veltilrettelagt ekspropriationsproces sparer b\u00e5de kommunen og borgerne for un\u00f8dvendige konflikter. Det handler om struktur, dialog og faglig sikkerhed.\u201d<\/p>\n<p>Dette f\u00e5r du med<br \/>\n\u2022 Grundlag for at s\u00e6tte en ekspropriation i gang<br \/>\n\u2022 Afholdelse af den gode \u00e5stedsforretning \u2013 faldgruber og gode r\u00e5d<br \/>\n\u2022 Proces for ekspropriationsbeslutning<br \/>\n\u2022 Tinglysning og sikring af ekspropriationen<br \/>\n\u2022 Viden om erstatningsberegning<br \/>\n\u2022 Kommunens rolle som myndighed<\/p>\n<p>Dette kan du efter kurset<\/p>\n<p>\u2022 Tilrettel\u00e6gge ekspropriationen p\u00e5 en juridisk sikker m\u00e5de<br \/>\n\u2022 Skelne mellem de forskellige m\u00e5der, kommunen kan v\u00e6re involveret i ekspropriationsprocesser<br \/>\n\u2022 F\u00e5 indblik i erstatningsfasts\u00e6ttelse p\u00e5 et overordnet niveau<\/p>\n<p>Udbytte for dig og din organisation <\/p>\n<p>Konkret, ny viden<br \/>\nF\u00e5 overblik over hele den kommunale ekspropriationsproces og de centrale juridiske krav.<\/p>\n<p>Oms\u00e6t viden til praksis<br \/>\nL\u00e6r at planl\u00e6gge og gennemf\u00f8re ekspropriationer trin for trin \u2013 fra beslutningsgrundlag til tinglysning.<\/p>\n<p>Bedste praksis<br \/>\nBrug konkrete eksempler og anbefalinger til at sikre en gennemsigtig og velforankret proces med f\u00e6rre konflikter.<\/p>\n<p>Indhold<br \/>\nKurset giver en praktisk og juridisk gennemgang af hele ekspropriationsforl\u00f8bet \u2013 fra indledende beslutning til erstatningsfasts\u00e6ttelse og tinglysning. Du f\u00e5r indblik i, hvordan du afholder en god \u00e5stedsforretning, og hvordan kommunen bedst varetager sin rolle som myndighed.<\/p>\n<p>Det praktiske<br \/>\nKurset afholdes som et fysisk heldagskursus. Det kan bestilles og tilpasses efter jeres behov, s\u00e5 indholdet matcher jeres organisation og konkrete sager.<\/p>\n<p>Kontakt os<\/p>\n<p>M\u00f8d din underviser<\/p>\n<p>Vibeke St\u00e6rdahl Nielsen<br \/>\nKenneth Holme Poulsen<\/p>\n","protected":false},"excerpt":{"rendered":"<p>Kontakt os Vibeke St\u00e6rdahl Nielsen, Landinspekt\u00f8r &#038; Partner, LE34: \u201cEn veltilrettelagt ekspropriationsproces sparer b\u00e5de kommunen og borgerne for un\u00f8dvendige konflikter. Det handler om struktur, dialog og faglig sikkerhed.\u201d Dette f\u00e5r du med \u2022 Grundlag for at s\u00e6tte en ekspropriation i gang \u2022 Afholdelse af den gode \u00e5stedsforretning \u2013 faldgruber og gode r\u00e5d \u2022 Proces for [&hellip;]<\/p>\n","protected":false},"author":11,"featured_media":0,"parent":0,"menu_order":0,"comment_status":"closed","ping_status":"closed","template":"","meta":{"_acf_changed":false,"footnotes":""},"class_list":["post-19358","page","type-page","status-publish","hentry"],"acf":[],"yoast_head":"<!-- This site is optimized with the Yoast SEO plugin v27.4 - https:\/\/yoast.com\/product\/yoast-seo-wordpress\/ -->\n<title>Kommunal ekspropriation - LE34<\/title>\n<meta name=\"robots\" content=\"index, follow, max-snippet:-1, max-image-preview:large, max-video-preview:-1\" \/>\n<link rel=\"canonical\" href=\"https:\/\/www.le34.dk\/da\/kommunal-ekspropriation\/\" \/>\n<meta property=\"og:locale\" content=\"da_DK\" \/>\n<meta property=\"og:type\" content=\"article\" \/>\n<meta property=\"og:title\" content=\"Kommunal ekspropriation - LE34\" \/>\n<meta property=\"og:description\" content=\"Kontakt os Vibeke St\u00e6rdahl Nielsen, Landinspekt\u00f8r &#038; Partner, LE34: \u201cEn veltilrettelagt ekspropriationsproces sparer b\u00e5de kommunen og borgerne for un\u00f8dvendige konflikter. Det handler om struktur, dialog og faglig sikkerhed.\u201d Dette f\u00e5r du med \u2022 Grundlag for at s\u00e6tte en ekspropriation i gang \u2022 Afholdelse af den gode \u00e5stedsforretning \u2013 faldgruber og gode r\u00e5d \u2022 Proces for [&hellip;]\" \/>\n<meta property=\"og:url\" content=\"https:\/\/www.le34.dk\/da\/kommunal-ekspropriation\/\" \/>\n<meta property=\"og:site_name\" content=\"LE34\" \/>\n<meta property=\"article:modified_time\" content=\"2025-11-17T08:36:24+00:00\" \/>\n<meta name=\"twitter:card\" content=\"summary_large_image\" \/>\n<meta name=\"twitter:label1\" content=\"Estimeret l\u00e6setid\" \/>\n\t<meta name=\"twitter:data1\" content=\"3 minutter\" \/>\n<script type=\"application\/ld+json\" class=\"yoast-schema-graph\">{\"@context\":\"https:\\\/\\\/schema.org\",\"@graph\":[{\"@type\":\"WebPage\",\"@id\":\"https:\\\/\\\/www.le34.dk\\\/da\\\/kommunal-ekspropriation\\\/\",\"url\":\"https:\\\/\\\/www.le34.dk\\\/da\\\/kommunal-ekspropriation\\\/\",\"name\":\"Kommunal ekspropriation - LE34\",\"isPartOf\":{\"@id\":\"https:\\\/\\\/www.le34.dk\\\/da\\\/#website\"},\"datePublished\":\"2025-10-29T23:20:21+00:00\",\"dateModified\":\"2025-11-17T08:36:24+00:00\",\"breadcrumb\":{\"@id\":\"https:\\\/\\\/www.le34.dk\\\/da\\\/kommunal-ekspropriation\\\/#breadcrumb\"},\"inLanguage\":\"da-DK\",\"potentialAction\":[{\"@type\":\"ReadAction\",\"target\":[\"https:\\\/\\\/www.le34.dk\\\/da\\\/kommunal-ekspropriation\\\/\"]}]},{\"@type\":\"BreadcrumbList\",\"@id\":\"https:\\\/\\\/www.le34.dk\\\/da\\\/kommunal-ekspropriation\\\/#breadcrumb\",\"itemListElement\":[{\"@type\":\"ListItem\",\"position\":1,\"name\":\"Home\",\"item\":\"https:\\\/\\\/www.le34.dk\\\/da\\\/\"},{\"@type\":\"ListItem\",\"position\":2,\"name\":\"Kommunal ekspropriation\"}]},{\"@type\":\"WebSite\",\"@id\":\"https:\\\/\\\/www.le34.dk\\\/da\\\/#website\",\"url\":\"https:\\\/\\\/www.le34.dk\\\/da\\\/\",\"name\":\"LE34\",\"description\":\"\",\"potentialAction\":[{\"@type\":\"SearchAction\",\"target\":{\"@type\":\"EntryPoint\",\"urlTemplate\":\"https:\\\/\\\/www.le34.dk\\\/da\\\/?s={search_term_string}\"},\"query-input\":{\"@type\":\"PropertyValueSpecification\",\"valueRequired\":true,\"valueName\":\"search_term_string\"}}],\"inLanguage\":\"da-DK\"}]}<\/script>\n<!-- \/ Yoast SEO plugin. -->","yoast_head_json":{"title":"Kommunal ekspropriation - LE34","robots":{"index":"index","follow":"follow","max-snippet":"max-snippet:-1","max-image-preview":"max-image-preview:large","max-video-preview":"max-video-preview:-1"},"canonical":"https:\/\/www.le34.dk\/da\/kommunal-ekspropriation\/","og_locale":"da_DK","og_type":"article","og_title":"Kommunal ekspropriation - LE34","og_description":"Kontakt os Vibeke St\u00e6rdahl Nielsen, Landinspekt\u00f8r &#038; Partner, LE34: \u201cEn veltilrettelagt ekspropriationsproces sparer b\u00e5de kommunen og borgerne for un\u00f8dvendige konflikter. Det handler om struktur, dialog og faglig sikkerhed.\u201d Dette f\u00e5r du med \u2022 Grundlag for at s\u00e6tte en ekspropriation i gang \u2022 Afholdelse af den gode \u00e5stedsforretning \u2013 faldgruber og gode r\u00e5d \u2022 Proces for [&hellip;]","og_url":"https:\/\/www.le34.dk\/da\/kommunal-ekspropriation\/","og_site_name":"LE34","article_modified_time":"2025-11-17T08:36:24+00:00","twitter_card":"summary_large_image","twitter_misc":{"Estimeret l\u00e6setid":"3 minutter"},"schema":{"@context":"https:\/\/schema.org","@graph":[{"@type":"WebPage","@id":"https:\/\/www.le34.dk\/da\/kommunal-ekspropriation\/","url":"https:\/\/www.le34.dk\/da\/kommunal-ekspropriation\/","name":"Kommunal ekspropriation - LE34","isPartOf":{"@id":"https:\/\/www.le34.dk\/da\/#website"},"datePublished":"2025-10-29T23:20:21+00:00","dateModified":"2025-11-17T08:36:24+00:00","breadcrumb":{"@id":"https:\/\/www.le34.dk\/da\/kommunal-ekspropriation\/#breadcrumb"},"inLanguage":"da-DK","potentialAction":[{"@type":"ReadAction","target":["https:\/\/www.le34.dk\/da\/kommunal-ekspropriation\/"]}]},{"@type":"BreadcrumbList","@id":"https:\/\/www.le34.dk\/da\/kommunal-ekspropriation\/#breadcrumb","itemListElement":[{"@type":"ListItem","position":1,"name":"Home","item":"https:\/\/www.le34.dk\/da\/"},{"@type":"ListItem","position":2,"name":"Kommunal ekspropriation"}]},{"@type":"WebSite","@id":"https:\/\/www.le34.dk\/da\/#website","url":"https:\/\/www.le34.dk\/da\/","name":"LE34","description":"","potentialAction":[{"@type":"SearchAction","target":{"@type":"EntryPoint","urlTemplate":"https:\/\/www.le34.dk\/da\/?s={search_term_string}"},"query-input":{"@type":"PropertyValueSpecification","valueRequired":true,"valueName":"search_term_string"}}],"inLanguage":"da-DK"}]}},"_links":{"self":[{"href":"https:\/\/www.le34.dk\/da\/wp-json\/wp\/v2\/pages\/19358","targetHints":{"allow":["GET"]}}],"collection":[{"href":"https:\/\/www.le34.dk\/da\/wp-json\/wp\/v2\/pages"}],"about":[{"href":"https:\/\/www.le34.dk\/da\/wp-json\/wp\/v2\/types\/page"}],"author":[{"embeddable":true,"href":"https:\/\/www.le34.dk\/da\/wp-json\/wp\/v2\/users\/11"}],"replies":[{"embeddable":true,"href":"https:\/\/www.le34.dk\/da\/wp-json\/wp\/v2\/comments?post=19358"}],"version-history":[{"count":10,"href":"https:\/\/www.le34.dk\/da\/wp-json\/wp\/v2\/pages\/19358\/revisions"}],"predecessor-version":[{"id":19406,"href":"https:\/\/www.le34.dk\/da\/wp-json\/wp\/v2\/pages\/19358\/revisions\/19406"}],"wp:attachment":[{"href":"https:\/\/www.le34.dk\/da\/wp-json\/wp\/v2\/media?parent=19358"}],"curies":[{"name":"wp","href":"https:\/\/api.w.org\/{rel}","templated":true}]}}