{"id":1884,"date":"2019-10-16T09:48:11","date_gmt":"2019-10-16T09:48:11","guid":{"rendered":"https:\/\/www.le34.dk\/ydelser\/"},"modified":"2026-04-15T13:30:37","modified_gmt":"2026-04-15T13:30:37","slug":"ydelser","status":"publish","type":"page","link":"https:\/\/www.le34.dk\/da\/ydelser\/","title":{"rendered":"Ydelser"},"content":{"rendered":"<p>Adgangsforhold til offentlige veje<br \/>\nAdkomst<br \/>\nAdkomstberigtigelse<br \/>\nAfleveringsportalen I Validering og kvalitetssikring af data<br \/>\nAfs\u00e6tning<br \/>\nAfs\u00e6tning af tilbygning, carport og udestue<br \/>\nAfs\u00e6tning af veje<br \/>\nAnl\u00e6gsafs\u00e6tning<br \/>\nAnl\u00e6gsloven, r\u00e5dgivning<br \/>\nApp-udvikling<br \/>\nAreal- og rettighedserhvervelse<br \/>\nAreal- og rettighedserhvervelse til nye forsyningsanl\u00e6g<br \/>\nArealberegninger<br \/>\nArealbeskrivelser<br \/>\nArealopg\u00f8relse<br \/>\nArealopg\u00f8relse klimap\u00e5virkning BR18<br \/>\nArealoverf\u00f8rsel<br \/>\nArealoverf\u00f8rselssk\u00f8de<br \/>\nArealudl\u00e6g<br \/>\nAs built-dokumentation<br \/>\nAuktionssk\u00f8de<br \/>\nAutomatisk LER-besvarelse | AutoLER\u2122 <\/p>\n<p>B311-opg\u00f8relser<br \/>\nBanem\u00e5ling<br \/>\nBBR, boligareal og kontrolm\u00e5ling<br \/>\nBebyggelsesplaner<br \/>\nBentley Software | Implementering og levering<br \/>\nBeregning af bebyggelsesprocent<br \/>\nBerigtigelse<br \/>\nBesigtigelsesmateriale, ekspropriation<br \/>\nBIM<br \/>\nBNBO (Boringsn\u00e6re beskyttelsesomr\u00e5der)<br \/>\nBorgertip<br \/>\nBR-opg\u00f8relser<br \/>\nBr\u00f8ndrapporter<br \/>\nBr\u00f8ndt\u00f8mning \u2013 en GeoNote\u00ael\u00f8sning<br \/>\nByggeans\u00f8gning<br \/>\nByggelinjer<br \/>\nByggemodning<br \/>\nBygning p\u00e5 lejet grund<br \/>\nBygningsafs\u00e6tning<br \/>\nBygningsarealer<br \/>\nBygningsscanning<br \/>\nByudvikling, planl\u00e6gning og rettighedserhvervelse<\/p>\n<p>CAD<br \/>\nCCS: Carbon Capture and Storage<\/p>\n<p>DanDas<br \/>\nDANVA-standarder<br \/>\nDanVand<br \/>\nDatabehandling<br \/>\nDatahosting<br \/>\nDeformationsmonitorering<br \/>\nDeklarationer, udarbejdelse<br \/>\nDeklarations-analyse<br \/>\nDeklarations-service<br \/>\nDesktop GIS<br \/>\nDetailm\u00e5ling<br \/>\nDGNB-konsulenter<br \/>\nDigital Tvilling<br \/>\nDigitale kirkeg\u00e5rdskort<br \/>\nDimensionskontrol<br \/>\nDimensionskontrol af skibe<br \/>\nDronefotokort<br \/>\nDroneopm\u00e5ling<br \/>\nDr\u00e6nkort<br \/>\nDue diligence<\/p>\n<p>Ejendomsberigtigelse<br \/>\nEjendomsdannelse<br \/>\nEjendomsm\u00e6ssig forunders\u00f8gelse<br \/>\nEjendomsret<br \/>\nEjendomsudvikling<br \/>\nEjerlejlighedsopdeling<br \/>\nEkspropriation, kommunal<br \/>\nEkspropriation, statslig<br \/>\nErfaringsnetv\u00e6rket Fremtidens Forsyning<br \/>\nErstatningsudm\u00e5ling<br \/>\nEtablering af fikspunkter<\/p>\n<p>Facadem\u00e5ling<br \/>\nFiber, opm\u00e5ling og afs\u00e6tning af ledninger<br \/>\nFikspunktnet | se ogs\u00e5 Etablering af fikspunkter<br \/>\nFjernvarmeudl\u00e6g<br \/>\nForpagtningskontrakter<br \/>\nForvaltningsret<br \/>\nFotogrammetrisk beregning<br \/>\nFrivillige aftaler<\/p>\n<p>Gennemgang af plan\u00f8nsker<br \/>\nGeofysisk opm\u00e5ling | se ogs\u00e5 S\u00f8opm\u00e5ling<br \/>\nGeoNote Opgavekvittering\u2122 | app til opgaveh\u00e5ndtering<br \/>\nGeoteknisk monitorering | se ogs\u00e5 Monitorering<br \/>\nGIS<br \/>\nGraveans\u00f8gning, h\u00e5ndtering af foresp\u00f8rgsler<br \/>\nGrundvandsparker<br \/>\nGulvscanning<br \/>\nG\u00e6steprincippet, r\u00e5dgivning om ledningsjura<\/p>\n<p>Hastighedsopgradering, opm\u00e5ling og rettighedsh\u00e5ndtering p\u00e5 baneprojekter<br \/>\nHelhedsplaner<br \/>\nHuslejearealer, opg\u00f8relse<br \/>\nH\u00e6vdsanalyse<br \/>\nH\u00f8ringsfrister, ansvarlig for gennemf\u00f8relse<\/p>\n<p>IBS-attest<br \/>\nIndm\u00e5ling | se ogs\u00e5 opm\u00e5ling<br \/>\nIndustriscanning<br \/>\nInhouse-konsulenter<br \/>\nInspektion af r\u00f8rledninger<\/p>\n<p>Jordebog<br \/>\nJordfordeling | se ogs\u00e5 Multifunktionel jordfordeling<br \/>\nJordoml\u00e6gning<br \/>\nJuridisk r\u00e5dgivning<\/p>\n<p>Kabelregistrering<br \/>\nKirkeg\u00e5rdskort<br \/>\nKlagesager, h\u00e5ndtering og r\u00e5dgivning<br \/>\nKlima-lavbund I se ogs\u00e5 udtagning af lavbundsjord<br \/>\nKlimatilpasning<br \/>\nKollisionstest<br \/>\nKommuneplan<br \/>\nKommuneplan, naturprojekter<br \/>\nKommuneplan, r\u00e5stoffer<br \/>\nKommuneplan, tekniske anl\u00e6g<br \/>\nKonsulentarbejde<br \/>\nKontrolopm\u00e5linger<br \/>\nKoordinat- og kotesystem<br \/>\nKort- og opm\u00e5lingsplaner<br \/>\nKvalitetskontrol<br \/>\nKvalitetssikring<br \/>\nKvalitetssikring, offshore platformsflytninger<br \/>\nKvalitetsvurdering af matrikelkort<br \/>\nKystsikring<\/p>\n<p>Ladestandere til elbiler<br \/>\nLandbrugets kortservice<br \/>\nLandm\u00e5ling<br \/>\nLandzoneadministration<br \/>\nLAR, data til projektering<br \/>\nLaserscanning<br \/>\nLedningsh\u00e5ndteringssystem I se ogs\u00e5 VA-banken \u00a9<br \/>\nLedningsjura<br \/>\nLedningsregistrering I se ogs\u00e5 Opm\u00e5ling af forsyningsledninger<br \/>\nLejem\u00e5ls-opm\u00e5ling<br \/>\nLER-loven, r\u00e5dgivning<br \/>\nLIDAR-scanning | se ogs\u00e5 Mobile Mapping<br \/>\nLodsejer- og borgerm\u00f8der<br \/>\nLodsejeraftaler<br \/>\nLodsejerforhandling<br \/>\nLokalplan, byudvikling<br \/>\nLokalplan, naturprojekter<br \/>\nLokalplan, r\u00e5stoffer<br \/>\nLokalplan, tekniske anl\u00e6g<br \/>\nLokalplaner<br \/>\nLokalplanproces a-z<br \/>\nLokalplansforslag<\/p>\n<p>Markkort<br \/>\nMaskinstyring<br \/>\nMassetinglysning | se ogs\u00e5 Tinglysning<br \/>\nMatrikul\u00e6r berigtigelse, ekspropriationer<br \/>\nMatrikul\u00e6r berigtigelse, jordfordelinger<br \/>\nMatrikul\u00e6r kortopretning<br \/>\nMatrikul\u00e6r landbrugssag<br \/>\nMatrikul\u00e6r sag, noterings\u00e6ndring<br \/>\nMatrikul\u00e6r sag, sammenl\u00e6gning<br \/>\nMatrikul\u00e6r sagsbehandling<br \/>\nMicroStation<br \/>\nMilj\u00f8konsekvensvurdering af projekter<br \/>\nMilj\u00f8vurdering &#8211; overblik<br \/>\nMilj\u00f8vurdering &#8211; Visualisering af fremtidigt landskab<br \/>\nMilj\u00f8vurdering af planer og programmer<br \/>\nMindelig aftale p\u00e5 ekspropriationslignende vilk\u00e5r<br \/>\nMobile Mapping<br \/>\nMonitorering af st\u00f8j og vibrationer<br \/>\nMonitorering | se ogs\u00e5 Geoteknisk monitorering<br \/>\nMortifikation af ejerpantebrev<br \/>\nMultibeam, s\u00f8opm\u00e5ling<br \/>\nMultifunktionel arealanvendelse | se ogs\u00e5 Multifunktionel jordfordeling<br \/>\nMultifunktionel jordfordeling<br \/>\nMultispektral data<br \/>\nMyProperty &#8211; alle in\u00adfor\u00adma\u00adtio\u00adner om din ejen\u00addom<br \/>\nM\u00e5ling af deformationer<\/p>\n<p>Naboret, r\u00e5dgivning<br \/>\nNavVis I se ogs\u00e5 3D-scanning<br \/>\nNedklassificering af veje<br \/>\nNedl\u00e6ggelse af overk\u00f8rsler<br \/>\nNedl\u00e6ggelse af veje<br \/>\nNivellement<br \/>\nNydr\u00e6ning, digital kortl\u00e6gning af dr\u00e6n<\/p>\n<p>Offentlighedsret<br \/>\nOffshore, 3D-scanning<br \/>\nOffshore, As built-dokumentation<br \/>\nOffshore, Dimensionskontrol<br \/>\nOffshore, positionering<br \/>\nOffshore, Subsidence<br \/>\nOmbygning af overk\u00f8rsler<br \/>\nOml\u00e6gning af veje<br \/>\nOpgraderingsaftaler<br \/>\nOpklassificering af veje<br \/>\nOpm\u00e5ling<br \/>\nOpm\u00e5ling af forsyningsledninger<br \/>\nOrtofotos<br \/>\nOversigtsservitutter<\/p>\n<p>Panoramabilleder<br \/>\nPantstiftende h\u00e6ftelser<br \/>\nPartsh\u00f8ring, ansvarlig for gennemf\u00f8relse<br \/>\nPlaceringsanalyse, telemaster<br \/>\nPlankonsulenter, Inhouse<br \/>\nPlanloven, r\u00e5dgivning<br \/>\nPlanl\u00e6gning, byudvikling<br \/>\nPlanl\u00e6gning, vedvarende energi<br \/>\nPointView\u00ae<br \/>\nPol\u00e6r pr\u00e6cisionsm\u00e5ling<br \/>\nPositionering af boreplatform<br \/>\nPrivate f\u00e6lles veje, r\u00e5dgivning<br \/>\nProces for kommunale ekspropriationer<br \/>\nProces for statsekspropriation<br \/>\nProjektering af kabeltrac\u00e9er<br \/>\nProjekteringsgrundlag<br \/>\nProjektledelse<br \/>\nPr\u00e6cisionsafs\u00e6tning<br \/>\nPr\u00e6cisionsnivellement<br \/>\nPunktskyer og BIM | se ogs\u00e5 3D-modeller<\/p>\n<p>Rapporter<br \/>\nRelaksation<br \/>\nRettighedserhvervelse I se ogs\u00e5 areal- og rettighedserhvervelse<br \/>\nRisikostyring<br \/>\nR\u00e5den over vejareal<br \/>\nR\u00e5dgivning, Forsyninger<br \/>\nR\u00e5dgivning, Love for det \u00e5bne land<br \/>\nR\u00e5dgivning, Vandv\u00e6rker<br \/>\nR\u00e5dgivning, Vindm\u00f8ller<\/p>\n<p>Sagsbehandling af plansager<br \/>\nScanning af bygninger<br \/>\nScanning af kajanl\u00e6g<br \/>\nScanning | se ogs\u00e5 3D-scanning<br \/>\nSeismisk olieefterforskning<br \/>\nServitutattest<br \/>\nServituterkl\u00e6ringer<br \/>\nServitutredeg\u00f8relser<br \/>\nServitutter<br \/>\nServitutunders\u00f8gelser<br \/>\nSikring af overk\u00f8rsler<br \/>\nSinglebeam, s\u00f8opm\u00e5ling<br \/>\nSite Aquisition<br \/>\nSitePrint: Afs\u00e6tning p\u00e5 gulv<br \/>\nSituationsplan<br \/>\nSkel<br \/>\nSkelafs\u00e6tning<br \/>\nSkelfastl\u00e6ggelse<br \/>\nSkelforretning<br \/>\nSkifteretsattest<br \/>\nSk\u00f8de, erhvervsejendom<br \/>\nSk\u00f8de, grund<br \/>\nSk\u00f8de, landbrugsejendom<br \/>\nSk\u00f8de, sommerhusejendom<br \/>\nSk\u00f8deskrivning<br \/>\nSLAM (Simultaneous Localisation And Mapping)<br \/>\nSmartSurvey \u2122<br \/>\nSolcelleparker, r\u00e5dgivning og planl\u00e6gning<br \/>\nStjerneh\u00f8ringer, ansvarlig for gennemf\u00f8relse<br \/>\nSt\u00f8j- og vibrationsm\u00e5linger<br \/>\nS\u00f8opm\u00e5ling<\/p>\n<p>Taksation, kommunale ekspropriationer<br \/>\nTaksation, statsekspropriation<br \/>\nTermografi | se ogs\u00e5 Droneopm\u00e5ling<br \/>\nTerr\u00e6nmodel<br \/>\nTill\u00e6g til kommuneplan<br \/>\nTilsyn ved flytning af borrerigge<br \/>\nTinglysning | se ogs\u00e5 Massetinglysning<br \/>\nTinglysningsrids<\/p>\n<p>Udarbejdelse af kortmateriale<br \/>\nUdarbejdelse af servitutter<br \/>\nUdstykning<br \/>\nUdstykningssk\u00f8der<br \/>\nUdtagning af lavbundsjord<\/p>\n<p>VA-banken\u00a9<br \/>\nVandl\u00f8bsopm\u00e5ling<br \/>\nVedt\u00e6gter, ejerforening og parkeringslaug<br \/>\nVedt\u00e6gter, forsyninger og vandv\u00e6rker<br \/>\nVedvarende Energi, planl\u00e6gning og rettighedserhvervelse<br \/>\nVejbidrag<br \/>\nVejjura<br \/>\nVejjura nyhedsbrev | aktuelle sager og domme<br \/>\nVejloven, r\u00e5dgivning<br \/>\nVejman.dk, VD-system<br \/>\nVejrettigheder<br \/>\nVejudskillelse<br \/>\nVindm\u00f8llejura<br \/>\nVindm\u00f8lleparker, afs\u00e6tning og opm\u00e5ling<br \/>\nVindm\u00f8lleparker, r\u00e5dgivning og planl\u00e6gning<br \/>\nVisualiseringer<br \/>\nVolumenberegning<br \/>\nVolumenstudie | se ogs\u00e5 Visualiseringer<br \/>\nVurdering af ekspropriationshjemmel | se ogs\u00e5 Ekspropriation<br \/>\nVVM-screeninger I se Milj\u00f8vurdering<\/p>\n<p>360\u00b0 panoramabilleder<br \/>\n3D-data i bygge &#8211; og anl\u00e6gsprojekter<br \/>\n3D-modeller<br \/>\n3D-modellering<br \/>\n3D-scanning<br \/>\n3D-termografi | se ogs\u00e5 Termografi<\/p>\n","protected":false},"excerpt":{"rendered":"<p>Adgangsforhold til offentlige veje Adkomst Adkomstberigtigelse Afleveringsportalen I Validering og kvalitetssikring af data Afs\u00e6tning Afs\u00e6tning af tilbygning, carport og udestue Afs\u00e6tning af veje Anl\u00e6gsafs\u00e6tning Anl\u00e6gsloven, r\u00e5dgivning App-udvikling Areal- og rettighedserhvervelse Areal- og rettighedserhvervelse til nye forsyningsanl\u00e6g Arealberegninger Arealbeskrivelser Arealopg\u00f8relse Arealopg\u00f8relse klimap\u00e5virkning BR18 Arealoverf\u00f8rsel Arealoverf\u00f8rselssk\u00f8de Arealudl\u00e6g As built-dokumentation Auktionssk\u00f8de Automatisk LER-besvarelse | AutoLER\u2122 B311-opg\u00f8relser Banem\u00e5ling BBR, [&hellip;]<\/p>\n","protected":false},"author":28,"featured_media":0,"parent":0,"menu_order":0,"comment_status":"closed","ping_status":"closed","template":"","meta":{"_acf_changed":false,"footnotes":""},"class_list":["post-1884","page","type-page","status-publish","hentry"],"acf":[],"yoast_head":"<!-- This site is optimized with the Yoast SEO plugin v27.4 - https:\/\/yoast.com\/product\/yoast-seo-wordpress\/ -->\n<title>LE34&#039;s ydelser - Professionelle landinspekt\u00f8rer med stor viden<\/title>\n<meta name=\"description\" content=\"LE34&#039;s ydelser. Vi er Danmarks st\u00f8rste landinspekt\u00f8rfirma og din professionelle samarbejdspartner. Uanset projektet, v\u00e6lg LE34\" \/>\n<meta name=\"robots\" content=\"index, follow, max-snippet:-1, max-image-preview:large, max-video-preview:-1\" \/>\n<link rel=\"canonical\" href=\"https:\/\/www.le34.dk\/da\/ydelser\/\" \/>\n<meta property=\"og:locale\" content=\"da_DK\" \/>\n<meta property=\"og:type\" content=\"article\" \/>\n<meta property=\"og:title\" content=\"LE34&#039;s ydelser - Professionelle landinspekt\u00f8rer med stor viden\" \/>\n<meta property=\"og:description\" content=\"LE34&#039;s ydelser. Vi er Danmarks st\u00f8rste landinspekt\u00f8rfirma og din professionelle samarbejdspartner. Uanset projektet, v\u00e6lg LE34\" \/>\n<meta property=\"og:url\" content=\"https:\/\/www.le34.dk\/da\/ydelser\/\" \/>\n<meta property=\"og:site_name\" content=\"LE34\" \/>\n<meta property=\"article:modified_time\" content=\"2026-04-15T13:30:37+00:00\" \/>\n<meta name=\"twitter:card\" content=\"summary_large_image\" \/>\n<meta name=\"twitter:label1\" content=\"Estimeret l\u00e6setid\" \/>\n\t<meta name=\"twitter:data1\" content=\"21 minutter\" \/>\n<script type=\"application\/ld+json\" class=\"yoast-schema-graph\">{\"@context\":\"https:\\\/\\\/schema.org\",\"@graph\":[{\"@type\":\"WebPage\",\"@id\":\"https:\\\/\\\/www.le34.dk\\\/da\\\/ydelser\\\/\",\"url\":\"https:\\\/\\\/www.le34.dk\\\/da\\\/ydelser\\\/\",\"name\":\"LE34's ydelser - Professionelle landinspekt\u00f8rer med stor viden\",\"isPartOf\":{\"@id\":\"https:\\\/\\\/www.le34.dk\\\/da\\\/#website\"},\"datePublished\":\"2019-10-16T09:48:11+00:00\",\"dateModified\":\"2026-04-15T13:30:37+00:00\",\"description\":\"LE34's ydelser. Vi er Danmarks st\u00f8rste landinspekt\u00f8rfirma og din professionelle samarbejdspartner. Uanset projektet, v\u00e6lg LE34\",\"breadcrumb\":{\"@id\":\"https:\\\/\\\/www.le34.dk\\\/da\\\/ydelser\\\/#breadcrumb\"},\"inLanguage\":\"da-DK\",\"potentialAction\":[{\"@type\":\"ReadAction\",\"target\":[\"https:\\\/\\\/www.le34.dk\\\/da\\\/ydelser\\\/\"]}]},{\"@type\":\"BreadcrumbList\",\"@id\":\"https:\\\/\\\/www.le34.dk\\\/da\\\/ydelser\\\/#breadcrumb\",\"itemListElement\":[{\"@type\":\"ListItem\",\"position\":1,\"name\":\"Home\",\"item\":\"https:\\\/\\\/www.le34.dk\\\/da\\\/\"},{\"@type\":\"ListItem\",\"position\":2,\"name\":\"Ydelser\"}]},{\"@type\":\"WebSite\",\"@id\":\"https:\\\/\\\/www.le34.dk\\\/da\\\/#website\",\"url\":\"https:\\\/\\\/www.le34.dk\\\/da\\\/\",\"name\":\"LE34\",\"description\":\"\",\"potentialAction\":[{\"@type\":\"SearchAction\",\"target\":{\"@type\":\"EntryPoint\",\"urlTemplate\":\"https:\\\/\\\/www.le34.dk\\\/da\\\/?s={search_term_string}\"},\"query-input\":{\"@type\":\"PropertyValueSpecification\",\"valueRequired\":true,\"valueName\":\"search_term_string\"}}],\"inLanguage\":\"da-DK\"}]}<\/script>\n<!-- \/ Yoast SEO plugin. -->","yoast_head_json":{"title":"LE34's ydelser - Professionelle landinspekt\u00f8rer med stor viden","description":"LE34's ydelser. Vi er Danmarks st\u00f8rste landinspekt\u00f8rfirma og din professionelle samarbejdspartner. Uanset projektet, v\u00e6lg LE34","robots":{"index":"index","follow":"follow","max-snippet":"max-snippet:-1","max-image-preview":"max-image-preview:large","max-video-preview":"max-video-preview:-1"},"canonical":"https:\/\/www.le34.dk\/da\/ydelser\/","og_locale":"da_DK","og_type":"article","og_title":"LE34's ydelser - Professionelle landinspekt\u00f8rer med stor viden","og_description":"LE34's ydelser. Vi er Danmarks st\u00f8rste landinspekt\u00f8rfirma og din professionelle samarbejdspartner. Uanset projektet, v\u00e6lg LE34","og_url":"https:\/\/www.le34.dk\/da\/ydelser\/","og_site_name":"LE34","article_modified_time":"2026-04-15T13:30:37+00:00","twitter_card":"summary_large_image","twitter_misc":{"Estimeret l\u00e6setid":"21 minutter"},"schema":{"@context":"https:\/\/schema.org","@graph":[{"@type":"WebPage","@id":"https:\/\/www.le34.dk\/da\/ydelser\/","url":"https:\/\/www.le34.dk\/da\/ydelser\/","name":"LE34's ydelser - Professionelle landinspekt\u00f8rer med stor viden","isPartOf":{"@id":"https:\/\/www.le34.dk\/da\/#website"},"datePublished":"2019-10-16T09:48:11+00:00","dateModified":"2026-04-15T13:30:37+00:00","description":"LE34's ydelser. Vi er Danmarks st\u00f8rste landinspekt\u00f8rfirma og din professionelle samarbejdspartner. Uanset projektet, v\u00e6lg LE34","breadcrumb":{"@id":"https:\/\/www.le34.dk\/da\/ydelser\/#breadcrumb"},"inLanguage":"da-DK","potentialAction":[{"@type":"ReadAction","target":["https:\/\/www.le34.dk\/da\/ydelser\/"]}]},{"@type":"BreadcrumbList","@id":"https:\/\/www.le34.dk\/da\/ydelser\/#breadcrumb","itemListElement":[{"@type":"ListItem","position":1,"name":"Home","item":"https:\/\/www.le34.dk\/da\/"},{"@type":"ListItem","position":2,"name":"Ydelser"}]},{"@type":"WebSite","@id":"https:\/\/www.le34.dk\/da\/#website","url":"https:\/\/www.le34.dk\/da\/","name":"LE34","description":"","potentialAction":[{"@type":"SearchAction","target":{"@type":"EntryPoint","urlTemplate":"https:\/\/www.le34.dk\/da\/?s={search_term_string}"},"query-input":{"@type":"PropertyValueSpecification","valueRequired":true,"valueName":"search_term_string"}}],"inLanguage":"da-DK"}]}},"_links":{"self":[{"href":"https:\/\/www.le34.dk\/da\/wp-json\/wp\/v2\/pages\/1884","targetHints":{"allow":["GET"]}}],"collection":[{"href":"https:\/\/www.le34.dk\/da\/wp-json\/wp\/v2\/pages"}],"about":[{"href":"https:\/\/www.le34.dk\/da\/wp-json\/wp\/v2\/types\/page"}],"author":[{"embeddable":true,"href":"https:\/\/www.le34.dk\/da\/wp-json\/wp\/v2\/users\/28"}],"replies":[{"embeddable":true,"href":"https:\/\/www.le34.dk\/da\/wp-json\/wp\/v2\/comments?post=1884"}],"version-history":[{"count":23,"href":"https:\/\/www.le34.dk\/da\/wp-json\/wp\/v2\/pages\/1884\/revisions"}],"predecessor-version":[{"id":13825,"href":"https:\/\/www.le34.dk\/da\/wp-json\/wp\/v2\/pages\/1884\/revisions\/13825"}],"wp:attachment":[{"href":"https:\/\/www.le34.dk\/da\/wp-json\/wp\/v2\/media?parent=1884"}],"curies":[{"name":"wp","href":"https:\/\/api.w.org\/{rel}","templated":true}]}}