{"id":1883,"date":"2022-04-06T10:59:36","date_gmt":"2022-04-06T10:59:36","guid":{"rendered":"https:\/\/www.le34.dk\/webinar-om-jordfordeling\/"},"modified":"2024-09-23T13:36:37","modified_gmt":"2024-09-23T13:36:37","slug":"webinar-om-jordfordeling","status":"publish","type":"page","link":"https:\/\/www.le34.dk\/da\/webinar-om-jordfordeling\/","title":{"rendered":"Webinar om jordfordeling"},"content":{"rendered":"<p>Tilmeld dig webinaret<\/p>\n<p>F\u00e5 mere at vide<br \/>\nBliv klar til at g\u00e5 i gang med jordfordeling<br \/>\nDer er et eftersl\u00e6b p\u00e5 arrondering i landbruget. Jordfordeling er det v\u00e6rkt\u00f8j, der kan l\u00f8se puslespillet for den enkelte ejendom og give store besparelser p\u00e5 grund af mindre k\u00f8rsel mellem markerne og mindre transport af gr\u00e6s, gylle mm..<br \/>\nMen hvordan kommer man i gang med en jordfordeling? Og hvordan kommer man i m\u00e5l uden offentlige tilskud? F\u00e5 svaret p\u00e5 webinaret.<br \/>\nV\u00e6r med, n\u00e5r HjulmandKaptain &#038; Landinspekt\u00f8rfirmaet LE34 inviterer til f\u00e6lles webinar om jordfordeling den 18.maj 2022 kl.13.<br \/>\nHvem er webinaret relevant for? Webinaret er relevant for landm\u00e6nd og ejere af st\u00f8rre landbrugsejendomme og bedrifter.<br \/>\nWebinaret foreg\u00e5r p\u00e5 Teams. Det er gratis at deltage \u2013 sidste frist for tilmelding er et d\u00f8gn f\u00f8r, 17.maj 2022 kl.13.<\/p>\n<p>Tilmeld dig webinaret<\/p>\n<p>Program for webinaret<br \/>\nP\u00e5 webinaret vil advokat S\u00f8ren N\u00f8rgaard S\u00f8rensen og landinspekt\u00f8r Jes Juhl J\u00f8rgensen s\u00e6tte fokus p\u00e5, hvordan landm\u00e6nd kan g\u00e5 sammen og gennemf\u00f8re en jordfordeling, der givet en meget bedre arrondering og samtidig kan udl\u00f8se et \u00f8konomisk potentiale til udvidelse af bedriften.<br \/>\nJes Juhl J\u00f8rgensen er landinspekt\u00f8r og har erfaring med gennemf\u00f8relse af hele jordfordelingsprocessen fra den netop gennemf\u00f8rte jordfordeling i Dronninglund-omr\u00e5det, hvor 75 landm\u00e6nd gik sammen og 878 hektar skiftede h\u00e6nder.<br \/>\nS\u00f8ren N\u00f8rgaard S\u00f8rensen er advokat med stor indsigt i landbrugets retsforhold og erfaring med r\u00e5dgivning af juridiske forhold som skat og generationsskifte i landbruget.<br \/>\nB\u00e5de LE34 og Hjulmandkaptain arbejder landsd\u00e6kkende for landbruget.<\/p>\n<p>Konkrete emner p\u00e5 webinaret<br \/>\n\u2022 Fordele ved jordfordeling \u2013 med udgangspunkt i den store jordfordeling i Dronninglund<br \/>\n\u2022 Hvem er jordfordeling relevant for<br \/>\n\u2022 Jordfordeling uden tilskud \u2013 hvilke ulemper giver det og hvilke gevinster vil der alligevel v\u00e6re<br \/>\n\u2022 Sagsomkostninger forbundet med jordfordeling<br \/>\n\u2022 Hvordan kommer vi i gang \u2013 model for jordfordelingsforening, forunders\u00f8gelse mv.<br \/>\n\u2022 Det tidsm\u00e6ssige perspektiv<br \/>\n\u2022 Afledte juridiske forhold \u2013 skat og kombination af jordfordeling og generationsskifte<br \/>\n\u00a0<\/p>\n<p>L\u00e6s mere om jordfordeling<br \/>\nL\u00e6s om jordfordelingen i Dronninglund<br \/>\nL\u00e6s om multifunktionel jordfordeling<\/p>\n<p>F\u00e5 mere at vide<br \/>\nKontakt os<br \/>\nTilmeld dig eller f\u00e5 flere informationer om webinaret:<br \/>\nJes Juhl J\u00f8rgensen<br \/>\nLandinspekt\u00f8r, partner og ekspert i jordfordeling<br \/>\nTlf. \u00a0+45 3080 7094<br \/>\njjj@le34.dk<\/p>\n<p>Send en mail til Jes Juhl J\u00f8rgensen<\/p>\n","protected":false},"excerpt":{"rendered":"<p>Tilmeld dig webinaret F\u00e5 mere at vide Bliv klar til at g\u00e5 i gang med jordfordeling Der er et eftersl\u00e6b p\u00e5 arrondering i landbruget. Jordfordeling er det v\u00e6rkt\u00f8j, der kan l\u00f8se puslespillet for den enkelte ejendom og give store besparelser p\u00e5 grund af mindre k\u00f8rsel mellem markerne og mindre transport af gr\u00e6s, gylle mm.. Men [&hellip;]<\/p>\n","protected":false},"author":36,"featured_media":0,"parent":0,"menu_order":0,"comment_status":"closed","ping_status":"closed","template":"","meta":{"_acf_changed":false,"footnotes":""},"class_list":["post-1883","page","type-page","status-publish","hentry"],"acf":[],"yoast_head":"<!-- This site is optimized with the Yoast SEO plugin v27.5 - https:\/\/yoast.com\/product\/yoast-seo-wordpress\/ -->\n<title>Webinar om jordfordeling - LE34<\/title>\n<meta name=\"robots\" content=\"index, follow, max-snippet:-1, max-image-preview:large, max-video-preview:-1\" \/>\n<link rel=\"canonical\" href=\"https:\/\/www.le34.dk\/da\/webinar-om-jordfordeling\/\" \/>\n<meta property=\"og:locale\" content=\"da_DK\" \/>\n<meta property=\"og:type\" content=\"article\" \/>\n<meta property=\"og:title\" content=\"Webinar om jordfordeling - LE34\" \/>\n<meta property=\"og:description\" content=\"Tilmeld dig webinaret F\u00e5 mere at vide Bliv klar til at g\u00e5 i gang med jordfordeling Der er et eftersl\u00e6b p\u00e5 arrondering i landbruget. Jordfordeling er det v\u00e6rkt\u00f8j, der kan l\u00f8se puslespillet for den enkelte ejendom og give store besparelser p\u00e5 grund af mindre k\u00f8rsel mellem markerne og mindre transport af gr\u00e6s, gylle mm.. Men [&hellip;]\" \/>\n<meta property=\"og:url\" content=\"https:\/\/www.le34.dk\/da\/webinar-om-jordfordeling\/\" \/>\n<meta property=\"og:site_name\" content=\"LE34\" \/>\n<meta property=\"article:modified_time\" content=\"2024-09-23T13:36:37+00:00\" \/>\n<meta name=\"twitter:card\" content=\"summary_large_image\" \/>\n<meta name=\"twitter:label1\" content=\"Estimeret l\u00e6setid\" \/>\n\t<meta name=\"twitter:data1\" content=\"5 minutter\" \/>\n<script type=\"application\/ld+json\" class=\"yoast-schema-graph\">{\"@context\":\"https:\\\/\\\/schema.org\",\"@graph\":[{\"@type\":\"WebPage\",\"@id\":\"https:\\\/\\\/www.le34.dk\\\/da\\\/webinar-om-jordfordeling\\\/\",\"url\":\"https:\\\/\\\/www.le34.dk\\\/da\\\/webinar-om-jordfordeling\\\/\",\"name\":\"Webinar om jordfordeling - LE34\",\"isPartOf\":{\"@id\":\"https:\\\/\\\/www.le34.dk\\\/da\\\/#website\"},\"datePublished\":\"2022-04-06T10:59:36+00:00\",\"dateModified\":\"2024-09-23T13:36:37+00:00\",\"breadcrumb\":{\"@id\":\"https:\\\/\\\/www.le34.dk\\\/da\\\/webinar-om-jordfordeling\\\/#breadcrumb\"},\"inLanguage\":\"da-DK\",\"potentialAction\":[{\"@type\":\"ReadAction\",\"target\":[\"https:\\\/\\\/www.le34.dk\\\/da\\\/webinar-om-jordfordeling\\\/\"]}]},{\"@type\":\"BreadcrumbList\",\"@id\":\"https:\\\/\\\/www.le34.dk\\\/da\\\/webinar-om-jordfordeling\\\/#breadcrumb\",\"itemListElement\":[{\"@type\":\"ListItem\",\"position\":1,\"name\":\"Home\",\"item\":\"https:\\\/\\\/www.le34.dk\\\/da\\\/\"},{\"@type\":\"ListItem\",\"position\":2,\"name\":\"Webinar om jordfordeling\"}]},{\"@type\":\"WebSite\",\"@id\":\"https:\\\/\\\/www.le34.dk\\\/da\\\/#website\",\"url\":\"https:\\\/\\\/www.le34.dk\\\/da\\\/\",\"name\":\"LE34\",\"description\":\"\",\"potentialAction\":[{\"@type\":\"SearchAction\",\"target\":{\"@type\":\"EntryPoint\",\"urlTemplate\":\"https:\\\/\\\/www.le34.dk\\\/da\\\/?s={search_term_string}\"},\"query-input\":{\"@type\":\"PropertyValueSpecification\",\"valueRequired\":true,\"valueName\":\"search_term_string\"}}],\"inLanguage\":\"da-DK\"}]}<\/script>\n<!-- \/ Yoast SEO plugin. -->","yoast_head_json":{"title":"Webinar om jordfordeling - LE34","robots":{"index":"index","follow":"follow","max-snippet":"max-snippet:-1","max-image-preview":"max-image-preview:large","max-video-preview":"max-video-preview:-1"},"canonical":"https:\/\/www.le34.dk\/da\/webinar-om-jordfordeling\/","og_locale":"da_DK","og_type":"article","og_title":"Webinar om jordfordeling - LE34","og_description":"Tilmeld dig webinaret F\u00e5 mere at vide Bliv klar til at g\u00e5 i gang med jordfordeling Der er et eftersl\u00e6b p\u00e5 arrondering i landbruget. Jordfordeling er det v\u00e6rkt\u00f8j, der kan l\u00f8se puslespillet for den enkelte ejendom og give store besparelser p\u00e5 grund af mindre k\u00f8rsel mellem markerne og mindre transport af gr\u00e6s, gylle mm.. Men [&hellip;]","og_url":"https:\/\/www.le34.dk\/da\/webinar-om-jordfordeling\/","og_site_name":"LE34","article_modified_time":"2024-09-23T13:36:37+00:00","twitter_card":"summary_large_image","twitter_misc":{"Estimeret l\u00e6setid":"5 minutter"},"schema":{"@context":"https:\/\/schema.org","@graph":[{"@type":"WebPage","@id":"https:\/\/www.le34.dk\/da\/webinar-om-jordfordeling\/","url":"https:\/\/www.le34.dk\/da\/webinar-om-jordfordeling\/","name":"Webinar om jordfordeling - LE34","isPartOf":{"@id":"https:\/\/www.le34.dk\/da\/#website"},"datePublished":"2022-04-06T10:59:36+00:00","dateModified":"2024-09-23T13:36:37+00:00","breadcrumb":{"@id":"https:\/\/www.le34.dk\/da\/webinar-om-jordfordeling\/#breadcrumb"},"inLanguage":"da-DK","potentialAction":[{"@type":"ReadAction","target":["https:\/\/www.le34.dk\/da\/webinar-om-jordfordeling\/"]}]},{"@type":"BreadcrumbList","@id":"https:\/\/www.le34.dk\/da\/webinar-om-jordfordeling\/#breadcrumb","itemListElement":[{"@type":"ListItem","position":1,"name":"Home","item":"https:\/\/www.le34.dk\/da\/"},{"@type":"ListItem","position":2,"name":"Webinar om jordfordeling"}]},{"@type":"WebSite","@id":"https:\/\/www.le34.dk\/da\/#website","url":"https:\/\/www.le34.dk\/da\/","name":"LE34","description":"","potentialAction":[{"@type":"SearchAction","target":{"@type":"EntryPoint","urlTemplate":"https:\/\/www.le34.dk\/da\/?s={search_term_string}"},"query-input":{"@type":"PropertyValueSpecification","valueRequired":true,"valueName":"search_term_string"}}],"inLanguage":"da-DK"}]}},"_links":{"self":[{"href":"https:\/\/www.le34.dk\/da\/wp-json\/wp\/v2\/pages\/1883","targetHints":{"allow":["GET"]}}],"collection":[{"href":"https:\/\/www.le34.dk\/da\/wp-json\/wp\/v2\/pages"}],"about":[{"href":"https:\/\/www.le34.dk\/da\/wp-json\/wp\/v2\/types\/page"}],"author":[{"embeddable":true,"href":"https:\/\/www.le34.dk\/da\/wp-json\/wp\/v2\/users\/36"}],"replies":[{"embeddable":true,"href":"https:\/\/www.le34.dk\/da\/wp-json\/wp\/v2\/comments?post=1883"}],"version-history":[{"count":2,"href":"https:\/\/www.le34.dk\/da\/wp-json\/wp\/v2\/pages\/1883\/revisions"}],"predecessor-version":[{"id":16157,"href":"https:\/\/www.le34.dk\/da\/wp-json\/wp\/v2\/pages\/1883\/revisions\/16157"}],"wp:attachment":[{"href":"https:\/\/www.le34.dk\/da\/wp-json\/wp\/v2\/media?parent=1883"}],"curies":[{"name":"wp","href":"https:\/\/api.w.org\/{rel}","templated":true}]}}