{"id":18741,"date":"2025-09-05T10:24:15","date_gmt":"2025-09-05T10:24:15","guid":{"rendered":"https:\/\/www.le34.dk\/?page_id=18741"},"modified":"2025-09-09T09:46:07","modified_gmt":"2025-09-09T09:46:07","slug":"ekspropriation-til-erstatningsnatur-ved-nees","status":"publish","type":"page","link":"https:\/\/www.le34.dk\/da\/ekspropriation-til-erstatningsnatur-ved-nees\/","title":{"rendered":"Ekspropriation til erstatningsnatur ved Nees"},"content":{"rendered":"<p>10.09.2025<br \/>\nTilpasningen af H\u00f8vs\u00f8re Testcenter i form af blandt andet h\u00f8jere vindm\u00f8ller og placering af m\u00e5le-master betyder en negativ p\u00e5virkning af Natura 2000-omr\u00e5det ved Nissum Fjord. Det skyldes blandt andet, at fuglearter bliver fortr\u00e6ngt fra omr\u00e5det, og der bliver \u00f8get kollisionsrisiko for fugle. Dette er uforeneligt med Natura 2000-planens m\u00e5ls\u00e6tning om stabile eller stigende arealer med egnede levesteder for udpegningsarterne. Fravigelsen fra habitatdirektivet kan derfor kun ske med omfattende kompensationsforanstaltninger.<\/p>\n<p>Natura 2000-konsekvens af vindm\u00f8lleprojektet<br \/>\nTilpasningen af testcenteret indeb\u00e6rer blandt andet disse p\u00e5virkninger:<br \/>\n\u2013 En arealp\u00e5virkning p\u00e5 cirka 39 hektar, herunder 33 hektar landbrugsjord, 4 hektar r\u00f8rsump og 2 hektar strandeng<br \/>\n\u2013 P\u00e5virkning af arterne r\u00f8rdrum, r\u00f8rh\u00f8g, svaner, g\u00e6s og sv\u00f8mme\u00e6nder p\u00e5 arealerne<br \/>\nDer er lagt en strategi for, hvordan der kan kompenseres for disse p\u00e5virkninger. Der inddrages et omr\u00e5de p\u00e5 ca. 35 hektar, der prim\u00e6rt er landbrugsareal, som udpeges til at indg\u00e5 i Natura 2000-omr\u00e5det Nissum Fjord. Ved inddragelse af dette omr\u00e5de erstattes tabte fourageringsarealer for svaner og g\u00e6s.<br \/>\nDer etableres desuden et nyt v\u00e5domr\u00e5de p\u00e5 cirka 12 hektar. Omr\u00e5det skal kompensere for tabte levesteder for r\u00f8rdrum, r\u00f8rh\u00f8g og sv\u00f8mme\u00e6nder. Omr\u00e5det, der ligger mellem Indfjorden og Nissum Fjord, syd for Flynder \u00c5, ligger t\u00e6t op ad eksisterende levesteder for p\u00e5 den m\u00e5de at sikre h\u00f8j naturv\u00e6rdi.<br \/>\nVed at gennemf\u00f8re de n\u00e6vnte foranstaltninger vil Natura 2000-netv\u00e6rkets funktionalitet blive opretholdt. Fx vil nye levesteder for r\u00f8rh\u00f8gene betyde, at risikoen for kollision med vindm\u00f8llerne bliver mindsket.<\/p>\n<p>Ekspropriationshjemlen til ekspropriationsnaturen<br \/>\nHjemlen til at ekspropriere til erstatningsnaturen er beskrevet i anl\u00e6gsloven (testcenterloven) for projektet (lbkg. nr. 1069 af 21. august 2018 som \u00e6ndret ved lov nr. 122 af 6. februar 2024), og fremg\u00e5r af lovens \u00a7 15, stk. 2, der lyder s\u00e5ledes:<br \/>\n\u201dDer kan derudover eksproprieres fast ejendom, eksproprieres til rydning af beplantning og p\u00e5l\u00e6gges faste ejendomme r\u00e5dighedsindskr\u00e6nkninger med henblik p\u00e5 gennemf\u00f8relse af kompensationsforanstaltninger efter \u00a7 2 b.\u201d<br \/>\n\u00a7 2 b, stk. 2, lyder s\u00e5ledes:<br \/>\n\u201dStk. 2. Det v\u00e5domr\u00e5de, der fremg\u00e5r af bilag 3, er en n\u00f8dvendig kompensationsforanstaltning.\u201d<\/p>\n<p>Dermed fremg\u00e5r det tydeligt, at der er en klar hjemmel til at ekspropriere til erstatningsnatur i dette projekt. Det er endda beskrevet i anl\u00e6gslovens \u00a7 2b, stk. 2, hvor erstatningsnaturen skal etableres. Bilag 3 viser denne placering.<\/p>\n<p>Baggrunden for at indf\u00f8re hjemlen til ekspropriation i anl\u00e6gsloven er skabt ved de grundige unders\u00f8gelser, der er udf\u00f8rt i milj\u00f8vurderingsprocessen (MKV).<br \/>\nDer er skrevet en udf\u00f8rlig rapport om erstatningsnaturen, der beskriver, hvordan tabet af levesteder og rasteomr\u00e5der ved tilpasningen af H\u00f8vs\u00f8re Testcenter skal kompenseres. Rapporten tager udgangspunkt i EU-Kommissionens retningslinjer for kompensationsforanstaltninger, og fremh\u00e6ver behovet for b\u00e5de overkompensation og rettidig etablering.<br \/>\nDer har v\u00e6ret unders\u00f8gt flere muligheder for etablering af erstatningsnaturen. Konklusionen er, at det bedst egnede sted for projektet om erstatningsnatur er Indfjorden og Nissum Fjord. Det skyldes blandt andet, at omr\u00e5det ligger i tilknytning til eksisterende Natura 2000. Naturen skal udformes ved at etablere 12 hektar v\u00e5domr\u00e5de (8,5 ha r\u00f8rskov og 3 ha strandeng), der etableres i et 34,5 ha omr\u00e5de inden for Natura 2000. Tiltagene inkluderer afgravning af jord ned til grundvandsspejl, lukning af gr\u00f8fter og ekstensivering af landbrugsdrift.<br \/>\nP\u00e5 den m\u00e5de opn\u00e5r man, at nye levesteder kommer til at erstatte de tabte levesteder i kvalitet og omfang.<br \/>\nProjektet vil gavne udpegede fuglearter (bl.a. r\u00f8rdrum, r\u00f8rh\u00f8g og plettet r\u00f8rvagtel) og sm\u00e5fugle samt underst\u00f8tte v\u00e5domr\u00e5ders naturtyper. Svaner og g\u00e6s kan fortsat finde store alternative arealer.<br \/>\nProjektet giver samlet set en positiv natur- og milj\u00f8p\u00e5virkning.<br \/>\nKompensationen g\u00f8r det muligt at gennemf\u00f8re tilpasningen af testcenteret uden v\u00e6sentlig negativ p\u00e5virkning af Natura 2000-integriteten.<br \/>\nOvenst\u00e5ende er et koncentrat af de konklusioner, som de milj\u00f8m\u00e6ssige forunders\u00f8gelser er kommet frem til. Det danner baggrund for bestemmelserne i testcenterloven.<\/p>\n<p>Ekspropriation til erstatningsnaturen<br \/>\nVi fors\u00f8gte som det f\u00f8rste at etablere erstatningsnaturen ved Nees ved at indg\u00e5 aftaler med ejerne i omr\u00e5det. Det lykkedes ikke, og derfor har vi anvendt testcenterlovens hjemmel til ekspropriation.<br \/>\nAnl\u00e6gsloven sl\u00e5r fast, at der er hjemmel til at ekspropriere til den omtalte erstatningsnatur i dette projekt. Loven sl\u00e5r ogs\u00e5 fast, hvor i landskabet, at erstatningsnaturen skal placeres. Hjemlen er ikke blot generelt beskrevet i loven.<br \/>\nI projektet har der derfor ikke v\u00e6ret tvivl om, at grundlaget for ekspropriation til erstatningsnatur var p\u00e5 plads.<br \/>\nAndre steder i lovgivningen er der indarbejdet hjemmel til at ekspropriere til erstatningsnatur. Fx i vejloven. Vejlovens hjemmel er dog selvsagt ikke skabt til at etablere erstatningsnatur \u00e9t bestemt sted. Der er tale om en generelt formuleret hjemmel til at ekspropriere til erstatningsnatur. I de tilf\u00e6lde kan ekspropriation til etablering af erstatningsnatur blive genstand for diskussion. Der kan skabes tvivl om, hvorvidt n\u00f8dvendighedskravet er opfyldt.<br \/>\nI forbindelse med en ekspropriation kan det v\u00e6re vanskeligt at argumentere for, at erstatningsnaturen placeres netop der, hvor en kommune har foresl\u00e5et det til en \u00e5stedsforretning.<br \/>\nDet kan v\u00e6re en let sag for den ber\u00f8rte ejer at argumentere for, at erstatningsnaturen lige s\u00e5 godt kan ligge hos naboen eller et andet sted. Placering af vandhuller, \u00a7 3 omr\u00e5der mv. er selvf\u00f8lgelig i et vist omfang bestemt af den biologiske geografi, som de placeres i. Men det vil som oftest v\u00e6re en lang elastik, der begr\u00e6nser det omr\u00e5de, hvor den nye natur kan ligge.<br \/>\nDet kan skabe problemer i forhold til at argumentere for, at n\u00f8dvendighedskravet i relation til ekspropriation if\u00f8lge Grundlovens \u00a7 73 er opfyldt. Det er derfor afg\u00f8rende, at anl\u00e6gsmyndigheden kan argumentere for, hvorfor det udpegede omr\u00e5de skal anvendes til erstatningsnatur. Sp\u00f8rgsm\u00e5let er i den situation, om projektets m\u00e5l kunne n\u00e5s med en mindre indgribende foranstaltning, eller i sidste ende om m\u00e5let kan n\u00e5s helt uden at skulle ber\u00f8re en ejendom med ekspropriation.<br \/>\nProjektet om tilpasning af testcenteret ved H\u00f8vs\u00f8re viser, hvordan anl\u00e6gsmyndighederne kan gribe sagen an uden at f\u00e5 problemer i relation til Grundlovens n\u00f8dvendighedskrav i \u00a7 73.<br \/>\nDet f\u00f8rste skridt er at gennemf\u00f8re grundige forunders\u00f8gelser, der kan dokumentere den bedste placering for erstatningsnaturen. Det har Plan- og Landdistriktsstyrelsen gjort ved at udf\u00f8re Milj\u00f8- og habitatkonsekvensvurdering fra 2023 \u201dTilpasning af H\u00f8vs\u00f8re Testcenter\u201d. I sin konklusion sl\u00e5r vurderingen fast, at erstatningsnaturen b\u00f8r etableres p\u00e5 det konkrete sted.<br \/>\nDet n\u00e6ste skridt har v\u00e6ret at indarbejde ekspropriationshjemmel til dette konkrete og velegnede omr\u00e5de i anl\u00e6gsloven (testcenterloven) for projektet. Der er p\u00e5 den m\u00e5de givet en lovhjemmel til at etablere den konkrete erstatningsnatur, og det er sl\u00e5et fast med Folketingets vedtagelse af loven, at etablering af projektet som helhed, men s\u00e5 sandelig ogs\u00e5 etablering af erstatningsnaturen, har almenvellets interesse.<br \/>\nI kommunale sager vil man naturligvis ogs\u00e5 kunne gennemf\u00f8re ekspropriation til erstatningsnatur. Der er ikke hj\u00e6lp at hente i en anl\u00e6gslov vedtaget af Folketinget, men ved at gennemf\u00f8re tilsvarende grundige milj\u00f8unders\u00f8gelser og analyser af de mest egnede placeringer af erstatningsnatur, s\u00e5 vil der v\u00e6re et godt grundlag for ekspropriation. Vejlovens \u00a7 97 indeholder hjemmel til at ekspropriere til erstatningsnatur.<br \/>\nHvis du har sp\u00f8rgsm\u00e5l til artiklen kan du kontakte Kenneth Holme Poulsen.<\/p>\n<p>Se alle nyheder fra Vejjura<\/p>\n<p>Kontakt eksperterne<\/p>\n<p>Kenneth Holme Poulsen<br \/>\nVibeke St\u00e6rdahl Nielsen<br \/>\nGert M. Henningsen<br \/>\nJonathan Overgaard Markman<br \/>\nRen\u00e9 Aggersbjerg<br \/>\nS\u00f8ren Henriksen<br \/>\nThomas Normann Asmussen<br \/>\nErik Jeppesen<br \/>\nMartin Korgaard<br \/>\nDaniel Lundeman Lind<\/p>\n","protected":false},"excerpt":{"rendered":"<p>10.09.2025 Tilpasningen af H\u00f8vs\u00f8re Testcenter i form af blandt andet h\u00f8jere vindm\u00f8ller og placering af m\u00e5le-master betyder en negativ p\u00e5virkning af Natura 2000-omr\u00e5det ved Nissum Fjord. Det skyldes blandt andet, at fuglearter bliver fortr\u00e6ngt fra omr\u00e5det, og der bliver \u00f8get kollisionsrisiko for fugle. Dette er uforeneligt med Natura 2000-planens m\u00e5ls\u00e6tning om stabile eller stigende arealer [&hellip;]<\/p>\n","protected":false},"author":11,"featured_media":0,"parent":0,"menu_order":0,"comment_status":"closed","ping_status":"closed","template":"","meta":{"_acf_changed":false,"footnotes":""},"class_list":["post-18741","page","type-page","status-publish","hentry"],"acf":[],"yoast_head":"<!-- This site is optimized with the Yoast SEO plugin v27.5 - https:\/\/yoast.com\/product\/yoast-seo-wordpress\/ -->\n<title>Ekspropriation til erstatningsnatur ved Nees<\/title>\n<meta name=\"robots\" content=\"index, follow, max-snippet:-1, max-image-preview:large, max-video-preview:-1\" \/>\n<link rel=\"canonical\" href=\"https:\/\/www.le34.dk\/da\/ekspropriation-til-erstatningsnatur-ved-nees\/\" \/>\n<meta property=\"og:locale\" content=\"da_DK\" \/>\n<meta property=\"og:type\" content=\"article\" \/>\n<meta property=\"og:title\" content=\"Ekspropriation til erstatningsnatur ved Nees\" \/>\n<meta property=\"og:description\" content=\"10.09.2025 Tilpasningen af H\u00f8vs\u00f8re Testcenter i form af blandt andet h\u00f8jere vindm\u00f8ller og placering af m\u00e5le-master betyder en negativ p\u00e5virkning af Natura 2000-omr\u00e5det ved Nissum Fjord. Det skyldes blandt andet, at fuglearter bliver fortr\u00e6ngt fra omr\u00e5det, og der bliver \u00f8get kollisionsrisiko for fugle. Dette er uforeneligt med Natura 2000-planens m\u00e5ls\u00e6tning om stabile eller stigende arealer [&hellip;]\" \/>\n<meta property=\"og:url\" content=\"https:\/\/www.le34.dk\/da\/ekspropriation-til-erstatningsnatur-ved-nees\/\" \/>\n<meta property=\"og:site_name\" content=\"LE34\" \/>\n<meta property=\"article:modified_time\" content=\"2025-09-09T09:46:07+00:00\" \/>\n<meta name=\"twitter:card\" content=\"summary_large_image\" \/>\n<meta name=\"twitter:label1\" content=\"Estimeret l\u00e6setid\" \/>\n\t<meta name=\"twitter:data1\" content=\"14 minutter\" \/>\n<script type=\"application\/ld+json\" class=\"yoast-schema-graph\">{\"@context\":\"https:\\\/\\\/schema.org\",\"@graph\":[{\"@type\":\"WebPage\",\"@id\":\"https:\\\/\\\/www.le34.dk\\\/da\\\/ekspropriation-til-erstatningsnatur-ved-nees\\\/\",\"url\":\"https:\\\/\\\/www.le34.dk\\\/da\\\/ekspropriation-til-erstatningsnatur-ved-nees\\\/\",\"name\":\"Ekspropriation til erstatningsnatur ved Nees\",\"isPartOf\":{\"@id\":\"https:\\\/\\\/www.le34.dk\\\/da\\\/#website\"},\"datePublished\":\"2025-09-05T10:24:15+00:00\",\"dateModified\":\"2025-09-09T09:46:07+00:00\",\"breadcrumb\":{\"@id\":\"https:\\\/\\\/www.le34.dk\\\/da\\\/ekspropriation-til-erstatningsnatur-ved-nees\\\/#breadcrumb\"},\"inLanguage\":\"da-DK\",\"potentialAction\":[{\"@type\":\"ReadAction\",\"target\":[\"https:\\\/\\\/www.le34.dk\\\/da\\\/ekspropriation-til-erstatningsnatur-ved-nees\\\/\"]}]},{\"@type\":\"BreadcrumbList\",\"@id\":\"https:\\\/\\\/www.le34.dk\\\/da\\\/ekspropriation-til-erstatningsnatur-ved-nees\\\/#breadcrumb\",\"itemListElement\":[{\"@type\":\"ListItem\",\"position\":1,\"name\":\"Home\",\"item\":\"https:\\\/\\\/www.le34.dk\\\/da\\\/\"},{\"@type\":\"ListItem\",\"position\":2,\"name\":\"Ekspropriation til erstatningsnatur ved Nees\"}]},{\"@type\":\"WebSite\",\"@id\":\"https:\\\/\\\/www.le34.dk\\\/da\\\/#website\",\"url\":\"https:\\\/\\\/www.le34.dk\\\/da\\\/\",\"name\":\"LE34\",\"description\":\"\",\"potentialAction\":[{\"@type\":\"SearchAction\",\"target\":{\"@type\":\"EntryPoint\",\"urlTemplate\":\"https:\\\/\\\/www.le34.dk\\\/da\\\/?s={search_term_string}\"},\"query-input\":{\"@type\":\"PropertyValueSpecification\",\"valueRequired\":true,\"valueName\":\"search_term_string\"}}],\"inLanguage\":\"da-DK\"}]}<\/script>\n<!-- \/ Yoast SEO plugin. -->","yoast_head_json":{"title":"Ekspropriation til erstatningsnatur ved Nees","robots":{"index":"index","follow":"follow","max-snippet":"max-snippet:-1","max-image-preview":"max-image-preview:large","max-video-preview":"max-video-preview:-1"},"canonical":"https:\/\/www.le34.dk\/da\/ekspropriation-til-erstatningsnatur-ved-nees\/","og_locale":"da_DK","og_type":"article","og_title":"Ekspropriation til erstatningsnatur ved Nees","og_description":"10.09.2025 Tilpasningen af H\u00f8vs\u00f8re Testcenter i form af blandt andet h\u00f8jere vindm\u00f8ller og placering af m\u00e5le-master betyder en negativ p\u00e5virkning af Natura 2000-omr\u00e5det ved Nissum Fjord. Det skyldes blandt andet, at fuglearter bliver fortr\u00e6ngt fra omr\u00e5det, og der bliver \u00f8get kollisionsrisiko for fugle. Dette er uforeneligt med Natura 2000-planens m\u00e5ls\u00e6tning om stabile eller stigende arealer [&hellip;]","og_url":"https:\/\/www.le34.dk\/da\/ekspropriation-til-erstatningsnatur-ved-nees\/","og_site_name":"LE34","article_modified_time":"2025-09-09T09:46:07+00:00","twitter_card":"summary_large_image","twitter_misc":{"Estimeret l\u00e6setid":"14 minutter"},"schema":{"@context":"https:\/\/schema.org","@graph":[{"@type":"WebPage","@id":"https:\/\/www.le34.dk\/da\/ekspropriation-til-erstatningsnatur-ved-nees\/","url":"https:\/\/www.le34.dk\/da\/ekspropriation-til-erstatningsnatur-ved-nees\/","name":"Ekspropriation til erstatningsnatur ved Nees","isPartOf":{"@id":"https:\/\/www.le34.dk\/da\/#website"},"datePublished":"2025-09-05T10:24:15+00:00","dateModified":"2025-09-09T09:46:07+00:00","breadcrumb":{"@id":"https:\/\/www.le34.dk\/da\/ekspropriation-til-erstatningsnatur-ved-nees\/#breadcrumb"},"inLanguage":"da-DK","potentialAction":[{"@type":"ReadAction","target":["https:\/\/www.le34.dk\/da\/ekspropriation-til-erstatningsnatur-ved-nees\/"]}]},{"@type":"BreadcrumbList","@id":"https:\/\/www.le34.dk\/da\/ekspropriation-til-erstatningsnatur-ved-nees\/#breadcrumb","itemListElement":[{"@type":"ListItem","position":1,"name":"Home","item":"https:\/\/www.le34.dk\/da\/"},{"@type":"ListItem","position":2,"name":"Ekspropriation til erstatningsnatur ved Nees"}]},{"@type":"WebSite","@id":"https:\/\/www.le34.dk\/da\/#website","url":"https:\/\/www.le34.dk\/da\/","name":"LE34","description":"","potentialAction":[{"@type":"SearchAction","target":{"@type":"EntryPoint","urlTemplate":"https:\/\/www.le34.dk\/da\/?s={search_term_string}"},"query-input":{"@type":"PropertyValueSpecification","valueRequired":true,"valueName":"search_term_string"}}],"inLanguage":"da-DK"}]}},"_links":{"self":[{"href":"https:\/\/www.le34.dk\/da\/wp-json\/wp\/v2\/pages\/18741","targetHints":{"allow":["GET"]}}],"collection":[{"href":"https:\/\/www.le34.dk\/da\/wp-json\/wp\/v2\/pages"}],"about":[{"href":"https:\/\/www.le34.dk\/da\/wp-json\/wp\/v2\/types\/page"}],"author":[{"embeddable":true,"href":"https:\/\/www.le34.dk\/da\/wp-json\/wp\/v2\/users\/11"}],"replies":[{"embeddable":true,"href":"https:\/\/www.le34.dk\/da\/wp-json\/wp\/v2\/comments?post=18741"}],"version-history":[{"count":48,"href":"https:\/\/www.le34.dk\/da\/wp-json\/wp\/v2\/pages\/18741\/revisions"}],"predecessor-version":[{"id":18943,"href":"https:\/\/www.le34.dk\/da\/wp-json\/wp\/v2\/pages\/18741\/revisions\/18943"}],"wp:attachment":[{"href":"https:\/\/www.le34.dk\/da\/wp-json\/wp\/v2\/media?parent=18741"}],"curies":[{"name":"wp","href":"https:\/\/api.w.org\/{rel}","templated":true}]}}