{"id":1869,"date":"2021-01-28T10:26:53","date_gmt":"2021-01-28T10:26:53","guid":{"rendered":"https:\/\/www.le34.dk\/vi-har-faet-voksevaerk-it34\/"},"modified":"2024-01-15T15:03:15","modified_gmt":"2024-01-15T15:03:15","slug":"vi-har-faet-voksevaerk-it34","status":"publish","type":"page","link":"https:\/\/www.le34.dk\/da\/vi-har-faet-voksevaerk-it34\/","title":{"rendered":"Vi har f\u00e5et voksev\u00e6rk: IT34 A\/S samler hele pakken"},"content":{"rendered":"<p>20.01.2021<br \/>\nEfter stor succes med it-l\u00f8sninger, lancerer vi nu vores eget it-selskab.<\/p>\n<p>Hele pakken samlet \u00e9t sted<br \/>\nIT34 A\/S er en ny it-forretning, der er en del af Danmarks st\u00f8rste landinspekt\u00f8rfirma, LE34, som dermed ogs\u00e5 bliver en stor akt\u00f8r inden for it-branchen. Med kombinationen af it-infrastruktur, it-r\u00e5dgivnings- og udviklingskompetencer samt kortdatakompetencer kan IT34 udvikle og levere avancerede it-l\u00f8sninger i sin helhed. IT34 bliver en betydelig spiller indenfor teknisk it med 45 medarbejdere fordelt p\u00e5 8 kontorer, heraf et i Sverige.<br \/>\nGennem de seneste \u00e5r har it-delen fyldt en st\u00f8rre og st\u00f8rre del af LE34\u2019s l\u00f8sninger inden for geografiske informationssystemer og kortdata. Nu samler vi LE34\u2019s og Invodan IT\u2019s it-kompetencer med traditionel it-infrastruktur, driftssupport og datahosting i IT34 A\/S.<br \/>\nIT34 tilbyder hele pakken, og vi vil derfor ogs\u00e5 v\u00e6re attraktive for kunder, der udelukkende har behov for klassiske it-l\u00f8sninger.<br \/>\n\u00a0<\/p>\n<p>Frank Rasmussen, forretningsansvarlig IT34<br \/>\n\u201cN\u00e5r man forener hardcore udviklingskompetencer, IT-kompetencer og GIS-kompetencer, sker der noget virkelig sp\u00e6ndende. Vores viden om stedf\u00e6stede data er baggrunden. Vores brugeres behov er drivkraften. Og med vores IT-kompetencer bliver nye, meningsfulde helhedsl\u00f8sninger mulige.\u201d<\/p>\n<p>Vel\u00ade\u00adtab\u00adle\u00adret sam\u00adar\u00adbej\u00adde<br \/>\nFrank Rasmussen og Sean Knowlton har indtil nu v\u00e6ret direkt\u00f8rer i Invodan IT, der har h\u00e5ndteret it og udvikling p\u00e5 blandt andet LE34\u2019s it-projekter gennem de seneste syv \u00e5r. Fremadrettet bliver Invodan IT en del af IT34, med lokale afdelinger i forbindelse med LE34\u2019s kontorer i Aarhus, Aalborg, K\u00f8benhavn, Odense, Ringsted, Viborg, N\u00f8rre Alslev og G\u00f6teborg.<\/p>\n<p>Sean Knowlton, kundeansvarlig IT34<br \/>\n\u201cDet er et veletableret samarbejde, der forts\u00e6tter i IT34, men vores kunder kommer samtidig til at opleve os som endnu mere str\u00f8mlinede og effektive, fordi vi er samlet i en og samme forretning.\u201d<\/p>\n<p>It-tun\u00adge l\u00f8s\u00adnin\u00adger byg\u00adget p\u00e5 eks\u00adper\u00adti\u00adse i geo\u00adgra\u00adfi\u00adske data<br \/>\nBlandt de it-tunge l\u00f8sninger, som LE34 har udviklet, der nu overg\u00e5r til IT34, er appen SmartSurvey\u2122, der omdanner simple videoer til detaljerede 3D-modeller, og PointView\u2122, der udstiller data fra eksempelvis vejnettet med s\u00e5 h\u00f8j pr\u00e6cision, at kommuner og ingeni\u00f8rer kan bruge dem til at projektere nye infrastrukturprojekter og vedligeholdelse af veje. Med softwaren PointView\u2122 er det nemt at h\u00e5ndtere de enorme datam\u00e6ngder og foretage opm\u00e5linger direkte p\u00e5 en almindelig pc.<br \/>\nVi har allerede udviklet en r\u00e6kke it-l\u00f8sninger, som b\u00e5de offentlige og private kunder har gavn af, s\u00e5 i den forstand tager IT34 en flyvende start. En af de l\u00f8sninger, vi har udviklet meget p\u00e5 gennem de seneste \u00e5r, er opgavestyring til kommunerne, som er en af vores vigtige kundegrupper.<br \/>\nMange danske kommuner bruger allerede appen Borgertip\u2122, der g\u00f8r det nemt at indberette et hul i vejen eller et v\u00e6ltet tr\u00e6 til kommunen. Det har vi videreudviklet i systemet WorkDone\u2122, hvor opgavel\u00f8sning automatiseres, idet systemet ud fra givne regler for eksempel selv tager stilling til og prioriterer opgaver.<\/p>\n<p>L\u00e6s mere p\u00e5 IT34.com<\/p>\n<p>F\u00e5 mere at vide<\/p>\n<p>Frank Rasmussen<br \/>\nSean Knowlton<\/p>\n","protected":false},"excerpt":{"rendered":"<p>20.01.2021 Efter stor succes med it-l\u00f8sninger, lancerer vi nu vores eget it-selskab. Hele pakken samlet \u00e9t sted IT34 A\/S er en ny it-forretning, der er en del af Danmarks st\u00f8rste landinspekt\u00f8rfirma, LE34, som dermed ogs\u00e5 bliver en stor akt\u00f8r inden for it-branchen. Med kombinationen af it-infrastruktur, it-r\u00e5dgivnings- og udviklingskompetencer samt kortdatakompetencer kan IT34 udvikle og [&hellip;]<\/p>\n","protected":false},"author":3,"featured_media":0,"parent":0,"menu_order":0,"comment_status":"closed","ping_status":"closed","template":"","meta":{"_acf_changed":false,"footnotes":""},"class_list":["post-1869","page","type-page","status-publish","hentry"],"acf":[],"yoast_head":"<!-- This site is optimized with the Yoast SEO plugin v27.6 - https:\/\/yoast.com\/product\/yoast-seo-wordpress\/ -->\n<title>Vi har f\u00e5et voksev\u00e6rk: IT34 A\/S samler hele pakken - LE34<\/title>\n<meta name=\"robots\" content=\"index, follow, max-snippet:-1, max-image-preview:large, max-video-preview:-1\" \/>\n<link rel=\"canonical\" href=\"https:\/\/www.le34.dk\/da\/vi-har-faet-voksevaerk-it34\/\" \/>\n<meta property=\"og:locale\" content=\"da_DK\" \/>\n<meta property=\"og:type\" content=\"article\" \/>\n<meta property=\"og:title\" content=\"Vi har f\u00e5et voksev\u00e6rk: IT34 A\/S samler hele pakken - LE34\" \/>\n<meta property=\"og:description\" content=\"20.01.2021 Efter stor succes med it-l\u00f8sninger, lancerer vi nu vores eget it-selskab. Hele pakken samlet \u00e9t sted IT34 A\/S er en ny it-forretning, der er en del af Danmarks st\u00f8rste landinspekt\u00f8rfirma, LE34, som dermed ogs\u00e5 bliver en stor akt\u00f8r inden for it-branchen. Med kombinationen af it-infrastruktur, it-r\u00e5dgivnings- og udviklingskompetencer samt kortdatakompetencer kan IT34 udvikle og [&hellip;]\" \/>\n<meta property=\"og:url\" content=\"https:\/\/www.le34.dk\/da\/vi-har-faet-voksevaerk-it34\/\" \/>\n<meta property=\"og:site_name\" content=\"LE34\" \/>\n<meta property=\"article:modified_time\" content=\"2024-01-15T15:03:15+00:00\" \/>\n<meta name=\"twitter:card\" content=\"summary_large_image\" \/>\n<meta name=\"twitter:label1\" content=\"Estimeret l\u00e6setid\" \/>\n\t<meta name=\"twitter:data1\" content=\"3 minutter\" \/>\n<script type=\"application\/ld+json\" class=\"yoast-schema-graph\">{\"@context\":\"https:\\\/\\\/schema.org\",\"@graph\":[{\"@type\":\"WebPage\",\"@id\":\"https:\\\/\\\/www.le34.dk\\\/da\\\/vi-har-faet-voksevaerk-it34\\\/\",\"url\":\"https:\\\/\\\/www.le34.dk\\\/da\\\/vi-har-faet-voksevaerk-it34\\\/\",\"name\":\"Vi har f\u00e5et voksev\u00e6rk: IT34 A\\\/S samler hele pakken - LE34\",\"isPartOf\":{\"@id\":\"https:\\\/\\\/www.le34.dk\\\/da\\\/#website\"},\"datePublished\":\"2021-01-28T10:26:53+00:00\",\"dateModified\":\"2024-01-15T15:03:15+00:00\",\"breadcrumb\":{\"@id\":\"https:\\\/\\\/www.le34.dk\\\/da\\\/vi-har-faet-voksevaerk-it34\\\/#breadcrumb\"},\"inLanguage\":\"da-DK\",\"potentialAction\":[{\"@type\":\"ReadAction\",\"target\":[\"https:\\\/\\\/www.le34.dk\\\/da\\\/vi-har-faet-voksevaerk-it34\\\/\"]}]},{\"@type\":\"BreadcrumbList\",\"@id\":\"https:\\\/\\\/www.le34.dk\\\/da\\\/vi-har-faet-voksevaerk-it34\\\/#breadcrumb\",\"itemListElement\":[{\"@type\":\"ListItem\",\"position\":1,\"name\":\"Home\",\"item\":\"https:\\\/\\\/www.le34.dk\\\/da\\\/\"},{\"@type\":\"ListItem\",\"position\":2,\"name\":\"Vi har f\u00e5et voksev\u00e6rk: IT34 A\\\/S samler hele pakken\"}]},{\"@type\":\"WebSite\",\"@id\":\"https:\\\/\\\/www.le34.dk\\\/da\\\/#website\",\"url\":\"https:\\\/\\\/www.le34.dk\\\/da\\\/\",\"name\":\"LE34\",\"description\":\"\",\"potentialAction\":[{\"@type\":\"SearchAction\",\"target\":{\"@type\":\"EntryPoint\",\"urlTemplate\":\"https:\\\/\\\/www.le34.dk\\\/da\\\/?s={search_term_string}\"},\"query-input\":{\"@type\":\"PropertyValueSpecification\",\"valueRequired\":true,\"valueName\":\"search_term_string\"}}],\"inLanguage\":\"da-DK\"}]}<\/script>\n<!-- \/ Yoast SEO plugin. -->","yoast_head_json":{"title":"Vi har f\u00e5et voksev\u00e6rk: IT34 A\/S samler hele pakken - LE34","robots":{"index":"index","follow":"follow","max-snippet":"max-snippet:-1","max-image-preview":"max-image-preview:large","max-video-preview":"max-video-preview:-1"},"canonical":"https:\/\/www.le34.dk\/da\/vi-har-faet-voksevaerk-it34\/","og_locale":"da_DK","og_type":"article","og_title":"Vi har f\u00e5et voksev\u00e6rk: IT34 A\/S samler hele pakken - LE34","og_description":"20.01.2021 Efter stor succes med it-l\u00f8sninger, lancerer vi nu vores eget it-selskab. Hele pakken samlet \u00e9t sted IT34 A\/S er en ny it-forretning, der er en del af Danmarks st\u00f8rste landinspekt\u00f8rfirma, LE34, som dermed ogs\u00e5 bliver en stor akt\u00f8r inden for it-branchen. Med kombinationen af it-infrastruktur, it-r\u00e5dgivnings- og udviklingskompetencer samt kortdatakompetencer kan IT34 udvikle og [&hellip;]","og_url":"https:\/\/www.le34.dk\/da\/vi-har-faet-voksevaerk-it34\/","og_site_name":"LE34","article_modified_time":"2024-01-15T15:03:15+00:00","twitter_card":"summary_large_image","twitter_misc":{"Estimeret l\u00e6setid":"3 minutter"},"schema":{"@context":"https:\/\/schema.org","@graph":[{"@type":"WebPage","@id":"https:\/\/www.le34.dk\/da\/vi-har-faet-voksevaerk-it34\/","url":"https:\/\/www.le34.dk\/da\/vi-har-faet-voksevaerk-it34\/","name":"Vi har f\u00e5et voksev\u00e6rk: IT34 A\/S samler hele pakken - LE34","isPartOf":{"@id":"https:\/\/www.le34.dk\/da\/#website"},"datePublished":"2021-01-28T10:26:53+00:00","dateModified":"2024-01-15T15:03:15+00:00","breadcrumb":{"@id":"https:\/\/www.le34.dk\/da\/vi-har-faet-voksevaerk-it34\/#breadcrumb"},"inLanguage":"da-DK","potentialAction":[{"@type":"ReadAction","target":["https:\/\/www.le34.dk\/da\/vi-har-faet-voksevaerk-it34\/"]}]},{"@type":"BreadcrumbList","@id":"https:\/\/www.le34.dk\/da\/vi-har-faet-voksevaerk-it34\/#breadcrumb","itemListElement":[{"@type":"ListItem","position":1,"name":"Home","item":"https:\/\/www.le34.dk\/da\/"},{"@type":"ListItem","position":2,"name":"Vi har f\u00e5et voksev\u00e6rk: IT34 A\/S samler hele pakken"}]},{"@type":"WebSite","@id":"https:\/\/www.le34.dk\/da\/#website","url":"https:\/\/www.le34.dk\/da\/","name":"LE34","description":"","potentialAction":[{"@type":"SearchAction","target":{"@type":"EntryPoint","urlTemplate":"https:\/\/www.le34.dk\/da\/?s={search_term_string}"},"query-input":{"@type":"PropertyValueSpecification","valueRequired":true,"valueName":"search_term_string"}}],"inLanguage":"da-DK"}]}},"_links":{"self":[{"href":"https:\/\/www.le34.dk\/da\/wp-json\/wp\/v2\/pages\/1869","targetHints":{"allow":["GET"]}}],"collection":[{"href":"https:\/\/www.le34.dk\/da\/wp-json\/wp\/v2\/pages"}],"about":[{"href":"https:\/\/www.le34.dk\/da\/wp-json\/wp\/v2\/types\/page"}],"author":[{"embeddable":true,"href":"https:\/\/www.le34.dk\/da\/wp-json\/wp\/v2\/users\/3"}],"replies":[{"embeddable":true,"href":"https:\/\/www.le34.dk\/da\/wp-json\/wp\/v2\/comments?post=1869"}],"version-history":[{"count":1,"href":"https:\/\/www.le34.dk\/da\/wp-json\/wp\/v2\/pages\/1869\/revisions"}],"predecessor-version":[{"id":13529,"href":"https:\/\/www.le34.dk\/da\/wp-json\/wp\/v2\/pages\/1869\/revisions\/13529"}],"wp:attachment":[{"href":"https:\/\/www.le34.dk\/da\/wp-json\/wp\/v2\/media?parent=1869"}],"curies":[{"name":"wp","href":"https:\/\/api.w.org\/{rel}","templated":true}]}}