{"id":18623,"date":"2025-07-11T19:57:13","date_gmt":"2025-07-11T19:57:13","guid":{"rendered":"https:\/\/www.le34.dk\/?page_id=18623"},"modified":"2025-07-11T19:57:13","modified_gmt":"2025-07-11T19:57:13","slug":"grundlaeggende-forstaaelse-for-matrikulaert-arbejde","status":"publish","type":"page","link":"https:\/\/www.le34.dk\/da\/grundlaeggende-forstaaelse-for-matrikulaert-arbejde\/","title":{"rendered":"Grundl\u00e6ggende forst\u00e5else for matrikul\u00e6rt arbejde"},"content":{"rendered":"<p>Kontakt os<\/p>\n<p>Kristian Kirstein Severinsen, Landinspekt\u00f8r, LE34:<br \/>\n\u201cVi oplever ofte, at det matrikul\u00e6re omr\u00e5de bliver opfattet som sv\u00e6rt og teknisk \u2013 men med den rette forst\u00e5else bliver det et v\u00e6rdifuldt redskab i hverdagen.\u201d<\/p>\n<p>Dette f\u00e5r du med<\/p>\n<p>\u2022 Indblik i, hvordan det matrikul\u00e6re system er opbygget<br \/>\n\u2022 Viden om forskellen p\u00e5 juridiske skel, ortofoto og tekniske kort<br \/>\n\u2022 Forst\u00e5else for, hvordan skel retableres og dokumenteres<\/p>\n<p>Dette kan du efter kurset<\/p>\n<p>\u2022 Forst\u00e5 og anvende matrikelkort og ortofotos korrekt<br \/>\n\u2022 Skelne mellem administrative og tekniske kortdata<br \/>\n\u2022 Bedre kommunikere med landinspekt\u00f8rer og borgere om skel og ejendomsgr\u00e6nser<\/p>\n<p>Udbytte for dig og din organisation <\/p>\n<p>Konkret, ny viden<br \/>\nDu f\u00e5r opdateret og grundl\u00e6ggende viden om matrikul\u00e6re data, skel og digitale kort, som er relevant for myndighedsarbejde og arealforvaltning.<\/p>\n<p>Oms\u00e6t viden til praksis<br \/>\nKurset g\u00f8r dig i stand til at anvende matrikul\u00e6r information sikkert og korrekt i dine daglige opgaver.<\/p>\n<p>Bedste praksis<br \/>\nDu bliver introduceret til god praksis for brug af matrikul\u00e6re data og dialog om ejendomsgr\u00e6nser, som styrker kvaliteten i din sagsbehandling.<\/p>\n<p>Indhold<br \/>\nKurset giver en praktisk introduktion til det matrikul\u00e6re grundlag og gennemg\u00e5r begreber som matrikelkort, skel, m\u00e5leblade og ortofoto. Du l\u00e6rer, hvordan data bliver til, og hvordan de anvendes i praksis i teknisk og administrativt arbejde.<\/p>\n<p>Det praktiske<br \/>\nKurset kan v\u00e6re et fysisk halv- eller heldagskursus med fokus p\u00e5 gruppeopgaver og praktiske eksempler. Det kan bestilles og tilpasses efter jeres behov, s\u00e5 det matcher jeres specifikke udfordringer og \u00f8nsker.<\/p>\n<p>Kontakt os<\/p>\n<p>M\u00f8d din underviser<\/p>\n<p>Kristian Kirstein Severinsen<\/p>\n","protected":false},"excerpt":{"rendered":"<p>Kontakt os Kristian Kirstein Severinsen, Landinspekt\u00f8r, LE34: \u201cVi oplever ofte, at det matrikul\u00e6re omr\u00e5de bliver opfattet som sv\u00e6rt og teknisk \u2013 men med den rette forst\u00e5else bliver det et v\u00e6rdifuldt redskab i hverdagen.\u201d Dette f\u00e5r du med \u2022 Indblik i, hvordan det matrikul\u00e6re system er opbygget \u2022 Viden om forskellen p\u00e5 juridiske skel, ortofoto og [&hellip;]<\/p>\n","protected":false},"author":11,"featured_media":0,"parent":0,"menu_order":0,"comment_status":"closed","ping_status":"closed","template":"","meta":{"_acf_changed":false,"footnotes":""},"class_list":["post-18623","page","type-page","status-publish","hentry"],"acf":[],"yoast_head":"<!-- This site is optimized with the Yoast SEO plugin v27.5 - https:\/\/yoast.com\/product\/yoast-seo-wordpress\/ -->\n<title>Grundl\u00e6ggende forst\u00e5else for matrikul\u00e6rt arbejde - LE34<\/title>\n<meta name=\"description\" content=\"F\u00e5 styr p\u00e5 det matrikul\u00e6re system og l\u00e6r at anvende matrikul\u00e6re data korrekt i dit daglige arbejde.\" \/>\n<meta name=\"robots\" content=\"index, follow, max-snippet:-1, max-image-preview:large, max-video-preview:-1\" \/>\n<link rel=\"canonical\" href=\"https:\/\/www.le34.dk\/da\/grundlaeggende-forstaaelse-for-matrikulaert-arbejde\/\" \/>\n<meta property=\"og:locale\" content=\"da_DK\" \/>\n<meta property=\"og:type\" content=\"article\" \/>\n<meta property=\"og:title\" content=\"Grundl\u00e6ggende forst\u00e5else for matrikul\u00e6rt arbejde - LE34\" \/>\n<meta property=\"og:description\" content=\"Kontakt os Kristian Kirstein Severinsen, Landinspekt\u00f8r, LE34: \u201cVi oplever ofte, at det matrikul\u00e6re omr\u00e5de bliver opfattet som sv\u00e6rt og teknisk \u2013 men med den rette forst\u00e5else bliver det et v\u00e6rdifuldt redskab i hverdagen.\u201d Dette f\u00e5r du med \u2022 Indblik i, hvordan det matrikul\u00e6re system er opbygget \u2022 Viden om forskellen p\u00e5 juridiske skel, ortofoto og [&hellip;]\" \/>\n<meta property=\"og:url\" content=\"https:\/\/www.le34.dk\/da\/grundlaeggende-forstaaelse-for-matrikulaert-arbejde\/\" \/>\n<meta property=\"og:site_name\" content=\"LE34\" \/>\n<meta name=\"twitter:card\" content=\"summary_large_image\" \/>\n<meta name=\"twitter:label1\" content=\"Estimeret l\u00e6setid\" \/>\n\t<meta name=\"twitter:data1\" content=\"4 minutter\" \/>\n<script type=\"application\/ld+json\" class=\"yoast-schema-graph\">{\"@context\":\"https:\\\/\\\/schema.org\",\"@graph\":[{\"@type\":\"WebPage\",\"@id\":\"https:\\\/\\\/www.le34.dk\\\/da\\\/grundlaeggende-forstaaelse-for-matrikulaert-arbejde\\\/\",\"url\":\"https:\\\/\\\/www.le34.dk\\\/da\\\/grundlaeggende-forstaaelse-for-matrikulaert-arbejde\\\/\",\"name\":\"Grundl\u00e6ggende forst\u00e5else for matrikul\u00e6rt arbejde - LE34\",\"isPartOf\":{\"@id\":\"https:\\\/\\\/www.le34.dk\\\/da\\\/#website\"},\"datePublished\":\"2025-07-11T19:57:13+00:00\",\"breadcrumb\":{\"@id\":\"https:\\\/\\\/www.le34.dk\\\/da\\\/grundlaeggende-forstaaelse-for-matrikulaert-arbejde\\\/#breadcrumb\"},\"inLanguage\":\"da-DK\",\"potentialAction\":[{\"@type\":\"ReadAction\",\"target\":[\"https:\\\/\\\/www.le34.dk\\\/da\\\/grundlaeggende-forstaaelse-for-matrikulaert-arbejde\\\/\"]}]},{\"@type\":\"BreadcrumbList\",\"@id\":\"https:\\\/\\\/www.le34.dk\\\/da\\\/grundlaeggende-forstaaelse-for-matrikulaert-arbejde\\\/#breadcrumb\",\"itemListElement\":[{\"@type\":\"ListItem\",\"position\":1,\"name\":\"Home\",\"item\":\"https:\\\/\\\/www.le34.dk\\\/da\\\/\"},{\"@type\":\"ListItem\",\"position\":2,\"name\":\"Grundl\u00e6ggende forst\u00e5else for matrikul\u00e6rt arbejde\"}]},{\"@type\":\"WebSite\",\"@id\":\"https:\\\/\\\/www.le34.dk\\\/da\\\/#website\",\"url\":\"https:\\\/\\\/www.le34.dk\\\/da\\\/\",\"name\":\"LE34\",\"description\":\"\",\"potentialAction\":[{\"@type\":\"SearchAction\",\"target\":{\"@type\":\"EntryPoint\",\"urlTemplate\":\"https:\\\/\\\/www.le34.dk\\\/da\\\/?s={search_term_string}\"},\"query-input\":{\"@type\":\"PropertyValueSpecification\",\"valueRequired\":true,\"valueName\":\"search_term_string\"}}],\"inLanguage\":\"da-DK\"}]}<\/script>\n<!-- \/ Yoast SEO plugin. -->","yoast_head_json":{"title":"Grundl\u00e6ggende forst\u00e5else for matrikul\u00e6rt arbejde - LE34","description":"F\u00e5 styr p\u00e5 det matrikul\u00e6re system og l\u00e6r at anvende matrikul\u00e6re data korrekt i dit daglige arbejde.","robots":{"index":"index","follow":"follow","max-snippet":"max-snippet:-1","max-image-preview":"max-image-preview:large","max-video-preview":"max-video-preview:-1"},"canonical":"https:\/\/www.le34.dk\/da\/grundlaeggende-forstaaelse-for-matrikulaert-arbejde\/","og_locale":"da_DK","og_type":"article","og_title":"Grundl\u00e6ggende forst\u00e5else for matrikul\u00e6rt arbejde - LE34","og_description":"Kontakt os Kristian Kirstein Severinsen, Landinspekt\u00f8r, LE34: \u201cVi oplever ofte, at det matrikul\u00e6re omr\u00e5de bliver opfattet som sv\u00e6rt og teknisk \u2013 men med den rette forst\u00e5else bliver det et v\u00e6rdifuldt redskab i hverdagen.\u201d Dette f\u00e5r du med \u2022 Indblik i, hvordan det matrikul\u00e6re system er opbygget \u2022 Viden om forskellen p\u00e5 juridiske skel, ortofoto og [&hellip;]","og_url":"https:\/\/www.le34.dk\/da\/grundlaeggende-forstaaelse-for-matrikulaert-arbejde\/","og_site_name":"LE34","twitter_card":"summary_large_image","twitter_misc":{"Estimeret l\u00e6setid":"4 minutter"},"schema":{"@context":"https:\/\/schema.org","@graph":[{"@type":"WebPage","@id":"https:\/\/www.le34.dk\/da\/grundlaeggende-forstaaelse-for-matrikulaert-arbejde\/","url":"https:\/\/www.le34.dk\/da\/grundlaeggende-forstaaelse-for-matrikulaert-arbejde\/","name":"Grundl\u00e6ggende forst\u00e5else for matrikul\u00e6rt arbejde - LE34","isPartOf":{"@id":"https:\/\/www.le34.dk\/da\/#website"},"datePublished":"2025-07-11T19:57:13+00:00","breadcrumb":{"@id":"https:\/\/www.le34.dk\/da\/grundlaeggende-forstaaelse-for-matrikulaert-arbejde\/#breadcrumb"},"inLanguage":"da-DK","potentialAction":[{"@type":"ReadAction","target":["https:\/\/www.le34.dk\/da\/grundlaeggende-forstaaelse-for-matrikulaert-arbejde\/"]}]},{"@type":"BreadcrumbList","@id":"https:\/\/www.le34.dk\/da\/grundlaeggende-forstaaelse-for-matrikulaert-arbejde\/#breadcrumb","itemListElement":[{"@type":"ListItem","position":1,"name":"Home","item":"https:\/\/www.le34.dk\/da\/"},{"@type":"ListItem","position":2,"name":"Grundl\u00e6ggende forst\u00e5else for matrikul\u00e6rt arbejde"}]},{"@type":"WebSite","@id":"https:\/\/www.le34.dk\/da\/#website","url":"https:\/\/www.le34.dk\/da\/","name":"LE34","description":"","potentialAction":[{"@type":"SearchAction","target":{"@type":"EntryPoint","urlTemplate":"https:\/\/www.le34.dk\/da\/?s={search_term_string}"},"query-input":{"@type":"PropertyValueSpecification","valueRequired":true,"valueName":"search_term_string"}}],"inLanguage":"da-DK"}]}},"_links":{"self":[{"href":"https:\/\/www.le34.dk\/da\/wp-json\/wp\/v2\/pages\/18623","targetHints":{"allow":["GET"]}}],"collection":[{"href":"https:\/\/www.le34.dk\/da\/wp-json\/wp\/v2\/pages"}],"about":[{"href":"https:\/\/www.le34.dk\/da\/wp-json\/wp\/v2\/types\/page"}],"author":[{"embeddable":true,"href":"https:\/\/www.le34.dk\/da\/wp-json\/wp\/v2\/users\/11"}],"replies":[{"embeddable":true,"href":"https:\/\/www.le34.dk\/da\/wp-json\/wp\/v2\/comments?post=18623"}],"version-history":[{"count":5,"href":"https:\/\/www.le34.dk\/da\/wp-json\/wp\/v2\/pages\/18623\/revisions"}],"predecessor-version":[{"id":18631,"href":"https:\/\/www.le34.dk\/da\/wp-json\/wp\/v2\/pages\/18623\/revisions\/18631"}],"wp:attachment":[{"href":"https:\/\/www.le34.dk\/da\/wp-json\/wp\/v2\/media?parent=18623"}],"curies":[{"name":"wp","href":"https:\/\/api.w.org\/{rel}","templated":true}]}}