{"id":18561,"date":"2025-07-09T09:09:11","date_gmt":"2025-07-09T09:09:11","guid":{"rendered":"https:\/\/www.le34.dk\/?page_id=18561"},"modified":"2025-07-11T20:06:49","modified_gmt":"2025-07-11T20:06:49","slug":"effektiv-anvendelse-af-qgis-i-praksis","status":"publish","type":"page","link":"https:\/\/www.le34.dk\/da\/effektiv-anvendelse-af-qgis-i-praksis\/","title":{"rendered":"Effektiv anvendelse af QGIS i praksis"},"content":{"rendered":"<p>Kontakt os<\/p>\n<p>Merete Landberg Grandjean, Landinspekt\u00f8r og GIS-konsulent, IT34:<br \/>\n\u201cKurset giver dig en praktisk indf\u00f8ring i de vigtigste QGIS-funktioner \u2013 med fokus p\u00e5 dine egne opgaver og arbejdsgange.\u201d<\/p>\n<p>Dette f\u00e5r du med<\/p>\n<p>\u2022 Gennemgang af nyttige plugins og dataformater (WFS, WMS, shapefiler, CAD m.m.)<br \/>\n\u2022 Praktisk tr\u00e6ning i digitalisering, kortops\u00e6tning og datavisualisering<br \/>\n\u2022 Mulighed for at arbejde med dine egne QGIS-udfordringer<\/p>\n<p>Dette kan du efter kurset<\/p>\n<p>\u2022 Tilf\u00f8je og h\u00e5ndtere forskellige datatyper og -lag i QGIS<br \/>\n\u2022 Ops\u00e6tte egne lag, kortlayout og digitale arbejdsgange effektivt<br \/>\n\u2022 Bruge avancerede digitaliserings- og kontrolfunktioner i praksis<\/p>\n<p>Udbytte for dig og din organisation <\/p>\n<p>Konkret, ny viden<br \/>\nDu l\u00e6rer, hvordan du tilf\u00f8jer og anvender data fra fx Arealinfo, Datafordeleren og CAD, og hvordan du bruger genvejstaster, scratchlag, styling og skabeloner i det daglige arbejde.<\/p>\n<p>Oms\u00e6t viden til praksis<br \/>\nVi arbejder konkret med dine egne data og problemstillinger \u2013 det g\u00f8r l\u00e6ringen direkte anvendelig i dine projekter, allerede dagen efter kurset.<\/p>\n<p>Bedste praksis<br \/>\nDu bliver introduceret til effektive arbejdsgange, kortops\u00e6tning og digitale redskaber, der sikrer konsistens og kvalitet i dine GIS-leverancer.<\/p>\n<p>Indhold<br \/>\nKurset giver dig praktisk viden om datatilf\u00f8jelse, digitalisering, kortlayout og kontrol i QGIS. Du l\u00e6rer at arbejde med plugins, lagtyper, snap-funktioner, kortdesign og dine egne GIS-problemstillinger.<\/p>\n<p>Det praktiske<br \/>\nKurset kan v\u00e6re et fysisk halv- eller heldagskursus med fokus p\u00e5 gruppeopgaver og praktiske eksempler. Det kan bestilles og tilpasses efter jeres behov, s\u00e5 det matcher jeres specifikke udfordringer og \u00f8nsker.<\/p>\n<p>Kontakt os<\/p>\n<p>M\u00f8d din underviser<\/p>\n<p>Merete Landberg Grandjean<br \/>\nKim Verup<br \/>\nNiels Lundbye-Christensen<br \/>\nMette Drachmann H\u00f8ier<\/p>\n","protected":false},"excerpt":{"rendered":"<p>Kontakt os Merete Landberg Grandjean, Landinspekt\u00f8r og GIS-konsulent, IT34: \u201cKurset giver dig en praktisk indf\u00f8ring i de vigtigste QGIS-funktioner \u2013 med fokus p\u00e5 dine egne opgaver og arbejdsgange.\u201d Dette f\u00e5r du med \u2022 Gennemgang af nyttige plugins og dataformater (WFS, WMS, shapefiler, CAD m.m.) \u2022 Praktisk tr\u00e6ning i digitalisering, kortops\u00e6tning og datavisualisering \u2022 Mulighed for [&hellip;]<\/p>\n","protected":false},"author":11,"featured_media":0,"parent":0,"menu_order":0,"comment_status":"closed","ping_status":"closed","template":"","meta":{"_acf_changed":false,"footnotes":""},"class_list":["post-18561","page","type-page","status-publish","hentry"],"acf":[],"yoast_head":"<!-- This site is optimized with the Yoast SEO plugin v27.4 - https:\/\/yoast.com\/product\/yoast-seo-wordpress\/ -->\n<title>Effektiv anvendelse af QGIS i praksis - LE34<\/title>\n<meta name=\"robots\" content=\"index, follow, max-snippet:-1, max-image-preview:large, max-video-preview:-1\" \/>\n<link rel=\"canonical\" href=\"https:\/\/www.le34.dk\/da\/effektiv-anvendelse-af-qgis-i-praksis\/\" \/>\n<meta property=\"og:locale\" content=\"da_DK\" \/>\n<meta property=\"og:type\" content=\"article\" \/>\n<meta property=\"og:title\" content=\"Effektiv anvendelse af QGIS i praksis - LE34\" \/>\n<meta property=\"og:description\" content=\"Kontakt os Merete Landberg Grandjean, Landinspekt\u00f8r og GIS-konsulent, IT34: \u201cKurset giver dig en praktisk indf\u00f8ring i de vigtigste QGIS-funktioner \u2013 med fokus p\u00e5 dine egne opgaver og arbejdsgange.\u201d Dette f\u00e5r du med \u2022 Gennemgang af nyttige plugins og dataformater (WFS, WMS, shapefiler, CAD m.m.) \u2022 Praktisk tr\u00e6ning i digitalisering, kortops\u00e6tning og datavisualisering \u2022 Mulighed for [&hellip;]\" \/>\n<meta property=\"og:url\" content=\"https:\/\/www.le34.dk\/da\/effektiv-anvendelse-af-qgis-i-praksis\/\" \/>\n<meta property=\"og:site_name\" content=\"LE34\" \/>\n<meta property=\"article:modified_time\" content=\"2025-07-11T20:06:49+00:00\" \/>\n<meta name=\"twitter:card\" content=\"summary_large_image\" \/>\n<meta name=\"twitter:label1\" content=\"Estimeret l\u00e6setid\" \/>\n\t<meta name=\"twitter:data1\" content=\"4 minutter\" \/>\n<script type=\"application\/ld+json\" class=\"yoast-schema-graph\">{\"@context\":\"https:\\\/\\\/schema.org\",\"@graph\":[{\"@type\":\"WebPage\",\"@id\":\"https:\\\/\\\/www.le34.dk\\\/da\\\/effektiv-anvendelse-af-qgis-i-praksis\\\/\",\"url\":\"https:\\\/\\\/www.le34.dk\\\/da\\\/effektiv-anvendelse-af-qgis-i-praksis\\\/\",\"name\":\"Effektiv anvendelse af QGIS i praksis - LE34\",\"isPartOf\":{\"@id\":\"https:\\\/\\\/www.le34.dk\\\/da\\\/#website\"},\"datePublished\":\"2025-07-09T09:09:11+00:00\",\"dateModified\":\"2025-07-11T20:06:49+00:00\",\"breadcrumb\":{\"@id\":\"https:\\\/\\\/www.le34.dk\\\/da\\\/effektiv-anvendelse-af-qgis-i-praksis\\\/#breadcrumb\"},\"inLanguage\":\"da-DK\",\"potentialAction\":[{\"@type\":\"ReadAction\",\"target\":[\"https:\\\/\\\/www.le34.dk\\\/da\\\/effektiv-anvendelse-af-qgis-i-praksis\\\/\"]}]},{\"@type\":\"BreadcrumbList\",\"@id\":\"https:\\\/\\\/www.le34.dk\\\/da\\\/effektiv-anvendelse-af-qgis-i-praksis\\\/#breadcrumb\",\"itemListElement\":[{\"@type\":\"ListItem\",\"position\":1,\"name\":\"Home\",\"item\":\"https:\\\/\\\/www.le34.dk\\\/da\\\/\"},{\"@type\":\"ListItem\",\"position\":2,\"name\":\"Effektiv anvendelse af QGIS i praksis\"}]},{\"@type\":\"WebSite\",\"@id\":\"https:\\\/\\\/www.le34.dk\\\/da\\\/#website\",\"url\":\"https:\\\/\\\/www.le34.dk\\\/da\\\/\",\"name\":\"LE34\",\"description\":\"\",\"potentialAction\":[{\"@type\":\"SearchAction\",\"target\":{\"@type\":\"EntryPoint\",\"urlTemplate\":\"https:\\\/\\\/www.le34.dk\\\/da\\\/?s={search_term_string}\"},\"query-input\":{\"@type\":\"PropertyValueSpecification\",\"valueRequired\":true,\"valueName\":\"search_term_string\"}}],\"inLanguage\":\"da-DK\"}]}<\/script>\n<!-- \/ Yoast SEO plugin. -->","yoast_head_json":{"title":"Effektiv anvendelse af QGIS i praksis - LE34","robots":{"index":"index","follow":"follow","max-snippet":"max-snippet:-1","max-image-preview":"max-image-preview:large","max-video-preview":"max-video-preview:-1"},"canonical":"https:\/\/www.le34.dk\/da\/effektiv-anvendelse-af-qgis-i-praksis\/","og_locale":"da_DK","og_type":"article","og_title":"Effektiv anvendelse af QGIS i praksis - LE34","og_description":"Kontakt os Merete Landberg Grandjean, Landinspekt\u00f8r og GIS-konsulent, IT34: \u201cKurset giver dig en praktisk indf\u00f8ring i de vigtigste QGIS-funktioner \u2013 med fokus p\u00e5 dine egne opgaver og arbejdsgange.\u201d Dette f\u00e5r du med \u2022 Gennemgang af nyttige plugins og dataformater (WFS, WMS, shapefiler, CAD m.m.) \u2022 Praktisk tr\u00e6ning i digitalisering, kortops\u00e6tning og datavisualisering \u2022 Mulighed for [&hellip;]","og_url":"https:\/\/www.le34.dk\/da\/effektiv-anvendelse-af-qgis-i-praksis\/","og_site_name":"LE34","article_modified_time":"2025-07-11T20:06:49+00:00","twitter_card":"summary_large_image","twitter_misc":{"Estimeret l\u00e6setid":"4 minutter"},"schema":{"@context":"https:\/\/schema.org","@graph":[{"@type":"WebPage","@id":"https:\/\/www.le34.dk\/da\/effektiv-anvendelse-af-qgis-i-praksis\/","url":"https:\/\/www.le34.dk\/da\/effektiv-anvendelse-af-qgis-i-praksis\/","name":"Effektiv anvendelse af QGIS i praksis - LE34","isPartOf":{"@id":"https:\/\/www.le34.dk\/da\/#website"},"datePublished":"2025-07-09T09:09:11+00:00","dateModified":"2025-07-11T20:06:49+00:00","breadcrumb":{"@id":"https:\/\/www.le34.dk\/da\/effektiv-anvendelse-af-qgis-i-praksis\/#breadcrumb"},"inLanguage":"da-DK","potentialAction":[{"@type":"ReadAction","target":["https:\/\/www.le34.dk\/da\/effektiv-anvendelse-af-qgis-i-praksis\/"]}]},{"@type":"BreadcrumbList","@id":"https:\/\/www.le34.dk\/da\/effektiv-anvendelse-af-qgis-i-praksis\/#breadcrumb","itemListElement":[{"@type":"ListItem","position":1,"name":"Home","item":"https:\/\/www.le34.dk\/da\/"},{"@type":"ListItem","position":2,"name":"Effektiv anvendelse af QGIS i praksis"}]},{"@type":"WebSite","@id":"https:\/\/www.le34.dk\/da\/#website","url":"https:\/\/www.le34.dk\/da\/","name":"LE34","description":"","potentialAction":[{"@type":"SearchAction","target":{"@type":"EntryPoint","urlTemplate":"https:\/\/www.le34.dk\/da\/?s={search_term_string}"},"query-input":{"@type":"PropertyValueSpecification","valueRequired":true,"valueName":"search_term_string"}}],"inLanguage":"da-DK"}]}},"_links":{"self":[{"href":"https:\/\/www.le34.dk\/da\/wp-json\/wp\/v2\/pages\/18561","targetHints":{"allow":["GET"]}}],"collection":[{"href":"https:\/\/www.le34.dk\/da\/wp-json\/wp\/v2\/pages"}],"about":[{"href":"https:\/\/www.le34.dk\/da\/wp-json\/wp\/v2\/types\/page"}],"author":[{"embeddable":true,"href":"https:\/\/www.le34.dk\/da\/wp-json\/wp\/v2\/users\/11"}],"replies":[{"embeddable":true,"href":"https:\/\/www.le34.dk\/da\/wp-json\/wp\/v2\/comments?post=18561"}],"version-history":[{"count":15,"href":"https:\/\/www.le34.dk\/da\/wp-json\/wp\/v2\/pages\/18561\/revisions"}],"predecessor-version":[{"id":18636,"href":"https:\/\/www.le34.dk\/da\/wp-json\/wp\/v2\/pages\/18561\/revisions\/18636"}],"wp:attachment":[{"href":"https:\/\/www.le34.dk\/da\/wp-json\/wp\/v2\/media?parent=18561"}],"curies":[{"name":"wp","href":"https:\/\/api.w.org\/{rel}","templated":true}]}}