{"id":18548,"date":"2025-06-16T07:42:10","date_gmt":"2025-06-16T07:42:10","guid":{"rendered":"https:\/\/www.le34.dk\/?page_id=18548"},"modified":"2025-07-11T20:15:05","modified_gmt":"2025-07-11T20:15:05","slug":"overholdelse-af-ler-hvordan","status":"publish","type":"page","link":"https:\/\/www.le34.dk\/da\/overholdelse-af-ler-hvordan\/","title":{"rendered":"Overholdelse af LER \u2013 hvordan?"},"content":{"rendered":"<p>Kontakt os<\/p>\n<p>Merete Landberg Grandjean, Landinspekt\u00f8r og GIS-konsulent, IT34:<br \/>\n\u201cKurset giver dig en praktisk forst\u00e5else for, hvordan du griber LER-opgaven an i din organisation \u2013 uanset hvor langt I er med arbejdet.\u201d<\/p>\n<p>Dette f\u00e5r du med<br \/>\n\u2022 En grundl\u00e6ggende forst\u00e5else af, hvad LER er, og hvad det bruges til<br \/>\n\u2022 Gennemgang af kravene i LER-loven og hvordan de kan l\u00f8ses<br \/>\n\u2022 Inspiration til, hvordan du organiserer arbejdet med LER internt<br \/>\n\u2022 Eksempler p\u00e5 et LER-svar og dets betydning for graveakt\u00f8rer<br \/>\n\u2022 Mulighed for et skr\u00e6ddersyet kursusforl\u00f8b tilpasset jeres behov<\/p>\n<p>Dette kan du efter kurset<\/p>\n<p>\u2022 Udpege hvilke projekter der er omfattet af LER-loven<br \/>\n\u2022 Indsamle og registrere de n\u00f8dvendige oplysninger om nye anl\u00e6g<br \/>\n\u2022 Etablere en proces for dataindsamling, vedligeholdelse og aflevering<\/p>\n<p>Udbytte for dig og din organisation <\/p>\n<p>Konkret, ny viden<br \/>\nDu f\u00e5r styr p\u00e5 de g\u00e6ldende regler for ledningsejere, og hvordan LER-lovens krav skal forst\u00e5s og h\u00e5ndteres.<\/p>\n<p>Oms\u00e6t viden til praksis<br \/>\nDu l\u00e6rer at tilrettel\u00e6gge jeres interne arbejdsgange, s\u00e5 LER-forpligtelser bliver overholdt effektivt og korrekt.<\/p>\n<p>Bedste praksis<br \/>\nF\u00e5 inspiration og eksempler p\u00e5, hvordan andre organisationer har grebet LER-arbejdet an \u2013 og hvad der virker.<\/p>\n<p>Indhold<br \/>\nKurset giver en introduktion til LER og ledningsejerens ansvar. Vi gennemg\u00e5r kravene i lovgivningen, hvordan du h\u00e5ndterer ledningsdata, og hvordan du strukturerer arbejdet i praksis \u2013 med eksempler, skabeloner og mulighed for dialog.<\/p>\n<p>Det praktiske<br \/>\nKurset kan v\u00e6re et fysisk halv- eller heldagskursus med fokus p\u00e5 gruppeopgaver og praktiske eksempler. Det kan bestilles og tilpasses efter jeres behov, s\u00e5 det matcher jeres specifikke udfordringer og \u00f8nsker.<\/p>\n<p>Kontakt os<\/p>\n<p>M\u00f8d din underviser<\/p>\n<p>Merete Landberg Grandjean<br \/>\nKim Verup<\/p>\n","protected":false},"excerpt":{"rendered":"<p>Kontakt os Merete Landberg Grandjean, Landinspekt\u00f8r og GIS-konsulent, IT34: \u201cKurset giver dig en praktisk forst\u00e5else for, hvordan du griber LER-opgaven an i din organisation \u2013 uanset hvor langt I er med arbejdet.\u201d Dette f\u00e5r du med \u2022 En grundl\u00e6ggende forst\u00e5else af, hvad LER er, og hvad det bruges til \u2022 Gennemgang af kravene i LER-loven [&hellip;]<\/p>\n","protected":false},"author":11,"featured_media":0,"parent":0,"menu_order":0,"comment_status":"closed","ping_status":"closed","template":"","meta":{"_acf_changed":false,"footnotes":""},"class_list":["post-18548","page","type-page","status-publish","hentry"],"acf":[],"yoast_head":"<!-- This site is optimized with the Yoast SEO plugin v27.4 - https:\/\/yoast.com\/product\/yoast-seo-wordpress\/ -->\n<title>Overholdelse af LER \u2013 hvordan? - LE34<\/title>\n<meta name=\"description\" content=\"F\u00e5 styr p\u00e5 LER-lovens krav som ledningsejer, og l\u00e6r hvordan du h\u00e5ndterer ledningsoplysninger korrekt i praksis.\" \/>\n<meta name=\"robots\" content=\"index, follow, max-snippet:-1, max-image-preview:large, max-video-preview:-1\" \/>\n<link rel=\"canonical\" href=\"https:\/\/www.le34.dk\/da\/overholdelse-af-ler-hvordan\/\" \/>\n<meta property=\"og:locale\" content=\"da_DK\" \/>\n<meta property=\"og:type\" content=\"article\" \/>\n<meta property=\"og:title\" content=\"Overholdelse af LER \u2013 hvordan? - LE34\" \/>\n<meta property=\"og:description\" content=\"Kontakt os Merete Landberg Grandjean, Landinspekt\u00f8r og GIS-konsulent, IT34: \u201cKurset giver dig en praktisk forst\u00e5else for, hvordan du griber LER-opgaven an i din organisation \u2013 uanset hvor langt I er med arbejdet.\u201d Dette f\u00e5r du med \u2022 En grundl\u00e6ggende forst\u00e5else af, hvad LER er, og hvad det bruges til \u2022 Gennemgang af kravene i LER-loven [&hellip;]\" \/>\n<meta property=\"og:url\" content=\"https:\/\/www.le34.dk\/da\/overholdelse-af-ler-hvordan\/\" \/>\n<meta property=\"og:site_name\" content=\"LE34\" \/>\n<meta property=\"article:modified_time\" content=\"2025-07-11T20:15:05+00:00\" \/>\n<meta name=\"twitter:card\" content=\"summary_large_image\" \/>\n<meta name=\"twitter:label1\" content=\"Estimeret l\u00e6setid\" \/>\n\t<meta name=\"twitter:data1\" content=\"4 minutter\" \/>\n<script type=\"application\/ld+json\" class=\"yoast-schema-graph\">{\"@context\":\"https:\\\/\\\/schema.org\",\"@graph\":[{\"@type\":\"WebPage\",\"@id\":\"https:\\\/\\\/www.le34.dk\\\/da\\\/overholdelse-af-ler-hvordan\\\/\",\"url\":\"https:\\\/\\\/www.le34.dk\\\/da\\\/overholdelse-af-ler-hvordan\\\/\",\"name\":\"Overholdelse af LER \u2013 hvordan? - LE34\",\"isPartOf\":{\"@id\":\"https:\\\/\\\/www.le34.dk\\\/da\\\/#website\"},\"datePublished\":\"2025-06-16T07:42:10+00:00\",\"dateModified\":\"2025-07-11T20:15:05+00:00\",\"breadcrumb\":{\"@id\":\"https:\\\/\\\/www.le34.dk\\\/da\\\/overholdelse-af-ler-hvordan\\\/#breadcrumb\"},\"inLanguage\":\"da-DK\",\"potentialAction\":[{\"@type\":\"ReadAction\",\"target\":[\"https:\\\/\\\/www.le34.dk\\\/da\\\/overholdelse-af-ler-hvordan\\\/\"]}]},{\"@type\":\"BreadcrumbList\",\"@id\":\"https:\\\/\\\/www.le34.dk\\\/da\\\/overholdelse-af-ler-hvordan\\\/#breadcrumb\",\"itemListElement\":[{\"@type\":\"ListItem\",\"position\":1,\"name\":\"Home\",\"item\":\"https:\\\/\\\/www.le34.dk\\\/da\\\/\"},{\"@type\":\"ListItem\",\"position\":2,\"name\":\"Overholdelse af LER \u2013 hvordan?\"}]},{\"@type\":\"WebSite\",\"@id\":\"https:\\\/\\\/www.le34.dk\\\/da\\\/#website\",\"url\":\"https:\\\/\\\/www.le34.dk\\\/da\\\/\",\"name\":\"LE34\",\"description\":\"\",\"potentialAction\":[{\"@type\":\"SearchAction\",\"target\":{\"@type\":\"EntryPoint\",\"urlTemplate\":\"https:\\\/\\\/www.le34.dk\\\/da\\\/?s={search_term_string}\"},\"query-input\":{\"@type\":\"PropertyValueSpecification\",\"valueRequired\":true,\"valueName\":\"search_term_string\"}}],\"inLanguage\":\"da-DK\"}]}<\/script>\n<!-- \/ Yoast SEO plugin. -->","yoast_head_json":{"title":"Overholdelse af LER \u2013 hvordan? - LE34","description":"F\u00e5 styr p\u00e5 LER-lovens krav som ledningsejer, og l\u00e6r hvordan du h\u00e5ndterer ledningsoplysninger korrekt i praksis.","robots":{"index":"index","follow":"follow","max-snippet":"max-snippet:-1","max-image-preview":"max-image-preview:large","max-video-preview":"max-video-preview:-1"},"canonical":"https:\/\/www.le34.dk\/da\/overholdelse-af-ler-hvordan\/","og_locale":"da_DK","og_type":"article","og_title":"Overholdelse af LER \u2013 hvordan? - LE34","og_description":"Kontakt os Merete Landberg Grandjean, Landinspekt\u00f8r og GIS-konsulent, IT34: \u201cKurset giver dig en praktisk forst\u00e5else for, hvordan du griber LER-opgaven an i din organisation \u2013 uanset hvor langt I er med arbejdet.\u201d Dette f\u00e5r du med \u2022 En grundl\u00e6ggende forst\u00e5else af, hvad LER er, og hvad det bruges til \u2022 Gennemgang af kravene i LER-loven [&hellip;]","og_url":"https:\/\/www.le34.dk\/da\/overholdelse-af-ler-hvordan\/","og_site_name":"LE34","article_modified_time":"2025-07-11T20:15:05+00:00","twitter_card":"summary_large_image","twitter_misc":{"Estimeret l\u00e6setid":"4 minutter"},"schema":{"@context":"https:\/\/schema.org","@graph":[{"@type":"WebPage","@id":"https:\/\/www.le34.dk\/da\/overholdelse-af-ler-hvordan\/","url":"https:\/\/www.le34.dk\/da\/overholdelse-af-ler-hvordan\/","name":"Overholdelse af LER \u2013 hvordan? - LE34","isPartOf":{"@id":"https:\/\/www.le34.dk\/da\/#website"},"datePublished":"2025-06-16T07:42:10+00:00","dateModified":"2025-07-11T20:15:05+00:00","breadcrumb":{"@id":"https:\/\/www.le34.dk\/da\/overholdelse-af-ler-hvordan\/#breadcrumb"},"inLanguage":"da-DK","potentialAction":[{"@type":"ReadAction","target":["https:\/\/www.le34.dk\/da\/overholdelse-af-ler-hvordan\/"]}]},{"@type":"BreadcrumbList","@id":"https:\/\/www.le34.dk\/da\/overholdelse-af-ler-hvordan\/#breadcrumb","itemListElement":[{"@type":"ListItem","position":1,"name":"Home","item":"https:\/\/www.le34.dk\/da\/"},{"@type":"ListItem","position":2,"name":"Overholdelse af LER \u2013 hvordan?"}]},{"@type":"WebSite","@id":"https:\/\/www.le34.dk\/da\/#website","url":"https:\/\/www.le34.dk\/da\/","name":"LE34","description":"","potentialAction":[{"@type":"SearchAction","target":{"@type":"EntryPoint","urlTemplate":"https:\/\/www.le34.dk\/da\/?s={search_term_string}"},"query-input":{"@type":"PropertyValueSpecification","valueRequired":true,"valueName":"search_term_string"}}],"inLanguage":"da-DK"}]}},"_links":{"self":[{"href":"https:\/\/www.le34.dk\/da\/wp-json\/wp\/v2\/pages\/18548","targetHints":{"allow":["GET"]}}],"collection":[{"href":"https:\/\/www.le34.dk\/da\/wp-json\/wp\/v2\/pages"}],"about":[{"href":"https:\/\/www.le34.dk\/da\/wp-json\/wp\/v2\/types\/page"}],"author":[{"embeddable":true,"href":"https:\/\/www.le34.dk\/da\/wp-json\/wp\/v2\/users\/11"}],"replies":[{"embeddable":true,"href":"https:\/\/www.le34.dk\/da\/wp-json\/wp\/v2\/comments?post=18548"}],"version-history":[{"count":17,"href":"https:\/\/www.le34.dk\/da\/wp-json\/wp\/v2\/pages\/18548\/revisions"}],"predecessor-version":[{"id":18640,"href":"https:\/\/www.le34.dk\/da\/wp-json\/wp\/v2\/pages\/18548\/revisions\/18640"}],"wp:attachment":[{"href":"https:\/\/www.le34.dk\/da\/wp-json\/wp\/v2\/media?parent=18548"}],"curies":[{"name":"wp","href":"https:\/\/api.w.org\/{rel}","templated":true}]}}