{"id":1852,"date":"2018-10-26T13:25:48","date_gmt":"2018-10-26T13:25:48","guid":{"rendered":"https:\/\/www.le34.dk\/vandpartner-finalist-til-procesprisen\/"},"modified":"2024-01-15T15:02:49","modified_gmt":"2024-01-15T15:02:49","slug":"vandpartner-finalist-til-procesprisen","status":"publish","type":"page","link":"https:\/\/www.le34.dk\/da\/vandpartner-finalist-til-procesprisen\/","title":{"rendered":"Vandpartner finalist til procesprisen"},"content":{"rendered":"<p>Forsyningssamarbejdet Vandpartner, som LE34 er en del af, er udvalgt til at v\u00e6re blandt de tre finalister til Procesprisen<br \/>\nPrisen fremh\u00e6ver de projekter eller samarbejder i byggebranchen, som p\u00e5 forskellig vis bidrager til at optimere byggeprocessen til gavn for b\u00e5de tidsplan, arbejdsgl\u00e6de og sikkerhed p\u00e5 pladserne samt \u00f8konomi. Vinderen k\u00e5res den 9. november.<br \/>\nSe artiklen i Licitationen.<br \/>\nVandpartner\u2019s nominering bunder i en nyt\u00e6nkende og resultatorienteret partnerskabsmodel udviklet af Aarhus Vand, som skaber st\u00f8rre v\u00e6rdi og udvikler st\u00e6rkere l\u00f8sninger end ved traditionelt bygge- og anl\u00e6gsarbejde. Et godt eksempel p\u00e5 det innovative samarbejde, er at LE34 i samarbejde med Aarhus Vand har benyttet droner til at opsamle komplet data i en punktsky over et stort byudviklingsomr\u00e5de i Lisbjerg som forberedelse til ny landskabspark, der kan h\u00e5ndtere store m\u00e6ngder regnvand.<\/p>\n<p>Se landskabsmodellen her<\/p>\n<p>3D model af Lisbjerg<br \/>\nVand og h\u00e5ndtering af regnvand og overfladevand er en s\u00e6rlig udfordring i Lisbjerg. Dels p\u00e5 grund af h\u00f8jdeforskelle i landskabet, dels p\u00e5 grund af de store m\u00e6ngder vand, der skal h\u00e5ndteres.<\/p>\n<p>Frem for at lede regnvandet bort i r\u00f8r under jorden har man valgt, at vandet i stedet skal skabe nye vandl\u00f8b og s\u00f8er over jorden. P\u00e5 den m\u00e5de f\u00e5r beboerne i den nye bydel et gr\u00f8nt frirum med natur, vand og dyreliv lige uden for deres d\u00f8r.<br \/>\n\u201dAarhus Vand spiller med i tilblivelsen af den nye bydel nord for Aarhus \u2013 Lisbjergbakke, og derfor har det for Aarhus Vand v\u00e6ret n\u00f8dvendigt at f\u00e5 et overblik over h\u00f8jdeforskelle i landskabet, s\u00e5ledes at vi kan planl\u00e6gge regnvandets vej gennem den nye bydel via l\u00f8sninger i terr\u00e6n, samt kunne dokumentere udf\u00f8rt anl\u00e6g. Derfor kontaktede vi LE34 og i t\u00e6t samarbejde med dem, fandt vi frem til en m\u00e5de at indsamle den n\u00f8dvendige viden. Det foregik ved at LE34\u00b4s dronepiloter overfl\u00f8j omr\u00e5det med drone og skabte en digital landskabsmodel, som vores medarbejdere og samarbejdspartner kunne projektere h\u00e5ndteringen af overfladevand ud fra,\u201d Kim Baltzer Kallestrup, Aarhus Vand.<br \/>\nProjektet er bare \u00e9t eksempel p\u00e5 vores gode samarbejde i Vandpartner om at udvikle innovative metoder og teknologier. Inden l\u00e6nge kan vi l\u00f8fte sl\u00f8ret for et banebrydende nyt projekt, hvis lige ikke er set f\u00f8r. S\u00e5 gl\u00e6d jer.<\/p>\n<p>L\u00e6s mere om Vandpartner<\/p>\n<p>F\u00e5 mere at vide<br \/>\nKontakt os<br \/>\nKontakt forretningschef, Torbj\u00f8rn Mandahl Pedersen,<br \/>\nhvis du er interesseret i at h\u00f8re mere.<br \/>\nTorbj\u00f8rn Mandahl Pedersen<br \/>\nLandinspekt\u00f8r og partner<br \/>\nForretningschef, LE34 Forsyning<br \/>\n+45 2688 3808<br \/>\ntmp@le34.dk<\/p>\n<p>Send mail til Torbj\u00f8rn Mandahl Pedersen<\/p>\n","protected":false},"excerpt":{"rendered":"<p>Forsyningssamarbejdet Vandpartner, som LE34 er en del af, er udvalgt til at v\u00e6re blandt de tre finalister til Procesprisen Prisen fremh\u00e6ver de projekter eller samarbejder i byggebranchen, som p\u00e5 forskellig vis bidrager til at optimere byggeprocessen til gavn for b\u00e5de tidsplan, arbejdsgl\u00e6de og sikkerhed p\u00e5 pladserne samt \u00f8konomi. Vinderen k\u00e5res den 9. november. Se artiklen [&hellip;]<\/p>\n","protected":false},"author":3,"featured_media":0,"parent":0,"menu_order":0,"comment_status":"closed","ping_status":"closed","template":"","meta":{"_acf_changed":false,"footnotes":""},"class_list":["post-1852","page","type-page","status-publish","hentry"],"acf":[],"yoast_head":"<!-- This site is optimized with the Yoast SEO plugin v27.5 - https:\/\/yoast.com\/product\/yoast-seo-wordpress\/ -->\n<title>Vandpartner finalist til procesprisen - LE34<\/title>\n<meta name=\"robots\" content=\"index, follow, max-snippet:-1, max-image-preview:large, max-video-preview:-1\" \/>\n<link rel=\"canonical\" href=\"https:\/\/www.le34.dk\/da\/vandpartner-finalist-til-procesprisen\/\" \/>\n<meta property=\"og:locale\" content=\"da_DK\" \/>\n<meta property=\"og:type\" content=\"article\" \/>\n<meta property=\"og:title\" content=\"Vandpartner finalist til procesprisen - LE34\" \/>\n<meta property=\"og:description\" content=\"Forsyningssamarbejdet Vandpartner, som LE34 er en del af, er udvalgt til at v\u00e6re blandt de tre finalister til Procesprisen Prisen fremh\u00e6ver de projekter eller samarbejder i byggebranchen, som p\u00e5 forskellig vis bidrager til at optimere byggeprocessen til gavn for b\u00e5de tidsplan, arbejdsgl\u00e6de og sikkerhed p\u00e5 pladserne samt \u00f8konomi. Vinderen k\u00e5res den 9. november. Se artiklen [&hellip;]\" \/>\n<meta property=\"og:url\" content=\"https:\/\/www.le34.dk\/da\/vandpartner-finalist-til-procesprisen\/\" \/>\n<meta property=\"og:site_name\" content=\"LE34\" \/>\n<meta property=\"article:modified_time\" content=\"2024-01-15T15:02:49+00:00\" \/>\n<meta name=\"twitter:card\" content=\"summary_large_image\" \/>\n<meta name=\"twitter:label1\" content=\"Estimeret l\u00e6setid\" \/>\n\t<meta name=\"twitter:data1\" content=\"2 minutter\" \/>\n<script type=\"application\/ld+json\" class=\"yoast-schema-graph\">{\"@context\":\"https:\\\/\\\/schema.org\",\"@graph\":[{\"@type\":\"WebPage\",\"@id\":\"https:\\\/\\\/www.le34.dk\\\/da\\\/vandpartner-finalist-til-procesprisen\\\/\",\"url\":\"https:\\\/\\\/www.le34.dk\\\/da\\\/vandpartner-finalist-til-procesprisen\\\/\",\"name\":\"Vandpartner finalist til procesprisen - LE34\",\"isPartOf\":{\"@id\":\"https:\\\/\\\/www.le34.dk\\\/da\\\/#website\"},\"datePublished\":\"2018-10-26T13:25:48+00:00\",\"dateModified\":\"2024-01-15T15:02:49+00:00\",\"breadcrumb\":{\"@id\":\"https:\\\/\\\/www.le34.dk\\\/da\\\/vandpartner-finalist-til-procesprisen\\\/#breadcrumb\"},\"inLanguage\":\"da-DK\",\"potentialAction\":[{\"@type\":\"ReadAction\",\"target\":[\"https:\\\/\\\/www.le34.dk\\\/da\\\/vandpartner-finalist-til-procesprisen\\\/\"]}]},{\"@type\":\"BreadcrumbList\",\"@id\":\"https:\\\/\\\/www.le34.dk\\\/da\\\/vandpartner-finalist-til-procesprisen\\\/#breadcrumb\",\"itemListElement\":[{\"@type\":\"ListItem\",\"position\":1,\"name\":\"Home\",\"item\":\"https:\\\/\\\/www.le34.dk\\\/da\\\/\"},{\"@type\":\"ListItem\",\"position\":2,\"name\":\"Vandpartner finalist til procesprisen\"}]},{\"@type\":\"WebSite\",\"@id\":\"https:\\\/\\\/www.le34.dk\\\/da\\\/#website\",\"url\":\"https:\\\/\\\/www.le34.dk\\\/da\\\/\",\"name\":\"LE34\",\"description\":\"\",\"potentialAction\":[{\"@type\":\"SearchAction\",\"target\":{\"@type\":\"EntryPoint\",\"urlTemplate\":\"https:\\\/\\\/www.le34.dk\\\/da\\\/?s={search_term_string}\"},\"query-input\":{\"@type\":\"PropertyValueSpecification\",\"valueRequired\":true,\"valueName\":\"search_term_string\"}}],\"inLanguage\":\"da-DK\"}]}<\/script>\n<!-- \/ Yoast SEO plugin. -->","yoast_head_json":{"title":"Vandpartner finalist til procesprisen - LE34","robots":{"index":"index","follow":"follow","max-snippet":"max-snippet:-1","max-image-preview":"max-image-preview:large","max-video-preview":"max-video-preview:-1"},"canonical":"https:\/\/www.le34.dk\/da\/vandpartner-finalist-til-procesprisen\/","og_locale":"da_DK","og_type":"article","og_title":"Vandpartner finalist til procesprisen - LE34","og_description":"Forsyningssamarbejdet Vandpartner, som LE34 er en del af, er udvalgt til at v\u00e6re blandt de tre finalister til Procesprisen Prisen fremh\u00e6ver de projekter eller samarbejder i byggebranchen, som p\u00e5 forskellig vis bidrager til at optimere byggeprocessen til gavn for b\u00e5de tidsplan, arbejdsgl\u00e6de og sikkerhed p\u00e5 pladserne samt \u00f8konomi. Vinderen k\u00e5res den 9. november. Se artiklen [&hellip;]","og_url":"https:\/\/www.le34.dk\/da\/vandpartner-finalist-til-procesprisen\/","og_site_name":"LE34","article_modified_time":"2024-01-15T15:02:49+00:00","twitter_card":"summary_large_image","twitter_misc":{"Estimeret l\u00e6setid":"2 minutter"},"schema":{"@context":"https:\/\/schema.org","@graph":[{"@type":"WebPage","@id":"https:\/\/www.le34.dk\/da\/vandpartner-finalist-til-procesprisen\/","url":"https:\/\/www.le34.dk\/da\/vandpartner-finalist-til-procesprisen\/","name":"Vandpartner finalist til procesprisen - LE34","isPartOf":{"@id":"https:\/\/www.le34.dk\/da\/#website"},"datePublished":"2018-10-26T13:25:48+00:00","dateModified":"2024-01-15T15:02:49+00:00","breadcrumb":{"@id":"https:\/\/www.le34.dk\/da\/vandpartner-finalist-til-procesprisen\/#breadcrumb"},"inLanguage":"da-DK","potentialAction":[{"@type":"ReadAction","target":["https:\/\/www.le34.dk\/da\/vandpartner-finalist-til-procesprisen\/"]}]},{"@type":"BreadcrumbList","@id":"https:\/\/www.le34.dk\/da\/vandpartner-finalist-til-procesprisen\/#breadcrumb","itemListElement":[{"@type":"ListItem","position":1,"name":"Home","item":"https:\/\/www.le34.dk\/da\/"},{"@type":"ListItem","position":2,"name":"Vandpartner finalist til procesprisen"}]},{"@type":"WebSite","@id":"https:\/\/www.le34.dk\/da\/#website","url":"https:\/\/www.le34.dk\/da\/","name":"LE34","description":"","potentialAction":[{"@type":"SearchAction","target":{"@type":"EntryPoint","urlTemplate":"https:\/\/www.le34.dk\/da\/?s={search_term_string}"},"query-input":{"@type":"PropertyValueSpecification","valueRequired":true,"valueName":"search_term_string"}}],"inLanguage":"da-DK"}]}},"_links":{"self":[{"href":"https:\/\/www.le34.dk\/da\/wp-json\/wp\/v2\/pages\/1852","targetHints":{"allow":["GET"]}}],"collection":[{"href":"https:\/\/www.le34.dk\/da\/wp-json\/wp\/v2\/pages"}],"about":[{"href":"https:\/\/www.le34.dk\/da\/wp-json\/wp\/v2\/types\/page"}],"author":[{"embeddable":true,"href":"https:\/\/www.le34.dk\/da\/wp-json\/wp\/v2\/users\/3"}],"replies":[{"embeddable":true,"href":"https:\/\/www.le34.dk\/da\/wp-json\/wp\/v2\/comments?post=1852"}],"version-history":[{"count":1,"href":"https:\/\/www.le34.dk\/da\/wp-json\/wp\/v2\/pages\/1852\/revisions"}],"predecessor-version":[{"id":13511,"href":"https:\/\/www.le34.dk\/da\/wp-json\/wp\/v2\/pages\/1852\/revisions\/13511"}],"wp:attachment":[{"href":"https:\/\/www.le34.dk\/da\/wp-json\/wp\/v2\/media?parent=1852"}],"curies":[{"name":"wp","href":"https:\/\/api.w.org\/{rel}","templated":true}]}}