{"id":18467,"date":"2025-05-16T16:59:14","date_gmt":"2025-05-16T16:59:14","guid":{"rendered":"https:\/\/www.le34.dk\/?page_id=18467"},"modified":"2026-04-14T14:22:03","modified_gmt":"2026-04-14T14:22:03","slug":"konference-om-groen-trepart-status-paa-arealomlaegning","status":"publish","type":"page","link":"https:\/\/www.le34.dk\/da\/konference-om-groen-trepart-status-paa-arealomlaegning\/","title":{"rendered":"Gr\u00f8n Trepart-konference 2026"},"content":{"rendered":"<p>Vi inviterer dig til gratis treparts-konference for at skabe overblik og synergi. Og en ny retning for 2027.<\/p>\n<p>Ambitionen med konferencen er, at du f\u00e5r ny viden og brugbare perspektiver og redskaber, der g\u00f8r det lettere at oms\u00e6tte trepartens m\u00e5l og de skitserede oml\u00e6gningsplaner i praksis.<br \/>\nDu kan se frem til opl\u00e6g og perspektiver fra centrale stemmer i arbejdet med treparten.<br \/>\n\u00a0<\/p>\n<p>Tue Trier<br \/>\n\u201cN\u00e5r tusindvis af hektar skal l\u00e6gges om, handler det ikke kun om natur og klima. Det handler ogs\u00e5 om klare aftaler mellem myndigheder, lodsejere og finansiering.\u201d<\/p>\n<p>Tv\u00e6rfaglig networking<br \/>\nKonferencen giver mulighed for at netv\u00e6rke, erfaringsudveksle og lade sig inspirere af nye perspektiver.<\/p>\n<p>Efter oml\u00e6gningsplanerne er afleveret &#8230;<br \/>\n\u201dDet er nu, at den sv\u00e6re del af gr\u00f8n trepart begynder: At f\u00f8re m\u00e5lene ud i virkeligheden. Hvis vi lykkes, kan vi skabe en historisk omstilling af Danmarks arealer. Men det kr\u00e6ver, at vi f\u00e5r alle akt\u00f8rer med fra starten og t\u00f8r at t\u00e6nke helhedsorienteret\u201d, siger siger Gert M. Henningsen, partner og forretningschef for Milj\u00f8, Plan &#038; Jura i LE34 og pointerer:<br \/>\n\u201cDet kr\u00e6ver ogs\u00e5, at vi s\u00e6tter os sammen, deler viden og erfaringer og udnytter hinandens styrker, s\u00e5 vi undg\u00e5r at arbejde i siloer. Konferencen er en mulighed for netop at bringe perspektiverne i spil og give deltagerne noget, de kan tage med sig og bruge i deres eget arbejde\u201d.<br \/>\nLE34 afholder konferencen i samarbejde med advokatfirmaet HortenDahl, fordi tiden er inde til at finde de l\u00f8sninger, som g\u00f8r det muligt at handle, som Tue Trier, advokat med speciale inden for milj\u00f8ret og generel offentlig ret hos Horten, udtrykker det:<br \/>\n\u201dN\u00e5r tusindvis af hektar skal l\u00e6gges om, handler det ikke kun om natur og klima. Det handler ogs\u00e5 om klare aftaler mellem myndigheder, lodsejere og finansiering. Det er afg\u00f8rende at sikre juridiske rammer, s\u00e5 de gode intentioner bliver til varige l\u00f8sninger. Derfor er konferencen vigtig. Den bringer parterne sammen om at finde de praktiske veje fra hensigtserkl\u00e6ring til handling\u201d.<br \/>\nKonferencen finder sted hos HortenDahl i Hellerup.<\/p>\n<p>Gert M. Henningsen, partner og forretningschef for LE34 Milj\u00f8, Plan &#038; Jura<br \/>\n\u201cVi er derfor den private stemme, som er n\u00f8dt til at insistere p\u00e5, at Den Gr\u00f8nne Trepart ikke m\u00e5 blive en isoleret \u00f8velse, men i stedet begyndelsen p\u00e5 en ny tilgang til arealforvaltning i Danmark. Hvor vi s\u00e6tter os sammen, deler viden og erfaringer og udnytter hinandens styrker, s\u00e5 vi undg\u00e5r at arbejde i siloer.\u201d<\/p>\n<p>L\u00e6s debatindl\u00e6gget, der blev bragt i Altinget<\/p>\n<p>Kontakt<\/p>\n<p>Martin Korgaard<br \/>\nGert M. Henningsen<\/p>\n<p>LE34 Akademi<\/p>\n<p>Vejforvaltningsret<br \/>\nF\u00e5 styr p\u00e5 de grundl\u00e6ggende forvaltningsretlige regler og deres samspil med vejlovgivningen. Kurset giver dig v\u00e6rkt\u00f8jerne til at h\u00e5ndtere myndighedsopgaver og tr\u00e6ffe juridisk korrekte afg\u00f8relser i arbejdet som vejmyndighed.<\/p>\n<p>Sted: Comwell Aarhus<br \/>\nDato: 15.05.2025<br \/>\nTid: 09.00-16.00<br \/>\nPris: 2.500,- ex. moms<br \/>\nUnderviser: Ren\u00e9 Aggersbjerg<br \/>\nL\u00e6s mere<\/p>\n<p>Vejbidrag &#8211; betaling til vejanl\u00e6g<br \/>\nBliv klogere p\u00e5 vejlovens regler om vejbidrag, og hvordan du effektivt kan h\u00e5ndtere proceduren ved p\u00e5l\u00e6gning. L\u00e6r, hvilke vejanl\u00e6g og udgifter der kan d\u00e6kkes, hvordan bidraget fordeles, og hvilke grundejere der skal bidrage. Efter kurset er du klar til at skabe et solidt beslutningsgrundlag og sikre korrekt proces.<\/p>\n<p>Sted: Maribo<br \/>\nDato: 22.05.2025<br \/>\nTid: 13.00-16.30<br \/>\nPris: 1.500,- ex. moms<br \/>\nUnderviser: Ren\u00e9 Aggersbjerg<br \/>\nL\u00e6s mere<\/p>\n<p>Nyheder fra den vejjuridiske verden<br \/>\nI mere end 10 \u00e5r har Ren\u00e9 Aggersbjerg skrevet artikelserien Nyheder fra den vejjuridiske verden i vejsektorens fagblad Trafik &#038; Veje. Nu tilbydes formatet som et halv\u00e5rligt webinar, hvor du kan f\u00e5 indsigt i afg\u00f8relser og domme, der har principiel betydning, samt en grundig pr\u00e6sentation af den nyeste praksis og diskussion af, hvordan den p\u00e5virker din sagsbehandling.<\/p>\n<p>Sted: Online<br \/>\nDato: 12.06.2025<br \/>\nTid: 10.00-11.30<br \/>\nPris: 500,- ex. moms<br \/>\nUnderviser: Ren\u00e9 Aggersbjerg<br \/>\nL\u00e6s mere<\/p>\n<p>Byggetilladelsesvilk\u00e5r for byggesagsbehandlere<br \/>\nKurset er lavet til byggesagsbehandlere for at skabe et overblik, gennemgang af begreber og forventningsafstemme \u2013 i det hele taget at gennemg\u00e5 de vilk\u00e5r som bliver stillet i forbindelse med byggesagsbehandlingen, som udf\u00f8res af landinspekt\u00f8rer, samt en forst\u00e5else af begrebet skel.<\/p>\n<p>Sted: Ballerup<br \/>\nDato: 29.10.2025<br \/>\nTid: 13.30-16.30<br \/>\nPris: 1.000 ex. moms<br \/>\nUnderviser: Rune W\u00f8hlk og Jakob Munk Weidlich<br \/>\nL\u00e6s mere<\/p>\n<p>S\u00e5dan g\u00f8r du, data fra LER (Kommer snart)<br \/>\nDette kursus giver forst\u00e5else for h\u00e5ndtering af data fra LER 2.0. Deltagerne l\u00e6rer at bruge systemets data effektivt for at sikre optimal h\u00e5ndtering af ledningspakker og minimere graveskader. Vi gennemg\u00e5r ogs\u00e5 HeyPipe\u2122, en digital platform, der forbedrer samarbejdet mellem forsyningsselskaber og entrepren\u00f8rer samt h\u00e5ndterer graveforesp\u00f8rgsler.<\/p>\n<p>Sted: Online<br \/>\nDato: Kommer snart<br \/>\nTid: Kommer snart<br \/>\nPris: 1.500 ex. moms<br \/>\nUnderviser: Torbj\u00f8rn Mandahl Pedersen og Rasmus Lindeneg Johansen<\/p>\n<p>Introduktion til MyProperty\u2122 (Kommer snart)<br \/>\nL\u00e6nge har det v\u00e6ret en udfordring at indhente data og skabe overblik over en ejendom, derfor udviklede vi MyProperty\u2122. MyProperty\u2122 samler alle ejendomsdata \u00e9t sted og g\u00f8r dem let tilg\u00e6ngelige i en visning. Data opdateres dagligt fra flere kilder, og du kan gemme og dele filtre samt integrere l\u00f8sningen i andre systemer. Som noget nyt er der kommet et tilf\u00f8jelsesprogram til MyProperty\u2122 som hj\u00e6lper med at g\u00e5 servitutter igennem systematisk for er projektomr\u00e5de og lave servituterkl\u00e6ringer direkte fra MyProperty.<\/p>\n<p>Sted: Online<br \/>\nDato: Kommer snart<br \/>\nTid: Kommer snart<br \/>\nPris: M\u00e5lrettet PLF-medlemmer, de deltager gratis.<br \/>\nUnderviser: Jack Andersen<\/p>\n","protected":false},"excerpt":{"rendered":"<p>Vi inviterer dig til gratis treparts-konference for at skabe overblik og synergi. Og en ny retning for 2027. Ambitionen med konferencen er, at du f\u00e5r ny viden og brugbare perspektiver og redskaber, der g\u00f8r det lettere at oms\u00e6tte trepartens m\u00e5l og de skitserede oml\u00e6gningsplaner i praksis. Du kan se frem til opl\u00e6g og perspektiver fra [&hellip;]<\/p>\n","protected":false},"author":5,"featured_media":0,"parent":0,"menu_order":0,"comment_status":"closed","ping_status":"closed","template":"","meta":{"_acf_changed":false,"footnotes":""},"class_list":["post-18467","page","type-page","status-publish","hentry"],"acf":[],"yoast_head":"<!-- This site is optimized with the Yoast SEO plugin v27.4 - https:\/\/yoast.com\/product\/yoast-seo-wordpress\/ -->\n<title>Gr\u00f8n Trepart-konference 2026 - LE34<\/title>\n<meta name=\"robots\" content=\"index, follow, max-snippet:-1, max-image-preview:large, max-video-preview:-1\" \/>\n<link rel=\"canonical\" href=\"https:\/\/www.le34.dk\/da\/konference-om-groen-trepart-status-paa-arealomlaegning\/\" \/>\n<meta property=\"og:locale\" content=\"da_DK\" \/>\n<meta property=\"og:type\" content=\"article\" \/>\n<meta property=\"og:title\" content=\"Gr\u00f8n Trepart-konference 2026 - LE34\" \/>\n<meta property=\"og:description\" content=\"Vi inviterer dig til gratis treparts-konference for at skabe overblik og synergi. Og en ny retning for 2027. Ambitionen med konferencen er, at du f\u00e5r ny viden og brugbare perspektiver og redskaber, der g\u00f8r det lettere at oms\u00e6tte trepartens m\u00e5l og de skitserede oml\u00e6gningsplaner i praksis. Du kan se frem til opl\u00e6g og perspektiver fra [&hellip;]\" \/>\n<meta property=\"og:url\" content=\"https:\/\/www.le34.dk\/da\/konference-om-groen-trepart-status-paa-arealomlaegning\/\" \/>\n<meta property=\"og:site_name\" content=\"LE34\" \/>\n<meta property=\"article:modified_time\" content=\"2026-04-14T14:22:03+00:00\" \/>\n<meta name=\"twitter:card\" content=\"summary_large_image\" \/>\n<meta name=\"twitter:label1\" content=\"Estimeret l\u00e6setid\" \/>\n\t<meta name=\"twitter:data1\" content=\"11 minutter\" \/>\n<script type=\"application\/ld+json\" class=\"yoast-schema-graph\">{\"@context\":\"https:\\\/\\\/schema.org\",\"@graph\":[{\"@type\":\"WebPage\",\"@id\":\"https:\\\/\\\/www.le34.dk\\\/da\\\/konference-om-groen-trepart-status-paa-arealomlaegning\\\/\",\"url\":\"https:\\\/\\\/www.le34.dk\\\/da\\\/konference-om-groen-trepart-status-paa-arealomlaegning\\\/\",\"name\":\"Gr\u00f8n Trepart-konference 2026 - LE34\",\"isPartOf\":{\"@id\":\"https:\\\/\\\/www.le34.dk\\\/da\\\/#website\"},\"datePublished\":\"2025-05-16T16:59:14+00:00\",\"dateModified\":\"2026-04-14T14:22:03+00:00\",\"breadcrumb\":{\"@id\":\"https:\\\/\\\/www.le34.dk\\\/da\\\/konference-om-groen-trepart-status-paa-arealomlaegning\\\/#breadcrumb\"},\"inLanguage\":\"da-DK\",\"potentialAction\":[{\"@type\":\"ReadAction\",\"target\":[\"https:\\\/\\\/www.le34.dk\\\/da\\\/konference-om-groen-trepart-status-paa-arealomlaegning\\\/\"]}]},{\"@type\":\"BreadcrumbList\",\"@id\":\"https:\\\/\\\/www.le34.dk\\\/da\\\/konference-om-groen-trepart-status-paa-arealomlaegning\\\/#breadcrumb\",\"itemListElement\":[{\"@type\":\"ListItem\",\"position\":1,\"name\":\"Home\",\"item\":\"https:\\\/\\\/www.le34.dk\\\/da\\\/\"},{\"@type\":\"ListItem\",\"position\":2,\"name\":\"Gr\u00f8n Trepart-konference 2026\"}]},{\"@type\":\"WebSite\",\"@id\":\"https:\\\/\\\/www.le34.dk\\\/da\\\/#website\",\"url\":\"https:\\\/\\\/www.le34.dk\\\/da\\\/\",\"name\":\"LE34\",\"description\":\"\",\"potentialAction\":[{\"@type\":\"SearchAction\",\"target\":{\"@type\":\"EntryPoint\",\"urlTemplate\":\"https:\\\/\\\/www.le34.dk\\\/da\\\/?s={search_term_string}\"},\"query-input\":{\"@type\":\"PropertyValueSpecification\",\"valueRequired\":true,\"valueName\":\"search_term_string\"}}],\"inLanguage\":\"da-DK\"}]}<\/script>\n<!-- \/ Yoast SEO plugin. -->","yoast_head_json":{"title":"Gr\u00f8n Trepart-konference 2026 - LE34","robots":{"index":"index","follow":"follow","max-snippet":"max-snippet:-1","max-image-preview":"max-image-preview:large","max-video-preview":"max-video-preview:-1"},"canonical":"https:\/\/www.le34.dk\/da\/konference-om-groen-trepart-status-paa-arealomlaegning\/","og_locale":"da_DK","og_type":"article","og_title":"Gr\u00f8n Trepart-konference 2026 - LE34","og_description":"Vi inviterer dig til gratis treparts-konference for at skabe overblik og synergi. Og en ny retning for 2027. Ambitionen med konferencen er, at du f\u00e5r ny viden og brugbare perspektiver og redskaber, der g\u00f8r det lettere at oms\u00e6tte trepartens m\u00e5l og de skitserede oml\u00e6gningsplaner i praksis. Du kan se frem til opl\u00e6g og perspektiver fra [&hellip;]","og_url":"https:\/\/www.le34.dk\/da\/konference-om-groen-trepart-status-paa-arealomlaegning\/","og_site_name":"LE34","article_modified_time":"2026-04-14T14:22:03+00:00","twitter_card":"summary_large_image","twitter_misc":{"Estimeret l\u00e6setid":"11 minutter"},"schema":{"@context":"https:\/\/schema.org","@graph":[{"@type":"WebPage","@id":"https:\/\/www.le34.dk\/da\/konference-om-groen-trepart-status-paa-arealomlaegning\/","url":"https:\/\/www.le34.dk\/da\/konference-om-groen-trepart-status-paa-arealomlaegning\/","name":"Gr\u00f8n Trepart-konference 2026 - LE34","isPartOf":{"@id":"https:\/\/www.le34.dk\/da\/#website"},"datePublished":"2025-05-16T16:59:14+00:00","dateModified":"2026-04-14T14:22:03+00:00","breadcrumb":{"@id":"https:\/\/www.le34.dk\/da\/konference-om-groen-trepart-status-paa-arealomlaegning\/#breadcrumb"},"inLanguage":"da-DK","potentialAction":[{"@type":"ReadAction","target":["https:\/\/www.le34.dk\/da\/konference-om-groen-trepart-status-paa-arealomlaegning\/"]}]},{"@type":"BreadcrumbList","@id":"https:\/\/www.le34.dk\/da\/konference-om-groen-trepart-status-paa-arealomlaegning\/#breadcrumb","itemListElement":[{"@type":"ListItem","position":1,"name":"Home","item":"https:\/\/www.le34.dk\/da\/"},{"@type":"ListItem","position":2,"name":"Gr\u00f8n Trepart-konference 2026"}]},{"@type":"WebSite","@id":"https:\/\/www.le34.dk\/da\/#website","url":"https:\/\/www.le34.dk\/da\/","name":"LE34","description":"","potentialAction":[{"@type":"SearchAction","target":{"@type":"EntryPoint","urlTemplate":"https:\/\/www.le34.dk\/da\/?s={search_term_string}"},"query-input":{"@type":"PropertyValueSpecification","valueRequired":true,"valueName":"search_term_string"}}],"inLanguage":"da-DK"}]}},"_links":{"self":[{"href":"https:\/\/www.le34.dk\/da\/wp-json\/wp\/v2\/pages\/18467","targetHints":{"allow":["GET"]}}],"collection":[{"href":"https:\/\/www.le34.dk\/da\/wp-json\/wp\/v2\/pages"}],"about":[{"href":"https:\/\/www.le34.dk\/da\/wp-json\/wp\/v2\/types\/page"}],"author":[{"embeddable":true,"href":"https:\/\/www.le34.dk\/da\/wp-json\/wp\/v2\/users\/5"}],"replies":[{"embeddable":true,"href":"https:\/\/www.le34.dk\/da\/wp-json\/wp\/v2\/comments?post=18467"}],"version-history":[{"count":104,"href":"https:\/\/www.le34.dk\/da\/wp-json\/wp\/v2\/pages\/18467\/revisions"}],"predecessor-version":[{"id":19110,"href":"https:\/\/www.le34.dk\/da\/wp-json\/wp\/v2\/pages\/18467\/revisions\/19110"}],"wp:attachment":[{"href":"https:\/\/www.le34.dk\/da\/wp-json\/wp\/v2\/media?parent=18467"}],"curies":[{"name":"wp","href":"https:\/\/api.w.org\/{rel}","templated":true}]}}