{"id":1842,"date":"2019-06-18T14:05:28","date_gmt":"2019-06-18T14:05:28","guid":{"rendered":"https:\/\/www.le34.dk\/va-banken-brugerside\/"},"modified":"2026-03-24T10:32:37","modified_gmt":"2026-03-24T10:32:37","slug":"va-banken-brugerside","status":"publish","type":"page","link":"https:\/\/www.le34.dk\/da\/va-banken-brugerside\/","title":{"rendered":"VA-banken\u00a9 Brugerside"},"content":{"rendered":"<p>Fremtidens Forsyning ERFA m\u00f8der<br \/>\nTil juni invitere vi igen til ERFA m\u00f8der i netv\u00e6rket Fremtidens Forsyning, hvor vi samler branchen til et par inspirerende timer med faglig sparring, aktuelle emner og gode netv\u00e6rksmuligheder.<br \/>\nI \u00e5r m\u00f8des vi tre steder i landet \u2013 s\u00e5 forh\u00e5bentlig er der ogs\u00e5 et m\u00f8de t\u00e6t p\u00e5 dig:<\/p>\n<p>08. juni \u2013 K\u00f8ge \u2013 Tilmeld dig her<br \/>\n10.\u00a0juni \u2013 Aalborg \u2013 Tilmeld dig her<br \/>\n11. juni \u2013 Odense \u2013 Tilmeld dig her<\/p>\n<p>Bem\u00e6rk: Ny lokation i Aalborg, og m\u00f8det i Fredericia er flyttet til Odense.<br \/>\nP\u00e5 ERFA-m\u00f8derne f\u00e5r du:<\/p>\n<p>Indblik i aktuelle emner i branchen<br \/>\nMulighed for at dele erfaringer med andre deltagere<br \/>\nFaglig sparring og dialog<br \/>\nTid til netv\u00e6rk med kolleger fra branchen<\/p>\n<p>Det forel\u00f8bige program ser s\u00e5ledes ud:<\/p>\n<p>08:30-09:00 \/\/ Ankomst og morgenbr\u00f8d<br \/>\n09:00-09:30\u00a0\/\/\u00a0Velkommen og erfaringsudveksling\u00a0<br \/>\n\u2013 Del dine aktuelle udfordringer og h\u00f8r andres l\u00f8sninger fra hverdagen<br \/>\n09:30-10:00\u00a0\/\/\u00a0Matriklens n\u00f8jagtighed \u2013 hvad betyder det for forsyninger?<br \/>\n10:00-10:30 \/\/ LER<br \/>\n\u2013 Fornyelse af LER (MLER)<br \/>\n10:30-10:45\u00a0\/\/ Pause<br \/>\n\u2013 Netv\u00e6rk, kaffe og forfriskninger<br \/>\n10:45-11:30\u00a0\/\/\u00a03D scanning af bygv\u00e6rker (og andre konstruktioner)<br \/>\n11.30-11:50\u00a0\/\/\u00a0Hvordan sikrer man sin datakvalitet, herunder XML-portal<br \/>\n11:50-12:10\u00a0\/\/\u00a0SmartSurvey\u2122 &#038; Heypipe\u2122<br \/>\n12:10-12:45\u00a0\/\/ Frokost\u00a0<br \/>\n\u2013 Nyd et m\u00e5ltid og brug tiden til netv\u00e6rk og nye samtaler<br \/>\n12:45-13:30\u00a0\/\/ Nyt fra Jura<br \/>\n13:30-13:45 \/\/ Pause<br \/>\n\u2013 Netv\u00e6rk, kaffe og forfriskninger<br \/>\n13:45-14:30 \/\/\u00a0Nyt fra Jura<br \/>\n14:30-14:45 \/\/\u00a0Afslutning og opsamling<\/p>\n<p>En stor del af dagens udbytte er netv\u00e6rkets input til jeres aktuelle udfordringer.<br \/>\nVi opfordrer derfor til, at du indsender emner til f\u00e6lles dr\u00f8ftelse, samt ideer til eksterne indl\u00e6g. Send dem til\u00a0tilmeld@le34.dk.<\/p>\n<p>Tilmeld dig her<\/p>\n<p>Opdatering af zonekort til benchmarking \u2013 ny officiel metode (DANVA vejledning)<br \/>\nVi er i gang med at gennemg\u00e5 dette \u00e5rs vejledningsmateriale, der er i h\u00f8ring ved KFST lige pt. I den forbindelse vil vi orientere jer om, at Vandsektortilsynet (KFST) i den seneste indberetningsvejledning til benchmarkingen har indsat en henvisning til DANVAs nye vejledning for udarbejdelse af vandselskabernes zonekort \u2013 og samtidig opfordrer selskaberne til at anvende denne metode for at sikre ensartethed og h\u00f8jere kvalitet i benchmarkingen (find KFST vejledning her).<br \/>\nDANVAs vejledning (Vejledning 112, version 1.0, januar 2026) beskriver et f\u00e6lles og entydigt grundlag for zonekort til brug for benchmarkingindberetningen (Find DANVA\u2019s vejledning her).<br \/>\nP\u00e5 den baggrund vil vi gerne afklare, om I er interesserede i at f\u00e5 udarbejdet et opdateret zonekort, der f\u00f8lger den officielle vejledning.<br \/>\nHvorfor kan et opdateret zonekort give v\u00e6rdi for jer?<\/p>\n<p>Mere pr\u00e6cis gr\u00e6nse mellem by og land sammenlignet med nuv\u00e6rende metode, bl.a. fordi vejledningen l\u00e6gger op til en mere systematisk datavask og afgr\u00e6nsning af byzonegrundlaget.<br \/>\nOpdatering ved byudvikling: Hvis byzonerne i jeres opland er udvidet siden jeres nuv\u00e6rende zonekort blev lavet, kan et nyt zonekort give en mere retvisende zonering.<br \/>\n**City\/Indre City: Hvis i har City-\/Indre City-zoner, hvor zonekortet er flere \u00e5r gammelt, kan der v\u00e6re behov for opdatering, da der er kommet nye natbefolkningstal, som kan p\u00e5virke afgr\u00e6nsningen sammen med pr\u00e6ciseringen i den nye vejledning. Disse kr\u00e6ver k\u00f8b af natbefolkningsdata fra Danmarks Statistik.<\/p>\n<p>N\u00e6ste skridt (kort):<br \/>\nHvis I \u00f8nsker, at vi udarbejder et opdateret zonekort efter den officielle metode, s\u00e5 send gerne en mail til Thomas Lindgreen p\u00e5 tbl@it34.com med nedenst\u00e5ende oplysninger:<\/p>\n<p>Ja\/nej til om I \u00f8nsker et opdateret zonekort<br \/>\nOm i har City-zoner** i dag (og om I \u00f8nsker disse opdateret). I vil f\u00e5 tilsendt et tilbud.<br \/>\nEvt. s\u00e6rlige forhold vi b\u00f8r tage h\u00f8jde for (fx gr\u00e6nseomr\u00e5der\/kommuneskel, hvor forsyningsnet r\u00e6kker ind i nabokommuner)<\/p>\n<p>I er naturligvis ogs\u00e5 velkomne til at skrive en mail eller ringe, hvis I \u00f8nsker en kort sparring om, hvad et opdateret zonekort vil betyde i praksis for jeres indberetning.<br \/>\nThomas Lindgreen, tbl@it34.com Mobil: 8140 3787.<\/p>\n<p>Send mail<\/p>\n<p>Datafordeleren moderniseres \u2013 hvad du skal g\u00f8re<br \/>\nKlimadatastyrelsen\/SDFI er i gang med at modernisere Datafordeleren. Det betyder, at en r\u00e6kke links fra Datafordeleren (WMS\/WMTS\/WCS\/WFS m.fl.) f\u00e5r nye URL\u2019er og ny m\u00e5de at logge p\u00e5 (API-key i stedet for username\/password).<br \/>\nVi har samlet det vigtigste i en kort guide, som vi anbefaler at I l\u00e6ser og bruger et \u00f8jeblik p\u00e5 at vurdere, hvordan I vil gribe det an.<\/p>\n<p>Det vigtigste at vide:<\/p>\n<p>Der k\u00f8res\u00a0paralleldrift\u00a0mellem \u201cgammel\u201d og \u201cmoderniseret\u201d Datafordeler i en overgangsperiode.<br \/>\nDe nye WMS\/WMTS\/WCS (f.eks. wms.datafordeler.dk, wmts.datafordeler.dk) er planlagt til drift 25. februar 2026.<br \/>\nVi anbefaler, at I allerede nu f\u00e5r overblik over jeres integrationer og planl\u00e6gger skift.<br \/>\nJeres interne sk\u00e6ringsdato: Data udg\u00e5r den 1. juni \u00a0(brug den som deadline i jeres egen plan).<\/p>\n<p>Det handler prim\u00e6rt om de Datafordeler-links, I bruger i dag. Alts\u00e5: hvis I i dag henter data\/kort via et link fra Datafordeleren, s\u00e5 er det det link, der kan skulle opdateres.<br \/>\nVA-banken<br \/>\nVi s\u00f8rger for at opdatere de forbindelser, der som standard ligger i WMS.xml (baggrundskort-pakken), s\u00e5 I ikke manuelt skal rette dem d\u00e9r. Det g\u00f8res p\u00e5 medg\u00e5et tid.<br \/>\nBem\u00e6rk: Vi kan ikke garantere andre tjenester, der har afledte data fra Datafordeleren. Fx kan Plandata have underliggende komponenter fra Datafordeleren og\/eller deres egen overgang til de moderne l\u00f8sninger, som vi ikke styrer.<br \/>\nHar I sp\u00f8rgsm\u00e5l til jeres konkrete ops\u00e6tning (fx hvilke Datafordeler-links I bruger i dag), s\u00e5 skriv gerne til os p\u00e5 VA-support@le34.dk.<\/p>\n<p>Modernisering af Datafordeleren \u2013 guide til brugere af VA-banken<\/p>\n<p>Lempelser for udlevering af ledningsoplysninger<br \/>\nLER har indf\u00f8rt lempelser for udlevering af ledningsoplysninger vedr\u00f8rende ledninger under etablering. Det betyder, at f\u00f8lgende oplysninger ikke l\u00e6ngere er obligatoriske for denne kategori:<\/p>\n<p>Udvendig diameter (dimension)<br \/>\nVertikal placering (z-koordinat\/kote)<br \/>\nN\u00f8jagtighedsklasse<\/p>\n<p>Lempelserne g\u00e6lder for projekterede lag og er allerede implementeret automatisk i AutoLER-systemet.<br \/>\n\ud83d\udd27 Lavpraktisk betyder det, at vi fjerner projekterede ledninger fra de tilpassede s\u00f8gninger, som vi lagde ind i forbindelse med sk\u00e6ringsdatoen 1. juli 2023. Det vil sikre, at visningen er i overensstemmelse med de nye krav.<br \/>\nDet er vigtigt, at I foretager en graveanmodning, hvis I selv har oprettet aktualiteter\/statusser \u2013 s\u00e5 kan I kontrollere, at de tolkes korrekt efter de nye regler.<br \/>\n\ud83d\udce7 I skulle gerne have modtaget en mail fra AutoLER med yderligere information.<br \/>\nHvis den mangler, s\u00e5 r\u00e6k ud!<\/p>\n<p>Upvote \u2013 vores nye f\u00e6lles \u00f8nskeportal<br \/>\nI mange \u00e5r har udvikling og \u00f8nsker til VA-banken v\u00e6ret drevet af excel-ark, mails, mundtlig levering og referater. Det har v\u00e6ret sv\u00e6rt at holde styr p\u00e5 alle id\u00e9er og \u00f8nsker, der er blevet fremsat. Men nu er l\u00f8sningen fundet, og I er allerede introduceret til det!<br \/>\nUpvote!<br \/>\nIT34 har udviklet en portal, som samler alle id\u00e9er, produktforslag, manualer og vidensdeling \u00e9t sted. Det er her, vi fremover vil finde b\u00e5de tidligere og kommende forslag til VA-banken.<br \/>\nVi h\u00e5ber p\u00e5 jeres engagement til at underst\u00f8tte dokumentation og videreudvikle denne portal, som et centralt redskab for alle. Der er to n\u00f8glefunktioner, som vi beder jer om at hj\u00e6lpe med:<\/p>\n<p>Stem p\u00e5 de forslag, der er vigtigst for jer \u2013 Jo flere stemmer, jo st\u00f8rre chance for at et forslag kommer p\u00e5 dagsordenen.<br \/>\nSamle information om eksisterende forslag \u2013 Hj\u00e6lp med at indsamle og organisere de forslag, som allerede er blevet fremsat, s\u00e5 de kan blive evalueret ordentligt.<\/p>\n<p>I fremtiden vil de forslag, der f\u00e5r flest stemmer, blive frembragt til Aveki som udviklings\u00f8nsker for VA-banken. Dette betyder, at vi alle sammen har mulighed for at p\u00e5virke, hvad der skal prioriteres og udvikles.<br \/>\nLad os arbejde sammen om at g\u00f8re denne portal til et effektivt og dynamisk v\u00e6rkt\u00f8j for alle i VA-banken!<\/p>\n<p>Link til Upvote<\/p>\n<p>Kontakt os<br \/>\nVA-banken support team<br \/>\nKundesupport har meget h\u00f8j prioritet hos os. Vi l\u00e6gger stor v\u00e6gt p\u00e5 at opretholde et h\u00f8jt serviceniveau og kompetence i vores support.<br \/>\nVores st\u00f8tte er baseret p\u00e5 personlige relationer og en specifik viden om hver kunde. For os er det vigtigt, at du altid f\u00e5r den hj\u00e6lp, du har brug for.<br \/>\nVores supportteam er klar til at hj\u00e6lpe dig med alt fra enkle brugerproblemer til probleml\u00f8sning, korrigering af fejl eller andet, du har brug for hj\u00e6lp til.<br \/>\nSkriv til support p\u00e5 VA-support@le34.dk, hvis din henvendelse kan vente til n\u00e6ste dag.<br \/>\nRing til support p\u00e5\u00a0+45 8820 8787, hvis du har brug for hj\u00e6lp til at komme videre her og nu.<br \/>\nTelefontider: Mandag \u2013 Torsdag 08.00 \u2013 16.00 \/ Fredag 08.00 \u2013 15.30<br \/>\nFor status p\u00e5 supportsager, g\u00e5 til\u00a0supportsager\u00a0<br \/>\nFor fjernsupport, g\u00e5 til\u00a0fjernsupport<\/p>\n<p>Skriv til os her<\/p>\n<p>Se Nyhedsarkiv her<\/p>\n","protected":false},"excerpt":{"rendered":"<p>Fremtidens Forsyning ERFA m\u00f8der Til juni invitere vi igen til ERFA m\u00f8der i netv\u00e6rket Fremtidens Forsyning, hvor vi samler branchen til et par inspirerende timer med faglig sparring, aktuelle emner og gode netv\u00e6rksmuligheder. I \u00e5r m\u00f8des vi tre steder i landet \u2013 s\u00e5 forh\u00e5bentlig er der ogs\u00e5 et m\u00f8de t\u00e6t p\u00e5 dig: 08. juni \u2013 [&hellip;]<\/p>\n","protected":false},"author":28,"featured_media":0,"parent":0,"menu_order":0,"comment_status":"closed","ping_status":"closed","template":"","meta":{"_acf_changed":false,"footnotes":""},"class_list":["post-1842","page","type-page","status-publish","hentry"],"acf":[],"yoast_head":"<!-- This site is optimized with the Yoast SEO plugin v27.5 - https:\/\/yoast.com\/product\/yoast-seo-wordpress\/ -->\n<title>VA-banken\u00a9 Brugerside - LE34<\/title>\n<meta name=\"robots\" content=\"index, follow, max-snippet:-1, max-image-preview:large, max-video-preview:-1\" \/>\n<link rel=\"canonical\" href=\"https:\/\/www.le34.dk\/da\/va-banken-brugerside\/\" \/>\n<meta property=\"og:locale\" content=\"da_DK\" \/>\n<meta property=\"og:type\" content=\"article\" \/>\n<meta property=\"og:title\" content=\"VA-banken\u00a9 Brugerside - LE34\" \/>\n<meta property=\"og:description\" content=\"Fremtidens Forsyning ERFA m\u00f8der Til juni invitere vi igen til ERFA m\u00f8der i netv\u00e6rket Fremtidens Forsyning, hvor vi samler branchen til et par inspirerende timer med faglig sparring, aktuelle emner og gode netv\u00e6rksmuligheder. I \u00e5r m\u00f8des vi tre steder i landet \u2013 s\u00e5 forh\u00e5bentlig er der ogs\u00e5 et m\u00f8de t\u00e6t p\u00e5 dig: 08. juni \u2013 [&hellip;]\" \/>\n<meta property=\"og:url\" content=\"https:\/\/www.le34.dk\/da\/va-banken-brugerside\/\" \/>\n<meta property=\"og:site_name\" content=\"LE34\" \/>\n<meta property=\"article:modified_time\" content=\"2026-03-24T10:32:37+00:00\" \/>\n<meta name=\"twitter:card\" content=\"summary_large_image\" \/>\n<meta name=\"twitter:label1\" content=\"Estimeret l\u00e6setid\" \/>\n\t<meta name=\"twitter:data1\" content=\"15 minutter\" \/>\n<script type=\"application\/ld+json\" class=\"yoast-schema-graph\">{\"@context\":\"https:\\\/\\\/schema.org\",\"@graph\":[{\"@type\":\"WebPage\",\"@id\":\"https:\\\/\\\/www.le34.dk\\\/da\\\/va-banken-brugerside\\\/\",\"url\":\"https:\\\/\\\/www.le34.dk\\\/da\\\/va-banken-brugerside\\\/\",\"name\":\"VA-banken\u00a9 Brugerside - LE34\",\"isPartOf\":{\"@id\":\"https:\\\/\\\/www.le34.dk\\\/da\\\/#website\"},\"datePublished\":\"2019-06-18T14:05:28+00:00\",\"dateModified\":\"2026-03-24T10:32:37+00:00\",\"breadcrumb\":{\"@id\":\"https:\\\/\\\/www.le34.dk\\\/da\\\/va-banken-brugerside\\\/#breadcrumb\"},\"inLanguage\":\"da-DK\",\"potentialAction\":[{\"@type\":\"ReadAction\",\"target\":[\"https:\\\/\\\/www.le34.dk\\\/da\\\/va-banken-brugerside\\\/\"]}]},{\"@type\":\"BreadcrumbList\",\"@id\":\"https:\\\/\\\/www.le34.dk\\\/da\\\/va-banken-brugerside\\\/#breadcrumb\",\"itemListElement\":[{\"@type\":\"ListItem\",\"position\":1,\"name\":\"Home\",\"item\":\"https:\\\/\\\/www.le34.dk\\\/da\\\/\"},{\"@type\":\"ListItem\",\"position\":2,\"name\":\"VA-banken\u00a9 Brugerside\"}]},{\"@type\":\"WebSite\",\"@id\":\"https:\\\/\\\/www.le34.dk\\\/da\\\/#website\",\"url\":\"https:\\\/\\\/www.le34.dk\\\/da\\\/\",\"name\":\"LE34\",\"description\":\"\",\"potentialAction\":[{\"@type\":\"SearchAction\",\"target\":{\"@type\":\"EntryPoint\",\"urlTemplate\":\"https:\\\/\\\/www.le34.dk\\\/da\\\/?s={search_term_string}\"},\"query-input\":{\"@type\":\"PropertyValueSpecification\",\"valueRequired\":true,\"valueName\":\"search_term_string\"}}],\"inLanguage\":\"da-DK\"}]}<\/script>\n<!-- \/ Yoast SEO plugin. -->","yoast_head_json":{"title":"VA-banken\u00a9 Brugerside - LE34","robots":{"index":"index","follow":"follow","max-snippet":"max-snippet:-1","max-image-preview":"max-image-preview:large","max-video-preview":"max-video-preview:-1"},"canonical":"https:\/\/www.le34.dk\/da\/va-banken-brugerside\/","og_locale":"da_DK","og_type":"article","og_title":"VA-banken\u00a9 Brugerside - LE34","og_description":"Fremtidens Forsyning ERFA m\u00f8der Til juni invitere vi igen til ERFA m\u00f8der i netv\u00e6rket Fremtidens Forsyning, hvor vi samler branchen til et par inspirerende timer med faglig sparring, aktuelle emner og gode netv\u00e6rksmuligheder. I \u00e5r m\u00f8des vi tre steder i landet \u2013 s\u00e5 forh\u00e5bentlig er der ogs\u00e5 et m\u00f8de t\u00e6t p\u00e5 dig: 08. juni \u2013 [&hellip;]","og_url":"https:\/\/www.le34.dk\/da\/va-banken-brugerside\/","og_site_name":"LE34","article_modified_time":"2026-03-24T10:32:37+00:00","twitter_card":"summary_large_image","twitter_misc":{"Estimeret l\u00e6setid":"15 minutter"},"schema":{"@context":"https:\/\/schema.org","@graph":[{"@type":"WebPage","@id":"https:\/\/www.le34.dk\/da\/va-banken-brugerside\/","url":"https:\/\/www.le34.dk\/da\/va-banken-brugerside\/","name":"VA-banken\u00a9 Brugerside - LE34","isPartOf":{"@id":"https:\/\/www.le34.dk\/da\/#website"},"datePublished":"2019-06-18T14:05:28+00:00","dateModified":"2026-03-24T10:32:37+00:00","breadcrumb":{"@id":"https:\/\/www.le34.dk\/da\/va-banken-brugerside\/#breadcrumb"},"inLanguage":"da-DK","potentialAction":[{"@type":"ReadAction","target":["https:\/\/www.le34.dk\/da\/va-banken-brugerside\/"]}]},{"@type":"BreadcrumbList","@id":"https:\/\/www.le34.dk\/da\/va-banken-brugerside\/#breadcrumb","itemListElement":[{"@type":"ListItem","position":1,"name":"Home","item":"https:\/\/www.le34.dk\/da\/"},{"@type":"ListItem","position":2,"name":"VA-banken\u00a9 Brugerside"}]},{"@type":"WebSite","@id":"https:\/\/www.le34.dk\/da\/#website","url":"https:\/\/www.le34.dk\/da\/","name":"LE34","description":"","potentialAction":[{"@type":"SearchAction","target":{"@type":"EntryPoint","urlTemplate":"https:\/\/www.le34.dk\/da\/?s={search_term_string}"},"query-input":{"@type":"PropertyValueSpecification","valueRequired":true,"valueName":"search_term_string"}}],"inLanguage":"da-DK"}]}},"_links":{"self":[{"href":"https:\/\/www.le34.dk\/da\/wp-json\/wp\/v2\/pages\/1842","targetHints":{"allow":["GET"]}}],"collection":[{"href":"https:\/\/www.le34.dk\/da\/wp-json\/wp\/v2\/pages"}],"about":[{"href":"https:\/\/www.le34.dk\/da\/wp-json\/wp\/v2\/types\/page"}],"author":[{"embeddable":true,"href":"https:\/\/www.le34.dk\/da\/wp-json\/wp\/v2\/users\/28"}],"replies":[{"embeddable":true,"href":"https:\/\/www.le34.dk\/da\/wp-json\/wp\/v2\/comments?post=1842"}],"version-history":[{"count":43,"href":"https:\/\/www.le34.dk\/da\/wp-json\/wp\/v2\/pages\/1842\/revisions"}],"predecessor-version":[{"id":20821,"href":"https:\/\/www.le34.dk\/da\/wp-json\/wp\/v2\/pages\/1842\/revisions\/20821"}],"wp:attachment":[{"href":"https:\/\/www.le34.dk\/da\/wp-json\/wp\/v2\/media?parent=1842"}],"curies":[{"name":"wp","href":"https:\/\/api.w.org\/{rel}","templated":true}]}}