{"id":1841,"date":"2017-09-28T09:08:40","date_gmt":"2017-09-28T09:08:40","guid":{"rendered":"https:\/\/www.le34.dk\/vabanken\/"},"modified":"2024-01-15T15:02:42","modified_gmt":"2024-01-15T15:02:42","slug":"vabanken","status":"publish","type":"page","link":"https:\/\/www.le34.dk\/da\/vabanken\/","title":{"rendered":"VA-banken\u00a9"},"content":{"rendered":"<p>Enkel ledningsh\u00e5ndtering<br \/>\nMed VA-banken\u00a9 f\u00e5r du mere end et ledningsregistreringsystem \u2013 du f\u00e5r samlet adgang til alle informationer \u00e9t sted, der giver et komplet overblik over ledningsnettet og dets opgaver. VA-banken\u00a9 samler alle store og sm\u00e5 opgaver med en fuldst\u00e6ndig dokumentation, der sparer tid og ressourcer i kommunikationen mellem medarbejdere og med kunder.<br \/>\nDu f\u00e5r sikkerhed i din planl\u00e6gning med et n\u00f8jagtigt billede over fremtidige ledningsprojekter i et system med 100% dansk funktionalitet, s\u00e5 alle medarbejdere let kan bruge det.<\/p>\n<p>F\u00e5 mere at vide<br \/>\nKontakt os<br \/>\nKontakt projektansvarlig Torbj\u00f8rn Mandahl Pedersen,<br \/>\nhvis du er interesseret i at h\u00f8re mere.<br \/>\nTorbj\u00f8rn Mandahl Pedersen<br \/>\nLandinspekt\u00f8r og partner<br \/>\nForretningschef, LE34 Forsyning<br \/>\n+45 2688 3808<br \/>\ntmp@le34.dk<\/p>\n<p>Send mail til Torbj\u00f8rn Mandahl pedersen<\/p>\n","protected":false},"excerpt":{"rendered":"<p>Enkel ledningsh\u00e5ndtering Med VA-banken\u00a9 f\u00e5r du mere end et ledningsregistreringsystem \u2013 du f\u00e5r samlet adgang til alle informationer \u00e9t sted, der giver et komplet overblik over ledningsnettet og dets opgaver. VA-banken\u00a9 samler alle store og sm\u00e5 opgaver med en fuldst\u00e6ndig dokumentation, der sparer tid og ressourcer i kommunikationen mellem medarbejdere og med kunder. Du f\u00e5r [&hellip;]<\/p>\n","protected":false},"author":3,"featured_media":0,"parent":0,"menu_order":0,"comment_status":"closed","ping_status":"closed","template":"","meta":{"_acf_changed":false,"footnotes":""},"class_list":["post-1841","page","type-page","status-publish","hentry"],"acf":[],"yoast_head":"<!-- This site is optimized with the Yoast SEO plugin v27.3 - https:\/\/yoast.com\/product\/yoast-seo-wordpress\/ -->\n<title>VA-Banken -Danmarks bedste ledningsh\u00e5ndteringssystem<\/title>\n<meta name=\"description\" content=\"Saml al din viden og f\u00e5 sikkerhed i den langsigtede planl\u00e6gning, og et brugervenligt system der g\u00f8r medarbejderne glade. Skabt til forsyninger og kommuner.\" \/>\n<meta name=\"robots\" content=\"index, follow, max-snippet:-1, max-image-preview:large, max-video-preview:-1\" \/>\n<link rel=\"canonical\" href=\"https:\/\/www.le34.dk\/da\/vabanken\/\" \/>\n<meta property=\"og:locale\" content=\"da_DK\" \/>\n<meta property=\"og:type\" content=\"article\" \/>\n<meta property=\"og:title\" content=\"VA-Banken -Danmarks bedste ledningsh\u00e5ndteringssystem\" \/>\n<meta property=\"og:description\" content=\"Saml al din viden og f\u00e5 sikkerhed i den langsigtede planl\u00e6gning, og et brugervenligt system der g\u00f8r medarbejderne glade. Skabt til forsyninger og kommuner.\" \/>\n<meta property=\"og:url\" content=\"https:\/\/www.le34.dk\/da\/vabanken\/\" \/>\n<meta property=\"og:site_name\" content=\"LE34\" \/>\n<meta property=\"article:modified_time\" content=\"2024-01-15T15:02:42+00:00\" \/>\n<meta name=\"twitter:card\" content=\"summary_large_image\" \/>\n<meta name=\"twitter:label1\" content=\"Estimeret l\u00e6setid\" \/>\n\t<meta name=\"twitter:data1\" content=\"1 minut\" \/>\n<script type=\"application\/ld+json\" class=\"yoast-schema-graph\">{\"@context\":\"https:\\\/\\\/schema.org\",\"@graph\":[{\"@type\":\"WebPage\",\"@id\":\"https:\\\/\\\/www.le34.dk\\\/da\\\/vabanken\\\/\",\"url\":\"https:\\\/\\\/www.le34.dk\\\/da\\\/vabanken\\\/\",\"name\":\"VA-Banken -Danmarks bedste ledningsh\u00e5ndteringssystem\",\"isPartOf\":{\"@id\":\"https:\\\/\\\/www.le34.dk\\\/da\\\/#website\"},\"datePublished\":\"2017-09-28T09:08:40+00:00\",\"dateModified\":\"2024-01-15T15:02:42+00:00\",\"description\":\"Saml al din viden og f\u00e5 sikkerhed i den langsigtede planl\u00e6gning, og et brugervenligt system der g\u00f8r medarbejderne glade. Skabt til forsyninger og kommuner.\",\"breadcrumb\":{\"@id\":\"https:\\\/\\\/www.le34.dk\\\/da\\\/vabanken\\\/#breadcrumb\"},\"inLanguage\":\"da-DK\",\"potentialAction\":[{\"@type\":\"ReadAction\",\"target\":[\"https:\\\/\\\/www.le34.dk\\\/da\\\/vabanken\\\/\"]}]},{\"@type\":\"BreadcrumbList\",\"@id\":\"https:\\\/\\\/www.le34.dk\\\/da\\\/vabanken\\\/#breadcrumb\",\"itemListElement\":[{\"@type\":\"ListItem\",\"position\":1,\"name\":\"Home\",\"item\":\"https:\\\/\\\/www.le34.dk\\\/da\\\/\"},{\"@type\":\"ListItem\",\"position\":2,\"name\":\"VA-banken\u00a9\"}]},{\"@type\":\"WebSite\",\"@id\":\"https:\\\/\\\/www.le34.dk\\\/da\\\/#website\",\"url\":\"https:\\\/\\\/www.le34.dk\\\/da\\\/\",\"name\":\"LE34\",\"description\":\"\",\"potentialAction\":[{\"@type\":\"SearchAction\",\"target\":{\"@type\":\"EntryPoint\",\"urlTemplate\":\"https:\\\/\\\/www.le34.dk\\\/da\\\/?s={search_term_string}\"},\"query-input\":{\"@type\":\"PropertyValueSpecification\",\"valueRequired\":true,\"valueName\":\"search_term_string\"}}],\"inLanguage\":\"da-DK\"}]}<\/script>\n<!-- \/ Yoast SEO plugin. -->","yoast_head_json":{"title":"VA-Banken -Danmarks bedste ledningsh\u00e5ndteringssystem","description":"Saml al din viden og f\u00e5 sikkerhed i den langsigtede planl\u00e6gning, og et brugervenligt system der g\u00f8r medarbejderne glade. Skabt til forsyninger og kommuner.","robots":{"index":"index","follow":"follow","max-snippet":"max-snippet:-1","max-image-preview":"max-image-preview:large","max-video-preview":"max-video-preview:-1"},"canonical":"https:\/\/www.le34.dk\/da\/vabanken\/","og_locale":"da_DK","og_type":"article","og_title":"VA-Banken -Danmarks bedste ledningsh\u00e5ndteringssystem","og_description":"Saml al din viden og f\u00e5 sikkerhed i den langsigtede planl\u00e6gning, og et brugervenligt system der g\u00f8r medarbejderne glade. Skabt til forsyninger og kommuner.","og_url":"https:\/\/www.le34.dk\/da\/vabanken\/","og_site_name":"LE34","article_modified_time":"2024-01-15T15:02:42+00:00","twitter_card":"summary_large_image","twitter_misc":{"Estimeret l\u00e6setid":"1 minut"},"schema":{"@context":"https:\/\/schema.org","@graph":[{"@type":"WebPage","@id":"https:\/\/www.le34.dk\/da\/vabanken\/","url":"https:\/\/www.le34.dk\/da\/vabanken\/","name":"VA-Banken -Danmarks bedste ledningsh\u00e5ndteringssystem","isPartOf":{"@id":"https:\/\/www.le34.dk\/da\/#website"},"datePublished":"2017-09-28T09:08:40+00:00","dateModified":"2024-01-15T15:02:42+00:00","description":"Saml al din viden og f\u00e5 sikkerhed i den langsigtede planl\u00e6gning, og et brugervenligt system der g\u00f8r medarbejderne glade. Skabt til forsyninger og kommuner.","breadcrumb":{"@id":"https:\/\/www.le34.dk\/da\/vabanken\/#breadcrumb"},"inLanguage":"da-DK","potentialAction":[{"@type":"ReadAction","target":["https:\/\/www.le34.dk\/da\/vabanken\/"]}]},{"@type":"BreadcrumbList","@id":"https:\/\/www.le34.dk\/da\/vabanken\/#breadcrumb","itemListElement":[{"@type":"ListItem","position":1,"name":"Home","item":"https:\/\/www.le34.dk\/da\/"},{"@type":"ListItem","position":2,"name":"VA-banken\u00a9"}]},{"@type":"WebSite","@id":"https:\/\/www.le34.dk\/da\/#website","url":"https:\/\/www.le34.dk\/da\/","name":"LE34","description":"","potentialAction":[{"@type":"SearchAction","target":{"@type":"EntryPoint","urlTemplate":"https:\/\/www.le34.dk\/da\/?s={search_term_string}"},"query-input":{"@type":"PropertyValueSpecification","valueRequired":true,"valueName":"search_term_string"}}],"inLanguage":"da-DK"}]}},"_links":{"self":[{"href":"https:\/\/www.le34.dk\/da\/wp-json\/wp\/v2\/pages\/1841","targetHints":{"allow":["GET"]}}],"collection":[{"href":"https:\/\/www.le34.dk\/da\/wp-json\/wp\/v2\/pages"}],"about":[{"href":"https:\/\/www.le34.dk\/da\/wp-json\/wp\/v2\/types\/page"}],"author":[{"embeddable":true,"href":"https:\/\/www.le34.dk\/da\/wp-json\/wp\/v2\/users\/3"}],"replies":[{"embeddable":true,"href":"https:\/\/www.le34.dk\/da\/wp-json\/wp\/v2\/comments?post=1841"}],"version-history":[{"count":1,"href":"https:\/\/www.le34.dk\/da\/wp-json\/wp\/v2\/pages\/1841\/revisions"}],"predecessor-version":[{"id":13501,"href":"https:\/\/www.le34.dk\/da\/wp-json\/wp\/v2\/pages\/1841\/revisions\/13501"}],"wp:attachment":[{"href":"https:\/\/www.le34.dk\/da\/wp-json\/wp\/v2\/media?parent=1841"}],"curies":[{"name":"wp","href":"https:\/\/api.w.org\/{rel}","templated":true}]}}