{"id":18285,"date":"2025-04-24T09:28:18","date_gmt":"2025-04-24T09:28:18","guid":{"rendered":"https:\/\/www.le34.dk\/?page_id=18285"},"modified":"2025-04-25T10:11:13","modified_gmt":"2025-04-25T10:11:13","slug":"kurser-om-vejjura","status":"publish","type":"page","link":"https:\/\/www.le34.dk\/da\/kurser-om-vejjura\/","title":{"rendered":"Kurser om vejjura"},"content":{"rendered":"<p>30.04.2025<br \/>\nViden er fundamentet for vores arbejde. Vi samler det nyeste, det vigtigste og det mest relevante i korte og praksisn\u00e6re kurser. Til dig, til dine kollegaer og til inspiration. Se alle vores kurser i LE34 Akademi.<\/p>\n<p>Vejforvaltningsret<br \/>\nF\u00e5 styr p\u00e5 de grundl\u00e6ggende forvaltningsretlige regler og deres samspil med vejlovgivningen. Kurset giver dig v\u00e6rkt\u00f8jerne til at h\u00e5ndtere myndighedsopgaver og tr\u00e6ffe juridisk korrekte afg\u00f8relser i arbejdet som vejmyndighed.<br \/>\nSted: Comwell Aarhus<br \/>\nDato: 15.05.2025<br \/>\nTid: 09.00-16.00<br \/>\nPris: 2.500,- ex. moms<br \/>\nUnderviser: Ren\u00e9 Aggersbjerg<\/p>\n<p>L\u00e6s mere<\/p>\n<p>Vejbidrag &#8211; betaling til vejanl\u00e6g<br \/>\nBliv klogere p\u00e5 vejlovens regler om vejbidrag, og hvordan du effektivt kan h\u00e5ndtere proceduren ved p\u00e5l\u00e6gning. L\u00e6r, hvilke vejanl\u00e6g og udgifter der kan d\u00e6kkes, hvordan bidraget fordeles, og hvilke grundejere der skal bidrage. Efter kurset er du klar til at skabe et solidt beslutningsgrundlag og sikre korrekt proces.<br \/>\nSted: Odense<br \/>\nDato: 22.05.2025<br \/>\nTid: 13.00-16.30<br \/>\nPris: 1.500,- ex. moms<br \/>\nUnderviser: Ren\u00e9 Aggersbjerg<\/p>\n<p>L\u00e6s mere<\/p>\n<p>Nyheder fra den vejjuridiske verden<br \/>\nI mere end 10 \u00e5r har Ren\u00e9 Aggersbjerg skrevet artikelserien\u00a0Nyheder fra den vejjuridiske verden\u00a0i vejsektorens fagblad\u00a0Trafik &#038; Veje. Nu tilbydes formatet som et halv\u00e5rligt webinar, hvor du kan f\u00e5 indsigt i afg\u00f8relser og domme, der har principiel betydning, samt en grundig pr\u00e6sentation af den nyeste praksis og diskussion af, hvordan den p\u00e5virker din sagsbehandling.<br \/>\nSted: Online<br \/>\nDato: 12.06.2025<br \/>\nTid: 10.00-11.30<br \/>\nPris: 500,- ex. moms<br \/>\nUnderviser: Ren\u00e9 Aggersbjerg<\/p>\n<p>L\u00e6s mere<\/p>\n<p>Se alle nyheder fra Vejjura<\/p>\n<p>Kontakt eksperterne<\/p>\n<p>Kenneth Holme Poulsen<br \/>\nVibeke St\u00e6rdahl Nielsen<br \/>\nGert M. Henningsen<br \/>\nJonathan Overgaard Markman<br \/>\nRen\u00e9 Aggersbjerg<br \/>\nS\u00f8ren Henriksen<br \/>\nThomas Normann Asmussen<br \/>\nErik Jeppesen<br \/>\nMartin Korgaard<br \/>\nDaniel Lundeman Lind<\/p>\n","protected":false},"excerpt":{"rendered":"<p>30.04.2025 Viden er fundamentet for vores arbejde. Vi samler det nyeste, det vigtigste og det mest relevante i korte og praksisn\u00e6re kurser. Til dig, til dine kollegaer og til inspiration. Se alle vores kurser i LE34 Akademi. Vejforvaltningsret F\u00e5 styr p\u00e5 de grundl\u00e6ggende forvaltningsretlige regler og deres samspil med vejlovgivningen. Kurset giver dig v\u00e6rkt\u00f8jerne til [&hellip;]<\/p>\n","protected":false},"author":11,"featured_media":0,"parent":0,"menu_order":0,"comment_status":"closed","ping_status":"closed","template":"","meta":{"_acf_changed":false,"footnotes":""},"class_list":["post-18285","page","type-page","status-publish","hentry"],"acf":[],"yoast_head":"<!-- This site is optimized with the Yoast SEO plugin v27.5 - https:\/\/yoast.com\/product\/yoast-seo-wordpress\/ -->\n<title>Kurser om vejjura<\/title>\n<meta name=\"robots\" content=\"index, follow, max-snippet:-1, max-image-preview:large, max-video-preview:-1\" \/>\n<link rel=\"canonical\" href=\"https:\/\/www.le34.dk\/da\/kurser-om-vejjura\/\" \/>\n<meta property=\"og:locale\" content=\"da_DK\" \/>\n<meta property=\"og:type\" content=\"article\" \/>\n<meta property=\"og:title\" content=\"Kurser om vejjura\" \/>\n<meta property=\"og:description\" content=\"30.04.2025 Viden er fundamentet for vores arbejde. Vi samler det nyeste, det vigtigste og det mest relevante i korte og praksisn\u00e6re kurser. Til dig, til dine kollegaer og til inspiration. Se alle vores kurser i LE34 Akademi. Vejforvaltningsret F\u00e5 styr p\u00e5 de grundl\u00e6ggende forvaltningsretlige regler og deres samspil med vejlovgivningen. Kurset giver dig v\u00e6rkt\u00f8jerne til [&hellip;]\" \/>\n<meta property=\"og:url\" content=\"https:\/\/www.le34.dk\/da\/kurser-om-vejjura\/\" \/>\n<meta property=\"og:site_name\" content=\"LE34\" \/>\n<meta property=\"article:modified_time\" content=\"2025-04-25T10:11:13+00:00\" \/>\n<meta name=\"twitter:card\" content=\"summary_large_image\" \/>\n<meta name=\"twitter:label1\" content=\"Estimeret l\u00e6setid\" \/>\n\t<meta name=\"twitter:data1\" content=\"5 minutter\" \/>\n<script type=\"application\/ld+json\" class=\"yoast-schema-graph\">{\"@context\":\"https:\\\/\\\/schema.org\",\"@graph\":[{\"@type\":\"WebPage\",\"@id\":\"https:\\\/\\\/www.le34.dk\\\/da\\\/kurser-om-vejjura\\\/\",\"url\":\"https:\\\/\\\/www.le34.dk\\\/da\\\/kurser-om-vejjura\\\/\",\"name\":\"Kurser om vejjura\",\"isPartOf\":{\"@id\":\"https:\\\/\\\/www.le34.dk\\\/da\\\/#website\"},\"datePublished\":\"2025-04-24T09:28:18+00:00\",\"dateModified\":\"2025-04-25T10:11:13+00:00\",\"breadcrumb\":{\"@id\":\"https:\\\/\\\/www.le34.dk\\\/da\\\/kurser-om-vejjura\\\/#breadcrumb\"},\"inLanguage\":\"da-DK\",\"potentialAction\":[{\"@type\":\"ReadAction\",\"target\":[\"https:\\\/\\\/www.le34.dk\\\/da\\\/kurser-om-vejjura\\\/\"]}]},{\"@type\":\"BreadcrumbList\",\"@id\":\"https:\\\/\\\/www.le34.dk\\\/da\\\/kurser-om-vejjura\\\/#breadcrumb\",\"itemListElement\":[{\"@type\":\"ListItem\",\"position\":1,\"name\":\"Home\",\"item\":\"https:\\\/\\\/www.le34.dk\\\/da\\\/\"},{\"@type\":\"ListItem\",\"position\":2,\"name\":\"Kurser om vejjura\"}]},{\"@type\":\"WebSite\",\"@id\":\"https:\\\/\\\/www.le34.dk\\\/da\\\/#website\",\"url\":\"https:\\\/\\\/www.le34.dk\\\/da\\\/\",\"name\":\"LE34\",\"description\":\"\",\"potentialAction\":[{\"@type\":\"SearchAction\",\"target\":{\"@type\":\"EntryPoint\",\"urlTemplate\":\"https:\\\/\\\/www.le34.dk\\\/da\\\/?s={search_term_string}\"},\"query-input\":{\"@type\":\"PropertyValueSpecification\",\"valueRequired\":true,\"valueName\":\"search_term_string\"}}],\"inLanguage\":\"da-DK\"}]}<\/script>\n<!-- \/ Yoast SEO plugin. -->","yoast_head_json":{"title":"Kurser om vejjura","robots":{"index":"index","follow":"follow","max-snippet":"max-snippet:-1","max-image-preview":"max-image-preview:large","max-video-preview":"max-video-preview:-1"},"canonical":"https:\/\/www.le34.dk\/da\/kurser-om-vejjura\/","og_locale":"da_DK","og_type":"article","og_title":"Kurser om vejjura","og_description":"30.04.2025 Viden er fundamentet for vores arbejde. Vi samler det nyeste, det vigtigste og det mest relevante i korte og praksisn\u00e6re kurser. Til dig, til dine kollegaer og til inspiration. Se alle vores kurser i LE34 Akademi. Vejforvaltningsret F\u00e5 styr p\u00e5 de grundl\u00e6ggende forvaltningsretlige regler og deres samspil med vejlovgivningen. Kurset giver dig v\u00e6rkt\u00f8jerne til [&hellip;]","og_url":"https:\/\/www.le34.dk\/da\/kurser-om-vejjura\/","og_site_name":"LE34","article_modified_time":"2025-04-25T10:11:13+00:00","twitter_card":"summary_large_image","twitter_misc":{"Estimeret l\u00e6setid":"5 minutter"},"schema":{"@context":"https:\/\/schema.org","@graph":[{"@type":"WebPage","@id":"https:\/\/www.le34.dk\/da\/kurser-om-vejjura\/","url":"https:\/\/www.le34.dk\/da\/kurser-om-vejjura\/","name":"Kurser om vejjura","isPartOf":{"@id":"https:\/\/www.le34.dk\/da\/#website"},"datePublished":"2025-04-24T09:28:18+00:00","dateModified":"2025-04-25T10:11:13+00:00","breadcrumb":{"@id":"https:\/\/www.le34.dk\/da\/kurser-om-vejjura\/#breadcrumb"},"inLanguage":"da-DK","potentialAction":[{"@type":"ReadAction","target":["https:\/\/www.le34.dk\/da\/kurser-om-vejjura\/"]}]},{"@type":"BreadcrumbList","@id":"https:\/\/www.le34.dk\/da\/kurser-om-vejjura\/#breadcrumb","itemListElement":[{"@type":"ListItem","position":1,"name":"Home","item":"https:\/\/www.le34.dk\/da\/"},{"@type":"ListItem","position":2,"name":"Kurser om vejjura"}]},{"@type":"WebSite","@id":"https:\/\/www.le34.dk\/da\/#website","url":"https:\/\/www.le34.dk\/da\/","name":"LE34","description":"","potentialAction":[{"@type":"SearchAction","target":{"@type":"EntryPoint","urlTemplate":"https:\/\/www.le34.dk\/da\/?s={search_term_string}"},"query-input":{"@type":"PropertyValueSpecification","valueRequired":true,"valueName":"search_term_string"}}],"inLanguage":"da-DK"}]}},"_links":{"self":[{"href":"https:\/\/www.le34.dk\/da\/wp-json\/wp\/v2\/pages\/18285","targetHints":{"allow":["GET"]}}],"collection":[{"href":"https:\/\/www.le34.dk\/da\/wp-json\/wp\/v2\/pages"}],"about":[{"href":"https:\/\/www.le34.dk\/da\/wp-json\/wp\/v2\/types\/page"}],"author":[{"embeddable":true,"href":"https:\/\/www.le34.dk\/da\/wp-json\/wp\/v2\/users\/11"}],"replies":[{"embeddable":true,"href":"https:\/\/www.le34.dk\/da\/wp-json\/wp\/v2\/comments?post=18285"}],"version-history":[{"count":19,"href":"https:\/\/www.le34.dk\/da\/wp-json\/wp\/v2\/pages\/18285\/revisions"}],"predecessor-version":[{"id":18308,"href":"https:\/\/www.le34.dk\/da\/wp-json\/wp\/v2\/pages\/18285\/revisions\/18308"}],"wp:attachment":[{"href":"https:\/\/www.le34.dk\/da\/wp-json\/wp\/v2\/media?parent=18285"}],"curies":[{"name":"wp","href":"https:\/\/api.w.org\/{rel}","templated":true}]}}