{"id":18236,"date":"2025-04-25T08:32:24","date_gmt":"2025-04-25T08:32:24","guid":{"rendered":"https:\/\/www.le34.dk\/?page_id=18236"},"modified":"2025-04-29T08:43:13","modified_gmt":"2025-04-29T08:43:13","slug":"erstatning-for-tab-af-traeer-i-forbindelse-med-ekspropriation","status":"publish","type":"page","link":"https:\/\/www.le34.dk\/da\/erstatning-for-tab-af-traeer-i-forbindelse-med-ekspropriation\/","title":{"rendered":"Erstatning for tab af tr\u00e6er i forbindelse med ekspropriation"},"content":{"rendered":"<p>30.04.2025<br \/>\nErstatning af tr\u00e6er i forbindelse med ekspropriationer er en typisk og tilbagevendende problemstilling. Det ses ofte, at grundejere kan have h\u00f8je forventninger til tr\u00e6ernes v\u00e6rdi, og det er ikke underligt, n\u00e5r man skeler til VAT 19. VAT 19 er den seneste udgave af \u2019V\u00e6rdians\u00e6ttelse Af Tr\u00e6er\u2019, som er en norm for v\u00e6rdis\u00e6tning af tr\u00e6er vedtaget af en bred kreds af faglige organisationer. Tr\u00e6ers v\u00e6rdi vil typisk v\u00e6re v\u00e6sentlig h\u00f8jere efter VAT 19, end hvad der bliver erstattet i forbindelse med ekspropriationer.<\/p>\n<p>VAT 19 (V\u00e6rdians\u00e6ttelse Af Tr\u00e6er)<br \/>\nVAT 19 er et \u201d\u2026 udtryk for branchens vurdering af tr\u00e6ets v\u00e6rdi \u2013 i nabotvister s\u00e5vel som i retssager. \u201d (Vidensblad om VAT 19), hvilket g\u00e6lder n\u00e5r tr\u00e6er uds\u00e6ttes for skader ved uheld, byggeri og h\u00e6rv\u00e6rk. Beregningsmetoden medtager tr\u00e6ets etableringsomkostninger, st\u00f8rrelse, sundhed, placering og alder. Det kan derfor virke oplagt at beregne erstatning for tabte tr\u00e6er i forbindelse med en ekspropriation efter denne metode. Det var da ogs\u00e5 p\u00e5standen, da en grundejer, i forbindelse med at Silkeborg Kommune eksproprierede et areal til en stitunnel, mente, at tabte tr\u00e6er skulle erstattes efter genafskaffelsesv\u00e6rdien og henviste til VAT 19 (se MAD 2024.203).<\/p>\n<p>MAD 2024.203<br \/>\nGrundejeren afstod ca. 367 m\u00b2 til sti og tunnelanl\u00e6g samt 94 m\u00b2 til midlertidig arbejdsareal i anl\u00e6gsperioden.\u00a0 Der stod ca. 26 tr\u00e6er p\u00e5 det afst\u00e5ede areal og ca. 10 tr\u00e6er p\u00e5 arbejdsarealet. Taksationskommissionen vurderede, at tr\u00e6erne, som f\u00f8lge af g\u00e6ldende lokalplan, ikke havde s\u00e6rlig rekreativ v\u00e6rdi og alene en mindre v\u00e6rdi som br\u00e6nde. Kommissionen tilkendte grundejer 15.746 kr. for hele indgrebet, herunder 7.200 kr. for tab af tr\u00e6er (200 kr. pr. stk.).<br \/>\nGrundejer indbragte sagen for overtaksationskommissionen, og lagde blandt andet v\u00e6gt p\u00e5 en \u00f8get erstatning for de tabte tr\u00e6er. Grundejer henviste til erstatningsansvarsloven og forsikringsaftaleloven med henvisning til, at principperne her netop svarer til beregningerne i VAT 19-metoden, nemlig erstatning for genanskaffelsesv\u00e6rdien fratrukket fradrag for alder m.m. Derudover henviste grundejer til en erstatningssag i kommunen om ulovligt f\u00e6ldede tr\u00e6er, hvor kommunens erstatningskrav netop var beregnet efter metoden. Det var derfor, efter grundejerens opfattelse, oplagt, at tr\u00e6erne i forbindelse med ekspropriationen skulle erstattes ud fra de samme principper.<br \/>\nOvertaksationskommissionen stadf\u00e6stede dog afg\u00f8relsen med bem\u00e6rkning om, at \u201dden tilkendte erstatning er h\u00f8j\u201d, og at st\u00f8rstedelen af tr\u00e6erne befandt sig p\u00e5 det permanent afst\u00e5ede areal, at tr\u00e6erne som f\u00f8lge af lokalplanen ikke havde nogen rekreativ v\u00e6rdi og derfor alene havde en begr\u00e6nset v\u00e6rdi som br\u00e6nde.<br \/>\nI afg\u00f8relsen l\u00e6gger kommissionen v\u00e6gt p\u00e5, at det er et almindeligt ekspropriationsretligt princip, at tr\u00e6er ikke erstattes efter genanskaffelsesv\u00e6rdien, men efter handels- og brugsv\u00e6rdien, n\u00e5r den er lavere end genanskaffelsesv\u00e6rdien. Det afg\u00f8rende i ekspropriationssammenh\u00e6ng er derfor, om tabet af tr\u00e6er medf\u00f8rer en v\u00e6rdinedgang p\u00e5 restejendommen, som ville blive afspejlet ved et salg i almindelig fri handel. Efter kommissionens opfattelse var det var alts\u00e5 ikke tilf\u00e6ldet i sagen.<br \/>\nKommissionen bem\u00e6rker, at det faktum, at der p\u00e5 andre retsomr\u00e5der udm\u00e5les erstatning p\u00e5 baggrund af genanskaffelsesv\u00e6rdien (eller VAT 19) bl.a. skyldes pr\u00e6ventive hensyn \u2013 det vil sige, at det skal afskr\u00e6kke folk fra at yde h\u00e6rv\u00e6rk eller uretm\u00e6ssigt fjerne tr\u00e6er. Det har derfor ikke sammenh\u00e6ng med de erstatningsretlige principper i forbindelse med ekspropriation, og ville i s\u00e5 fald medf\u00f8re, at ejeren f\u00e5r mere end fuld erstatning.<\/p>\n<p>Kommentar<br \/>\nAfg\u00f8relsen understreger og f\u00f8lger den hidtidige praksis, n\u00e5r der i forbindelse med ekspropriationer erstattes tab af tr\u00e6er. Det kan virke urimeligt for lodsejer, men det afg\u00f8rende er alts\u00e5, hvorvidt restejendommen lider en egentligt v\u00e6rdinedgang.<br \/>\nMan skal dog huske, at der er situationer, hvor tr\u00e6er kan have l\u00e6virkning og afsk\u00e6rmende funktion, hvor en fjernelse kan medf\u00f8re midlertidige ulemper\/gener p\u00e5 restejendommen, som skal erstattes. I s\u00e6rlige situationer kan enkeltst\u00e5ende\/solit\u00e6re karaktertr\u00e6er have stor karaktergivende v\u00e6rdi for en ejendom, og vi har i de situationer set eksempler p\u00e5 betydelige erstatninger.<br \/>\nDer m\u00e5 skelnes mellem selvs\u00e5ede tr\u00e6er og \u2019bestemte\u2019 tr\u00e6er i en etableret have, hvilket var tilf\u00e6ldet i overtaksationskendelse KFE 2016.585. Taksationskommissionen havde tilkendt erstatning for (selvs\u00e5ede) tr\u00e6er p\u00e5 en ubebygget sommerhusgrund i forbindelse med etablering af kloakledninger, men overtaksationskommissionen mente ikke, at tr\u00e6erne skulle erstattes, da ejeren \u201d\u2026 ikke ses at have lidt et tab ved, at tr\u00e6erne er blevet f\u00e6ldet. Kommissionen har herved lagt v\u00e6gt p\u00e5, at der er tale om selvs\u00e5ede tr\u00e6er, som har d\u00e6kket hele arealet, og ejendommens handelsv\u00e6rdi ikke kan antages at v\u00e6re blevet forringet som f\u00f8lge af, at tr\u00e6erne er blevet f\u00e6ldet, ligesom kommissionen heller ikke finder, at tr\u00e6erne kan antages at have haft nogen v\u00e6rdi for ejeren i \u00f8vrigt. \u201d<br \/>\nI den etablerede sommerhushave blev tre bestemte tr\u00e6er derimod erstattet med i alt 2.375 kr.<br \/>\nI praksis oplever vi at enkeltst\u00e5ende tr\u00e6er i etablerede haver bliver erstattet med bel\u00f8b i st\u00f8rrelsesordenen 1.000 \u2013 5.000 kr., dog meget afh\u00e6ngigt af den enkelte situation.<br \/>\nHvis du har sp\u00f8rgsm\u00e5l til artiklen kan du kontakte Jonathan Overgaard Markman.<\/p>\n<p>Se alle nyheder fra Vejjura<\/p>\n<p>Kontakt eksperterne<\/p>\n<p>Kenneth Holme Poulsen<br \/>\nVibeke St\u00e6rdahl Nielsen<br \/>\nGert M. Henningsen<br \/>\nJonathan Overgaard Markman<br \/>\nRen\u00e9 Aggersbjerg<br \/>\nS\u00f8ren Henriksen<br \/>\nThomas Normann Asmussen<br \/>\nErik Jeppesen<br \/>\nMartin Korgaard<br \/>\nDaniel Lundeman Lind<\/p>\n","protected":false},"excerpt":{"rendered":"<p>30.04.2025 Erstatning af tr\u00e6er i forbindelse med ekspropriationer er en typisk og tilbagevendende problemstilling. Det ses ofte, at grundejere kan have h\u00f8je forventninger til tr\u00e6ernes v\u00e6rdi, og det er ikke underligt, n\u00e5r man skeler til VAT 19. VAT 19 er den seneste udgave af \u2019V\u00e6rdians\u00e6ttelse Af Tr\u00e6er\u2019, som er en norm for v\u00e6rdis\u00e6tning af tr\u00e6er [&hellip;]<\/p>\n","protected":false},"author":11,"featured_media":0,"parent":0,"menu_order":0,"comment_status":"closed","ping_status":"closed","template":"","meta":{"_acf_changed":false,"footnotes":""},"class_list":["post-18236","page","type-page","status-publish","hentry"],"acf":[],"yoast_head":"<!-- This site is optimized with the Yoast SEO plugin v27.5 - https:\/\/yoast.com\/product\/yoast-seo-wordpress\/ -->\n<title>Erstatning for tab af tr\u00e6er i forbindelse med ekspropriation<\/title>\n<meta name=\"robots\" content=\"index, follow, max-snippet:-1, max-image-preview:large, max-video-preview:-1\" \/>\n<link rel=\"canonical\" href=\"https:\/\/www.le34.dk\/da\/erstatning-for-tab-af-traeer-i-forbindelse-med-ekspropriation\/\" \/>\n<meta property=\"og:locale\" content=\"da_DK\" \/>\n<meta property=\"og:type\" content=\"article\" \/>\n<meta property=\"og:title\" content=\"Erstatning for tab af tr\u00e6er i forbindelse med ekspropriation\" \/>\n<meta property=\"og:description\" content=\"30.04.2025 Erstatning af tr\u00e6er i forbindelse med ekspropriationer er en typisk og tilbagevendende problemstilling. Det ses ofte, at grundejere kan have h\u00f8je forventninger til tr\u00e6ernes v\u00e6rdi, og det er ikke underligt, n\u00e5r man skeler til VAT 19. VAT 19 er den seneste udgave af \u2019V\u00e6rdians\u00e6ttelse Af Tr\u00e6er\u2019, som er en norm for v\u00e6rdis\u00e6tning af tr\u00e6er [&hellip;]\" \/>\n<meta property=\"og:url\" content=\"https:\/\/www.le34.dk\/da\/erstatning-for-tab-af-traeer-i-forbindelse-med-ekspropriation\/\" \/>\n<meta property=\"og:site_name\" content=\"LE34\" \/>\n<meta property=\"article:modified_time\" content=\"2025-04-29T08:43:13+00:00\" \/>\n<meta name=\"twitter:card\" content=\"summary_large_image\" \/>\n<meta name=\"twitter:label1\" content=\"Estimeret l\u00e6setid\" \/>\n\t<meta name=\"twitter:data1\" content=\"10 minutter\" \/>\n<script type=\"application\/ld+json\" class=\"yoast-schema-graph\">{\"@context\":\"https:\\\/\\\/schema.org\",\"@graph\":[{\"@type\":\"WebPage\",\"@id\":\"https:\\\/\\\/www.le34.dk\\\/da\\\/erstatning-for-tab-af-traeer-i-forbindelse-med-ekspropriation\\\/\",\"url\":\"https:\\\/\\\/www.le34.dk\\\/da\\\/erstatning-for-tab-af-traeer-i-forbindelse-med-ekspropriation\\\/\",\"name\":\"Erstatning for tab af tr\u00e6er i forbindelse med ekspropriation\",\"isPartOf\":{\"@id\":\"https:\\\/\\\/www.le34.dk\\\/da\\\/#website\"},\"datePublished\":\"2025-04-25T08:32:24+00:00\",\"dateModified\":\"2025-04-29T08:43:13+00:00\",\"breadcrumb\":{\"@id\":\"https:\\\/\\\/www.le34.dk\\\/da\\\/erstatning-for-tab-af-traeer-i-forbindelse-med-ekspropriation\\\/#breadcrumb\"},\"inLanguage\":\"da-DK\",\"potentialAction\":[{\"@type\":\"ReadAction\",\"target\":[\"https:\\\/\\\/www.le34.dk\\\/da\\\/erstatning-for-tab-af-traeer-i-forbindelse-med-ekspropriation\\\/\"]}]},{\"@type\":\"BreadcrumbList\",\"@id\":\"https:\\\/\\\/www.le34.dk\\\/da\\\/erstatning-for-tab-af-traeer-i-forbindelse-med-ekspropriation\\\/#breadcrumb\",\"itemListElement\":[{\"@type\":\"ListItem\",\"position\":1,\"name\":\"Home\",\"item\":\"https:\\\/\\\/www.le34.dk\\\/da\\\/\"},{\"@type\":\"ListItem\",\"position\":2,\"name\":\"Erstatning for tab af tr\u00e6er i forbindelse med ekspropriation\"}]},{\"@type\":\"WebSite\",\"@id\":\"https:\\\/\\\/www.le34.dk\\\/da\\\/#website\",\"url\":\"https:\\\/\\\/www.le34.dk\\\/da\\\/\",\"name\":\"LE34\",\"description\":\"\",\"potentialAction\":[{\"@type\":\"SearchAction\",\"target\":{\"@type\":\"EntryPoint\",\"urlTemplate\":\"https:\\\/\\\/www.le34.dk\\\/da\\\/?s={search_term_string}\"},\"query-input\":{\"@type\":\"PropertyValueSpecification\",\"valueRequired\":true,\"valueName\":\"search_term_string\"}}],\"inLanguage\":\"da-DK\"}]}<\/script>\n<!-- \/ Yoast SEO plugin. -->","yoast_head_json":{"title":"Erstatning for tab af tr\u00e6er i forbindelse med ekspropriation","robots":{"index":"index","follow":"follow","max-snippet":"max-snippet:-1","max-image-preview":"max-image-preview:large","max-video-preview":"max-video-preview:-1"},"canonical":"https:\/\/www.le34.dk\/da\/erstatning-for-tab-af-traeer-i-forbindelse-med-ekspropriation\/","og_locale":"da_DK","og_type":"article","og_title":"Erstatning for tab af tr\u00e6er i forbindelse med ekspropriation","og_description":"30.04.2025 Erstatning af tr\u00e6er i forbindelse med ekspropriationer er en typisk og tilbagevendende problemstilling. Det ses ofte, at grundejere kan have h\u00f8je forventninger til tr\u00e6ernes v\u00e6rdi, og det er ikke underligt, n\u00e5r man skeler til VAT 19. VAT 19 er den seneste udgave af \u2019V\u00e6rdians\u00e6ttelse Af Tr\u00e6er\u2019, som er en norm for v\u00e6rdis\u00e6tning af tr\u00e6er [&hellip;]","og_url":"https:\/\/www.le34.dk\/da\/erstatning-for-tab-af-traeer-i-forbindelse-med-ekspropriation\/","og_site_name":"LE34","article_modified_time":"2025-04-29T08:43:13+00:00","twitter_card":"summary_large_image","twitter_misc":{"Estimeret l\u00e6setid":"10 minutter"},"schema":{"@context":"https:\/\/schema.org","@graph":[{"@type":"WebPage","@id":"https:\/\/www.le34.dk\/da\/erstatning-for-tab-af-traeer-i-forbindelse-med-ekspropriation\/","url":"https:\/\/www.le34.dk\/da\/erstatning-for-tab-af-traeer-i-forbindelse-med-ekspropriation\/","name":"Erstatning for tab af tr\u00e6er i forbindelse med ekspropriation","isPartOf":{"@id":"https:\/\/www.le34.dk\/da\/#website"},"datePublished":"2025-04-25T08:32:24+00:00","dateModified":"2025-04-29T08:43:13+00:00","breadcrumb":{"@id":"https:\/\/www.le34.dk\/da\/erstatning-for-tab-af-traeer-i-forbindelse-med-ekspropriation\/#breadcrumb"},"inLanguage":"da-DK","potentialAction":[{"@type":"ReadAction","target":["https:\/\/www.le34.dk\/da\/erstatning-for-tab-af-traeer-i-forbindelse-med-ekspropriation\/"]}]},{"@type":"BreadcrumbList","@id":"https:\/\/www.le34.dk\/da\/erstatning-for-tab-af-traeer-i-forbindelse-med-ekspropriation\/#breadcrumb","itemListElement":[{"@type":"ListItem","position":1,"name":"Home","item":"https:\/\/www.le34.dk\/da\/"},{"@type":"ListItem","position":2,"name":"Erstatning for tab af tr\u00e6er i forbindelse med ekspropriation"}]},{"@type":"WebSite","@id":"https:\/\/www.le34.dk\/da\/#website","url":"https:\/\/www.le34.dk\/da\/","name":"LE34","description":"","potentialAction":[{"@type":"SearchAction","target":{"@type":"EntryPoint","urlTemplate":"https:\/\/www.le34.dk\/da\/?s={search_term_string}"},"query-input":{"@type":"PropertyValueSpecification","valueRequired":true,"valueName":"search_term_string"}}],"inLanguage":"da-DK"}]}},"_links":{"self":[{"href":"https:\/\/www.le34.dk\/da\/wp-json\/wp\/v2\/pages\/18236","targetHints":{"allow":["GET"]}}],"collection":[{"href":"https:\/\/www.le34.dk\/da\/wp-json\/wp\/v2\/pages"}],"about":[{"href":"https:\/\/www.le34.dk\/da\/wp-json\/wp\/v2\/types\/page"}],"author":[{"embeddable":true,"href":"https:\/\/www.le34.dk\/da\/wp-json\/wp\/v2\/users\/11"}],"replies":[{"embeddable":true,"href":"https:\/\/www.le34.dk\/da\/wp-json\/wp\/v2\/comments?post=18236"}],"version-history":[{"count":10,"href":"https:\/\/www.le34.dk\/da\/wp-json\/wp\/v2\/pages\/18236\/revisions"}],"predecessor-version":[{"id":18322,"href":"https:\/\/www.le34.dk\/da\/wp-json\/wp\/v2\/pages\/18236\/revisions\/18322"}],"wp:attachment":[{"href":"https:\/\/www.le34.dk\/da\/wp-json\/wp\/v2\/media?parent=18236"}],"curies":[{"name":"wp","href":"https:\/\/api.w.org\/{rel}","templated":true}]}}