{"id":1823,"date":"2019-03-18T13:50:07","date_gmt":"2019-03-18T13:50:07","guid":{"rendered":"https:\/\/www.le34.dk\/uger-kan-vaere-nok-nye-lokalprocedurer\/"},"modified":"2024-07-29T09:18:25","modified_gmt":"2024-07-29T09:18:25","slug":"uger-kan-vaere-nok-nye-lokalprocedurer","status":"publish","type":"page","link":"https:\/\/www.le34.dk\/da\/uger-kan-vaere-nok-nye-lokalprocedurer\/","title":{"rendered":"To uger kan v\u00e6re nok &#8211; nye lokalprocedurer"},"content":{"rendered":"<p>Der er god grund til at unders\u00f8ge om dit projekt lever op til Planlovens krav til den korte h\u00f8ringsfrist p\u00e5 to uger.<\/p>\n<p>Form\u00e5let med \u00e6ndringerne af loven er at nedbringe sagsbehandlingstiden for nye lokalplaner til gavn for b\u00e5de de kommunale forvaltninger og ejendomsudviklingsfirmaer og private bygherrer.<br \/>\nFor eksempel vil de nye regler kunne bruges, hvis en ejendom skal udvikles fra at blive brugt til offentlige form\u00e5l til private form\u00e5l, eller hvis et mindre areal skal \u00e6ndres fra landzone til byzone. Men der vil altid v\u00e6re behov for en individuel vurdering af det konkrete projekt for at afd\u00e6kke om projektet lever op til kravene om, at en h\u00f8ringsperiode p\u00e5 to uger er nok.<br \/>\nLov\u00e6ndringen er vedtaget juni 2017, mens vejledningen fortsat er under udarbejdelse. Landets kommuner forvalter dog allerede efter den nye lov.<\/p>\n<p>L\u00e6s udkastet til vejledningen<\/p>\n<p>Fakta om de nye fleksible lokalplanprocedure i Planloven<br \/>\n1. G\u00e6lder lokalplaner af mindre betydning, alts\u00e5 lokalplaner som ikke medf\u00f8rer v\u00e6sentlige \u00e6ndringer i omgivelserne.<br \/>\n\u00a0<\/p>\n<p>2. Lokalplaner af mindre betydning kan benyttes som supplement til en eller flere bestemmelser i en eksisterende lokalplan eller hvor der ikke i forvejen er en lokalplan, men hvor kommunen \u00f8nsker at fasts\u00e6tte f\u00e5 bestemmelser for et mindre omr\u00e5de eller en enkelt ejendom.<br \/>\n\u00a0<\/p>\n<p>3. Lokalplaner som vil have en v\u00e6sentlig indvirkning p\u00e5 omgivelserne, f.eks. i forhold kystlandskabet, lokalplaner som skal danne grundlag for ekspropriation eller lokalplaner som skal milj\u00f8vurderes efter reglerne i milj\u00f8vurderingsloven, vil ikke kunne anses som lokalplaner af mindre betydning.<br \/>\n\u00a0<br \/>\n4. Kommunerne har dog fortsat pligt til i hvert enkelt tilf\u00e6lde at fasts\u00e6tte en frist, som tillader reel inddragelse af offentligheden og lokalplaninstrumentet skal fortsat fastholde retssikkerheden og gennemsigtigheden for borgerne, interesseorganisationer, bygherrer mv.<br \/>\n\u00a0<\/p>\n<p>5. En lokalplan kan tidligst vedtages endeligt 4 uger efter udl\u00f8bet af h\u00f8ringsfristen, hvis der er fremsat indsigelser til lokalplanforslaget. Er derimod ikke indkommet indsigelser til et lokalplanforslag, kan planen vedtages endeligt efter h\u00f8ringsperiodens udl\u00f8b.<br \/>\n\u00a0<br \/>\n6. Endvidere kan beslutningen om blandt andet lokalplanens endelige vedtagelse delegeres til et udvalg eller til forvaltning. Tidligere blev alle lokalplaner behandlet af b\u00e5de udvalg og den samlede kommunalbestyrelse uanset planens indhold og betydning.<br \/>\n\u00a0<br \/>\n7. Der er ikke mulighed for at delegere beslutningskompetencen til planstrategier, kommuneplaner, kommuneplantill\u00e6g eller lokalplaner af principiel betydning. Det kan eksempelvis v\u00e6re et lokalplanforslag, som er i overensstemmelse med kommuneplanen, men som omhandler et st\u00f8rre byggeri eller et for kommunen v\u00e6sentligt projekt, hvorfor forslaget af den grund anses som principielt<br \/>\n\u00a0<br \/>\n8. Kommunens beslutningen om delegation efter Planloven samt h\u00f8ringsperiodens l\u00e6ngde er retlige sp\u00f8rgsm\u00e5l, som vil kunne p\u00e5klages til Planklagen\u00e6vnet.<\/p>\n<p>Kasper Kornerup Thygesen, landinspekt\u00f8r og specialist i lokalplanl\u00e6gning<br \/>\n\u201cBrug os til at dr\u00f8fte mulighederne for dit udviklingsprojekt. Vi har et godt kenskab til rigtig mange kommuner og til hvordan de laver lokalplaner og hvordan de anvender de nye \u00e6ndringer af planloven. M\u00e5ske lever dit projekt op til muligheden for en kort h\u00f8ringsperiode.\u201d<\/p>\n<p>F\u00e5 professionel sparring p\u00e5, hvordan dit ejendomsprojekt lever op til de nye fleksible regler<br \/>\nLE34 har en indg\u00e5ende indsigt i kommunernes h\u00e5ndtering af lokalplanprocesser, og hvordan de anvender de nye fleksible h\u00f8ringsfrister samt hvilke argumenter der skal til for at belyse dit projekt.\u00a0<\/p>\n<p>L\u00e6s mere om vores bidrag til vellykket ejendomsudvikling<br \/>\nL\u00e6s detaljer om vores planl\u00e6gsnings-ydelser som bl.a. lokalplaner<\/p>\n<p>M\u00f8d eksperterne<\/p>\n<p>Anne-Sophie Bonde Poulsen<br \/>\nAnders Ebsen Jellesen<br \/>\nEva Poulsgaard<br \/>\nFrank E. Kristensen<br \/>\nJosefine Vedtofte Laumann<br \/>\nKasper Kornerup Gr\u00f8nkj\u00e6r<br \/>\nMorten Dalby<br \/>\nStefan Overby<\/p>\n","protected":false},"excerpt":{"rendered":"<p>Der er god grund til at unders\u00f8ge om dit projekt lever op til Planlovens krav til den korte h\u00f8ringsfrist p\u00e5 to uger. Form\u00e5let med \u00e6ndringerne af loven er at nedbringe sagsbehandlingstiden for nye lokalplaner til gavn for b\u00e5de de kommunale forvaltninger og ejendomsudviklingsfirmaer og private bygherrer. For eksempel vil de nye regler kunne bruges, hvis [&hellip;]<\/p>\n","protected":false},"author":28,"featured_media":0,"parent":0,"menu_order":0,"comment_status":"closed","ping_status":"closed","template":"","meta":{"_acf_changed":false,"footnotes":""},"class_list":["post-1823","page","type-page","status-publish","hentry"],"acf":[],"yoast_head":"<!-- This site is optimized with the Yoast SEO plugin v27.6 - https:\/\/yoast.com\/product\/yoast-seo-wordpress\/ -->\n<title>To uger kan v\u00e6re nok - nye lokalprocedurer - LE34<\/title>\n<meta name=\"robots\" content=\"index, follow, max-snippet:-1, max-image-preview:large, max-video-preview:-1\" \/>\n<link rel=\"canonical\" href=\"https:\/\/www.le34.dk\/da\/uger-kan-vaere-nok-nye-lokalprocedurer\/\" \/>\n<meta property=\"og:locale\" content=\"da_DK\" \/>\n<meta property=\"og:type\" content=\"article\" \/>\n<meta property=\"og:title\" content=\"To uger kan v\u00e6re nok - nye lokalprocedurer - LE34\" \/>\n<meta property=\"og:description\" content=\"Der er god grund til at unders\u00f8ge om dit projekt lever op til Planlovens krav til den korte h\u00f8ringsfrist p\u00e5 to uger. Form\u00e5let med \u00e6ndringerne af loven er at nedbringe sagsbehandlingstiden for nye lokalplaner til gavn for b\u00e5de de kommunale forvaltninger og ejendomsudviklingsfirmaer og private bygherrer. For eksempel vil de nye regler kunne bruges, hvis [&hellip;]\" \/>\n<meta property=\"og:url\" content=\"https:\/\/www.le34.dk\/da\/uger-kan-vaere-nok-nye-lokalprocedurer\/\" \/>\n<meta property=\"og:site_name\" content=\"LE34\" \/>\n<meta property=\"article:modified_time\" content=\"2024-07-29T09:18:25+00:00\" \/>\n<meta name=\"twitter:card\" content=\"summary_large_image\" \/>\n<meta name=\"twitter:label1\" content=\"Estimeret l\u00e6setid\" \/>\n\t<meta name=\"twitter:data1\" content=\"7 minutter\" \/>\n<script type=\"application\/ld+json\" class=\"yoast-schema-graph\">{\"@context\":\"https:\\\/\\\/schema.org\",\"@graph\":[{\"@type\":\"WebPage\",\"@id\":\"https:\\\/\\\/www.le34.dk\\\/da\\\/uger-kan-vaere-nok-nye-lokalprocedurer\\\/\",\"url\":\"https:\\\/\\\/www.le34.dk\\\/da\\\/uger-kan-vaere-nok-nye-lokalprocedurer\\\/\",\"name\":\"To uger kan v\u00e6re nok - nye lokalprocedurer - LE34\",\"isPartOf\":{\"@id\":\"https:\\\/\\\/www.le34.dk\\\/da\\\/#website\"},\"datePublished\":\"2019-03-18T13:50:07+00:00\",\"dateModified\":\"2024-07-29T09:18:25+00:00\",\"breadcrumb\":{\"@id\":\"https:\\\/\\\/www.le34.dk\\\/da\\\/uger-kan-vaere-nok-nye-lokalprocedurer\\\/#breadcrumb\"},\"inLanguage\":\"da-DK\",\"potentialAction\":[{\"@type\":\"ReadAction\",\"target\":[\"https:\\\/\\\/www.le34.dk\\\/da\\\/uger-kan-vaere-nok-nye-lokalprocedurer\\\/\"]}]},{\"@type\":\"BreadcrumbList\",\"@id\":\"https:\\\/\\\/www.le34.dk\\\/da\\\/uger-kan-vaere-nok-nye-lokalprocedurer\\\/#breadcrumb\",\"itemListElement\":[{\"@type\":\"ListItem\",\"position\":1,\"name\":\"Home\",\"item\":\"https:\\\/\\\/www.le34.dk\\\/da\\\/\"},{\"@type\":\"ListItem\",\"position\":2,\"name\":\"To uger kan v\u00e6re nok &#8211; nye lokalprocedurer\"}]},{\"@type\":\"WebSite\",\"@id\":\"https:\\\/\\\/www.le34.dk\\\/da\\\/#website\",\"url\":\"https:\\\/\\\/www.le34.dk\\\/da\\\/\",\"name\":\"LE34\",\"description\":\"\",\"potentialAction\":[{\"@type\":\"SearchAction\",\"target\":{\"@type\":\"EntryPoint\",\"urlTemplate\":\"https:\\\/\\\/www.le34.dk\\\/da\\\/?s={search_term_string}\"},\"query-input\":{\"@type\":\"PropertyValueSpecification\",\"valueRequired\":true,\"valueName\":\"search_term_string\"}}],\"inLanguage\":\"da-DK\"}]}<\/script>\n<!-- \/ Yoast SEO plugin. -->","yoast_head_json":{"title":"To uger kan v\u00e6re nok - nye lokalprocedurer - LE34","robots":{"index":"index","follow":"follow","max-snippet":"max-snippet:-1","max-image-preview":"max-image-preview:large","max-video-preview":"max-video-preview:-1"},"canonical":"https:\/\/www.le34.dk\/da\/uger-kan-vaere-nok-nye-lokalprocedurer\/","og_locale":"da_DK","og_type":"article","og_title":"To uger kan v\u00e6re nok - nye lokalprocedurer - LE34","og_description":"Der er god grund til at unders\u00f8ge om dit projekt lever op til Planlovens krav til den korte h\u00f8ringsfrist p\u00e5 to uger. Form\u00e5let med \u00e6ndringerne af loven er at nedbringe sagsbehandlingstiden for nye lokalplaner til gavn for b\u00e5de de kommunale forvaltninger og ejendomsudviklingsfirmaer og private bygherrer. For eksempel vil de nye regler kunne bruges, hvis [&hellip;]","og_url":"https:\/\/www.le34.dk\/da\/uger-kan-vaere-nok-nye-lokalprocedurer\/","og_site_name":"LE34","article_modified_time":"2024-07-29T09:18:25+00:00","twitter_card":"summary_large_image","twitter_misc":{"Estimeret l\u00e6setid":"7 minutter"},"schema":{"@context":"https:\/\/schema.org","@graph":[{"@type":"WebPage","@id":"https:\/\/www.le34.dk\/da\/uger-kan-vaere-nok-nye-lokalprocedurer\/","url":"https:\/\/www.le34.dk\/da\/uger-kan-vaere-nok-nye-lokalprocedurer\/","name":"To uger kan v\u00e6re nok - nye lokalprocedurer - LE34","isPartOf":{"@id":"https:\/\/www.le34.dk\/da\/#website"},"datePublished":"2019-03-18T13:50:07+00:00","dateModified":"2024-07-29T09:18:25+00:00","breadcrumb":{"@id":"https:\/\/www.le34.dk\/da\/uger-kan-vaere-nok-nye-lokalprocedurer\/#breadcrumb"},"inLanguage":"da-DK","potentialAction":[{"@type":"ReadAction","target":["https:\/\/www.le34.dk\/da\/uger-kan-vaere-nok-nye-lokalprocedurer\/"]}]},{"@type":"BreadcrumbList","@id":"https:\/\/www.le34.dk\/da\/uger-kan-vaere-nok-nye-lokalprocedurer\/#breadcrumb","itemListElement":[{"@type":"ListItem","position":1,"name":"Home","item":"https:\/\/www.le34.dk\/da\/"},{"@type":"ListItem","position":2,"name":"To uger kan v\u00e6re nok &#8211; nye lokalprocedurer"}]},{"@type":"WebSite","@id":"https:\/\/www.le34.dk\/da\/#website","url":"https:\/\/www.le34.dk\/da\/","name":"LE34","description":"","potentialAction":[{"@type":"SearchAction","target":{"@type":"EntryPoint","urlTemplate":"https:\/\/www.le34.dk\/da\/?s={search_term_string}"},"query-input":{"@type":"PropertyValueSpecification","valueRequired":true,"valueName":"search_term_string"}}],"inLanguage":"da-DK"}]}},"_links":{"self":[{"href":"https:\/\/www.le34.dk\/da\/wp-json\/wp\/v2\/pages\/1823","targetHints":{"allow":["GET"]}}],"collection":[{"href":"https:\/\/www.le34.dk\/da\/wp-json\/wp\/v2\/pages"}],"about":[{"href":"https:\/\/www.le34.dk\/da\/wp-json\/wp\/v2\/types\/page"}],"author":[{"embeddable":true,"href":"https:\/\/www.le34.dk\/da\/wp-json\/wp\/v2\/users\/28"}],"replies":[{"embeddable":true,"href":"https:\/\/www.le34.dk\/da\/wp-json\/wp\/v2\/comments?post=1823"}],"version-history":[{"count":2,"href":"https:\/\/www.le34.dk\/da\/wp-json\/wp\/v2\/pages\/1823\/revisions"}],"predecessor-version":[{"id":15700,"href":"https:\/\/www.le34.dk\/da\/wp-json\/wp\/v2\/pages\/1823\/revisions\/15700"}],"wp:attachment":[{"href":"https:\/\/www.le34.dk\/da\/wp-json\/wp\/v2\/media?parent=1823"}],"curies":[{"name":"wp","href":"https:\/\/api.w.org\/{rel}","templated":true}]}}