{"id":1729,"date":"2021-09-13T12:35:25","date_gmt":"2021-09-13T12:35:25","guid":{"rendered":"https:\/\/www.le34.dk\/sag-om-erstatning-for-indbliksgener\/"},"modified":"2024-01-15T15:01:01","modified_gmt":"2024-01-15T15:01:01","slug":"sag-om-erstatning-for-indbliksgener","status":"publish","type":"page","link":"https:\/\/www.le34.dk\/da\/sag-om-erstatning-for-indbliksgener\/","title":{"rendered":"Sag om erstatning for indbliksgener ved fjernet beplantning p\u00e5 tilk\u00f8rselsrampe"},"content":{"rendered":"<p>16.09.2021<br \/>\nEn ejendom blev i 1967 delvist eksproprieret i forbindelse med anl\u00e6g af en motorvej, og ejeren fik i den forbindelse erstatning for \u2019samtlige ulemper\u2019, herunder \u2019hegns- og haveforstyrrelser\u2019. I 2012 udvidede Vejdirektoratet en tilk\u00f8rselsrampe, som l\u00e5 op ad ejendommen, og i den forbindelse blev der eksproprieret et yderligere areal fra samme ejendom. Vejdirektoratet fjernede samtidig beplantning beliggende p\u00e5 vejarealet \u2013 mellem ejendommen og den udvidede tilk\u00f8rselsrampe.<\/p>\n<p>Ejeren af ejendommen kr\u00e6vede erstatning for yderligere indbliksgener som f\u00f8lge af den fjernede beplantning, men blev af ekspropriationskommissionen alene tilkendt erstatning for arealafst\u00e5elsen. Kommissionen afviste at tilkende erstatning for indbliksgener, da kommissionen ikke fandt, at den s\u00e5kaldte naboretlige t\u00e5legr\u00e6nse var overskredet, og henviste i \u00f8vrigt til, at beplantningen havde st\u00e5et p\u00e5 Vejdirektoratets areal.<br \/>\nSagen er f\u00f8rst og fremmest principiel, da det har store konsekvenser, hvis vejmyndigheder er erstatningspligtige overfor naboer, n\u00e5r de besk\u00e6rer eller fjerner beplantning p\u00e5 vejarealet. Derudover er sagen interessant, da sp\u00f8rgsm\u00e5let m\u00f8dte uenighed blandt de forskellige instanser:<\/p>\n<p>Ekspropriationskommissionen: Ingen erstatning for indbliksgener<br \/>\nTaksationskommissionen: 100.000 kr. for indbliksgener<br \/>\nByretten: Ingen erstatning for indbliksgener<br \/>\nLandsretten: 100.000 kr. for indbliksgener<br \/>\nH\u00f8jesteret: Ingen erstatning for indbliksgener<\/p>\n<p>\u00a0<\/p>\n<p>Taksationskommissionen<br \/>\nDa der ikke var enighed om erstatningen, blev erstatningssp\u00f8rgsm\u00e5let i f\u00f8rste omgang pr\u00f8vet ved taksationskommissionen.<br \/>\nKommissionen var ikke enig med ekspropriationskommissionen og argumenterede for, at der i sagen forel\u00e5 s\u00e6rlige forhold. Kommissionen mente, at beplantningens form\u00e5l m\u00e5tte v\u00e6re at beskytte lodsejeren imod indbliksgener fra tilk\u00f8rselsrampen. Lodsejer havde if\u00f8lge kommissionen ikke selv haft grund til at etablere afsk\u00e6rmende beplantning eller lignende p\u00e5 egen grund, og fjernelsen af beplantningen p\u00e5 vejarealet skulle ses som en direkte konsekvens af det nye anl\u00e6g. P\u00e5 baggrund af almindelige naboretlige grunds\u00e6tninger tilkendtes lodsejer 100.000 kr. i erstatning for indbliksgener, da ulemperne oversteg, \u201d\u2026 hvad der med rimelighed m\u00e5 p\u00e5regnes som led i den almindelige samfundsudvikling\u201d.<\/p>\n<p>Byretten<br \/>\nByretten kom frem til det modsatte resultat. Retten mente ikke, at det kunne l\u00e6gges til grund, at beplantningen var etableret for at beskytte ejendommen mod indbliksgener og fremf\u00f8rte, at der ikke havde v\u00e6ret noget til hinder for, at ejeren i perioden selv havde etableret afsk\u00e6rmende beplantning.<br \/>\nI forhold til den naboretlige begrundelse fremf\u00f8rte byretten, at ejendommens placering medf\u00f8rte, at man ud fra den almindelige samfundsudvikling m\u00e5tte forvente, at der kunne ske \u00e6ndringer i vejanl\u00e6gget, og at t\u00e5legr\u00e6nsen ikke blev anset for overskredet:\u00a0\u201dOml\u00e6gningen af tilk\u00f8rselsrampen og samtidig fjernelse af beplantningen har som led i den almindelige samfundsudvikling derfor v\u00e6ret forventelig og p\u00e5regnelig for grundejer.\u201d<\/p>\n<p>Landsretten<br \/>\nLandsretten lagde derimod blandt andet v\u00e6gt p\u00e5, at Vejdirektoratet ikke havde l\u00f8ftet bevisbyrden for, at form\u00e5let med beplantningen ikke var at afsk\u00e6rme ejendommen mod indbliksgener. Det var landsrettens opfattelse, at ulemperne i form af indbliksgener oversteg, hvad der med rimelighed m\u00e5tte p\u00e5regnes som led i den samfundsm\u00e6ssige udvikling, og landsretten fandt derfor ikke grund til at tilsides\u00e6tte taksationskommissionens afg\u00f8relse. Retten lagde v\u00e6gt p\u00e5 fremlagte fotos, grundejers forklaring og det forhold, at vej og tilk\u00f8rselsrampe ligger h\u00f8jt i forhold til haven, hvilket alts\u00e5 if\u00f8lge retten medf\u00f8rte s\u00e5 store indbliksgener, at de oversteg den naboretlige t\u00e5legr\u00e6nse og dermed var erstatningspligtige.<\/p>\n<p>H\u00f8jesteret<br \/>\nH\u00f8jesteret var enige med byretten: Fjernelsen af beplantningen p\u00e5 vejarealet oversteg ikke hvad grundejer \u201d\u2026 med rimelighed har m\u00e5ttet p\u00e5regne som led i den almindelige samfundsudvikling p\u00e5 trafikomr\u00e5det\u201d.<br \/>\nH\u00f8jesteret sl\u00e5r fast, at det er det helt klare udgangspunkt, at vejmyndigheden kan fjerne beplantning p\u00e5 vejarealer, uden at naboer dermed kan kr\u00e6ve erstatning for ulemper.<\/p>\n<p>LE34&#8217;s kommentar<br \/>\nSom beskrevet indledningsvist er dommen principiel, da h\u00f8jesteret jo fastsl\u00e5r, at vejmyndigheden \u2013 som det helt klare udgangspunkt \u2013 ikke er erstatningspligtig over for naboer, n\u00e5r den f\u00e6lder beplantning beliggende p\u00e5 vejarealet. Vi kan dermed ogs\u00e5 udlede af dommen, at der (ikke overraskende) godt kan opst\u00e5 situationer, hvor den naboretlige t\u00e5legr\u00e6nse modsat overskrides.<br \/>\nMen udgangspunktet er alts\u00e5, at man som nabo til et vejareal ikke (n\u00f8dvendigvis) skal tage eksisterende og i praksis afsk\u00e6rmende beplantning p\u00e5 vejarealer for givet \u2013 beplantningen kan ikke opfattes som en beskyttet ret.<br \/>\nP\u00e5 samme vis er man som grundejer jo heller ikke herre over hvilke dispositioner, der foretages p\u00e5 private naboejendomme, s\u00e5 l\u00e6nge der disponeres efter g\u00e6ldende lovgivning, hvad end man bryder sig om det eller ej. Naboretten beskytter grundejere i situationer, hvor den naboretlige t\u00e5legr\u00e6nse overskrides den almindelige samfundsudvikling taget i betragtning. Det er reguleret i en omfattende retspraksis.<\/p>\n<p>L\u00e6s de omtalte domme<br \/>\nSe alle nyheder fra Vejjura<\/p>\n<p>Kontakt eksperterne<\/p>\n<p>Gert M. Henningsen<br \/>\nJonathan Overgaard Markman<br \/>\nKenneth Holme Poulsen<br \/>\nRen\u00e9 Aggersbjerg<br \/>\nS\u00f8ren Henriksen<br \/>\nThomas Normann Asmussen<br \/>\nVibeke St\u00e6rdahl Nielsen<\/p>\n","protected":false},"excerpt":{"rendered":"<p>16.09.2021 En ejendom blev i 1967 delvist eksproprieret i forbindelse med anl\u00e6g af en motorvej, og ejeren fik i den forbindelse erstatning for \u2019samtlige ulemper\u2019, herunder \u2019hegns- og haveforstyrrelser\u2019. I 2012 udvidede Vejdirektoratet en tilk\u00f8rselsrampe, som l\u00e5 op ad ejendommen, og i den forbindelse blev der eksproprieret et yderligere areal fra samme ejendom. Vejdirektoratet fjernede [&hellip;]<\/p>\n","protected":false},"author":3,"featured_media":0,"parent":0,"menu_order":0,"comment_status":"closed","ping_status":"closed","template":"","meta":{"_acf_changed":false,"footnotes":""},"class_list":["post-1729","page","type-page","status-publish","hentry"],"acf":[],"yoast_head":"<!-- This site is optimized with the Yoast SEO plugin v27.5 - https:\/\/yoast.com\/product\/yoast-seo-wordpress\/ -->\n<title>Erstatning for indbliksgener ved fjernet beplantning p\u00e5 tilk\u00f8rselsrampe<\/title>\n<meta name=\"robots\" content=\"index, follow, max-snippet:-1, max-image-preview:large, max-video-preview:-1\" \/>\n<link rel=\"canonical\" href=\"https:\/\/www.le34.dk\/da\/sag-om-erstatning-for-indbliksgener\/\" \/>\n<meta property=\"og:locale\" content=\"da_DK\" \/>\n<meta property=\"og:type\" content=\"article\" \/>\n<meta property=\"og:title\" content=\"Erstatning for indbliksgener ved fjernet beplantning p\u00e5 tilk\u00f8rselsrampe\" \/>\n<meta property=\"og:description\" content=\"16.09.2021 En ejendom blev i 1967 delvist eksproprieret i forbindelse med anl\u00e6g af en motorvej, og ejeren fik i den forbindelse erstatning for \u2019samtlige ulemper\u2019, herunder \u2019hegns- og haveforstyrrelser\u2019. I 2012 udvidede Vejdirektoratet en tilk\u00f8rselsrampe, som l\u00e5 op ad ejendommen, og i den forbindelse blev der eksproprieret et yderligere areal fra samme ejendom. Vejdirektoratet fjernede [&hellip;]\" \/>\n<meta property=\"og:url\" content=\"https:\/\/www.le34.dk\/da\/sag-om-erstatning-for-indbliksgener\/\" \/>\n<meta property=\"og:site_name\" content=\"LE34\" \/>\n<meta property=\"article:modified_time\" content=\"2024-01-15T15:01:01+00:00\" \/>\n<meta name=\"twitter:card\" content=\"summary_large_image\" \/>\n<meta name=\"twitter:label1\" content=\"Estimeret l\u00e6setid\" \/>\n\t<meta name=\"twitter:data1\" content=\"4 minutter\" \/>\n<script type=\"application\/ld+json\" class=\"yoast-schema-graph\">{\"@context\":\"https:\\\/\\\/schema.org\",\"@graph\":[{\"@type\":\"WebPage\",\"@id\":\"https:\\\/\\\/www.le34.dk\\\/da\\\/sag-om-erstatning-for-indbliksgener\\\/\",\"url\":\"https:\\\/\\\/www.le34.dk\\\/da\\\/sag-om-erstatning-for-indbliksgener\\\/\",\"name\":\"Erstatning for indbliksgener ved fjernet beplantning p\u00e5 tilk\u00f8rselsrampe\",\"isPartOf\":{\"@id\":\"https:\\\/\\\/www.le34.dk\\\/da\\\/#website\"},\"datePublished\":\"2021-09-13T12:35:25+00:00\",\"dateModified\":\"2024-01-15T15:01:01+00:00\",\"breadcrumb\":{\"@id\":\"https:\\\/\\\/www.le34.dk\\\/da\\\/sag-om-erstatning-for-indbliksgener\\\/#breadcrumb\"},\"inLanguage\":\"da-DK\",\"potentialAction\":[{\"@type\":\"ReadAction\",\"target\":[\"https:\\\/\\\/www.le34.dk\\\/da\\\/sag-om-erstatning-for-indbliksgener\\\/\"]}]},{\"@type\":\"BreadcrumbList\",\"@id\":\"https:\\\/\\\/www.le34.dk\\\/da\\\/sag-om-erstatning-for-indbliksgener\\\/#breadcrumb\",\"itemListElement\":[{\"@type\":\"ListItem\",\"position\":1,\"name\":\"Home\",\"item\":\"https:\\\/\\\/www.le34.dk\\\/da\\\/\"},{\"@type\":\"ListItem\",\"position\":2,\"name\":\"Sag om erstatning for indbliksgener ved fjernet beplantning p\u00e5 tilk\u00f8rselsrampe\"}]},{\"@type\":\"WebSite\",\"@id\":\"https:\\\/\\\/www.le34.dk\\\/da\\\/#website\",\"url\":\"https:\\\/\\\/www.le34.dk\\\/da\\\/\",\"name\":\"LE34\",\"description\":\"\",\"potentialAction\":[{\"@type\":\"SearchAction\",\"target\":{\"@type\":\"EntryPoint\",\"urlTemplate\":\"https:\\\/\\\/www.le34.dk\\\/da\\\/?s={search_term_string}\"},\"query-input\":{\"@type\":\"PropertyValueSpecification\",\"valueRequired\":true,\"valueName\":\"search_term_string\"}}],\"inLanguage\":\"da-DK\"}]}<\/script>\n<!-- \/ Yoast SEO plugin. -->","yoast_head_json":{"title":"Erstatning for indbliksgener ved fjernet beplantning p\u00e5 tilk\u00f8rselsrampe","robots":{"index":"index","follow":"follow","max-snippet":"max-snippet:-1","max-image-preview":"max-image-preview:large","max-video-preview":"max-video-preview:-1"},"canonical":"https:\/\/www.le34.dk\/da\/sag-om-erstatning-for-indbliksgener\/","og_locale":"da_DK","og_type":"article","og_title":"Erstatning for indbliksgener ved fjernet beplantning p\u00e5 tilk\u00f8rselsrampe","og_description":"16.09.2021 En ejendom blev i 1967 delvist eksproprieret i forbindelse med anl\u00e6g af en motorvej, og ejeren fik i den forbindelse erstatning for \u2019samtlige ulemper\u2019, herunder \u2019hegns- og haveforstyrrelser\u2019. I 2012 udvidede Vejdirektoratet en tilk\u00f8rselsrampe, som l\u00e5 op ad ejendommen, og i den forbindelse blev der eksproprieret et yderligere areal fra samme ejendom. Vejdirektoratet fjernede [&hellip;]","og_url":"https:\/\/www.le34.dk\/da\/sag-om-erstatning-for-indbliksgener\/","og_site_name":"LE34","article_modified_time":"2024-01-15T15:01:01+00:00","twitter_card":"summary_large_image","twitter_misc":{"Estimeret l\u00e6setid":"4 minutter"},"schema":{"@context":"https:\/\/schema.org","@graph":[{"@type":"WebPage","@id":"https:\/\/www.le34.dk\/da\/sag-om-erstatning-for-indbliksgener\/","url":"https:\/\/www.le34.dk\/da\/sag-om-erstatning-for-indbliksgener\/","name":"Erstatning for indbliksgener ved fjernet beplantning p\u00e5 tilk\u00f8rselsrampe","isPartOf":{"@id":"https:\/\/www.le34.dk\/da\/#website"},"datePublished":"2021-09-13T12:35:25+00:00","dateModified":"2024-01-15T15:01:01+00:00","breadcrumb":{"@id":"https:\/\/www.le34.dk\/da\/sag-om-erstatning-for-indbliksgener\/#breadcrumb"},"inLanguage":"da-DK","potentialAction":[{"@type":"ReadAction","target":["https:\/\/www.le34.dk\/da\/sag-om-erstatning-for-indbliksgener\/"]}]},{"@type":"BreadcrumbList","@id":"https:\/\/www.le34.dk\/da\/sag-om-erstatning-for-indbliksgener\/#breadcrumb","itemListElement":[{"@type":"ListItem","position":1,"name":"Home","item":"https:\/\/www.le34.dk\/da\/"},{"@type":"ListItem","position":2,"name":"Sag om erstatning for indbliksgener ved fjernet beplantning p\u00e5 tilk\u00f8rselsrampe"}]},{"@type":"WebSite","@id":"https:\/\/www.le34.dk\/da\/#website","url":"https:\/\/www.le34.dk\/da\/","name":"LE34","description":"","potentialAction":[{"@type":"SearchAction","target":{"@type":"EntryPoint","urlTemplate":"https:\/\/www.le34.dk\/da\/?s={search_term_string}"},"query-input":{"@type":"PropertyValueSpecification","valueRequired":true,"valueName":"search_term_string"}}],"inLanguage":"da-DK"}]}},"_links":{"self":[{"href":"https:\/\/www.le34.dk\/da\/wp-json\/wp\/v2\/pages\/1729","targetHints":{"allow":["GET"]}}],"collection":[{"href":"https:\/\/www.le34.dk\/da\/wp-json\/wp\/v2\/pages"}],"about":[{"href":"https:\/\/www.le34.dk\/da\/wp-json\/wp\/v2\/types\/page"}],"author":[{"embeddable":true,"href":"https:\/\/www.le34.dk\/da\/wp-json\/wp\/v2\/users\/3"}],"replies":[{"embeddable":true,"href":"https:\/\/www.le34.dk\/da\/wp-json\/wp\/v2\/comments?post=1729"}],"version-history":[{"count":1,"href":"https:\/\/www.le34.dk\/da\/wp-json\/wp\/v2\/pages\/1729\/revisions"}],"predecessor-version":[{"id":13386,"href":"https:\/\/www.le34.dk\/da\/wp-json\/wp\/v2\/pages\/1729\/revisions\/13386"}],"wp:attachment":[{"href":"https:\/\/www.le34.dk\/da\/wp-json\/wp\/v2\/media?parent=1729"}],"curies":[{"name":"wp","href":"https:\/\/api.w.org\/{rel}","templated":true}]}}