{"id":1700,"date":"2023-06-06T08:04:15","date_gmt":"2023-06-06T08:04:15","guid":{"rendered":"https:\/\/www.le34.dk\/pressekontakt\/"},"modified":"2026-02-24T13:43:49","modified_gmt":"2026-02-24T13:43:49","slug":"pressekontakt","status":"publish","type":"page","link":"https:\/\/www.le34.dk\/da\/pressekontakt\/","title":{"rendered":"Pressekontakt"},"content":{"rendered":"<p>Hvad kan vi hj\u00e6lpe dig med?<br \/>\nFordi vores virke som landinspekt\u00f8rfirma er flettet sammen med landskabets og samfundets udvikling, har vi en stor specialistviden og indsigt, som vi gerne stiller til r\u00e5dighed. For eksempel indsigt i gr\u00e6nsefladen mellem etablering af solceller, vindm\u00f8ller med mere i den gr\u00f8nne omstilling og den frie ejendomsret, n\u00e5r der skal findes plads til de nye anl\u00e6g.<br \/>\nEksempler p\u00e5 andre temaer, vi har stor viden om:<br \/>\nJura<br \/>\nEjendomsret, ekspropriation, frivillige aftaler, erstatningsberegning og voldgiftssager. Vejjura, forsyningsjura og ledningsjura.<br \/>\nKlima<br \/>\nDanmark mangler plads, multifunktionel arealanvendelse, proces for etablering af solceller og vindm\u00f8ller, kystbeskyttelse udtagning af lavbundsjorde, LAR-anl\u00e6g og beskyttelse af grundvand\/sikring af drikkevand.<br \/>\nBorgeren\u00a0<br \/>\nBBR, skel, skelforretning, h\u00e6vd, privatretslige servitutter, pant, naboskab, opm\u00e5ling og afs\u00e6tning af huse og tilbygninger.<\/p>\n<p>Pressekontakt<\/p>\n<p>Mette Klein<br \/>\nThea Jessen Kristensen<\/p>\n<p>Pressebilleder<br \/>\nBillederne kan frit benyttes ved redaktionel omtale af LE34\u2019s projekter med krediteringen \u201cFotograf: LE34 A\/S\u201d.<\/p>\n<p>Ejendomsudvikling og nye bydele.<\/p>\n<p>Download pressepakke<\/p>\n<p>Indflydelse og medbestemmelse uden h\u00f8jtideligt hierarki. <\/p>\n<p>Download pressepakke<\/p>\n<p>Vi er p\u00e5 forkant: innovativ scanning med NavVis.<\/p>\n<p>Download pressepakke<\/p>\n<p>Droner kortl\u00e6gger terr\u00e6n og dr\u00e6n.<\/p>\n<p>Download pressepakke<\/p>\n<p>R\u00e5dgivning til etablering af vedvarende energi.<\/p>\n<p>Download pressepakke<\/p>\n<p>Gert M. Henningsen, forretningschef, LE34 Milj\u00f8, Plan &#038; Jura.<\/p>\n<p>Download pressepakke<\/p>\n<p>Vi anvender dronen til opm\u00e5ling af ejendomme i det \u00e5bne land.<\/p>\n<p>Download pressepakke<\/p>\n<p>P\u00e5 vej mod en bedre fremtid med mere vedvarende energi.<\/p>\n<p>Download pressepakke<\/p>\n<p>Lighthouse p\u00e5 Aarhus \u00d8.<\/p>\n<p>Download pressepakke<\/p>\n<p>Lighthouse p\u00e5 Aarhus \u00d8 \u2013 afs\u00e6tning med 3D (IFC-filer).<\/p>\n<p>Download pressepakke<\/p>\n<p>Lighthouse \u00d8 \u2013 inklometer afl\u00e6ses.<\/p>\n<p>Download pressepakke<\/p>\n<p>Lighthouse \u00d8 \u2013 samarbejde og sparring.<\/p>\n<p>Download pressepakke<\/p>\n<p>Nordhavnstunnellen.<\/p>\n<p>Download pressepakke<\/p>\n<p>Metro Cityringen \u2013 teknisk og juridisk fundament.<\/p>\n<p>Download pressepakke<\/p>\n<p>R\u00e5dgivning om areal og rettigheder.<\/p>\n<p>Download pressepakke<\/p>\n<p>Skovt\u00e5rnet \u2013 Sj\u00e6llands h\u00f8jeste punkt.<\/p>\n<p>Download pressepakke<\/p>\n<p>LE34 opererer til land, til vands og i luften.<\/p>\n<p>Download pressepakke<\/p>\n<p>Undervandsrobotten Sentinus\u2122 i aktion p\u00e5 Ertholmene.<\/p>\n<p>Download pressepakke<\/p>\n<p>Specialister i offshore-data om havne og havbund.<\/p>\n<p>Download pressepakke<\/p>\n<p>LE34\u2019s specialbyggede opm\u00e5lingsfartt\u00f8j, NaviData.<\/p>\n<p>Download pressepakke<\/p>\n<p>Letbanen og Aarhus \u00d8.<\/p>\n<p>Download pressepakke<\/p>\n<p>Viserpinde er et af vores daglige arbejdsredskaber.<\/p>\n<p>Download pressepakke<\/p>\n<p>Opm\u00e5ling af ledningsgrav med appen SmartSurvey\u2122.<\/p>\n<p>Download pressepakke<\/p>\n<p>Vi har mere end 100 m\u00e5lehold i marken hver dag.<\/p>\n<p>Download pressepakke<\/p>\n<p>Mobil mapping af veje og cykelstier.<\/p>\n<p>Download pressepakke<\/p>\n<p>Metroen forbinder byen.<\/p>\n<p>Download pressepakke<\/p>\n<p>As built-dokumentation af metrostationerne.<\/p>\n<p>Download pressepakke<\/p>\n<p>Monitorering af Storeb\u00e6ltbroen.<\/p>\n<p>Download pressepakke<\/p>\n<p>Konge-egen set med LE34\u2019s drone.<\/p>\n<p>Download pressepakke<\/p>\n<p>Vi g\u00e5r ikke ned p\u00e5 udstyr.<\/p>\n<p>Download pressepakke<\/p>\n<p>Afs\u00e6tning til byggeri.<\/p>\n<p>Download pressepakke<\/p>\n<p>Mere end 67% af vores biler k\u00f8rer p\u00e5 el. M\u00e5let er 100%.<\/p>\n<p>Download pressepakke<\/p>\n<p>L\u00e6s til kort- og landm\u00e5lingstekniker.<\/p>\n<p>Download pressepakke<\/p>\n<p>L\u00e6s til landinspekt\u00f8r p\u00e5 Aalborg Universitet.<\/p>\n<p>Download pressepakke<\/p>\n<p>Vores administrerende direkt\u00f8r Kenneth Norre.<\/p>\n<p>Download pressepakke<\/p>\n<p>Kenneth Norre, adm. dir. i samtale med vores bestyrelsesformand Ulrik Ahrndt Jensen (th).<\/p>\n<p>Download pressepakke<\/p>\n<p>Logo med VISER VEJEN.<\/p>\n<p>Logopakke til download<\/p>\n<p>Logo med LANDINSPEKT\u00d8RFIRMAET<\/p>\n<p>Logopakke til download<\/p>\n<p>Svensk logo VISAR V\u00c4GEN<\/p>\n<p>Logopakke til download<\/p>\n<p>Engelsk logo SURVEYING CONSULTANCY<\/p>\n<p>Logopakke til download<\/p>\n<p>Klik og f\u00e5 adgang til vores udsendte pressemeddelelser. Hvis du \u00f8nsker at modtage pressemeddelelserne i din indbakke, s\u00e5 send en mail til tjk@le34.dk.<\/p>\n<p>L\u00e6s vores pressemeddelelser<\/p>\n","protected":false},"excerpt":{"rendered":"<p>Hvad kan vi hj\u00e6lpe dig med? Fordi vores virke som landinspekt\u00f8rfirma er flettet sammen med landskabets og samfundets udvikling, har vi en stor specialistviden og indsigt, som vi gerne stiller til r\u00e5dighed. For eksempel indsigt i gr\u00e6nsefladen mellem etablering af solceller, vindm\u00f8ller med mere i den gr\u00f8nne omstilling og den frie ejendomsret, n\u00e5r der skal [&hellip;]<\/p>\n","protected":false},"author":36,"featured_media":0,"parent":0,"menu_order":0,"comment_status":"closed","ping_status":"closed","template":"","meta":{"_acf_changed":false,"footnotes":""},"class_list":["post-1700","page","type-page","status-publish","hentry"],"acf":[],"yoast_head":"<!-- This site is optimized with the Yoast SEO plugin v27.3 - https:\/\/yoast.com\/product\/yoast-seo-wordpress\/ -->\n<title>Pressekontakt - landinspekt\u00f8rer i nyhederne<\/title>\n<meta name=\"description\" content=\"Har du brug for baggrundsviden eller en specialist, der kan perspektivere en faglig problemstilling, s\u00e5 tag fat p\u00e5 landinspekt\u00f8rfirmaet LE34.\" \/>\n<meta name=\"robots\" content=\"index, follow, max-snippet:-1, max-image-preview:large, max-video-preview:-1\" \/>\n<link rel=\"canonical\" href=\"https:\/\/www.le34.dk\/da\/pressekontakt\/\" \/>\n<meta property=\"og:locale\" content=\"da_DK\" \/>\n<meta property=\"og:type\" content=\"article\" \/>\n<meta property=\"og:title\" content=\"Pressekontakt - landinspekt\u00f8rer i nyhederne\" \/>\n<meta property=\"og:description\" content=\"Har du brug for baggrundsviden eller en specialist, der kan perspektivere en faglig problemstilling, s\u00e5 tag fat p\u00e5 landinspekt\u00f8rfirmaet LE34.\" \/>\n<meta property=\"og:url\" content=\"https:\/\/www.le34.dk\/da\/pressekontakt\/\" \/>\n<meta property=\"og:site_name\" content=\"LE34\" \/>\n<meta property=\"article:modified_time\" content=\"2026-02-24T13:43:49+00:00\" \/>\n<meta name=\"twitter:card\" content=\"summary_large_image\" \/>\n<meta name=\"twitter:label1\" content=\"Estimeret l\u00e6setid\" \/>\n\t<meta name=\"twitter:data1\" content=\"14 minutter\" \/>\n<script type=\"application\/ld+json\" class=\"yoast-schema-graph\">{\"@context\":\"https:\\\/\\\/schema.org\",\"@graph\":[{\"@type\":\"WebPage\",\"@id\":\"https:\\\/\\\/www.le34.dk\\\/da\\\/pressekontakt\\\/\",\"url\":\"https:\\\/\\\/www.le34.dk\\\/da\\\/pressekontakt\\\/\",\"name\":\"Pressekontakt - landinspekt\u00f8rer i nyhederne\",\"isPartOf\":{\"@id\":\"https:\\\/\\\/www.le34.dk\\\/da\\\/#website\"},\"datePublished\":\"2023-06-06T08:04:15+00:00\",\"dateModified\":\"2026-02-24T13:43:49+00:00\",\"description\":\"Har du brug for baggrundsviden eller en specialist, der kan perspektivere en faglig problemstilling, s\u00e5 tag fat p\u00e5 landinspekt\u00f8rfirmaet LE34.\",\"breadcrumb\":{\"@id\":\"https:\\\/\\\/www.le34.dk\\\/da\\\/pressekontakt\\\/#breadcrumb\"},\"inLanguage\":\"da-DK\",\"potentialAction\":[{\"@type\":\"ReadAction\",\"target\":[\"https:\\\/\\\/www.le34.dk\\\/da\\\/pressekontakt\\\/\"]}]},{\"@type\":\"BreadcrumbList\",\"@id\":\"https:\\\/\\\/www.le34.dk\\\/da\\\/pressekontakt\\\/#breadcrumb\",\"itemListElement\":[{\"@type\":\"ListItem\",\"position\":1,\"name\":\"Home\",\"item\":\"https:\\\/\\\/www.le34.dk\\\/da\\\/\"},{\"@type\":\"ListItem\",\"position\":2,\"name\":\"Pressekontakt\"}]},{\"@type\":\"WebSite\",\"@id\":\"https:\\\/\\\/www.le34.dk\\\/da\\\/#website\",\"url\":\"https:\\\/\\\/www.le34.dk\\\/da\\\/\",\"name\":\"LE34\",\"description\":\"\",\"potentialAction\":[{\"@type\":\"SearchAction\",\"target\":{\"@type\":\"EntryPoint\",\"urlTemplate\":\"https:\\\/\\\/www.le34.dk\\\/da\\\/?s={search_term_string}\"},\"query-input\":{\"@type\":\"PropertyValueSpecification\",\"valueRequired\":true,\"valueName\":\"search_term_string\"}}],\"inLanguage\":\"da-DK\"}]}<\/script>\n<!-- \/ Yoast SEO plugin. -->","yoast_head_json":{"title":"Pressekontakt - landinspekt\u00f8rer i nyhederne","description":"Har du brug for baggrundsviden eller en specialist, der kan perspektivere en faglig problemstilling, s\u00e5 tag fat p\u00e5 landinspekt\u00f8rfirmaet LE34.","robots":{"index":"index","follow":"follow","max-snippet":"max-snippet:-1","max-image-preview":"max-image-preview:large","max-video-preview":"max-video-preview:-1"},"canonical":"https:\/\/www.le34.dk\/da\/pressekontakt\/","og_locale":"da_DK","og_type":"article","og_title":"Pressekontakt - landinspekt\u00f8rer i nyhederne","og_description":"Har du brug for baggrundsviden eller en specialist, der kan perspektivere en faglig problemstilling, s\u00e5 tag fat p\u00e5 landinspekt\u00f8rfirmaet LE34.","og_url":"https:\/\/www.le34.dk\/da\/pressekontakt\/","og_site_name":"LE34","article_modified_time":"2026-02-24T13:43:49+00:00","twitter_card":"summary_large_image","twitter_misc":{"Estimeret l\u00e6setid":"14 minutter"},"schema":{"@context":"https:\/\/schema.org","@graph":[{"@type":"WebPage","@id":"https:\/\/www.le34.dk\/da\/pressekontakt\/","url":"https:\/\/www.le34.dk\/da\/pressekontakt\/","name":"Pressekontakt - landinspekt\u00f8rer i nyhederne","isPartOf":{"@id":"https:\/\/www.le34.dk\/da\/#website"},"datePublished":"2023-06-06T08:04:15+00:00","dateModified":"2026-02-24T13:43:49+00:00","description":"Har du brug for baggrundsviden eller en specialist, der kan perspektivere en faglig problemstilling, s\u00e5 tag fat p\u00e5 landinspekt\u00f8rfirmaet LE34.","breadcrumb":{"@id":"https:\/\/www.le34.dk\/da\/pressekontakt\/#breadcrumb"},"inLanguage":"da-DK","potentialAction":[{"@type":"ReadAction","target":["https:\/\/www.le34.dk\/da\/pressekontakt\/"]}]},{"@type":"BreadcrumbList","@id":"https:\/\/www.le34.dk\/da\/pressekontakt\/#breadcrumb","itemListElement":[{"@type":"ListItem","position":1,"name":"Home","item":"https:\/\/www.le34.dk\/da\/"},{"@type":"ListItem","position":2,"name":"Pressekontakt"}]},{"@type":"WebSite","@id":"https:\/\/www.le34.dk\/da\/#website","url":"https:\/\/www.le34.dk\/da\/","name":"LE34","description":"","potentialAction":[{"@type":"SearchAction","target":{"@type":"EntryPoint","urlTemplate":"https:\/\/www.le34.dk\/da\/?s={search_term_string}"},"query-input":{"@type":"PropertyValueSpecification","valueRequired":true,"valueName":"search_term_string"}}],"inLanguage":"da-DK"}]}},"_links":{"self":[{"href":"https:\/\/www.le34.dk\/da\/wp-json\/wp\/v2\/pages\/1700","targetHints":{"allow":["GET"]}}],"collection":[{"href":"https:\/\/www.le34.dk\/da\/wp-json\/wp\/v2\/pages"}],"about":[{"href":"https:\/\/www.le34.dk\/da\/wp-json\/wp\/v2\/types\/page"}],"author":[{"embeddable":true,"href":"https:\/\/www.le34.dk\/da\/wp-json\/wp\/v2\/users\/36"}],"replies":[{"embeddable":true,"href":"https:\/\/www.le34.dk\/da\/wp-json\/wp\/v2\/comments?post=1700"}],"version-history":[{"count":35,"href":"https:\/\/www.le34.dk\/da\/wp-json\/wp\/v2\/pages\/1700\/revisions"}],"predecessor-version":[{"id":20629,"href":"https:\/\/www.le34.dk\/da\/wp-json\/wp\/v2\/pages\/1700\/revisions\/20629"}],"wp:attachment":[{"href":"https:\/\/www.le34.dk\/da\/wp-json\/wp\/v2\/media?parent=1700"}],"curies":[{"name":"wp","href":"https:\/\/api.w.org\/{rel}","templated":true}]}}