{"id":16923,"date":"2024-12-04T12:12:41","date_gmt":"2024-12-04T12:12:41","guid":{"rendered":"https:\/\/www.le34.dk\/?page_id=16923"},"modified":"2026-02-15T19:34:27","modified_gmt":"2026-02-15T19:34:27","slug":"vejforvaltningsret","status":"publish","type":"page","link":"https:\/\/www.le34.dk\/da\/vejforvaltningsret\/","title":{"rendered":"Vejforvaltningsret"},"content":{"rendered":"<p>Tilmeld dig<\/p>\n<p>Ren\u00e9 Aggersbjerg, Cand. jur., LE34, Redakt\u00f8r, Vejlove hos Karnov, Fagpanel hos Trafik &#038; Veje:<br \/>\n\u201cKurset giver dig en grundig forst\u00e5else af forvaltningsrettens regler og deres samspil med vejlovgivningen, s\u00e5 du kan h\u00e5ndtere sagsbehandling og tr\u00e6ffe afg\u00f8relser med sikkerhed og overblik.\u201d<\/p>\n<p>L\u00e6r at h\u00e5ndtere forvaltningsretlige regler i praksis. Fra sagsindledning til klagebehandling \u2013 vi kl\u00e6der dig p\u00e5 til at tr\u00e6ffe afg\u00f8relser med sikkerhed og overblik.<\/p>\n<p>Dette f\u00e5r du med<br \/>\n\u2022 En solid indf\u00f8ring i forvaltningsrettens regler og principper<br \/>\n\u2022 Konkrete v\u00e6rkt\u00f8jer til at h\u00e5ndtere hele sagsforl\u00f8bet som vejmyndighed<br \/>\n\u2022 Fokus p\u00e5 praktisk anvendelse i kommunal vejforvaltning<\/p>\n<p>Dette kan du efter kurset<\/p>\n<p>\u2022 H\u00e5ndtere komplekse sager sikkert og effektivt gennem alle faser<br \/>\n\u2022 Tr\u00e6ffe afg\u00f8relser, der overholder g\u00e6ldende lovgivning og principper<br \/>\n\u2022 Sikre korrekt behandling af klager og andre myndighedsopgaver<\/p>\n<p>Udbytte for dig og din organisation <\/p>\n<p>Konkret, ny viden<br \/>\nF\u00e5 indsigt i forvaltningsrettens principper og deres betydning for vejlovgivningen.<\/p>\n<p>Oms\u00e6t viden til praksis<br \/>\nAnvend forvaltningsrettens regler til at h\u00e5ndtere hele sagsforl\u00f8bet korrekt.<\/p>\n<p>Bedste praksis<br \/>\nL\u00e6r vores strukturerede metoder, der sikrer effektiv og lovmedholdelig sagsbehandling.<\/p>\n<p>Indhold<br \/>\nKurset gennemg\u00e5r forvaltningsrettens regler og deres praktiske anvendelse i vejmyndighedens arbejde. Fra sagsindledning og forberedelse til afg\u00f8relse og klagebehandling l\u00e6rer du at h\u00e5ndtere alle faser korrekt. Fokus er p\u00e5 kompetence, hjemmel, partsh\u00f8ring, god forvaltningsskik og klageprocesser.<\/p>\n<p>Det praktiske<br \/>\nSted: LE34 Odense \u2013 Klokkest\u00f8bervej 18, st, 5230 Odense M.<br \/>\nDato: 01.10.2026<br \/>\nTid: 09.00 \u2013 16.00<br \/>\nPris: 2.500,- ex. moms<\/p>\n<p>Frister<br \/>\nTilmeldingsfrist: senest kl. 12.00 to hverdage f\u00f8r kursusstart.<br \/>\nAfmeldingsfrister: se\u00a0kursusbetingelser<\/p>\n<p>Tilmeld dig<\/p>\n<p>M\u00f8d din underviser<\/p>\n<p>Ren\u00e9 Aggersbjerg<\/p>\n","protected":false},"excerpt":{"rendered":"<p>Tilmeld dig Ren\u00e9 Aggersbjerg, Cand. jur., LE34, Redakt\u00f8r, Vejlove hos Karnov, Fagpanel hos Trafik &#038; Veje: \u201cKurset giver dig en grundig forst\u00e5else af forvaltningsrettens regler og deres samspil med vejlovgivningen, s\u00e5 du kan h\u00e5ndtere sagsbehandling og tr\u00e6ffe afg\u00f8relser med sikkerhed og overblik.\u201d L\u00e6r at h\u00e5ndtere forvaltningsretlige regler i praksis. Fra sagsindledning til klagebehandling \u2013 vi [&hellip;]<\/p>\n","protected":false},"author":11,"featured_media":0,"parent":0,"menu_order":0,"comment_status":"closed","ping_status":"closed","template":"","meta":{"_acf_changed":false,"footnotes":""},"class_list":["post-16923","page","type-page","status-publish","hentry"],"acf":[],"yoast_head":"<!-- This site is optimized with the Yoast SEO plugin v27.4 - https:\/\/yoast.com\/product\/yoast-seo-wordpress\/ -->\n<title>Vejforvaltningsret - LE34<\/title>\n<meta name=\"robots\" content=\"index, follow, max-snippet:-1, max-image-preview:large, max-video-preview:-1\" \/>\n<link rel=\"canonical\" href=\"https:\/\/www.le34.dk\/da\/vejforvaltningsret\/\" \/>\n<meta property=\"og:locale\" content=\"da_DK\" \/>\n<meta property=\"og:type\" content=\"article\" \/>\n<meta property=\"og:title\" content=\"Vejforvaltningsret - LE34\" \/>\n<meta property=\"og:description\" content=\"Tilmeld dig Ren\u00e9 Aggersbjerg, Cand. jur., LE34, Redakt\u00f8r, Vejlove hos Karnov, Fagpanel hos Trafik &#038; Veje: \u201cKurset giver dig en grundig forst\u00e5else af forvaltningsrettens regler og deres samspil med vejlovgivningen, s\u00e5 du kan h\u00e5ndtere sagsbehandling og tr\u00e6ffe afg\u00f8relser med sikkerhed og overblik.\u201d L\u00e6r at h\u00e5ndtere forvaltningsretlige regler i praksis. Fra sagsindledning til klagebehandling \u2013 vi [&hellip;]\" \/>\n<meta property=\"og:url\" content=\"https:\/\/www.le34.dk\/da\/vejforvaltningsret\/\" \/>\n<meta property=\"og:site_name\" content=\"LE34\" \/>\n<meta property=\"article:modified_time\" content=\"2026-02-15T19:34:27+00:00\" \/>\n<meta name=\"twitter:card\" content=\"summary_large_image\" \/>\n<meta name=\"twitter:label1\" content=\"Estimeret l\u00e6setid\" \/>\n\t<meta name=\"twitter:data1\" content=\"4 minutter\" \/>\n<script type=\"application\/ld+json\" class=\"yoast-schema-graph\">{\"@context\":\"https:\\\/\\\/schema.org\",\"@graph\":[{\"@type\":\"WebPage\",\"@id\":\"https:\\\/\\\/www.le34.dk\\\/da\\\/vejforvaltningsret\\\/\",\"url\":\"https:\\\/\\\/www.le34.dk\\\/da\\\/vejforvaltningsret\\\/\",\"name\":\"Vejforvaltningsret - LE34\",\"isPartOf\":{\"@id\":\"https:\\\/\\\/www.le34.dk\\\/da\\\/#website\"},\"datePublished\":\"2024-12-04T12:12:41+00:00\",\"dateModified\":\"2026-02-15T19:34:27+00:00\",\"breadcrumb\":{\"@id\":\"https:\\\/\\\/www.le34.dk\\\/da\\\/vejforvaltningsret\\\/#breadcrumb\"},\"inLanguage\":\"da-DK\",\"potentialAction\":[{\"@type\":\"ReadAction\",\"target\":[\"https:\\\/\\\/www.le34.dk\\\/da\\\/vejforvaltningsret\\\/\"]}]},{\"@type\":\"BreadcrumbList\",\"@id\":\"https:\\\/\\\/www.le34.dk\\\/da\\\/vejforvaltningsret\\\/#breadcrumb\",\"itemListElement\":[{\"@type\":\"ListItem\",\"position\":1,\"name\":\"Home\",\"item\":\"https:\\\/\\\/www.le34.dk\\\/da\\\/\"},{\"@type\":\"ListItem\",\"position\":2,\"name\":\"Vejforvaltningsret\"}]},{\"@type\":\"WebSite\",\"@id\":\"https:\\\/\\\/www.le34.dk\\\/da\\\/#website\",\"url\":\"https:\\\/\\\/www.le34.dk\\\/da\\\/\",\"name\":\"LE34\",\"description\":\"\",\"potentialAction\":[{\"@type\":\"SearchAction\",\"target\":{\"@type\":\"EntryPoint\",\"urlTemplate\":\"https:\\\/\\\/www.le34.dk\\\/da\\\/?s={search_term_string}\"},\"query-input\":{\"@type\":\"PropertyValueSpecification\",\"valueRequired\":true,\"valueName\":\"search_term_string\"}}],\"inLanguage\":\"da-DK\"}]}<\/script>\n<!-- \/ Yoast SEO plugin. -->","yoast_head_json":{"title":"Vejforvaltningsret - LE34","robots":{"index":"index","follow":"follow","max-snippet":"max-snippet:-1","max-image-preview":"max-image-preview:large","max-video-preview":"max-video-preview:-1"},"canonical":"https:\/\/www.le34.dk\/da\/vejforvaltningsret\/","og_locale":"da_DK","og_type":"article","og_title":"Vejforvaltningsret - LE34","og_description":"Tilmeld dig Ren\u00e9 Aggersbjerg, Cand. jur., LE34, Redakt\u00f8r, Vejlove hos Karnov, Fagpanel hos Trafik &#038; Veje: \u201cKurset giver dig en grundig forst\u00e5else af forvaltningsrettens regler og deres samspil med vejlovgivningen, s\u00e5 du kan h\u00e5ndtere sagsbehandling og tr\u00e6ffe afg\u00f8relser med sikkerhed og overblik.\u201d L\u00e6r at h\u00e5ndtere forvaltningsretlige regler i praksis. Fra sagsindledning til klagebehandling \u2013 vi [&hellip;]","og_url":"https:\/\/www.le34.dk\/da\/vejforvaltningsret\/","og_site_name":"LE34","article_modified_time":"2026-02-15T19:34:27+00:00","twitter_card":"summary_large_image","twitter_misc":{"Estimeret l\u00e6setid":"4 minutter"},"schema":{"@context":"https:\/\/schema.org","@graph":[{"@type":"WebPage","@id":"https:\/\/www.le34.dk\/da\/vejforvaltningsret\/","url":"https:\/\/www.le34.dk\/da\/vejforvaltningsret\/","name":"Vejforvaltningsret - LE34","isPartOf":{"@id":"https:\/\/www.le34.dk\/da\/#website"},"datePublished":"2024-12-04T12:12:41+00:00","dateModified":"2026-02-15T19:34:27+00:00","breadcrumb":{"@id":"https:\/\/www.le34.dk\/da\/vejforvaltningsret\/#breadcrumb"},"inLanguage":"da-DK","potentialAction":[{"@type":"ReadAction","target":["https:\/\/www.le34.dk\/da\/vejforvaltningsret\/"]}]},{"@type":"BreadcrumbList","@id":"https:\/\/www.le34.dk\/da\/vejforvaltningsret\/#breadcrumb","itemListElement":[{"@type":"ListItem","position":1,"name":"Home","item":"https:\/\/www.le34.dk\/da\/"},{"@type":"ListItem","position":2,"name":"Vejforvaltningsret"}]},{"@type":"WebSite","@id":"https:\/\/www.le34.dk\/da\/#website","url":"https:\/\/www.le34.dk\/da\/","name":"LE34","description":"","potentialAction":[{"@type":"SearchAction","target":{"@type":"EntryPoint","urlTemplate":"https:\/\/www.le34.dk\/da\/?s={search_term_string}"},"query-input":{"@type":"PropertyValueSpecification","valueRequired":true,"valueName":"search_term_string"}}],"inLanguage":"da-DK"}]}},"_links":{"self":[{"href":"https:\/\/www.le34.dk\/da\/wp-json\/wp\/v2\/pages\/16923","targetHints":{"allow":["GET"]}}],"collection":[{"href":"https:\/\/www.le34.dk\/da\/wp-json\/wp\/v2\/pages"}],"about":[{"href":"https:\/\/www.le34.dk\/da\/wp-json\/wp\/v2\/types\/page"}],"author":[{"embeddable":true,"href":"https:\/\/www.le34.dk\/da\/wp-json\/wp\/v2\/users\/11"}],"replies":[{"embeddable":true,"href":"https:\/\/www.le34.dk\/da\/wp-json\/wp\/v2\/comments?post=16923"}],"version-history":[{"count":26,"href":"https:\/\/www.le34.dk\/da\/wp-json\/wp\/v2\/pages\/16923\/revisions"}],"predecessor-version":[{"id":20559,"href":"https:\/\/www.le34.dk\/da\/wp-json\/wp\/v2\/pages\/16923\/revisions\/20559"}],"wp:attachment":[{"href":"https:\/\/www.le34.dk\/da\/wp-json\/wp\/v2\/media?parent=16923"}],"curies":[{"name":"wp","href":"https:\/\/api.w.org\/{rel}","templated":true}]}}