{"id":16825,"date":"2024-12-03T11:34:00","date_gmt":"2024-12-03T11:34:00","guid":{"rendered":"https:\/\/www.le34.dk\/?page_id=16825"},"modified":"2026-04-24T07:46:50","modified_gmt":"2026-04-24T07:46:50","slug":"vejbidrag-betaling-til-vejanlaeg","status":"publish","type":"page","link":"https:\/\/www.le34.dk\/da\/vejbidrag-betaling-til-vejanlaeg\/","title":{"rendered":"Vejbidrag &#8211; betaling til vejanl\u00e6g"},"content":{"rendered":"<p>Tilmeld dig<\/p>\n<p>Ren\u00e9 Aggersbjerg, Cand. jur., LE34, Redakt\u00f8r, Vejlove hos Karnov, Fagpanel hos Trafik &#038; Veje:<br \/>\n\u201cKurset giver det n\u00f8dvendige overblik over regler og procedurer, s\u00e5 du kan h\u00e5ndtere vejbidrag professionelt og effektivt.\u201d<\/p>\n<p>Forst\u00e5 vejlovens regler om vejbidrag, og f\u00e5 indsigt i, hvordan du fordeler omkostninger og inddrager grundejere i processen. Kurset giver dig konkrete redskaber til at udm\u00f8nte beslutninger om vejbidrag i praksis.<\/p>\n<p>Dette f\u00e5r du med<br \/>\n\u2022 Overblik over vejlovens regler om vejbidrag<br \/>\n\u2022 Indsigt i, hvilke vejanl\u00e6g og udgifter der kan finansieres med vejbidrag<br \/>\n\u2022 Viden om, hvordan vejbidraget fordeles og opkr\u00e6ves blandt grundejerne<br \/>\n\u2022 Redskaber til at h\u00e5ndtere processen fra partsh\u00f8ring til afg\u00f8relse<\/p>\n<p>Dette kan du efter kurset<\/p>\n<p>\u2022 Udarbejde et klart beslutningsgrundlag for eventuel p\u00e5l\u00e6gning af vejbidrag<br \/>\n\u2022 Sikre en korrekt og gennemsigtig proces med inddragelse af ber\u00f8rte grundejere<br \/>\n\u2022 Implementere beslutninger om vejbidrag i praksis og sikre juridisk holdbare l\u00f8sninger<\/p>\n<p>Udbytte for dig og din organisation <\/p>\n<p>Konkret, ny viden<br \/>\nF\u00e5 styr p\u00e5 reglerne om vejbidrag og forst\u00e5, hvad der kan finansieres.<\/p>\n<p>Oms\u00e6t viden til praksis<br \/>\nF\u00e5 konkrete v\u00e6rkt\u00f8jer til at udarbejde beslutningsgrundlag og h\u00e5ndtere processen korrekt.<\/p>\n<p>Bedste praksis<br \/>\nL\u00e6r vores effektive metoder til retf\u00e6rdig og lovlig fordeling af vejbidrag.<\/p>\n<p>Indhold<br \/>\nKurset sikrer, at din organisation h\u00e5ndterer vejbidrag korrekt og professionelt, hvilket styrker tilliden til beslutningsprocesserne. Samtidig f\u00e5r du som medarbejder en dybere forst\u00e5else af lovgivningen, der g\u00f8r dig i stand til at navigere i komplekse sager og minimere juridiske risici.<\/p>\n<p>Det praktiske<br \/>\nSted: Online<br \/>\nDato: 12.05.2026<br \/>\nTid: 09.00 \u2013 12.30<br \/>\nPris: 1.500,- ex. moms<\/p>\n<p>Frister<br \/>\nTilmeldingsfrist: senest kl. 12.00 to dage f\u00f8r kursusstart.<br \/>\nAfmeldingsfrister: se\u00a0kursusbetingelser<\/p>\n<p>Tilmeld dig<\/p>\n<p>M\u00f8d din underviser<\/p>\n<p>Ren\u00e9 Aggersbjerg<\/p>\n","protected":false},"excerpt":{"rendered":"<p>Tilmeld dig Ren\u00e9 Aggersbjerg, Cand. jur., LE34, Redakt\u00f8r, Vejlove hos Karnov, Fagpanel hos Trafik &#038; Veje: \u201cKurset giver det n\u00f8dvendige overblik over regler og procedurer, s\u00e5 du kan h\u00e5ndtere vejbidrag professionelt og effektivt.\u201d Forst\u00e5 vejlovens regler om vejbidrag, og f\u00e5 indsigt i, hvordan du fordeler omkostninger og inddrager grundejere i processen. Kurset giver dig konkrete [&hellip;]<\/p>\n","protected":false},"author":11,"featured_media":0,"parent":0,"menu_order":0,"comment_status":"closed","ping_status":"closed","template":"","meta":{"_acf_changed":false,"footnotes":""},"class_list":["post-16825","page","type-page","status-publish","hentry"],"acf":[],"yoast_head":"<!-- This site is optimized with the Yoast SEO plugin v27.5 - https:\/\/yoast.com\/product\/yoast-seo-wordpress\/ -->\n<title>Vejbidrag - betaling til vejanl\u00e6g - LE34<\/title>\n<meta name=\"robots\" content=\"index, follow, max-snippet:-1, max-image-preview:large, max-video-preview:-1\" \/>\n<link rel=\"canonical\" href=\"https:\/\/www.le34.dk\/da\/vejbidrag-betaling-til-vejanlaeg\/\" \/>\n<meta property=\"og:locale\" content=\"da_DK\" \/>\n<meta property=\"og:type\" content=\"article\" \/>\n<meta property=\"og:title\" content=\"Vejbidrag - betaling til vejanl\u00e6g - LE34\" \/>\n<meta property=\"og:description\" content=\"Tilmeld dig Ren\u00e9 Aggersbjerg, Cand. jur., LE34, Redakt\u00f8r, Vejlove hos Karnov, Fagpanel hos Trafik &#038; Veje: \u201cKurset giver det n\u00f8dvendige overblik over regler og procedurer, s\u00e5 du kan h\u00e5ndtere vejbidrag professionelt og effektivt.\u201d Forst\u00e5 vejlovens regler om vejbidrag, og f\u00e5 indsigt i, hvordan du fordeler omkostninger og inddrager grundejere i processen. Kurset giver dig konkrete [&hellip;]\" \/>\n<meta property=\"og:url\" content=\"https:\/\/www.le34.dk\/da\/vejbidrag-betaling-til-vejanlaeg\/\" \/>\n<meta property=\"og:site_name\" content=\"LE34\" \/>\n<meta property=\"article:modified_time\" content=\"2026-04-24T07:46:50+00:00\" \/>\n<meta name=\"twitter:card\" content=\"summary_large_image\" \/>\n<meta name=\"twitter:label1\" content=\"Estimeret l\u00e6setid\" \/>\n\t<meta name=\"twitter:data1\" content=\"4 minutter\" \/>\n<script type=\"application\/ld+json\" class=\"yoast-schema-graph\">{\"@context\":\"https:\\\/\\\/schema.org\",\"@graph\":[{\"@type\":\"WebPage\",\"@id\":\"https:\\\/\\\/www.le34.dk\\\/da\\\/vejbidrag-betaling-til-vejanlaeg\\\/\",\"url\":\"https:\\\/\\\/www.le34.dk\\\/da\\\/vejbidrag-betaling-til-vejanlaeg\\\/\",\"name\":\"Vejbidrag - betaling til vejanl\u00e6g - LE34\",\"isPartOf\":{\"@id\":\"https:\\\/\\\/www.le34.dk\\\/da\\\/#website\"},\"datePublished\":\"2024-12-03T11:34:00+00:00\",\"dateModified\":\"2026-04-24T07:46:50+00:00\",\"breadcrumb\":{\"@id\":\"https:\\\/\\\/www.le34.dk\\\/da\\\/vejbidrag-betaling-til-vejanlaeg\\\/#breadcrumb\"},\"inLanguage\":\"da-DK\",\"potentialAction\":[{\"@type\":\"ReadAction\",\"target\":[\"https:\\\/\\\/www.le34.dk\\\/da\\\/vejbidrag-betaling-til-vejanlaeg\\\/\"]}]},{\"@type\":\"BreadcrumbList\",\"@id\":\"https:\\\/\\\/www.le34.dk\\\/da\\\/vejbidrag-betaling-til-vejanlaeg\\\/#breadcrumb\",\"itemListElement\":[{\"@type\":\"ListItem\",\"position\":1,\"name\":\"Home\",\"item\":\"https:\\\/\\\/www.le34.dk\\\/da\\\/\"},{\"@type\":\"ListItem\",\"position\":2,\"name\":\"Vejbidrag &#8211; betaling til vejanl\u00e6g\"}]},{\"@type\":\"WebSite\",\"@id\":\"https:\\\/\\\/www.le34.dk\\\/da\\\/#website\",\"url\":\"https:\\\/\\\/www.le34.dk\\\/da\\\/\",\"name\":\"LE34\",\"description\":\"\",\"potentialAction\":[{\"@type\":\"SearchAction\",\"target\":{\"@type\":\"EntryPoint\",\"urlTemplate\":\"https:\\\/\\\/www.le34.dk\\\/da\\\/?s={search_term_string}\"},\"query-input\":{\"@type\":\"PropertyValueSpecification\",\"valueRequired\":true,\"valueName\":\"search_term_string\"}}],\"inLanguage\":\"da-DK\"}]}<\/script>\n<!-- \/ Yoast SEO plugin. -->","yoast_head_json":{"title":"Vejbidrag - betaling til vejanl\u00e6g - LE34","robots":{"index":"index","follow":"follow","max-snippet":"max-snippet:-1","max-image-preview":"max-image-preview:large","max-video-preview":"max-video-preview:-1"},"canonical":"https:\/\/www.le34.dk\/da\/vejbidrag-betaling-til-vejanlaeg\/","og_locale":"da_DK","og_type":"article","og_title":"Vejbidrag - betaling til vejanl\u00e6g - LE34","og_description":"Tilmeld dig Ren\u00e9 Aggersbjerg, Cand. jur., LE34, Redakt\u00f8r, Vejlove hos Karnov, Fagpanel hos Trafik &#038; Veje: \u201cKurset giver det n\u00f8dvendige overblik over regler og procedurer, s\u00e5 du kan h\u00e5ndtere vejbidrag professionelt og effektivt.\u201d Forst\u00e5 vejlovens regler om vejbidrag, og f\u00e5 indsigt i, hvordan du fordeler omkostninger og inddrager grundejere i processen. Kurset giver dig konkrete [&hellip;]","og_url":"https:\/\/www.le34.dk\/da\/vejbidrag-betaling-til-vejanlaeg\/","og_site_name":"LE34","article_modified_time":"2026-04-24T07:46:50+00:00","twitter_card":"summary_large_image","twitter_misc":{"Estimeret l\u00e6setid":"4 minutter"},"schema":{"@context":"https:\/\/schema.org","@graph":[{"@type":"WebPage","@id":"https:\/\/www.le34.dk\/da\/vejbidrag-betaling-til-vejanlaeg\/","url":"https:\/\/www.le34.dk\/da\/vejbidrag-betaling-til-vejanlaeg\/","name":"Vejbidrag - betaling til vejanl\u00e6g - LE34","isPartOf":{"@id":"https:\/\/www.le34.dk\/da\/#website"},"datePublished":"2024-12-03T11:34:00+00:00","dateModified":"2026-04-24T07:46:50+00:00","breadcrumb":{"@id":"https:\/\/www.le34.dk\/da\/vejbidrag-betaling-til-vejanlaeg\/#breadcrumb"},"inLanguage":"da-DK","potentialAction":[{"@type":"ReadAction","target":["https:\/\/www.le34.dk\/da\/vejbidrag-betaling-til-vejanlaeg\/"]}]},{"@type":"BreadcrumbList","@id":"https:\/\/www.le34.dk\/da\/vejbidrag-betaling-til-vejanlaeg\/#breadcrumb","itemListElement":[{"@type":"ListItem","position":1,"name":"Home","item":"https:\/\/www.le34.dk\/da\/"},{"@type":"ListItem","position":2,"name":"Vejbidrag &#8211; betaling til vejanl\u00e6g"}]},{"@type":"WebSite","@id":"https:\/\/www.le34.dk\/da\/#website","url":"https:\/\/www.le34.dk\/da\/","name":"LE34","description":"","potentialAction":[{"@type":"SearchAction","target":{"@type":"EntryPoint","urlTemplate":"https:\/\/www.le34.dk\/da\/?s={search_term_string}"},"query-input":{"@type":"PropertyValueSpecification","valueRequired":true,"valueName":"search_term_string"}}],"inLanguage":"da-DK"}]}},"_links":{"self":[{"href":"https:\/\/www.le34.dk\/da\/wp-json\/wp\/v2\/pages\/16825","targetHints":{"allow":["GET"]}}],"collection":[{"href":"https:\/\/www.le34.dk\/da\/wp-json\/wp\/v2\/pages"}],"about":[{"href":"https:\/\/www.le34.dk\/da\/wp-json\/wp\/v2\/types\/page"}],"author":[{"embeddable":true,"href":"https:\/\/www.le34.dk\/da\/wp-json\/wp\/v2\/users\/11"}],"replies":[{"embeddable":true,"href":"https:\/\/www.le34.dk\/da\/wp-json\/wp\/v2\/comments?post=16825"}],"version-history":[{"count":38,"href":"https:\/\/www.le34.dk\/da\/wp-json\/wp\/v2\/pages\/16825\/revisions"}],"predecessor-version":[{"id":21356,"href":"https:\/\/www.le34.dk\/da\/wp-json\/wp\/v2\/pages\/16825\/revisions\/21356"}],"wp:attachment":[{"href":"https:\/\/www.le34.dk\/da\/wp-json\/wp\/v2\/media?parent=16825"}],"curies":[{"name":"wp","href":"https:\/\/api.w.org\/{rel}","templated":true}]}}