{"id":1669,"date":"2017-07-18T04:16:49","date_gmt":"2017-07-18T04:16:49","guid":{"rendered":"https:\/\/www.le34.dk\/om-os\/"},"modified":"2025-04-08T12:00:50","modified_gmt":"2025-04-08T12:00:50","slug":"om-os","status":"publish","type":"page","link":"https:\/\/www.le34.dk\/da\/om-os\/","title":{"rendered":"Om os"},"content":{"rendered":"<p>Kenneth Norre, administrerende direkt\u00f8r, LE34<br \/>\n\u201cLE34 er til stede lokalt, nationalt og globalt. Til lands, til vands og i luften. Det g\u00f8r os indsigtsfulde i lokale forhold og deres relation til de globale. Det g\u00f8r os stabile, agile og giver os overblik. Og det sikrer, vi altid er lige i n\u00e6rheden af vores kunder uanset opgavens st\u00f8rrelse og geografi.\u201d<\/p>\n<p>Intelligent totalr\u00e5dgivning<br \/>\nLE34\u2019s kompetencer og omr\u00e5der er struktureret, s\u00e5 vi kan levere pr\u00e6cis den totalr\u00e5dgivning, vores kunder eftersp\u00f8rger. Fra planl\u00e6gning og byudvikling til ekspropriation og tinglysning. Fra afs\u00e6tning og udstykning til monitorering og laserscanning. Og fra volumenberegninger og databehandling til augmented reality og as-built dokumentation. Vores specialister d\u00e6kker det hele. P\u00e5 landjorden, til vands og fra luften.<\/p>\n<p>Styring af spidsbelastning<br \/>\nVi har sat ressourcestyring i system, s\u00e5 vi altid ved, hvem vi kan tr\u00e6kke p\u00e5, hvor og hvorn\u00e5r. P\u00e5 den m\u00e5de kan vi altid garantere vores kunder, at deres opgaver bliver l\u00f8st rettidigt \u2013 uanset belastningen p\u00e5 det enkelte kontor, er der altid en ledig ressource p\u00e5 nabokontoret.<\/p>\n<p>Kort udrykningstid<br \/>\nMed 29 kontorer strategisk placeret i Norden og mindst 100 m\u00e5lehold i felten hver dag, er vi altid h\u00f8jst en time v\u00e6k fra enhver opgave. Vores lokale tilstedev\u00e6relse er vigtig for vores kunder og derfor vigtig for os. N\u00e5r vi kender de lokale forhold, kan vi tage h\u00f8jde for alle parametre og interessenter i vores r\u00e5dgivning og det skaber v\u00e6rdi for vores kunder.<\/p>\n<p>Faglig styrke<br \/>\nFor at sikre faglig udvikling og h\u00f8j ekspertise inden for vores kompetenceomr\u00e5der, har vi organiseret LE34 i en r\u00e6kke faglige omr\u00e5der med ansvarlige forretningschefer og faste erfam\u00f8der. Hvert omr\u00e5de g\u00e5r p\u00e5 tv\u00e6rs af vores geografiske kontorer og derfor tilbyder vi hinanden faglig sparring p\u00e5 et h\u00f8jt niveau, uanset hvor i landet vi befinder os.\u00a0Vores faglige omr\u00e5der arbejder under 6 temaer:<br \/>\n\u2022 Forsyning<br \/>\n\u2022 GIS<br \/>\n\u2022 Milj\u00f8, Plan &#038; Jura<br \/>\n\u2022 Offshore<br \/>\n\u2022 Skel &#038; Ejendomme<br \/>\n\u2022 Teknisk M\u00e5ling<br \/>\nMed disse 6 omr\u00e5der kan vi levere totalr\u00e5dgivning til vores kunder \u2013 altid h\u00e5ndholdt af eksperter.<\/p>\n<p>ESG &#8211; Environmental, Social &#038; Governance<br \/>\nMed CSRD (Corporate Sustainability Reporting Directive) har EU-kommissionen stillet en bunden opgave til virksomheder af vores st\u00f8rrelse: Fra 2026 skal vi levere en omfattende b\u00e6redygtighedsrapport, som stiller h\u00f8je krav til gennemsigtighed og dokumentation.<br \/>\nVi mener, at direktivet er et vigtigt paradigmeskifte for virksomheders b\u00e6redygtighedsarbejde og -ambitioner og derfor startede vi allerede i 2022 en ESG-proces for at blive klogere p\u00e5 os selv. P\u00e5, hvor vi st\u00e5r, og hvor vi skal hen. Hvor vi g\u00f8r det godt, og hvor der er plads til forandring.<br \/>\nUd fra input fra medarbejdere og \u00f8vrige interessenter har en dedikeret arbejdsgruppe i LE34 kortlagt konkrete og m\u00e5lbare initiativer, hvor vi forpligter os til at arbejde med muligheder og ansvar p\u00e5 en m\u00e5de, der forandrer b\u00e5de vores fag, virksomhed og f\u00e6lles fremtid til det bedre.<br \/>\nVi skal p\u00e5 flere omr\u00e5der \u00e6ndre adf\u00e6rd til gavn for mil\u00adj\u00f8et, vi skal v\u00e6rne om og styrke vores arbejdsmilj\u00f8 med plads til og lige vilk\u00e5r for alle, og vi skal arbejde struk\u00adtureret med retf\u00e6rdighed og stille krav til vores samar\u00adbejdspartnere om at g\u00f8re det samme.<br \/>\nDet ligger os meget p\u00e5 sinde at g\u00f8re det \u00e6rligt og ordentligt \u2013 at v\u00e6re transparente og dokumenterende i processen. Vi er ikke i f\u00e6rd med kortsigtede l\u00f8sninger. Det her kommer til at tage tid.<\/p>\n<p>L\u00e6s mere om vores ESG-arbejde<br \/>\nProfessionel ledelse og bestyrelse<br \/>\nVi tror p\u00e5, at vi som landets st\u00f8rste landinspekt\u00f8rfirma har et ansvar for at g\u00e5 foran i professionaliseringen af vores branche. Derfor har vi, med stor succes, prioriteret at ledelsen af LE34 varetages af eksperter. Vi har engageret Ulrik Ahrendt-Jensen som professionel bestyrelsesformand og Kenneth Norre som professionel direkt\u00f8r. Begge har en erfaringsm\u00e6ssig tyngde og ballast, som er med til at sikre, at vi hele tiden er et skridt foran p\u00e5 teknologisk udvikling, processer og p\u00e5 de resultater, vi skaber for vores kunder.<\/p>\n<p>ISO-certificeringer<br \/>\nI LE34 er vi certificeret i ISO 9001 Kvalitetsledelse og ISO 45001 Arbejdsmilj\u00f8ledelse.<br \/>\nSom det f\u00f8rste landinspekt\u00f8rfirma i Danmark blev vi ISO 9001-certificerede allerede i 2015. Det betyder, at vores arbejde altid lever op til de h\u00f8jeste kvalitets- og dokumentationskrav. Kvalitetssikring og risikostyring giver os nogle helt grundl\u00e6ggende ledelsesv\u00e6rkt\u00f8jer i h\u00e5ndteringen af vores projekter, s\u00e5 vores procedurer er ens p\u00e5 tv\u00e6rs af landet og opgaver kan overdrages enkelt og s\u00f8ml\u00f8st. Det giver vores kunder leveringssikkerhed, tryghed og rettidighed.<br \/>\nCertificeringen i ISO 45001 Arbejdsmilj\u00f8ledelse g\u00e5r h\u00e5nd i h\u00e5nd med vores kontinuerlige fokus p\u00e5 et sundt og sikkert arbejdsmilj\u00f8. En kvittering for, at vi har et arbejdsmilj\u00f8ledelsessystem, der g\u00f8r organisationen i stand til at skabe sikre og sunde arbejdspladser, forebygge ulykker, arbejdsrelaterede skader og sygdom samt l\u00f8bende forbedre vores arbejdsmilj\u00f8pr\u00e6stationer. Resultatet er tryghed og sikkerhed \u2013 b\u00e5de for vores medarbejdere og for vores kunder.<\/p>\n<p>Kvalitetssikring<br \/>\nVores kvalitetsledelsessystem er fundamentet for vores produktion. Alle procedurer er dokumenteret og gennemg\u00e5et minuti\u00f8st af de relevante eksperter. For os betyder det, at der aldrig hersker tvivl om, hvordan vi l\u00f8ser en opgave korrekt. For vores kunder sikrer det samme h\u00f8je kvalitet hver gang, uanset kontaktperson og geografi.<\/p>\n<p>Pas p\u00e5 min kollega<br \/>\nSikkerhed er et omr\u00e5de, vi har s\u00e6rlig fokus p\u00e5 i LE34 og vores arbejdsmilj\u00f8ledelsessystem fungerer som rygraden i vores daglige drift. Vi skal kunne garantere vores medarbejderes sikkerhed, n\u00e5r de er i felten p\u00e5 en opgave og vores medarbejdere skal vide, at deres sikkerhed altid er f\u00f8rste prioritet. Derfor dokumenterer vi alle processer i overensstemmelse med ISO 45001-kravene, arbejder med sikkerhedskampagner og oplysning, og derfor er det altid legitimt at ringe direkte til Kenneth Norre, hvis man m\u00f8der forhold i felten, som ikke er i overensstemmelse med sikkerhedskravene.<\/p>\n<p>F\u00e5 mere at vide<br \/>\nKontakt os<br \/>\nKontakt administrerende direkt\u00f8r Kenneth Norre, hvis du vil vide mere om os.<br \/>\nKenneth Norre<br \/>\nAdministrerende direkt\u00f8r<br \/>\n+45 2968 2784<br \/>\nkno@le34.dk<\/p>\n<p>Send mail til Kenneth Norre<\/p>\n","protected":false},"excerpt":{"rendered":"<p>Kenneth Norre, administrerende direkt\u00f8r, LE34 \u201cLE34 er til stede lokalt, nationalt og globalt. Til lands, til vands og i luften. Det g\u00f8r os indsigtsfulde i lokale forhold og deres relation til de globale. Det g\u00f8r os stabile, agile og giver os overblik. Og det sikrer, vi altid er lige i n\u00e6rheden af vores kunder uanset [&hellip;]<\/p>\n","protected":false},"author":28,"featured_media":0,"parent":0,"menu_order":0,"comment_status":"closed","ping_status":"closed","template":"","meta":{"_acf_changed":false,"footnotes":""},"class_list":["post-1669","page","type-page","status-publish","hentry"],"acf":[],"yoast_head":"<!-- This site is optimized with the Yoast SEO plugin v27.5 - https:\/\/yoast.com\/product\/yoast-seo-wordpress\/ -->\n<title>Professionelt landinspekt\u00f8rfirma med lang historie | Om LE34<\/title>\n<meta name=\"description\" content=\"L\u00e6s alt om LE34 her. Vi er et landinspekt\u00f8rfirma med 200 \u00e5rs udvikling, der er til stede lokalt, nationalt og globalt. Vi har mere end 25 kontorer i Norden\" \/>\n<meta name=\"robots\" content=\"index, follow, max-snippet:-1, max-image-preview:large, max-video-preview:-1\" \/>\n<link rel=\"canonical\" href=\"https:\/\/www.le34.dk\/da\/om-os\/\" \/>\n<meta property=\"og:locale\" content=\"da_DK\" \/>\n<meta property=\"og:type\" content=\"article\" \/>\n<meta property=\"og:title\" content=\"Professionelt landinspekt\u00f8rfirma med lang historie | Om LE34\" \/>\n<meta property=\"og:description\" content=\"L\u00e6s alt om LE34 her. Vi er et landinspekt\u00f8rfirma med 200 \u00e5rs udvikling, der er til stede lokalt, nationalt og globalt. Vi har mere end 25 kontorer i Norden\" \/>\n<meta property=\"og:url\" content=\"https:\/\/www.le34.dk\/da\/om-os\/\" \/>\n<meta property=\"og:site_name\" content=\"LE34\" \/>\n<meta property=\"article:modified_time\" content=\"2025-04-08T12:00:50+00:00\" \/>\n<meta name=\"twitter:card\" content=\"summary_large_image\" \/>\n<meta name=\"twitter:label1\" content=\"Estimeret l\u00e6setid\" \/>\n\t<meta name=\"twitter:data1\" content=\"14 minutter\" \/>\n<script type=\"application\/ld+json\" class=\"yoast-schema-graph\">{\"@context\":\"https:\\\/\\\/schema.org\",\"@graph\":[{\"@type\":\"WebPage\",\"@id\":\"https:\\\/\\\/www.le34.dk\\\/da\\\/om-os\\\/\",\"url\":\"https:\\\/\\\/www.le34.dk\\\/da\\\/om-os\\\/\",\"name\":\"Professionelt landinspekt\u00f8rfirma med lang historie | Om LE34\",\"isPartOf\":{\"@id\":\"https:\\\/\\\/www.le34.dk\\\/da\\\/#website\"},\"datePublished\":\"2017-07-18T04:16:49+00:00\",\"dateModified\":\"2025-04-08T12:00:50+00:00\",\"description\":\"L\u00e6s alt om LE34 her. Vi er et landinspekt\u00f8rfirma med 200 \u00e5rs udvikling, der er til stede lokalt, nationalt og globalt. Vi har mere end 25 kontorer i Norden\",\"breadcrumb\":{\"@id\":\"https:\\\/\\\/www.le34.dk\\\/da\\\/om-os\\\/#breadcrumb\"},\"inLanguage\":\"da-DK\",\"potentialAction\":[{\"@type\":\"ReadAction\",\"target\":[\"https:\\\/\\\/www.le34.dk\\\/da\\\/om-os\\\/\"]}]},{\"@type\":\"BreadcrumbList\",\"@id\":\"https:\\\/\\\/www.le34.dk\\\/da\\\/om-os\\\/#breadcrumb\",\"itemListElement\":[{\"@type\":\"ListItem\",\"position\":1,\"name\":\"Home\",\"item\":\"https:\\\/\\\/www.le34.dk\\\/da\\\/\"},{\"@type\":\"ListItem\",\"position\":2,\"name\":\"Om os\"}]},{\"@type\":\"WebSite\",\"@id\":\"https:\\\/\\\/www.le34.dk\\\/da\\\/#website\",\"url\":\"https:\\\/\\\/www.le34.dk\\\/da\\\/\",\"name\":\"LE34\",\"description\":\"\",\"potentialAction\":[{\"@type\":\"SearchAction\",\"target\":{\"@type\":\"EntryPoint\",\"urlTemplate\":\"https:\\\/\\\/www.le34.dk\\\/da\\\/?s={search_term_string}\"},\"query-input\":{\"@type\":\"PropertyValueSpecification\",\"valueRequired\":true,\"valueName\":\"search_term_string\"}}],\"inLanguage\":\"da-DK\"}]}<\/script>\n<!-- \/ Yoast SEO plugin. -->","yoast_head_json":{"title":"Professionelt landinspekt\u00f8rfirma med lang historie | Om LE34","description":"L\u00e6s alt om LE34 her. Vi er et landinspekt\u00f8rfirma med 200 \u00e5rs udvikling, der er til stede lokalt, nationalt og globalt. Vi har mere end 25 kontorer i Norden","robots":{"index":"index","follow":"follow","max-snippet":"max-snippet:-1","max-image-preview":"max-image-preview:large","max-video-preview":"max-video-preview:-1"},"canonical":"https:\/\/www.le34.dk\/da\/om-os\/","og_locale":"da_DK","og_type":"article","og_title":"Professionelt landinspekt\u00f8rfirma med lang historie | Om LE34","og_description":"L\u00e6s alt om LE34 her. Vi er et landinspekt\u00f8rfirma med 200 \u00e5rs udvikling, der er til stede lokalt, nationalt og globalt. Vi har mere end 25 kontorer i Norden","og_url":"https:\/\/www.le34.dk\/da\/om-os\/","og_site_name":"LE34","article_modified_time":"2025-04-08T12:00:50+00:00","twitter_card":"summary_large_image","twitter_misc":{"Estimeret l\u00e6setid":"14 minutter"},"schema":{"@context":"https:\/\/schema.org","@graph":[{"@type":"WebPage","@id":"https:\/\/www.le34.dk\/da\/om-os\/","url":"https:\/\/www.le34.dk\/da\/om-os\/","name":"Professionelt landinspekt\u00f8rfirma med lang historie | Om LE34","isPartOf":{"@id":"https:\/\/www.le34.dk\/da\/#website"},"datePublished":"2017-07-18T04:16:49+00:00","dateModified":"2025-04-08T12:00:50+00:00","description":"L\u00e6s alt om LE34 her. Vi er et landinspekt\u00f8rfirma med 200 \u00e5rs udvikling, der er til stede lokalt, nationalt og globalt. Vi har mere end 25 kontorer i Norden","breadcrumb":{"@id":"https:\/\/www.le34.dk\/da\/om-os\/#breadcrumb"},"inLanguage":"da-DK","potentialAction":[{"@type":"ReadAction","target":["https:\/\/www.le34.dk\/da\/om-os\/"]}]},{"@type":"BreadcrumbList","@id":"https:\/\/www.le34.dk\/da\/om-os\/#breadcrumb","itemListElement":[{"@type":"ListItem","position":1,"name":"Home","item":"https:\/\/www.le34.dk\/da\/"},{"@type":"ListItem","position":2,"name":"Om os"}]},{"@type":"WebSite","@id":"https:\/\/www.le34.dk\/da\/#website","url":"https:\/\/www.le34.dk\/da\/","name":"LE34","description":"","potentialAction":[{"@type":"SearchAction","target":{"@type":"EntryPoint","urlTemplate":"https:\/\/www.le34.dk\/da\/?s={search_term_string}"},"query-input":{"@type":"PropertyValueSpecification","valueRequired":true,"valueName":"search_term_string"}}],"inLanguage":"da-DK"}]}},"_links":{"self":[{"href":"https:\/\/www.le34.dk\/da\/wp-json\/wp\/v2\/pages\/1669","targetHints":{"allow":["GET"]}}],"collection":[{"href":"https:\/\/www.le34.dk\/da\/wp-json\/wp\/v2\/pages"}],"about":[{"href":"https:\/\/www.le34.dk\/da\/wp-json\/wp\/v2\/types\/page"}],"author":[{"embeddable":true,"href":"https:\/\/www.le34.dk\/da\/wp-json\/wp\/v2\/users\/28"}],"replies":[{"embeddable":true,"href":"https:\/\/www.le34.dk\/da\/wp-json\/wp\/v2\/comments?post=1669"}],"version-history":[{"count":14,"href":"https:\/\/www.le34.dk\/da\/wp-json\/wp\/v2\/pages\/1669\/revisions"}],"predecessor-version":[{"id":16522,"href":"https:\/\/www.le34.dk\/da\/wp-json\/wp\/v2\/pages\/1669\/revisions\/16522"}],"wp:attachment":[{"href":"https:\/\/www.le34.dk\/da\/wp-json\/wp\/v2\/media?parent=1669"}],"curies":[{"name":"wp","href":"https:\/\/api.w.org\/{rel}","templated":true}]}}