{"id":16632,"date":"2024-11-19T16:29:40","date_gmt":"2024-11-19T16:29:40","guid":{"rendered":"https:\/\/www.le34.dk\/?page_id=16632"},"modified":"2024-11-26T19:29:15","modified_gmt":"2024-11-26T19:29:15","slug":"vilkaar-om-fravigelse-af-gaesteprincippet-for-et-50kv-kabel","status":"publish","type":"page","link":"https:\/\/www.le34.dk\/da\/vilkaar-om-fravigelse-af-gaesteprincippet-for-et-50kv-kabel\/","title":{"rendered":"Vilk\u00e5r om fravigelse af g\u00e6steprincippet for et 50 kV kabel"},"content":{"rendered":"<p>27.11.2024<br \/>\nCerius har siden 2018 konstateret, at den eksisterende hovedstation ved \u00d8lsemagle var belastet med mere end 125%. Cerius har derfor v\u00e6ret n\u00f8dsaget til at finde en l\u00f8sning, som blev at etablere en ny hovedstation \u201dLille Skensved\u201d, som forsynes via flere 50 kV kabelanl\u00e6g for at sikre, at det nuv\u00e6rende el-net ikke bliver overbelastet, og at der ikke sker udfald.<\/p>\n<p>Baggrunden for kabelprojektet<br \/>\nCerius har indg\u00e5et aftale med samtlige grundejere p\u00e5 str\u00e6kningen om etablering af kabelanl\u00e6gget. Aftalerne omhandlede blandt andet sikring af kabelanl\u00e6gget med en tinglyst servitut. Men for \u00e9n ejendom, som er ejet af K\u00f8benhavns Kommune, var det ikke muligt at blive enige om vilk\u00e5rene for servitutten. Det blev derfor besluttet, at sp\u00f8rgsm\u00e5l om vilk\u00e5r i servitutten og erstatning skulle behandles ved ekspropriation, jf. El-sikkerhedslovens \u00a7 27.<br \/>\nCerius var af den opfattelse, at ejendommen skal p\u00e5l\u00e6gges servitut med fravigelse af g\u00e6steprincip for at sikre kabelanl\u00e6gget tilstr\u00e6kkeligt. Det bem\u00e6rkes i \u00f8vrigt, at den samme servitut er p\u00e5lagt de andre ber\u00f8rte ejendomme.<br \/>\nDet var K\u00f8benhavns Kommunes vurdering, at kabelanl\u00e6gget skulle placeres efter g\u00e6steprincippet.<br \/>\nDet bem\u00e6rkes i \u00f8vrigt, at kabelanl\u00e6ggets placering blev besluttet jf. aftale mellem Cerius og K\u00f8benhavns Kommune. Kabelanl\u00e6gget var derfor anlagt f\u00f8r tidspunktet for ekspropriationskommissionens besigtigelses- og ekspropriationsforretning.<\/p>\n<p>Parternes synspunkter<br \/>\nCerius gjorde g\u00e6ldende, at det er n\u00f8dvendigt og proportionalt, at ekspropriationsindgrebet indeholder p\u00e5l\u00e6g af servitut med vilk\u00e5r om fravigelse af g\u00e6steprincippet, hvorved kabelanl\u00e6gget har en ubetinget tilstedev\u00e6relsesret.<br \/>\nDet p\u00e5g\u00e6ldende kabelanl\u00e6g er \u00e9n af to 50 kV-forsyninger til h\u00f8jsp\u00e6ndingsstationen \u201dLille Skensved\u201d, der forsyner et stort industriomr\u00e5de i kraftig udvikling. Det er helt essentielt og grundl\u00e6ggende for elforsyning p\u00e5 dette niveau, at der er flersidet forsyning for at sikre et robust og p\u00e5lideligt elnet. Udfald af \u00e9n forbindelse, vil betyde at elforsyningen i et stort omr\u00e5de vil v\u00e6re s\u00e5rbar. Da reparationer, og i s\u00e6rdeleshed oml\u00e6gning, er tidskr\u00e6vende, er det absolut essentielt at have flere forbindelser til hver h\u00f8jsp\u00e6ndingsstation.<br \/>\nCerius har valgt en placering p\u00e5 ejendommen ud fra el-tekniske hensyn, arealets beskaffenhed og placeringen af \u00f8vrige anl\u00e6g p\u00e5 og i arealet. K\u00f8benhavns Kommune har forud for udf\u00f8relsen haft mulighed for at forholde sig til placeringen af kabelanl\u00e6gget, og har ikke haft bem\u00e6rkninger eller oplyst om forhold, som Cerius skulle tage hensyn til.<br \/>\nKabelanl\u00e6gget er placeret p\u00e5 arealer, der er beliggende i landzone, og ejendommen er noteret som landbrugsejendom. Den aktuelle anvendelse (landbrugsdrift) kan forts\u00e6tte som hidtil efter etablering af kabelanl\u00e6gget. Derudover er der ikke planl\u00e6gningsm\u00e6ssige forhold, som er uforenelige med tilstedev\u00e6relsen af kabelanl\u00e6gget.<br \/>\nCerius mente derfor, at K\u00f8benhavns Kommune ikke vil blive p\u00e5f\u00f8rt en uforholdsm\u00e6ssigt indgribende byrde set i forhold til de aktuelle muligheder, der er for at udnytte ejendommen. Cerius\u2019 synspunkt var ogs\u00e5 underbygget af, at indgrebets form\u00e5l er at fremtidssikre forsyningssikkerheden.<br \/>\nK\u00f8benhavns Kommune anf\u00f8rte, at det forekommer uproportionalt og un\u00f8dvendigt, at Cerius kr\u00e6ver, at anl\u00e6gget skal ligge bedre end g\u00e6st. Derudover oplyste kommunen, at de har en fast praksis om, at tilladelse til etablering af kabelanl\u00e6g p\u00e5 K\u00f8benhavns Kommunes ejendomme sker p\u00e5 g\u00e6stevilk\u00e5r, medmindre der er klare holdepunkter for andet.<br \/>\nForud for henvisningen af sagen til Ekspropriationskommissionen havde Cerius anmodet K\u00f8benhavns Kommune om at acceptere, at g\u00e6steprincippet fraviges i den konkrete sag med henvisning til \u00d8stre Landsrets dom af den 28. juni 2022 (Aved\u00f8redommen). Vi har tidligere skrevet om Aved\u00f8redommen i artiklen \u201dNy landsretsdom om g\u00e6steprincippets anvendelse ved ekspropriation\u201d. Her fastslog landsretten, at servitutvilk\u00e5rene om fravigelse af g\u00e6steprincippet og r\u00e5dighedsbegr\u00e6nsningerne levede op til de ekspropriationsretlige krav om n\u00f8dvendighed og proportionalitet. K\u00f8benhavns Kommune var af den opfattelse, at sagerne adskiller sig fra hinanden p\u00e5 nogle punkter.<br \/>\nK\u00f8benhavns Kommune anf\u00f8rte, at mens der i Aved\u00f8redommen er tale om et kabelanl\u00e6g med en 132 kV-forbindelse, er der i n\u00e6rv\u00e6rende sag tale om en 50 kV-kabelforbindelse. Kabelanl\u00e6gget i Aved\u00f8redommen indg\u00e5r derudover i det overordnede eltransmissionsnet i Danmark, mens kabelanl\u00e6gget i n\u00e6rv\u00e6rende sag indg\u00e5r i det underordnede elnet, der er koblet til det overordnede eltransmissionsnet. Sagerne adskiller sig s\u00e5ledes ved, at der er tale om en anden type af kabelanl\u00e6g og et andet forsyningsbehov og -volumen. Derudover er der i n\u00e6rv\u00e6rende sag alene tale om en redundant forsyning mellem en eksisterende og en nyetableret transformerstation.<\/p>\n<p>Ekspropriationskommissionens kendelse<br \/>\nKommissionen l\u00e6gger efter sagens oplysninger til grund, at etableringen af 50 kV kabelforbindelsen er n\u00f8dvendig for at opretholde forsyningssikkerheden i omr\u00e5det, og at der efter kabelanl\u00e6ggets karakter og forhold er v\u00e6gtige hensyn at tage til s\u00e5vel person-, anl\u00e6gs- og forsyningssikkerheden som samfunds\u00f8konomien. Kommissionen finder p\u00e5 denne baggrund, at betingelserne for at sikre 50 kV kabelanl\u00e6gget ved en servitut, hvor g\u00e6steprincippet er fraveget, er opfyldt.<br \/>\nDet er efter kommissionens opfattelse hovedreglen, at forsyningsledninger er anbragt p\u00e5 privat ejendom mod betaling af erstatning til de ber\u00f8rte lodsejere for den r\u00e5dighedsbegr\u00e6nsning\/v\u00e6rdinedgang af ejendommen, som sikring af anl\u00e6gget indeb\u00e6rer. Forsyningsledninger p\u00e5 privat ejendom ligger s\u00e5ledes helt overvejende med fuld tilstedev\u00e6relsesret. Det er kommissionens opfattelse, at en servitut, der sikrer Cerius\u2019 kabelanl\u00e6g fuld tilstedev\u00e6relsesret, principielt ikke adskiller sig v\u00e6sentligt fra de servitutter vedr\u00f8rende andre el-, gas-, og vandforsyningsledninger, der p\u00e5l\u00e6gges private ejendomme ved enten aftale eller ekspropriation.<br \/>\nI \u00f8vrigt bem\u00e6rkes det, at kommissionen vurderer, at det ber\u00f8rte areal ved erstatningsfasts\u00e6ttelsen skal sammenlignes med andre landbrugsejendomme. Kommissionen mener derfor, at erstatning for p\u00e5l\u00e6g af servitut om 50 kV kablet b\u00f8r fasts\u00e6ttes i overensstemmelse med landsaftalen for el- og fiberanl\u00e6g p\u00e5 landbrugsjord.<br \/>\nEkspropriationskommissionens kendelse er ikke indbragt til efterpr\u00f8velse ved taksationskommissionen og er dermed endelig.<\/p>\n<p>Kommentar<br \/>\nDet har tidligere v\u00e6ret diskuteret om betingelserne for at ekspropriere til fravigelse af g\u00e6steprincippet for \u201dde sm\u00e5 ledninger\u201d er opfyldt. Med denne kendelse har vi i hvert fald f\u00e5et svar p\u00e5, at det g\u00f8r sig g\u00e6ldende for et 50 kV kabel under de foreliggende omst\u00e6ndigheder.<br \/>\nSp\u00f8rgsm\u00e5let er, om vi vil se flere kendelser i fremtiden, hvor n\u00f8dvendigheden af fravigelse af g\u00e6steprincippet udfordres ved endnu \u201dmindre\u201d ledninger eller, om grundejere generelt vil acceptere vilk\u00e5r om fravigelse af g\u00e6steprincippet uanset ledningens st\u00f8rrelse.<br \/>\nDet m\u00e5 tiden vise.<br \/>\nHvis du har sp\u00f8rgsm\u00e5l til artiklen kan du kontakte Vibeke St\u00e6rdahl Nielsen eller Kenneth Holme Poulsen.<\/p>\n<p>Ekspropriationskommissionens kendelse findes her<br \/>\nSe alle nyheder fra Vejjura<\/p>\n<p>Kontakt eksperterne<\/p>\n<p>Kenneth Holme Poulsen<br \/>\nVibeke St\u00e6rdahl Nielsen<br \/>\nGert M. Henningsen<br \/>\nJonathan Overgaard Markman<br \/>\nRen\u00e9 Aggersbjerg<br \/>\nS\u00f8ren Henriksen<br \/>\nThomas Normann Asmussen<br \/>\nErik Jeppesen<br \/>\nMartin Korgaard<br \/>\nDaniel Lundeman Lind<\/p>\n","protected":false},"excerpt":{"rendered":"<p>27.11.2024 Cerius har siden 2018 konstateret, at den eksisterende hovedstation ved \u00d8lsemagle var belastet med mere end 125%. Cerius har derfor v\u00e6ret n\u00f8dsaget til at finde en l\u00f8sning, som blev at etablere en ny hovedstation \u201dLille Skensved\u201d, som forsynes via flere 50 kV kabelanl\u00e6g for at sikre, at det nuv\u00e6rende el-net ikke bliver overbelastet, og [&hellip;]<\/p>\n","protected":false},"author":11,"featured_media":0,"parent":0,"menu_order":0,"comment_status":"closed","ping_status":"closed","template":"","meta":{"_acf_changed":false,"footnotes":""},"class_list":["post-16632","page","type-page","status-publish","hentry"],"acf":[],"yoast_head":"<!-- This site is optimized with the Yoast SEO plugin v27.5 - https:\/\/yoast.com\/product\/yoast-seo-wordpress\/ -->\n<title>Vilk\u00e5r om fravigelse af g\u00e6steprincippet for et 50 kV kabel<\/title>\n<meta name=\"robots\" content=\"index, follow, max-snippet:-1, max-image-preview:large, max-video-preview:-1\" \/>\n<link rel=\"canonical\" href=\"https:\/\/www.le34.dk\/da\/vilkaar-om-fravigelse-af-gaesteprincippet-for-et-50kv-kabel\/\" \/>\n<meta property=\"og:locale\" content=\"da_DK\" \/>\n<meta property=\"og:type\" content=\"article\" \/>\n<meta property=\"og:title\" content=\"Vilk\u00e5r om fravigelse af g\u00e6steprincippet for et 50 kV kabel\" \/>\n<meta property=\"og:description\" content=\"27.11.2024 Cerius har siden 2018 konstateret, at den eksisterende hovedstation ved \u00d8lsemagle var belastet med mere end 125%. Cerius har derfor v\u00e6ret n\u00f8dsaget til at finde en l\u00f8sning, som blev at etablere en ny hovedstation \u201dLille Skensved\u201d, som forsynes via flere 50 kV kabelanl\u00e6g for at sikre, at det nuv\u00e6rende el-net ikke bliver overbelastet, og [&hellip;]\" \/>\n<meta property=\"og:url\" content=\"https:\/\/www.le34.dk\/da\/vilkaar-om-fravigelse-af-gaesteprincippet-for-et-50kv-kabel\/\" \/>\n<meta property=\"og:site_name\" content=\"LE34\" \/>\n<meta property=\"article:modified_time\" content=\"2024-11-26T19:29:15+00:00\" \/>\n<meta name=\"twitter:card\" content=\"summary_large_image\" \/>\n<meta name=\"twitter:label1\" content=\"Estimeret l\u00e6setid\" \/>\n\t<meta name=\"twitter:data1\" content=\"12 minutter\" \/>\n<script type=\"application\/ld+json\" class=\"yoast-schema-graph\">{\"@context\":\"https:\\\/\\\/schema.org\",\"@graph\":[{\"@type\":\"WebPage\",\"@id\":\"https:\\\/\\\/www.le34.dk\\\/da\\\/vilkaar-om-fravigelse-af-gaesteprincippet-for-et-50kv-kabel\\\/\",\"url\":\"https:\\\/\\\/www.le34.dk\\\/da\\\/vilkaar-om-fravigelse-af-gaesteprincippet-for-et-50kv-kabel\\\/\",\"name\":\"Vilk\u00e5r om fravigelse af g\u00e6steprincippet for et 50 kV kabel\",\"isPartOf\":{\"@id\":\"https:\\\/\\\/www.le34.dk\\\/da\\\/#website\"},\"datePublished\":\"2024-11-19T16:29:40+00:00\",\"dateModified\":\"2024-11-26T19:29:15+00:00\",\"breadcrumb\":{\"@id\":\"https:\\\/\\\/www.le34.dk\\\/da\\\/vilkaar-om-fravigelse-af-gaesteprincippet-for-et-50kv-kabel\\\/#breadcrumb\"},\"inLanguage\":\"da-DK\",\"potentialAction\":[{\"@type\":\"ReadAction\",\"target\":[\"https:\\\/\\\/www.le34.dk\\\/da\\\/vilkaar-om-fravigelse-af-gaesteprincippet-for-et-50kv-kabel\\\/\"]}]},{\"@type\":\"BreadcrumbList\",\"@id\":\"https:\\\/\\\/www.le34.dk\\\/da\\\/vilkaar-om-fravigelse-af-gaesteprincippet-for-et-50kv-kabel\\\/#breadcrumb\",\"itemListElement\":[{\"@type\":\"ListItem\",\"position\":1,\"name\":\"Home\",\"item\":\"https:\\\/\\\/www.le34.dk\\\/da\\\/\"},{\"@type\":\"ListItem\",\"position\":2,\"name\":\"Vilk\u00e5r om fravigelse af g\u00e6steprincippet for et 50 kV kabel\"}]},{\"@type\":\"WebSite\",\"@id\":\"https:\\\/\\\/www.le34.dk\\\/da\\\/#website\",\"url\":\"https:\\\/\\\/www.le34.dk\\\/da\\\/\",\"name\":\"LE34\",\"description\":\"\",\"potentialAction\":[{\"@type\":\"SearchAction\",\"target\":{\"@type\":\"EntryPoint\",\"urlTemplate\":\"https:\\\/\\\/www.le34.dk\\\/da\\\/?s={search_term_string}\"},\"query-input\":{\"@type\":\"PropertyValueSpecification\",\"valueRequired\":true,\"valueName\":\"search_term_string\"}}],\"inLanguage\":\"da-DK\"}]}<\/script>\n<!-- \/ Yoast SEO plugin. -->","yoast_head_json":{"title":"Vilk\u00e5r om fravigelse af g\u00e6steprincippet for et 50 kV kabel","robots":{"index":"index","follow":"follow","max-snippet":"max-snippet:-1","max-image-preview":"max-image-preview:large","max-video-preview":"max-video-preview:-1"},"canonical":"https:\/\/www.le34.dk\/da\/vilkaar-om-fravigelse-af-gaesteprincippet-for-et-50kv-kabel\/","og_locale":"da_DK","og_type":"article","og_title":"Vilk\u00e5r om fravigelse af g\u00e6steprincippet for et 50 kV kabel","og_description":"27.11.2024 Cerius har siden 2018 konstateret, at den eksisterende hovedstation ved \u00d8lsemagle var belastet med mere end 125%. Cerius har derfor v\u00e6ret n\u00f8dsaget til at finde en l\u00f8sning, som blev at etablere en ny hovedstation \u201dLille Skensved\u201d, som forsynes via flere 50 kV kabelanl\u00e6g for at sikre, at det nuv\u00e6rende el-net ikke bliver overbelastet, og [&hellip;]","og_url":"https:\/\/www.le34.dk\/da\/vilkaar-om-fravigelse-af-gaesteprincippet-for-et-50kv-kabel\/","og_site_name":"LE34","article_modified_time":"2024-11-26T19:29:15+00:00","twitter_card":"summary_large_image","twitter_misc":{"Estimeret l\u00e6setid":"12 minutter"},"schema":{"@context":"https:\/\/schema.org","@graph":[{"@type":"WebPage","@id":"https:\/\/www.le34.dk\/da\/vilkaar-om-fravigelse-af-gaesteprincippet-for-et-50kv-kabel\/","url":"https:\/\/www.le34.dk\/da\/vilkaar-om-fravigelse-af-gaesteprincippet-for-et-50kv-kabel\/","name":"Vilk\u00e5r om fravigelse af g\u00e6steprincippet for et 50 kV kabel","isPartOf":{"@id":"https:\/\/www.le34.dk\/da\/#website"},"datePublished":"2024-11-19T16:29:40+00:00","dateModified":"2024-11-26T19:29:15+00:00","breadcrumb":{"@id":"https:\/\/www.le34.dk\/da\/vilkaar-om-fravigelse-af-gaesteprincippet-for-et-50kv-kabel\/#breadcrumb"},"inLanguage":"da-DK","potentialAction":[{"@type":"ReadAction","target":["https:\/\/www.le34.dk\/da\/vilkaar-om-fravigelse-af-gaesteprincippet-for-et-50kv-kabel\/"]}]},{"@type":"BreadcrumbList","@id":"https:\/\/www.le34.dk\/da\/vilkaar-om-fravigelse-af-gaesteprincippet-for-et-50kv-kabel\/#breadcrumb","itemListElement":[{"@type":"ListItem","position":1,"name":"Home","item":"https:\/\/www.le34.dk\/da\/"},{"@type":"ListItem","position":2,"name":"Vilk\u00e5r om fravigelse af g\u00e6steprincippet for et 50 kV kabel"}]},{"@type":"WebSite","@id":"https:\/\/www.le34.dk\/da\/#website","url":"https:\/\/www.le34.dk\/da\/","name":"LE34","description":"","potentialAction":[{"@type":"SearchAction","target":{"@type":"EntryPoint","urlTemplate":"https:\/\/www.le34.dk\/da\/?s={search_term_string}"},"query-input":{"@type":"PropertyValueSpecification","valueRequired":true,"valueName":"search_term_string"}}],"inLanguage":"da-DK"}]}},"_links":{"self":[{"href":"https:\/\/www.le34.dk\/da\/wp-json\/wp\/v2\/pages\/16632","targetHints":{"allow":["GET"]}}],"collection":[{"href":"https:\/\/www.le34.dk\/da\/wp-json\/wp\/v2\/pages"}],"about":[{"href":"https:\/\/www.le34.dk\/da\/wp-json\/wp\/v2\/types\/page"}],"author":[{"embeddable":true,"href":"https:\/\/www.le34.dk\/da\/wp-json\/wp\/v2\/users\/11"}],"replies":[{"embeddable":true,"href":"https:\/\/www.le34.dk\/da\/wp-json\/wp\/v2\/comments?post=16632"}],"version-history":[{"count":9,"href":"https:\/\/www.le34.dk\/da\/wp-json\/wp\/v2\/pages\/16632\/revisions"}],"predecessor-version":[{"id":16734,"href":"https:\/\/www.le34.dk\/da\/wp-json\/wp\/v2\/pages\/16632\/revisions\/16734"}],"wp:attachment":[{"href":"https:\/\/www.le34.dk\/da\/wp-json\/wp\/v2\/media?parent=16632"}],"curies":[{"name":"wp","href":"https:\/\/api.w.org\/{rel}","templated":true}]}}