{"id":16616,"date":"2024-11-19T14:37:10","date_gmt":"2024-11-19T14:37:10","guid":{"rendered":"https:\/\/www.le34.dk\/?page_id=16616"},"modified":"2024-11-19T20:35:11","modified_gmt":"2024-11-19T20:35:11","slug":"markant-dom-fra-hoejesteret-omkring-aarhus-letbane-og-ekspropriationserstatninger","status":"publish","type":"page","link":"https:\/\/www.le34.dk\/da\/markant-dom-fra-hoejesteret-omkring-aarhus-letbane-og-ekspropriationserstatninger\/","title":{"rendered":"Markant dom fra H\u00f8jesteret omkring Aarhus Letbane og ekspropriationserstatninger"},"content":{"rendered":"<p>27.11.2024<br \/>\nH\u00f8jesteret har truffet en vigtig afg\u00f8relse, der kan p\u00e5virke fremtidige ekspropriationssager i Danmark. Aarhus Letbane-dommen fastsl\u00e5r, at der skal foretages fradrag i erstatningen for fordele, n\u00e5r der kan dokumenteres, at det p\u00e5g\u00e6ldende anl\u00e6gsprojekt medf\u00f8rer en v\u00e6rdistigning for restejendommen. Med Aarhus Letbane-dommen cementerer H\u00f8jesteret reglerne for fradrag i ekspropriationserstatninger. Afg\u00f8relsen har betydning for b\u00e5de ejendomsejere og offentlige anl\u00e6gsmyndigheder, da den fastsl\u00e5r, at v\u00e6rdistigninger p\u00e5 restejendomme skal indg\u00e5 i erstatningsberegningen uden yderligere krav til \u00e5rsagssammenh\u00e6ng.<\/p>\n<p>Baggrund for dommen<br \/>\nI 2013 blev flere ejendomme eksproprieret for at g\u00f8re plads til Aarhus Letbane. Konflikten opstod, da lodsejerne ikke var enige i, at v\u00e6rdistigninger p\u00e5 deres tilbagev\u00e6rende ejendomme skulle f\u00f8re til en nedsat erstatning. Sagen blev f\u00f8rt gennem flere instanser og kulminerede med H\u00f8jesterets afg\u00f8relse i 2024.<\/p>\n<p>H\u00f8jesterets afg\u00f8relse<br \/>\nDommernes vurdering byggede p\u00e5 b\u00e5de juridisk pr\u00e6cedens, og de konkrete beviser fremlagt under sagen. Et v\u00e6sentligt element var syn og sk\u00f8n fra sagkyndige, der p\u00e5viste, hvordan letbanens etablering resulterede i v\u00e6rdistigninger p\u00e5 tv\u00e6rs af ejendommene i omr\u00e5det.<br \/>\nH\u00f8jesteret fastslog, at der skal ske fradrag for enhver v\u00e6rdistigning af restejendommene, som skyldes letbanen. Dommen understregede, at det ikke er en betingelse, at letbanen har v\u00e6ret en foruds\u00e6tning for byudvikling eller \u00e6ndrede anvendelsesmuligheder.<br \/>\nH\u00f8jesteret stadf\u00e6stede parternes p\u00e5stand om, at erstatningen i denne sag som minimum skulle fasts\u00e6ttes til v\u00e6rdien af almindelig landbrugsjord, som udgjorde 20 kr.\/m\u00b2. Dommen tager derved ikke stilling til, om erstatningen reelt set skulle have v\u00e6ret 0 kr.\/m2, da det ikke var Aarhus Letbanes p\u00e5stand.<br \/>\nDerved sl\u00e5s det fast, at en konstaterbar v\u00e6rdistigning skal indg\u00e5 i erstatningsfastl\u00e6ggelsen.<br \/>\nDommen giver klarhed over ekspropriationsrettens praksis p\u00e5 omr\u00e5det, hvilket styrker myndighedernes muligheder for at gennemf\u00f8re store anl\u00e6gsprojekter uden at skulle betale erstatning for de v\u00e6rdistigninger, som deres egne projekter p\u00e5f\u00f8rer naboejendommene. Dommen g\u00f8r det ogs\u00e5 klart for os alle, at der skal fradrages for fordele, hvis der er grundlag for det.<br \/>\nEn vigtig pr\u00e6mis i dommen er ogs\u00e5, at det givne anl\u00e6gsprojekt ikke beh\u00f8ver at v\u00e6re en foruds\u00e6tning for den mulige byudvikling p\u00e5 den afgivne ejendom. Det har ellers v\u00e6ret retspraksis hidtil gennem den s\u00e5kaldte Blangstedgaard-dom fra 1969.<\/p>\n<p>Konsekvenser for fremtidige ekspropriationer &#8211; Uddybet analyse<br \/>\nFor lodsejere, der fremover bliver ber\u00f8rt af store anl\u00e6gsprojekter, betyder dommen, at det bliver sv\u00e6rere at fastholde krav om erstatning uden fradrag for de fordele, som et givent anl\u00e6gsprojekt p\u00e5f\u00f8rer deres restejendom.<br \/>\nOmvendt kan kommuner og statslige organer anvende dommen som et st\u00e6rkt v\u00e6rkt\u00f8j til reducere erstatningsudbetalingerne og dermed frig\u00f8re midler til andre projekter.<\/p>\n<p>Betydningen for byudvikling<br \/>\nEn af de centrale pointer i H\u00f8jesterets afg\u00f8relse er, at moderne byudvikling ofte er afh\u00e6ngig af avanceret kollektiv trafik. Letbanen i Aarhus er et eksempel p\u00e5, hvordan investeringer i offentlig transport kan accelerere udviklingen af nye byomr\u00e5der.<br \/>\nDerfor virker det ogs\u00e5 som et sagligt argument, at anl\u00e6gsmyndigheden naturligvis ikke skal betale ekstra erstatning for den v\u00e6rdistigning, deres eget projekt skaber p\u00e5 naboejendommene.<br \/>\nDommen har givet anledning til en bred debat om, hvordan udfaldet f\u00e5r indflydelse p\u00e5 andre infrastrukturprojekter, hvor der har v\u00e6ret lignende tvister omkring afkortning af ekspropriationserstatninger som f\u00f8lge af v\u00e6rdistigninger p\u00e5 naboejendommene. Der b\u00f8r nu v\u00e6re sikkerhed for, at der kan fradrages for fordele, hvis de kan dokumenteres.<br \/>\nVi opfordrer til, at anl\u00e6gsmyndighederne ser n\u00f8je p\u00e5, om for eksempel cykelstiprojekter i h\u00f8jere grad skal medf\u00f8re fradrag for fordele.<br \/>\nMed denne dom, findes der et solidt grundlag for i fremtiden at argumentere for fradrag for fordele. Til slut vil vi g\u00f8re opm\u00e6rksom p\u00e5, at d\u00e9t g\u00e6lder for projekter, hvor der findes en eksplicit lovhjemmel til at fradrage for fordele. Hvis der ikke findes en lovhjemmel til at fradrage for fordele, s\u00e5 fastsl\u00e5r den sparsomme retspraksis, at der skal udvises forsigtighed med dette. (Ekspropriation i praksis, 2. udgave, s. 316 \u2013 317)<br \/>\nHvis du har sp\u00f8rgsm\u00e5l til artiklen kan du kontakte Martin Korgaard.<\/p>\n<p>H\u00f8jesteretsdommen findes her<br \/>\nSe alle nyheder fra Vejjura<\/p>\n<p>Kontakt eksperterne<\/p>\n<p>Kenneth Holme Poulsen<br \/>\nVibeke St\u00e6rdahl Nielsen<br \/>\nGert M. Henningsen<br \/>\nJonathan Overgaard Markman<br \/>\nRen\u00e9 Aggersbjerg<br \/>\nS\u00f8ren Henriksen<br \/>\nThomas Normann Asmussen<br \/>\nErik Jeppesen<br \/>\nMartin Korgaard<br \/>\nDaniel Lundeman Lind<\/p>\n","protected":false},"excerpt":{"rendered":"<p>27.11.2024 H\u00f8jesteret har truffet en vigtig afg\u00f8relse, der kan p\u00e5virke fremtidige ekspropriationssager i Danmark. Aarhus Letbane-dommen fastsl\u00e5r, at der skal foretages fradrag i erstatningen for fordele, n\u00e5r der kan dokumenteres, at det p\u00e5g\u00e6ldende anl\u00e6gsprojekt medf\u00f8rer en v\u00e6rdistigning for restejendommen. Med Aarhus Letbane-dommen cementerer H\u00f8jesteret reglerne for fradrag i ekspropriationserstatninger. Afg\u00f8relsen har betydning for b\u00e5de ejendomsejere [&hellip;]<\/p>\n","protected":false},"author":11,"featured_media":0,"parent":0,"menu_order":0,"comment_status":"closed","ping_status":"closed","template":"","meta":{"_acf_changed":false,"footnotes":""},"class_list":["post-16616","page","type-page","status-publish","hentry"],"acf":[],"yoast_head":"<!-- This site is optimized with the Yoast SEO plugin v27.5 - https:\/\/yoast.com\/product\/yoast-seo-wordpress\/ -->\n<title>Markant dom fra H\u00f8jesteret omkring Aarhus Letbane og ekspropriationserstatninger<\/title>\n<meta name=\"robots\" content=\"index, follow, max-snippet:-1, max-image-preview:large, max-video-preview:-1\" \/>\n<link rel=\"canonical\" href=\"https:\/\/www.le34.dk\/da\/markant-dom-fra-hoejesteret-omkring-aarhus-letbane-og-ekspropriationserstatninger\/\" \/>\n<meta property=\"og:locale\" content=\"da_DK\" \/>\n<meta property=\"og:type\" content=\"article\" \/>\n<meta property=\"og:title\" content=\"Markant dom fra H\u00f8jesteret omkring Aarhus Letbane og ekspropriationserstatninger\" \/>\n<meta property=\"og:description\" content=\"27.11.2024 H\u00f8jesteret har truffet en vigtig afg\u00f8relse, der kan p\u00e5virke fremtidige ekspropriationssager i Danmark. Aarhus Letbane-dommen fastsl\u00e5r, at der skal foretages fradrag i erstatningen for fordele, n\u00e5r der kan dokumenteres, at det p\u00e5g\u00e6ldende anl\u00e6gsprojekt medf\u00f8rer en v\u00e6rdistigning for restejendommen. Med Aarhus Letbane-dommen cementerer H\u00f8jesteret reglerne for fradrag i ekspropriationserstatninger. Afg\u00f8relsen har betydning for b\u00e5de ejendomsejere [&hellip;]\" \/>\n<meta property=\"og:url\" content=\"https:\/\/www.le34.dk\/da\/markant-dom-fra-hoejesteret-omkring-aarhus-letbane-og-ekspropriationserstatninger\/\" \/>\n<meta property=\"og:site_name\" content=\"LE34\" \/>\n<meta property=\"article:modified_time\" content=\"2024-11-19T20:35:11+00:00\" \/>\n<meta name=\"twitter:card\" content=\"summary_large_image\" \/>\n<meta name=\"twitter:label1\" content=\"Estimeret l\u00e6setid\" \/>\n\t<meta name=\"twitter:data1\" content=\"8 minutter\" \/>\n<script type=\"application\/ld+json\" class=\"yoast-schema-graph\">{\"@context\":\"https:\\\/\\\/schema.org\",\"@graph\":[{\"@type\":\"WebPage\",\"@id\":\"https:\\\/\\\/www.le34.dk\\\/da\\\/markant-dom-fra-hoejesteret-omkring-aarhus-letbane-og-ekspropriationserstatninger\\\/\",\"url\":\"https:\\\/\\\/www.le34.dk\\\/da\\\/markant-dom-fra-hoejesteret-omkring-aarhus-letbane-og-ekspropriationserstatninger\\\/\",\"name\":\"Markant dom fra H\u00f8jesteret omkring Aarhus Letbane og ekspropriationserstatninger\",\"isPartOf\":{\"@id\":\"https:\\\/\\\/www.le34.dk\\\/da\\\/#website\"},\"datePublished\":\"2024-11-19T14:37:10+00:00\",\"dateModified\":\"2024-11-19T20:35:11+00:00\",\"breadcrumb\":{\"@id\":\"https:\\\/\\\/www.le34.dk\\\/da\\\/markant-dom-fra-hoejesteret-omkring-aarhus-letbane-og-ekspropriationserstatninger\\\/#breadcrumb\"},\"inLanguage\":\"da-DK\",\"potentialAction\":[{\"@type\":\"ReadAction\",\"target\":[\"https:\\\/\\\/www.le34.dk\\\/da\\\/markant-dom-fra-hoejesteret-omkring-aarhus-letbane-og-ekspropriationserstatninger\\\/\"]}]},{\"@type\":\"BreadcrumbList\",\"@id\":\"https:\\\/\\\/www.le34.dk\\\/da\\\/markant-dom-fra-hoejesteret-omkring-aarhus-letbane-og-ekspropriationserstatninger\\\/#breadcrumb\",\"itemListElement\":[{\"@type\":\"ListItem\",\"position\":1,\"name\":\"Home\",\"item\":\"https:\\\/\\\/www.le34.dk\\\/da\\\/\"},{\"@type\":\"ListItem\",\"position\":2,\"name\":\"Markant dom fra H\u00f8jesteret omkring Aarhus Letbane og ekspropriationserstatninger\"}]},{\"@type\":\"WebSite\",\"@id\":\"https:\\\/\\\/www.le34.dk\\\/da\\\/#website\",\"url\":\"https:\\\/\\\/www.le34.dk\\\/da\\\/\",\"name\":\"LE34\",\"description\":\"\",\"potentialAction\":[{\"@type\":\"SearchAction\",\"target\":{\"@type\":\"EntryPoint\",\"urlTemplate\":\"https:\\\/\\\/www.le34.dk\\\/da\\\/?s={search_term_string}\"},\"query-input\":{\"@type\":\"PropertyValueSpecification\",\"valueRequired\":true,\"valueName\":\"search_term_string\"}}],\"inLanguage\":\"da-DK\"}]}<\/script>\n<!-- \/ Yoast SEO plugin. -->","yoast_head_json":{"title":"Markant dom fra H\u00f8jesteret omkring Aarhus Letbane og ekspropriationserstatninger","robots":{"index":"index","follow":"follow","max-snippet":"max-snippet:-1","max-image-preview":"max-image-preview:large","max-video-preview":"max-video-preview:-1"},"canonical":"https:\/\/www.le34.dk\/da\/markant-dom-fra-hoejesteret-omkring-aarhus-letbane-og-ekspropriationserstatninger\/","og_locale":"da_DK","og_type":"article","og_title":"Markant dom fra H\u00f8jesteret omkring Aarhus Letbane og ekspropriationserstatninger","og_description":"27.11.2024 H\u00f8jesteret har truffet en vigtig afg\u00f8relse, der kan p\u00e5virke fremtidige ekspropriationssager i Danmark. Aarhus Letbane-dommen fastsl\u00e5r, at der skal foretages fradrag i erstatningen for fordele, n\u00e5r der kan dokumenteres, at det p\u00e5g\u00e6ldende anl\u00e6gsprojekt medf\u00f8rer en v\u00e6rdistigning for restejendommen. Med Aarhus Letbane-dommen cementerer H\u00f8jesteret reglerne for fradrag i ekspropriationserstatninger. Afg\u00f8relsen har betydning for b\u00e5de ejendomsejere [&hellip;]","og_url":"https:\/\/www.le34.dk\/da\/markant-dom-fra-hoejesteret-omkring-aarhus-letbane-og-ekspropriationserstatninger\/","og_site_name":"LE34","article_modified_time":"2024-11-19T20:35:11+00:00","twitter_card":"summary_large_image","twitter_misc":{"Estimeret l\u00e6setid":"8 minutter"},"schema":{"@context":"https:\/\/schema.org","@graph":[{"@type":"WebPage","@id":"https:\/\/www.le34.dk\/da\/markant-dom-fra-hoejesteret-omkring-aarhus-letbane-og-ekspropriationserstatninger\/","url":"https:\/\/www.le34.dk\/da\/markant-dom-fra-hoejesteret-omkring-aarhus-letbane-og-ekspropriationserstatninger\/","name":"Markant dom fra H\u00f8jesteret omkring Aarhus Letbane og ekspropriationserstatninger","isPartOf":{"@id":"https:\/\/www.le34.dk\/da\/#website"},"datePublished":"2024-11-19T14:37:10+00:00","dateModified":"2024-11-19T20:35:11+00:00","breadcrumb":{"@id":"https:\/\/www.le34.dk\/da\/markant-dom-fra-hoejesteret-omkring-aarhus-letbane-og-ekspropriationserstatninger\/#breadcrumb"},"inLanguage":"da-DK","potentialAction":[{"@type":"ReadAction","target":["https:\/\/www.le34.dk\/da\/markant-dom-fra-hoejesteret-omkring-aarhus-letbane-og-ekspropriationserstatninger\/"]}]},{"@type":"BreadcrumbList","@id":"https:\/\/www.le34.dk\/da\/markant-dom-fra-hoejesteret-omkring-aarhus-letbane-og-ekspropriationserstatninger\/#breadcrumb","itemListElement":[{"@type":"ListItem","position":1,"name":"Home","item":"https:\/\/www.le34.dk\/da\/"},{"@type":"ListItem","position":2,"name":"Markant dom fra H\u00f8jesteret omkring Aarhus Letbane og ekspropriationserstatninger"}]},{"@type":"WebSite","@id":"https:\/\/www.le34.dk\/da\/#website","url":"https:\/\/www.le34.dk\/da\/","name":"LE34","description":"","potentialAction":[{"@type":"SearchAction","target":{"@type":"EntryPoint","urlTemplate":"https:\/\/www.le34.dk\/da\/?s={search_term_string}"},"query-input":{"@type":"PropertyValueSpecification","valueRequired":true,"valueName":"search_term_string"}}],"inLanguage":"da-DK"}]}},"_links":{"self":[{"href":"https:\/\/www.le34.dk\/da\/wp-json\/wp\/v2\/pages\/16616","targetHints":{"allow":["GET"]}}],"collection":[{"href":"https:\/\/www.le34.dk\/da\/wp-json\/wp\/v2\/pages"}],"about":[{"href":"https:\/\/www.le34.dk\/da\/wp-json\/wp\/v2\/types\/page"}],"author":[{"embeddable":true,"href":"https:\/\/www.le34.dk\/da\/wp-json\/wp\/v2\/users\/11"}],"replies":[{"embeddable":true,"href":"https:\/\/www.le34.dk\/da\/wp-json\/wp\/v2\/comments?post=16616"}],"version-history":[{"count":13,"href":"https:\/\/www.le34.dk\/da\/wp-json\/wp\/v2\/pages\/16616\/revisions"}],"predecessor-version":[{"id":16659,"href":"https:\/\/www.le34.dk\/da\/wp-json\/wp\/v2\/pages\/16616\/revisions\/16659"}],"wp:attachment":[{"href":"https:\/\/www.le34.dk\/da\/wp-json\/wp\/v2\/media?parent=16616"}],"curies":[{"name":"wp","href":"https:\/\/api.w.org\/{rel}","templated":true}]}}