{"id":1658,"date":"2019-11-27T10:03:59","date_gmt":"2019-11-27T10:03:59","guid":{"rendered":"https:\/\/www.le34.dk\/nyhedsbrev-om-vejjura\/"},"modified":"2025-04-29T08:49:23","modified_gmt":"2025-04-29T08:49:23","slug":"nyhedsbrev-om-vejjura","status":"publish","type":"page","link":"https:\/\/www.le34.dk\/da\/nyhedsbrev-om-vejjura\/","title":{"rendered":"Nyhedsbrev om vejjura"},"content":{"rendered":"<p>F\u00e5 mere at vide<br \/>\nHold dig opdateret<br \/>\nFor nogle er en vej blot et stykke asfalt. For dig, der arbejder med projektering og vedligeholdelse af veje, er det et komplekst fagomr\u00e5de med en lang r\u00e6kke hensyn og regler, der skal g\u00e5 op i en h\u00f8jere enhed.<br \/>\nNyhedsbrevet skrives af LE34\u2019s jurister og landinspekt\u00f8rer, der er eksperter i vejjura og alle relaterede forhold som areal- og rettighedserhvervelse, adgangsveje, vejudskillelse, vejudl\u00e6g, ned- og opklassificering af veje, r\u00e5den over vejareal, LAR-anl\u00e6g p\u00e5 vejareal og g\u00e6steprincippet.<br \/>\nI nyhedsbrevet deler vi vores gode r\u00e5d til tidens udfordringer og fort\u00e6ller, hvad du skal v\u00e6re s\u00e6rlig opm\u00e6rksom p\u00e5 i forbindelse med de l\u00f8bende \u00e6ndringer af love og afg\u00f8relser p\u00e5 klagesager indenfor vejomr\u00e5det.<br \/>\nNyhedsbrevet udkommer 3-4 gange om \u00e5ret. Du kan til enhver tid framelde dig igen.<\/p>\n<p>Tilmeld dig her<\/p>\n<p>Gert Henningsen, forretningschef Milj\u00f8, Plan &#038; Jura, LE34<br \/>\n\u201cVi vil gerne dele vores viden med dig, fordi vi tror p\u00e5, at jo mere man ved, jo bedre l\u00f8sninger kan man skabe. Og gode l\u00f8sninger er der ogs\u00e5 brug for, n\u00e5r det g\u00e6lder vejomr\u00e5det.\u201d<\/p>\n<p>M\u00f8d eksperterne<\/p>\n<p>Gert M. Henningsen<br \/>\nJonathan Overgaard Markman<br \/>\nKenneth Holme Poulsen<br \/>\nRen\u00e9 Aggersbjerg<br \/>\nS\u00f8ren Henriksen<br \/>\nThomas Normann Asmussen<br \/>\nVibeke St\u00e6rdahl Nielsen<br \/>\nErik Jeppesen<br \/>\nMartin Korgaard<br \/>\nDaniel Lundeman Lind<\/p>\n","protected":false},"excerpt":{"rendered":"<p>F\u00e5 mere at vide Hold dig opdateret For nogle er en vej blot et stykke asfalt. For dig, der arbejder med projektering og vedligeholdelse af veje, er det et komplekst fagomr\u00e5de med en lang r\u00e6kke hensyn og regler, der skal g\u00e5 op i en h\u00f8jere enhed. Nyhedsbrevet skrives af LE34\u2019s jurister og landinspekt\u00f8rer, der er [&hellip;]<\/p>\n","protected":false},"author":28,"featured_media":0,"parent":0,"menu_order":0,"comment_status":"closed","ping_status":"closed","template":"","meta":{"_acf_changed":false,"footnotes":""},"class_list":["post-1658","page","type-page","status-publish","hentry"],"acf":[],"yoast_head":"<!-- This site is optimized with the Yoast SEO plugin v27.5 - https:\/\/yoast.com\/product\/yoast-seo-wordpress\/ -->\n<title>Nyhedsbrev om vejjura fra LE34 - Tilmeld dig nu<\/title>\n<meta name=\"description\" content=\"LE34&#039;s nyhedsbrev Vejjura med opdateringer om lov\u00e6ndringer, klageafg\u00f8relser og skarpe pointer fra landets f\u00f8rende eksperter indenfor omr\u00e5det.\" \/>\n<meta name=\"robots\" content=\"index, follow, max-snippet:-1, max-image-preview:large, max-video-preview:-1\" \/>\n<link rel=\"canonical\" href=\"https:\/\/www.le34.dk\/da\/nyhedsbrev-om-vejjura\/\" \/>\n<meta property=\"og:locale\" content=\"da_DK\" \/>\n<meta property=\"og:type\" content=\"article\" \/>\n<meta property=\"og:title\" content=\"Nyhedsbrev om vejjura fra LE34 - Tilmeld dig nu\" \/>\n<meta property=\"og:description\" content=\"LE34&#039;s nyhedsbrev Vejjura med opdateringer om lov\u00e6ndringer, klageafg\u00f8relser og skarpe pointer fra landets f\u00f8rende eksperter indenfor omr\u00e5det.\" \/>\n<meta property=\"og:url\" content=\"https:\/\/www.le34.dk\/da\/nyhedsbrev-om-vejjura\/\" \/>\n<meta property=\"og:site_name\" content=\"LE34\" \/>\n<meta property=\"article:modified_time\" content=\"2025-04-29T08:49:23+00:00\" \/>\n<meta name=\"twitter:card\" content=\"summary_large_image\" \/>\n<meta name=\"twitter:label1\" content=\"Estimeret l\u00e6setid\" \/>\n\t<meta name=\"twitter:data1\" content=\"3 minutter\" \/>\n<script type=\"application\/ld+json\" class=\"yoast-schema-graph\">{\"@context\":\"https:\\\/\\\/schema.org\",\"@graph\":[{\"@type\":\"WebPage\",\"@id\":\"https:\\\/\\\/www.le34.dk\\\/da\\\/nyhedsbrev-om-vejjura\\\/\",\"url\":\"https:\\\/\\\/www.le34.dk\\\/da\\\/nyhedsbrev-om-vejjura\\\/\",\"name\":\"Nyhedsbrev om vejjura fra LE34 - Tilmeld dig nu\",\"isPartOf\":{\"@id\":\"https:\\\/\\\/www.le34.dk\\\/da\\\/#website\"},\"datePublished\":\"2019-11-27T10:03:59+00:00\",\"dateModified\":\"2025-04-29T08:49:23+00:00\",\"description\":\"LE34's nyhedsbrev Vejjura med opdateringer om lov\u00e6ndringer, klageafg\u00f8relser og skarpe pointer fra landets f\u00f8rende eksperter indenfor omr\u00e5det.\",\"breadcrumb\":{\"@id\":\"https:\\\/\\\/www.le34.dk\\\/da\\\/nyhedsbrev-om-vejjura\\\/#breadcrumb\"},\"inLanguage\":\"da-DK\",\"potentialAction\":[{\"@type\":\"ReadAction\",\"target\":[\"https:\\\/\\\/www.le34.dk\\\/da\\\/nyhedsbrev-om-vejjura\\\/\"]}]},{\"@type\":\"BreadcrumbList\",\"@id\":\"https:\\\/\\\/www.le34.dk\\\/da\\\/nyhedsbrev-om-vejjura\\\/#breadcrumb\",\"itemListElement\":[{\"@type\":\"ListItem\",\"position\":1,\"name\":\"Home\",\"item\":\"https:\\\/\\\/www.le34.dk\\\/da\\\/\"},{\"@type\":\"ListItem\",\"position\":2,\"name\":\"Nyhedsbrev om vejjura\"}]},{\"@type\":\"WebSite\",\"@id\":\"https:\\\/\\\/www.le34.dk\\\/da\\\/#website\",\"url\":\"https:\\\/\\\/www.le34.dk\\\/da\\\/\",\"name\":\"LE34\",\"description\":\"\",\"potentialAction\":[{\"@type\":\"SearchAction\",\"target\":{\"@type\":\"EntryPoint\",\"urlTemplate\":\"https:\\\/\\\/www.le34.dk\\\/da\\\/?s={search_term_string}\"},\"query-input\":{\"@type\":\"PropertyValueSpecification\",\"valueRequired\":true,\"valueName\":\"search_term_string\"}}],\"inLanguage\":\"da-DK\"}]}<\/script>\n<!-- \/ Yoast SEO plugin. -->","yoast_head_json":{"title":"Nyhedsbrev om vejjura fra LE34 - Tilmeld dig nu","description":"LE34's nyhedsbrev Vejjura med opdateringer om lov\u00e6ndringer, klageafg\u00f8relser og skarpe pointer fra landets f\u00f8rende eksperter indenfor omr\u00e5det.","robots":{"index":"index","follow":"follow","max-snippet":"max-snippet:-1","max-image-preview":"max-image-preview:large","max-video-preview":"max-video-preview:-1"},"canonical":"https:\/\/www.le34.dk\/da\/nyhedsbrev-om-vejjura\/","og_locale":"da_DK","og_type":"article","og_title":"Nyhedsbrev om vejjura fra LE34 - Tilmeld dig nu","og_description":"LE34's nyhedsbrev Vejjura med opdateringer om lov\u00e6ndringer, klageafg\u00f8relser og skarpe pointer fra landets f\u00f8rende eksperter indenfor omr\u00e5det.","og_url":"https:\/\/www.le34.dk\/da\/nyhedsbrev-om-vejjura\/","og_site_name":"LE34","article_modified_time":"2025-04-29T08:49:23+00:00","twitter_card":"summary_large_image","twitter_misc":{"Estimeret l\u00e6setid":"3 minutter"},"schema":{"@context":"https:\/\/schema.org","@graph":[{"@type":"WebPage","@id":"https:\/\/www.le34.dk\/da\/nyhedsbrev-om-vejjura\/","url":"https:\/\/www.le34.dk\/da\/nyhedsbrev-om-vejjura\/","name":"Nyhedsbrev om vejjura fra LE34 - Tilmeld dig nu","isPartOf":{"@id":"https:\/\/www.le34.dk\/da\/#website"},"datePublished":"2019-11-27T10:03:59+00:00","dateModified":"2025-04-29T08:49:23+00:00","description":"LE34's nyhedsbrev Vejjura med opdateringer om lov\u00e6ndringer, klageafg\u00f8relser og skarpe pointer fra landets f\u00f8rende eksperter indenfor omr\u00e5det.","breadcrumb":{"@id":"https:\/\/www.le34.dk\/da\/nyhedsbrev-om-vejjura\/#breadcrumb"},"inLanguage":"da-DK","potentialAction":[{"@type":"ReadAction","target":["https:\/\/www.le34.dk\/da\/nyhedsbrev-om-vejjura\/"]}]},{"@type":"BreadcrumbList","@id":"https:\/\/www.le34.dk\/da\/nyhedsbrev-om-vejjura\/#breadcrumb","itemListElement":[{"@type":"ListItem","position":1,"name":"Home","item":"https:\/\/www.le34.dk\/da\/"},{"@type":"ListItem","position":2,"name":"Nyhedsbrev om vejjura"}]},{"@type":"WebSite","@id":"https:\/\/www.le34.dk\/da\/#website","url":"https:\/\/www.le34.dk\/da\/","name":"LE34","description":"","potentialAction":[{"@type":"SearchAction","target":{"@type":"EntryPoint","urlTemplate":"https:\/\/www.le34.dk\/da\/?s={search_term_string}"},"query-input":{"@type":"PropertyValueSpecification","valueRequired":true,"valueName":"search_term_string"}}],"inLanguage":"da-DK"}]}},"_links":{"self":[{"href":"https:\/\/www.le34.dk\/da\/wp-json\/wp\/v2\/pages\/1658","targetHints":{"allow":["GET"]}}],"collection":[{"href":"https:\/\/www.le34.dk\/da\/wp-json\/wp\/v2\/pages"}],"about":[{"href":"https:\/\/www.le34.dk\/da\/wp-json\/wp\/v2\/types\/page"}],"author":[{"embeddable":true,"href":"https:\/\/www.le34.dk\/da\/wp-json\/wp\/v2\/users\/28"}],"replies":[{"embeddable":true,"href":"https:\/\/www.le34.dk\/da\/wp-json\/wp\/v2\/comments?post=1658"}],"version-history":[{"count":4,"href":"https:\/\/www.le34.dk\/da\/wp-json\/wp\/v2\/pages\/1658\/revisions"}],"predecessor-version":[{"id":18324,"href":"https:\/\/www.le34.dk\/da\/wp-json\/wp\/v2\/pages\/1658\/revisions\/18324"}],"wp:attachment":[{"href":"https:\/\/www.le34.dk\/da\/wp-json\/wp\/v2\/media?parent=1658"}],"curies":[{"name":"wp","href":"https:\/\/api.w.org\/{rel}","templated":true}]}}