{"id":1655,"date":"2018-08-29T13:49:45","date_gmt":"2018-08-29T13:49:45","guid":{"rendered":"https:\/\/www.le34.dk\/nye-digitale-vaerktojer-fra-le34-bringer-sjaellandske-forsyningsselskaber-forertrojen\/"},"modified":"2026-05-07T12:44:53","modified_gmt":"2026-05-07T12:44:53","slug":"nye-digitale-vaerktojer-fra-le34-bringer-sjaellandske-forsyningsselskaber-forertrojen","status":"publish","type":"page","link":"https:\/\/www.le34.dk\/da\/nye-digitale-vaerktojer-fra-le34-bringer-sjaellandske-forsyningsselskaber-forertrojen\/","title":{"rendered":"Nye digitale v\u00e6rkt\u00f8jer fra LE34 bringer sj\u00e6llandske forsyningsselskaber i f\u00f8rertr\u00f8jen"},"content":{"rendered":"<p>LE34 indg\u00e5r aftale med fire sj\u00e6llandske forsyningsselskaber<br \/>\nLE34 er g\u00e5et i gang med at implementere fremtidssikrede digitale v\u00e6rkt\u00f8jer til fire store sj\u00e6llandske forsyningsselskaber \u2013 Odsherred Forsyning, Kalundborg Forsyning, Faxe Forsyning og Ringsted Forsyning.<br \/>\nKlimaforandringerne er en realitet, og forsyningsbranchen st\u00e5r overfor store udfordringer som skybrud, oversv\u00f8mmelse og fund af pesticidrester i en r\u00e6kke drikkevandsboringer. Landets forsyninger har l\u00e6nge skullet varetage deres vigtige samfundsopgaver i et kludet\u00e6ppe af engelsksprogede it-systemer, der er knopskudt fra andre brancher. Tunge systemer, som kun f\u00e5 superbrugere kan h\u00e5ndtere.<br \/>\nMen med den nye aftale mellem de fire forsyningsselskaber og landinspekt\u00f8rfirmaet LE34 kommer forsyningernes hverdag snart til at se anderledes ud.<\/p>\n<p>Timm Bochdam, projektchef i Faxe Forsyning og tovholder for den f\u00e6lles udbudsproces i KCS<br \/>\n\u201dDa vi sendte opgaven med vores digitale systemer i udbud, var m\u00e5let at finde en fremtidssikret l\u00f8sning, som vil kunne bruges af alle i forsyningen i stedet for kun af f\u00e5 specialister. Vi \u00f8nskede ogs\u00e5 et system, der er brugervenligt, og som kan g\u00f8re en lang r\u00e6kke af vores daglige arbejdsopgaver mere smarte og mobile. Med valget af l\u00f8sningerne fra LE34 er m\u00e5let n\u00e5et.\u201d<br \/>\n\u00a0<\/p>\n<p>Skr\u00e6ddersyet til forsyninger \u2013 og p\u00e5 dansk<br \/>\nMed aftalen skifter forsyningerne deres s\u00e5kaldte ledningsregistreringssystem til VA-banken\u00a9 fra LE34 og to forsyninger deres s\u00e5kaldte GIS-system ud med GeoNote\u2122 fra LE34.<br \/>\nDe samme v\u00e6rkt\u00f8jer, som Vejen Forsyning for nylig er skiftet til. Begge systemer er skr\u00e6ddersyet forsyningernes behov og samler alle de informationer, som forsyningen har brug for i \u00e9t samlet overblik \u2013 og er p\u00e5 dansk.<\/p>\n<p>Torbj\u00f8rn Mandahl Pedersen, Chief Innovation Officer i LE34<br \/>\n\u201dDet kan m\u00e5ske lyde banalt, n\u00e5r vi fremh\u00e6ver, at de digitale v\u00e6rkt\u00f8jer er p\u00e5 dansk, at de er intuitive at bruge, og at de er skr\u00e6ddersyet til forsyningernes behov. Men det er tre helt unikke kendetegn, som ingen af de \u00f8vrige tilg\u00e6ngelige ledningsregistreringssystemer har. \u201d<\/p>\n<p>Nemt at h\u00e5ndtere akutte skader<br \/>\nUdv\u00e6lgelseskriteriet i udbuddet var det bedste forhold mellem pris og kvalitet, hvor LE34 scorede bedste karakter.\u00a0<br \/>\nI forhold til prisen betyder det, at forsyningsselskaberne nu har r\u00e5d til, at alle medarbejdere kan blive brugere af de nye systemer. Det har stor betydning \u2013 ikke kun for forsyningerne selv, men ogs\u00e5 for deres kunder; de almindelige borgere, der regner med rent vand i hanen og med at spildevandet ledes effektivt v\u00e6k.<br \/>\nMed de nye digitale v\u00e6rkt\u00f8jer kan medarbejderne i kundecentret i fremtiden levere en meget mere pr\u00e6cis information \u2013 fordi de ganske enkelt selv har adgang til at sl\u00e5 op og f\u00e5 overblik over situationen i stedet for at skulle have fat p\u00e5 en kollega fra en anden afdeling. I forbindelse med for eksempel et brud p\u00e5 en vandledning vil kundecentret i fremtiden kunne sl\u00e5 op og se, hvorvidt bruddet allerede er registreret, og hvorn\u00e5r reparat\u00f8ren er p\u00e5 stedet.<\/p>\n<p>Frig\u00f8r tid til kerneopgaven<br \/>\nDe nye digitale v\u00e6rkt\u00f8jer g\u00f8r det ogs\u00e5 nemt at omdirigere medarbejderne i marken til en beredskabssituation og nemt for den enkelte medarbejder at f\u00e5 overblik over, hvad der skal g\u00f8res for at begr\u00e6nse skaden.<br \/>\nAlt i alt g\u00f8r de nye digitale v\u00e6rkt\u00f8jer forsyningernes daglige administrative og systemm\u00e6ssige driftsopgaver nemmere at l\u00f8se \u2013 og dermed frig\u00f8res tid. Tid, som forsyningerne kan bruge p\u00e5 forsyningernes kerneopgaver, og p\u00e5 at levere en ekstra god service til deres kunder.<\/p>\n<p>L\u00e6s mere om GeoNote<br \/>\nL\u00e6s mere om VA-banken<\/p>\n<p>Timm Bochdam, projektchef i Faxe Forsyning og tovholder for den f\u00e6lles udbudsproces i KCS<br \/>\n\u201cUnder et voldsomt skybrud \u2013 hvor folk er pressede i marken- har det tidligere v\u00e6ret sv\u00e6rt at f\u00e5 de rigtige informationer frem hurtigt. Men VA-banken og GeoNote kommer til at give vores medarbejdere et bedre overblik over data, s\u00e5 ogs\u00e5 i s\u00e5danne situationer, vil det komme vores kunder til gavn.\u00a0Kort sagt, er de nye digitale v\u00e6rkt\u00f8jer medvirkende til, at vi i endnu h\u00f8jere grad end tidligere kan fokusere p\u00e5 vores samfundsm\u00e6ssige og milj\u00f8m\u00e6ssige ansvar som forsyningsselskab.\u201d<\/p>\n<p>F\u00e5 mere at vide<br \/>\nKontakt os<br \/>\nNysgerrig efter, hvordan hverdagen i dit forsyningsselskab bliver nemmere med VA-banken?<br \/>\nTorbj\u00f8rn Mandahl Pedersen<br \/>\nLandinspekt\u00f8r og partner<br \/>\n+45 2688 3808<br \/>\ntmp@le34.dk<\/p>\n<p>Send mail til Torbj\u00f8rn Mandahl Pedersen<\/p>\n","protected":false},"excerpt":{"rendered":"<p>LE34 indg\u00e5r aftale med fire sj\u00e6llandske forsyningsselskaber LE34 er g\u00e5et i gang med at implementere fremtidssikrede digitale v\u00e6rkt\u00f8jer til fire store sj\u00e6llandske forsyningsselskaber \u2013 Odsherred Forsyning, Kalundborg Forsyning, Faxe Forsyning og Ringsted Forsyning. Klimaforandringerne er en realitet, og forsyningsbranchen st\u00e5r overfor store udfordringer som skybrud, oversv\u00f8mmelse og fund af pesticidrester i en r\u00e6kke drikkevandsboringer. Landets [&hellip;]<\/p>\n","protected":false},"author":36,"featured_media":0,"parent":0,"menu_order":0,"comment_status":"closed","ping_status":"closed","template":"","meta":{"_acf_changed":false,"footnotes":""},"class_list":["post-1655","page","type-page","status-publish","hentry"],"acf":[],"yoast_head":"<!-- This site is optimized with the Yoast SEO plugin v27.6 - https:\/\/yoast.com\/product\/yoast-seo-wordpress\/ -->\n<title>LE34 bringer sj\u00e6llandske forsyningsselskaber i f\u00f8rertr\u00f8jen<\/title>\n<meta name=\"description\" content=\"Nye digitale v\u00e6rkt\u00f8jer fra LE34. Intuitivt og dansksproget ledningsregistreringssystem og GIS til mobil og web revolutionerer hverdagen.\" \/>\n<meta name=\"robots\" content=\"index, follow, max-snippet:-1, max-image-preview:large, max-video-preview:-1\" \/>\n<link rel=\"canonical\" href=\"https:\/\/www.le34.dk\/da\/nye-digitale-vaerktojer-fra-le34-bringer-sjaellandske-forsyningsselskaber-forertrojen\/\" \/>\n<meta property=\"og:locale\" content=\"da_DK\" \/>\n<meta property=\"og:type\" content=\"article\" \/>\n<meta property=\"og:title\" content=\"LE34 bringer sj\u00e6llandske forsyningsselskaber i f\u00f8rertr\u00f8jen\" \/>\n<meta property=\"og:description\" content=\"Nye digitale v\u00e6rkt\u00f8jer fra LE34. Intuitivt og dansksproget ledningsregistreringssystem og GIS til mobil og web revolutionerer hverdagen.\" \/>\n<meta property=\"og:url\" content=\"https:\/\/www.le34.dk\/da\/nye-digitale-vaerktojer-fra-le34-bringer-sjaellandske-forsyningsselskaber-forertrojen\/\" \/>\n<meta property=\"og:site_name\" content=\"LE34\" \/>\n<meta property=\"article:modified_time\" content=\"2026-05-07T12:44:53+00:00\" \/>\n<meta name=\"twitter:card\" content=\"summary_large_image\" \/>\n<meta name=\"twitter:label1\" content=\"Estimeret l\u00e6setid\" \/>\n\t<meta name=\"twitter:data1\" content=\"9 minutter\" \/>\n<script type=\"application\/ld+json\" class=\"yoast-schema-graph\">{\"@context\":\"https:\\\/\\\/schema.org\",\"@graph\":[{\"@type\":\"WebPage\",\"@id\":\"https:\\\/\\\/www.le34.dk\\\/da\\\/nye-digitale-vaerktojer-fra-le34-bringer-sjaellandske-forsyningsselskaber-forertrojen\\\/\",\"url\":\"https:\\\/\\\/www.le34.dk\\\/da\\\/nye-digitale-vaerktojer-fra-le34-bringer-sjaellandske-forsyningsselskaber-forertrojen\\\/\",\"name\":\"LE34 bringer sj\u00e6llandske forsyningsselskaber i f\u00f8rertr\u00f8jen\",\"isPartOf\":{\"@id\":\"https:\\\/\\\/www.le34.dk\\\/da\\\/#website\"},\"datePublished\":\"2018-08-29T13:49:45+00:00\",\"dateModified\":\"2026-05-07T12:44:53+00:00\",\"description\":\"Nye digitale v\u00e6rkt\u00f8jer fra LE34. Intuitivt og dansksproget ledningsregistreringssystem og GIS til mobil og web revolutionerer hverdagen.\",\"breadcrumb\":{\"@id\":\"https:\\\/\\\/www.le34.dk\\\/da\\\/nye-digitale-vaerktojer-fra-le34-bringer-sjaellandske-forsyningsselskaber-forertrojen\\\/#breadcrumb\"},\"inLanguage\":\"da-DK\",\"potentialAction\":[{\"@type\":\"ReadAction\",\"target\":[\"https:\\\/\\\/www.le34.dk\\\/da\\\/nye-digitale-vaerktojer-fra-le34-bringer-sjaellandske-forsyningsselskaber-forertrojen\\\/\"]}]},{\"@type\":\"BreadcrumbList\",\"@id\":\"https:\\\/\\\/www.le34.dk\\\/da\\\/nye-digitale-vaerktojer-fra-le34-bringer-sjaellandske-forsyningsselskaber-forertrojen\\\/#breadcrumb\",\"itemListElement\":[{\"@type\":\"ListItem\",\"position\":1,\"name\":\"Home\",\"item\":\"https:\\\/\\\/www.le34.dk\\\/da\\\/\"},{\"@type\":\"ListItem\",\"position\":2,\"name\":\"Nye digitale v\u00e6rkt\u00f8jer fra LE34 bringer sj\u00e6llandske forsyningsselskaber i f\u00f8rertr\u00f8jen\"}]},{\"@type\":\"WebSite\",\"@id\":\"https:\\\/\\\/www.le34.dk\\\/da\\\/#website\",\"url\":\"https:\\\/\\\/www.le34.dk\\\/da\\\/\",\"name\":\"LE34\",\"description\":\"\",\"potentialAction\":[{\"@type\":\"SearchAction\",\"target\":{\"@type\":\"EntryPoint\",\"urlTemplate\":\"https:\\\/\\\/www.le34.dk\\\/da\\\/?s={search_term_string}\"},\"query-input\":{\"@type\":\"PropertyValueSpecification\",\"valueRequired\":true,\"valueName\":\"search_term_string\"}}],\"inLanguage\":\"da-DK\"}]}<\/script>\n<!-- \/ Yoast SEO plugin. -->","yoast_head_json":{"title":"LE34 bringer sj\u00e6llandske forsyningsselskaber i f\u00f8rertr\u00f8jen","description":"Nye digitale v\u00e6rkt\u00f8jer fra LE34. Intuitivt og dansksproget ledningsregistreringssystem og GIS til mobil og web revolutionerer hverdagen.","robots":{"index":"index","follow":"follow","max-snippet":"max-snippet:-1","max-image-preview":"max-image-preview:large","max-video-preview":"max-video-preview:-1"},"canonical":"https:\/\/www.le34.dk\/da\/nye-digitale-vaerktojer-fra-le34-bringer-sjaellandske-forsyningsselskaber-forertrojen\/","og_locale":"da_DK","og_type":"article","og_title":"LE34 bringer sj\u00e6llandske forsyningsselskaber i f\u00f8rertr\u00f8jen","og_description":"Nye digitale v\u00e6rkt\u00f8jer fra LE34. Intuitivt og dansksproget ledningsregistreringssystem og GIS til mobil og web revolutionerer hverdagen.","og_url":"https:\/\/www.le34.dk\/da\/nye-digitale-vaerktojer-fra-le34-bringer-sjaellandske-forsyningsselskaber-forertrojen\/","og_site_name":"LE34","article_modified_time":"2026-05-07T12:44:53+00:00","twitter_card":"summary_large_image","twitter_misc":{"Estimeret l\u00e6setid":"9 minutter"},"schema":{"@context":"https:\/\/schema.org","@graph":[{"@type":"WebPage","@id":"https:\/\/www.le34.dk\/da\/nye-digitale-vaerktojer-fra-le34-bringer-sjaellandske-forsyningsselskaber-forertrojen\/","url":"https:\/\/www.le34.dk\/da\/nye-digitale-vaerktojer-fra-le34-bringer-sjaellandske-forsyningsselskaber-forertrojen\/","name":"LE34 bringer sj\u00e6llandske forsyningsselskaber i f\u00f8rertr\u00f8jen","isPartOf":{"@id":"https:\/\/www.le34.dk\/da\/#website"},"datePublished":"2018-08-29T13:49:45+00:00","dateModified":"2026-05-07T12:44:53+00:00","description":"Nye digitale v\u00e6rkt\u00f8jer fra LE34. Intuitivt og dansksproget ledningsregistreringssystem og GIS til mobil og web revolutionerer hverdagen.","breadcrumb":{"@id":"https:\/\/www.le34.dk\/da\/nye-digitale-vaerktojer-fra-le34-bringer-sjaellandske-forsyningsselskaber-forertrojen\/#breadcrumb"},"inLanguage":"da-DK","potentialAction":[{"@type":"ReadAction","target":["https:\/\/www.le34.dk\/da\/nye-digitale-vaerktojer-fra-le34-bringer-sjaellandske-forsyningsselskaber-forertrojen\/"]}]},{"@type":"BreadcrumbList","@id":"https:\/\/www.le34.dk\/da\/nye-digitale-vaerktojer-fra-le34-bringer-sjaellandske-forsyningsselskaber-forertrojen\/#breadcrumb","itemListElement":[{"@type":"ListItem","position":1,"name":"Home","item":"https:\/\/www.le34.dk\/da\/"},{"@type":"ListItem","position":2,"name":"Nye digitale v\u00e6rkt\u00f8jer fra LE34 bringer sj\u00e6llandske forsyningsselskaber i f\u00f8rertr\u00f8jen"}]},{"@type":"WebSite","@id":"https:\/\/www.le34.dk\/da\/#website","url":"https:\/\/www.le34.dk\/da\/","name":"LE34","description":"","potentialAction":[{"@type":"SearchAction","target":{"@type":"EntryPoint","urlTemplate":"https:\/\/www.le34.dk\/da\/?s={search_term_string}"},"query-input":{"@type":"PropertyValueSpecification","valueRequired":true,"valueName":"search_term_string"}}],"inLanguage":"da-DK"}]}},"_links":{"self":[{"href":"https:\/\/www.le34.dk\/da\/wp-json\/wp\/v2\/pages\/1655","targetHints":{"allow":["GET"]}}],"collection":[{"href":"https:\/\/www.le34.dk\/da\/wp-json\/wp\/v2\/pages"}],"about":[{"href":"https:\/\/www.le34.dk\/da\/wp-json\/wp\/v2\/types\/page"}],"author":[{"embeddable":true,"href":"https:\/\/www.le34.dk\/da\/wp-json\/wp\/v2\/users\/36"}],"replies":[{"embeddable":true,"href":"https:\/\/www.le34.dk\/da\/wp-json\/wp\/v2\/comments?post=1655"}],"version-history":[{"count":8,"href":"https:\/\/www.le34.dk\/da\/wp-json\/wp\/v2\/pages\/1655\/revisions"}],"predecessor-version":[{"id":21509,"href":"https:\/\/www.le34.dk\/da\/wp-json\/wp\/v2\/pages\/1655\/revisions\/21509"}],"wp:attachment":[{"href":"https:\/\/www.le34.dk\/da\/wp-json\/wp\/v2\/media?parent=1655"}],"curies":[{"name":"wp","href":"https:\/\/api.w.org\/{rel}","templated":true}]}}