{"id":16515,"date":"2024-11-06T11:56:23","date_gmt":"2024-11-06T11:56:23","guid":{"rendered":"https:\/\/www.le34.dk\/?page_id=16515"},"modified":"2026-02-26T13:10:46","modified_gmt":"2026-02-26T13:10:46","slug":"iso-45001","status":"publish","type":"page","link":"https:\/\/www.le34.dk\/da\/iso-45001\/","title":{"rendered":"ISO 45001"},"content":{"rendered":"<p>Et sundt og sikkert arbejdsmilj\u00f8 er et omr\u00e5de, vi har s\u00e6rlig fokus p\u00e5 i LE34. Vi skal kunne garantere vores medarbejderes sikkerhed, n\u00e5r de er i felten p\u00e5 en opgave, og vores medarbejdere skal vide, at deres sikkerhed altid er f\u00f8rste prioritet.<br \/>\nDerfor er vi ekstra stolte af vores ISO 45001-certificering inden for arbejdsmilj\u00f8ledelse. Kvitteringen for, at vi i LE34 har et arbejdsmilj\u00f8ledelsessystem, der g\u00f8r organisationen i stand til at skabe sikre og sunde arbejdspladser, forebygge ulykker, arbejdsrelaterede skader og sygdom samt l\u00f8bende forbedre vores arbejdsmilj\u00f8pr\u00e6stationer.<br \/>\nResultatet er tryghed og sikkerhed \u2013 b\u00e5de for vores medarbejdere og for vores kunder.<\/p>\n<p>Vi forpligter os til at g\u00f8re det endnu bedre<br \/>\nCertificeringen forpligter os til at evaluere og udvikle vores arbejdsmilj\u00f8indsatser l\u00f8bende, s\u00e5 vi altid opfylder de h\u00f8jeste standarder. Vi gennemf\u00f8rer regelm\u00e6ssige audits og inddrager medarbejdernes input for at holde vores arbejdsmilj\u00f8arbejde dynamisk og i konstant udvikling.<\/p>\n<p>En sikker og sund arbejdsplads &#8211; hver gang og i alle projekter<br \/>\nVores arbejdsmilj\u00f8ledelsessystem fungerer som rygraden i vores daglige drift. Vi dokumenterer alle processer i overensstemmelse med ISO 45001-kravene og s\u00f8rger for, at vores arbejdsmilj\u00f8ansvarlige l\u00f8bende gennemg\u00e5r og opdaterer systemet. For os giver det klare retningslinjer og ansvarlighed, og for vores kunder betyder det vished om en sikker og sund arbejdsplads \u2013 hver gang, uanset projektets omfang eller lokation.<\/p>\n<p>F\u00e5 mere at vide<br \/>\nKontakt os<br \/>\nKontakt kvalitets- og arbejdsmilj\u00f8ansvarlig Bj\u00f8rn Hasse Nielsen,<br \/>\nhvis du vil vide mere om vores kvalitetsarbejde.<br \/>\nBj\u00f8rn Hasse Nielsen<br \/>\nKvalitets- og arbejdsmilj\u00f8ansvarlig<br \/>\n+45 2120 1070<br \/>\nbhs@le34.dk<\/p>\n<p>Send mail til Bj\u00f8rn Hasse Nielsen<\/p>\n","protected":false},"excerpt":{"rendered":"<p>Et sundt og sikkert arbejdsmilj\u00f8 er et omr\u00e5de, vi har s\u00e6rlig fokus p\u00e5 i LE34. Vi skal kunne garantere vores medarbejderes sikkerhed, n\u00e5r de er i felten p\u00e5 en opgave, og vores medarbejdere skal vide, at deres sikkerhed altid er f\u00f8rste prioritet. Derfor er vi ekstra stolte af vores ISO 45001-certificering inden for arbejdsmilj\u00f8ledelse. Kvitteringen [&hellip;]<\/p>\n","protected":false},"author":19,"featured_media":0,"parent":0,"menu_order":0,"comment_status":"closed","ping_status":"closed","template":"","meta":{"_acf_changed":false,"footnotes":""},"class_list":["post-16515","page","type-page","status-publish","hentry"],"acf":[],"yoast_head":"<!-- This site is optimized with the Yoast SEO plugin v27.4 - https:\/\/yoast.com\/product\/yoast-seo-wordpress\/ -->\n<title>ISO-certificering - LE34<\/title>\n<meta name=\"description\" content=\"LE34 er ISO 45001-certificeret i arbejdsmilj\u00f8ledelse. Resultatet er tryghed og sikkerhed \u2013 b\u00e5de for vores medarbejdere og for vores kunder.\" \/>\n<meta name=\"robots\" content=\"index, follow, max-snippet:-1, max-image-preview:large, max-video-preview:-1\" \/>\n<link rel=\"canonical\" href=\"https:\/\/www.le34.dk\/da\/iso-45001\/\" \/>\n<meta property=\"og:locale\" content=\"da_DK\" \/>\n<meta property=\"og:type\" content=\"article\" \/>\n<meta property=\"og:title\" content=\"ISO-certificering - LE34\" \/>\n<meta property=\"og:description\" content=\"LE34 er ISO 45001-certificeret i arbejdsmilj\u00f8ledelse. Resultatet er tryghed og sikkerhed \u2013 b\u00e5de for vores medarbejdere og for vores kunder.\" \/>\n<meta property=\"og:url\" content=\"https:\/\/www.le34.dk\/da\/iso-45001\/\" \/>\n<meta property=\"og:site_name\" content=\"LE34\" \/>\n<meta property=\"article:modified_time\" content=\"2026-02-26T13:10:46+00:00\" \/>\n<meta name=\"twitter:card\" content=\"summary_large_image\" \/>\n<meta name=\"twitter:label1\" content=\"Estimeret l\u00e6setid\" \/>\n\t<meta name=\"twitter:data1\" content=\"4 minutter\" \/>\n<script type=\"application\/ld+json\" class=\"yoast-schema-graph\">{\"@context\":\"https:\\\/\\\/schema.org\",\"@graph\":[{\"@type\":\"WebPage\",\"@id\":\"https:\\\/\\\/www.le34.dk\\\/da\\\/iso-45001\\\/\",\"url\":\"https:\\\/\\\/www.le34.dk\\\/da\\\/iso-45001\\\/\",\"name\":\"ISO-certificering - LE34\",\"isPartOf\":{\"@id\":\"https:\\\/\\\/www.le34.dk\\\/da\\\/#website\"},\"datePublished\":\"2024-11-06T11:56:23+00:00\",\"dateModified\":\"2026-02-26T13:10:46+00:00\",\"description\":\"LE34 er ISO 45001-certificeret i arbejdsmilj\u00f8ledelse. Resultatet er tryghed og sikkerhed \u2013 b\u00e5de for vores medarbejdere og for vores kunder.\",\"breadcrumb\":{\"@id\":\"https:\\\/\\\/www.le34.dk\\\/da\\\/iso-45001\\\/#breadcrumb\"},\"inLanguage\":\"da-DK\",\"potentialAction\":[{\"@type\":\"ReadAction\",\"target\":[\"https:\\\/\\\/www.le34.dk\\\/da\\\/iso-45001\\\/\"]}]},{\"@type\":\"BreadcrumbList\",\"@id\":\"https:\\\/\\\/www.le34.dk\\\/da\\\/iso-45001\\\/#breadcrumb\",\"itemListElement\":[{\"@type\":\"ListItem\",\"position\":1,\"name\":\"Home\",\"item\":\"https:\\\/\\\/www.le34.dk\\\/da\\\/\"},{\"@type\":\"ListItem\",\"position\":2,\"name\":\"ISO 45001\"}]},{\"@type\":\"WebSite\",\"@id\":\"https:\\\/\\\/www.le34.dk\\\/da\\\/#website\",\"url\":\"https:\\\/\\\/www.le34.dk\\\/da\\\/\",\"name\":\"LE34\",\"description\":\"\",\"potentialAction\":[{\"@type\":\"SearchAction\",\"target\":{\"@type\":\"EntryPoint\",\"urlTemplate\":\"https:\\\/\\\/www.le34.dk\\\/da\\\/?s={search_term_string}\"},\"query-input\":{\"@type\":\"PropertyValueSpecification\",\"valueRequired\":true,\"valueName\":\"search_term_string\"}}],\"inLanguage\":\"da-DK\"}]}<\/script>\n<!-- \/ Yoast SEO plugin. -->","yoast_head_json":{"title":"ISO-certificering - LE34","description":"LE34 er ISO 45001-certificeret i arbejdsmilj\u00f8ledelse. Resultatet er tryghed og sikkerhed \u2013 b\u00e5de for vores medarbejdere og for vores kunder.","robots":{"index":"index","follow":"follow","max-snippet":"max-snippet:-1","max-image-preview":"max-image-preview:large","max-video-preview":"max-video-preview:-1"},"canonical":"https:\/\/www.le34.dk\/da\/iso-45001\/","og_locale":"da_DK","og_type":"article","og_title":"ISO-certificering - LE34","og_description":"LE34 er ISO 45001-certificeret i arbejdsmilj\u00f8ledelse. Resultatet er tryghed og sikkerhed \u2013 b\u00e5de for vores medarbejdere og for vores kunder.","og_url":"https:\/\/www.le34.dk\/da\/iso-45001\/","og_site_name":"LE34","article_modified_time":"2026-02-26T13:10:46+00:00","twitter_card":"summary_large_image","twitter_misc":{"Estimeret l\u00e6setid":"4 minutter"},"schema":{"@context":"https:\/\/schema.org","@graph":[{"@type":"WebPage","@id":"https:\/\/www.le34.dk\/da\/iso-45001\/","url":"https:\/\/www.le34.dk\/da\/iso-45001\/","name":"ISO-certificering - LE34","isPartOf":{"@id":"https:\/\/www.le34.dk\/da\/#website"},"datePublished":"2024-11-06T11:56:23+00:00","dateModified":"2026-02-26T13:10:46+00:00","description":"LE34 er ISO 45001-certificeret i arbejdsmilj\u00f8ledelse. Resultatet er tryghed og sikkerhed \u2013 b\u00e5de for vores medarbejdere og for vores kunder.","breadcrumb":{"@id":"https:\/\/www.le34.dk\/da\/iso-45001\/#breadcrumb"},"inLanguage":"da-DK","potentialAction":[{"@type":"ReadAction","target":["https:\/\/www.le34.dk\/da\/iso-45001\/"]}]},{"@type":"BreadcrumbList","@id":"https:\/\/www.le34.dk\/da\/iso-45001\/#breadcrumb","itemListElement":[{"@type":"ListItem","position":1,"name":"Home","item":"https:\/\/www.le34.dk\/da\/"},{"@type":"ListItem","position":2,"name":"ISO 45001"}]},{"@type":"WebSite","@id":"https:\/\/www.le34.dk\/da\/#website","url":"https:\/\/www.le34.dk\/da\/","name":"LE34","description":"","potentialAction":[{"@type":"SearchAction","target":{"@type":"EntryPoint","urlTemplate":"https:\/\/www.le34.dk\/da\/?s={search_term_string}"},"query-input":{"@type":"PropertyValueSpecification","valueRequired":true,"valueName":"search_term_string"}}],"inLanguage":"da-DK"}]}},"_links":{"self":[{"href":"https:\/\/www.le34.dk\/da\/wp-json\/wp\/v2\/pages\/16515","targetHints":{"allow":["GET"]}}],"collection":[{"href":"https:\/\/www.le34.dk\/da\/wp-json\/wp\/v2\/pages"}],"about":[{"href":"https:\/\/www.le34.dk\/da\/wp-json\/wp\/v2\/types\/page"}],"author":[{"embeddable":true,"href":"https:\/\/www.le34.dk\/da\/wp-json\/wp\/v2\/users\/19"}],"replies":[{"embeddable":true,"href":"https:\/\/www.le34.dk\/da\/wp-json\/wp\/v2\/comments?post=16515"}],"version-history":[{"count":14,"href":"https:\/\/www.le34.dk\/da\/wp-json\/wp\/v2\/pages\/16515\/revisions"}],"predecessor-version":[{"id":16519,"href":"https:\/\/www.le34.dk\/da\/wp-json\/wp\/v2\/pages\/16515\/revisions\/16519"}],"wp:attachment":[{"href":"https:\/\/www.le34.dk\/da\/wp-json\/wp\/v2\/media?parent=16515"}],"curies":[{"name":"wp","href":"https:\/\/api.w.org\/{rel}","templated":true}]}}