{"id":1648,"date":"2020-06-04T09:07:35","date_gmt":"2020-06-04T09:07:35","guid":{"rendered":"https:\/\/www.le34.dk\/ny-bestyrelsesformand\/"},"modified":"2024-01-15T14:59:35","modified_gmt":"2024-01-15T14:59:35","slug":"ny-bestyrelsesformand","status":"publish","type":"page","link":"https:\/\/www.le34.dk\/da\/ny-bestyrelsesformand\/","title":{"rendered":"Ny bestyrelsesformand i LE34"},"content":{"rendered":"<p>LE34 s\u00e6tter kursen mod 2025<br \/>\nAdministrerende direkt\u00f8r Kenneth Norre: \u201dVi siger stor tak til Jens for hans vigtige bidrag til LE34\u2019s udvikling gennem de sidste 5 \u00e5r. Jens har med sin lange erhvervserfaring og strategiske kompetencer v\u00e6ret et vigtigt bidrag til vores succes med den rejse, LE34 har v\u00e6ret p\u00e5 siden 2014. LE34 er markedsledende indenfor r\u00e5dgiverbranchen, og vi skal de n\u00e6ste 5 \u00e5r levere p\u00e5 en ny strategisk platform, en rejse som vi er rustet til, og som vi ser frem til.\u201d<\/p>\n<p>Afg\u00e5ende formand Jens Moberg: \u201dDet har v\u00e6ret en forn\u00f8jelse at bidrage til LE34\u2019s succes og v\u00e6kst i disse sidste 5 \u00e5r. Da jeg tiltr\u00e5dte som formand udarbejdede vi en ambiti\u00f8s 2020-strategi. Den har LE34\u2019s dygtige ledere og medarbejdere f\u00f8rt ud i livet. LE34 er vokset organisk og gennem opk\u00f8b og LE34 er nu en international virksomhed med en r\u00e6kke kontorer i Sverige. LE34 er set som en aktiv bidragsyder til FN\u2019s verdensm\u00e5l. LE34\u2019s medarbejdere har grund til at v\u00e6re stolte over deres resultater. Inden Covid 19-krisen var vi i f\u00e6rd med at l\u00e6gge sidste h\u00e5nd p\u00e5 en 2025-strategi. Dette er naturligt sat lidt p\u00e5 pause, da ledelsen i LE34 er fokuseret p\u00e5 at styre os godt igennem krisen og tage h\u00e5nd om kunder s\u00e5vel som medarbejdere. Det er med en st\u00e6rk tro p\u00e5 LE34\u2019s fortsatte fremgang, at jeg giver stafetten videre til den nye formand\u201d<\/p>\n<p>Valg af ny formand<br \/>\nTil ny formand har ejerkredsen i LE34 valgt Ulrik Ahrendt-Jensen. Ulrik er administrerende direkt\u00f8r i OK-Fonden, og har en bred erhvervsm\u00e6ssig erfaring. Bestyrelsesmedlem Sune Iversen udtaler: \u201dUlrik er valgt som formand for LE34 p\u00e5 grund af hans store internationale erfaring, organisatoriske indsigt og erfaring med forretningsudvikling. Med Ulrik som formand har vi sikret os de kompetencer, der skal til for at forretningsudvikle LE34 p\u00e5 lang sigt, ogs\u00e5 internationalt.\u201d<\/p>\n<p>Bestyrelsesformand Ulrik Ahrendt-Jensen: \u201dJens Moberg har sammen med ledere og medarbejdere i LE34 opn\u00e5et flotte resultater de sidste 5 \u00e5r. Jeg er stolt over at overtage stafetten nu, hvor virksomheden skal til at s\u00e6tte kursen frem mod 2025. LE34 er en ambiti\u00f8s virksomhed, der blandt andet er baseret p\u00e5 st\u00e6rke kompetencer og fremsynethed. Det bliver sp\u00e6ndende at bist\u00e5 ledelsen og de mange dygtige medarbejdere i den sidste fase af strategiarbejdet og hj\u00e6lpe med at indfri nye faglige og forretningsm\u00e6ssige m\u00e5l. Verden omkring os \u00e6ndrer sig, og vi skal sikre os, at vi f\u00f8lger de rigtige m\u00e5l og bruger vores ressourcer til fordel for virksomheden, vores kunder og samfundet omkring os\u201d.<\/p>\n","protected":false},"excerpt":{"rendered":"<p>LE34 s\u00e6tter kursen mod 2025 Administrerende direkt\u00f8r Kenneth Norre: \u201dVi siger stor tak til Jens for hans vigtige bidrag til LE34\u2019s udvikling gennem de sidste 5 \u00e5r. Jens har med sin lange erhvervserfaring og strategiske kompetencer v\u00e6ret et vigtigt bidrag til vores succes med den rejse, LE34 har v\u00e6ret p\u00e5 siden 2014. LE34 er markedsledende [&hellip;]<\/p>\n","protected":false},"author":3,"featured_media":0,"parent":0,"menu_order":0,"comment_status":"closed","ping_status":"closed","template":"","meta":{"_acf_changed":false,"footnotes":""},"class_list":["post-1648","page","type-page","status-publish","hentry"],"acf":[],"yoast_head":"<!-- This site is optimized with the Yoast SEO plugin v27.4 - https:\/\/yoast.com\/product\/yoast-seo-wordpress\/ -->\n<title>Ulrik Ahrendt-Jensen er ny bestyrelsesformand i LE34<\/title>\n<meta name=\"description\" content=\"Kvalitet betaler sig. Ogs\u00e5 n\u00e5r man skal sammens\u00e6tte en st\u00e6rk, moderne og innovativ bestyrelse. Ulrik Ahrendt-Jensen er LE34&#039;s nye bestyrelsesformand\" \/>\n<meta name=\"robots\" content=\"index, follow, max-snippet:-1, max-image-preview:large, max-video-preview:-1\" \/>\n<link rel=\"canonical\" href=\"https:\/\/www.le34.dk\/da\/ny-bestyrelsesformand\/\" \/>\n<meta property=\"og:locale\" content=\"da_DK\" \/>\n<meta property=\"og:type\" content=\"article\" \/>\n<meta property=\"og:title\" content=\"Ulrik Ahrendt-Jensen er ny bestyrelsesformand i LE34\" \/>\n<meta property=\"og:description\" content=\"Kvalitet betaler sig. Ogs\u00e5 n\u00e5r man skal sammens\u00e6tte en st\u00e6rk, moderne og innovativ bestyrelse. Ulrik Ahrendt-Jensen er LE34&#039;s nye bestyrelsesformand\" \/>\n<meta property=\"og:url\" content=\"https:\/\/www.le34.dk\/da\/ny-bestyrelsesformand\/\" \/>\n<meta property=\"og:site_name\" content=\"LE34\" \/>\n<meta property=\"article:modified_time\" content=\"2024-01-15T14:59:35+00:00\" \/>\n<meta name=\"twitter:card\" content=\"summary_large_image\" \/>\n<meta name=\"twitter:label1\" content=\"Estimeret l\u00e6setid\" \/>\n\t<meta name=\"twitter:data1\" content=\"2 minutter\" \/>\n<script type=\"application\/ld+json\" class=\"yoast-schema-graph\">{\"@context\":\"https:\\\/\\\/schema.org\",\"@graph\":[{\"@type\":\"WebPage\",\"@id\":\"https:\\\/\\\/www.le34.dk\\\/da\\\/ny-bestyrelsesformand\\\/\",\"url\":\"https:\\\/\\\/www.le34.dk\\\/da\\\/ny-bestyrelsesformand\\\/\",\"name\":\"Ulrik Ahrendt-Jensen er ny bestyrelsesformand i LE34\",\"isPartOf\":{\"@id\":\"https:\\\/\\\/www.le34.dk\\\/da\\\/#website\"},\"datePublished\":\"2020-06-04T09:07:35+00:00\",\"dateModified\":\"2024-01-15T14:59:35+00:00\",\"description\":\"Kvalitet betaler sig. Ogs\u00e5 n\u00e5r man skal sammens\u00e6tte en st\u00e6rk, moderne og innovativ bestyrelse. Ulrik Ahrendt-Jensen er LE34's nye bestyrelsesformand\",\"breadcrumb\":{\"@id\":\"https:\\\/\\\/www.le34.dk\\\/da\\\/ny-bestyrelsesformand\\\/#breadcrumb\"},\"inLanguage\":\"da-DK\",\"potentialAction\":[{\"@type\":\"ReadAction\",\"target\":[\"https:\\\/\\\/www.le34.dk\\\/da\\\/ny-bestyrelsesformand\\\/\"]}]},{\"@type\":\"BreadcrumbList\",\"@id\":\"https:\\\/\\\/www.le34.dk\\\/da\\\/ny-bestyrelsesformand\\\/#breadcrumb\",\"itemListElement\":[{\"@type\":\"ListItem\",\"position\":1,\"name\":\"Home\",\"item\":\"https:\\\/\\\/www.le34.dk\\\/da\\\/\"},{\"@type\":\"ListItem\",\"position\":2,\"name\":\"Ny bestyrelsesformand i LE34\"}]},{\"@type\":\"WebSite\",\"@id\":\"https:\\\/\\\/www.le34.dk\\\/da\\\/#website\",\"url\":\"https:\\\/\\\/www.le34.dk\\\/da\\\/\",\"name\":\"LE34\",\"description\":\"\",\"potentialAction\":[{\"@type\":\"SearchAction\",\"target\":{\"@type\":\"EntryPoint\",\"urlTemplate\":\"https:\\\/\\\/www.le34.dk\\\/da\\\/?s={search_term_string}\"},\"query-input\":{\"@type\":\"PropertyValueSpecification\",\"valueRequired\":true,\"valueName\":\"search_term_string\"}}],\"inLanguage\":\"da-DK\"}]}<\/script>\n<!-- \/ Yoast SEO plugin. -->","yoast_head_json":{"title":"Ulrik Ahrendt-Jensen er ny bestyrelsesformand i LE34","description":"Kvalitet betaler sig. Ogs\u00e5 n\u00e5r man skal sammens\u00e6tte en st\u00e6rk, moderne og innovativ bestyrelse. Ulrik Ahrendt-Jensen er LE34's nye bestyrelsesformand","robots":{"index":"index","follow":"follow","max-snippet":"max-snippet:-1","max-image-preview":"max-image-preview:large","max-video-preview":"max-video-preview:-1"},"canonical":"https:\/\/www.le34.dk\/da\/ny-bestyrelsesformand\/","og_locale":"da_DK","og_type":"article","og_title":"Ulrik Ahrendt-Jensen er ny bestyrelsesformand i LE34","og_description":"Kvalitet betaler sig. Ogs\u00e5 n\u00e5r man skal sammens\u00e6tte en st\u00e6rk, moderne og innovativ bestyrelse. Ulrik Ahrendt-Jensen er LE34's nye bestyrelsesformand","og_url":"https:\/\/www.le34.dk\/da\/ny-bestyrelsesformand\/","og_site_name":"LE34","article_modified_time":"2024-01-15T14:59:35+00:00","twitter_card":"summary_large_image","twitter_misc":{"Estimeret l\u00e6setid":"2 minutter"},"schema":{"@context":"https:\/\/schema.org","@graph":[{"@type":"WebPage","@id":"https:\/\/www.le34.dk\/da\/ny-bestyrelsesformand\/","url":"https:\/\/www.le34.dk\/da\/ny-bestyrelsesformand\/","name":"Ulrik Ahrendt-Jensen er ny bestyrelsesformand i LE34","isPartOf":{"@id":"https:\/\/www.le34.dk\/da\/#website"},"datePublished":"2020-06-04T09:07:35+00:00","dateModified":"2024-01-15T14:59:35+00:00","description":"Kvalitet betaler sig. Ogs\u00e5 n\u00e5r man skal sammens\u00e6tte en st\u00e6rk, moderne og innovativ bestyrelse. Ulrik Ahrendt-Jensen er LE34's nye bestyrelsesformand","breadcrumb":{"@id":"https:\/\/www.le34.dk\/da\/ny-bestyrelsesformand\/#breadcrumb"},"inLanguage":"da-DK","potentialAction":[{"@type":"ReadAction","target":["https:\/\/www.le34.dk\/da\/ny-bestyrelsesformand\/"]}]},{"@type":"BreadcrumbList","@id":"https:\/\/www.le34.dk\/da\/ny-bestyrelsesformand\/#breadcrumb","itemListElement":[{"@type":"ListItem","position":1,"name":"Home","item":"https:\/\/www.le34.dk\/da\/"},{"@type":"ListItem","position":2,"name":"Ny bestyrelsesformand i LE34"}]},{"@type":"WebSite","@id":"https:\/\/www.le34.dk\/da\/#website","url":"https:\/\/www.le34.dk\/da\/","name":"LE34","description":"","potentialAction":[{"@type":"SearchAction","target":{"@type":"EntryPoint","urlTemplate":"https:\/\/www.le34.dk\/da\/?s={search_term_string}"},"query-input":{"@type":"PropertyValueSpecification","valueRequired":true,"valueName":"search_term_string"}}],"inLanguage":"da-DK"}]}},"_links":{"self":[{"href":"https:\/\/www.le34.dk\/da\/wp-json\/wp\/v2\/pages\/1648","targetHints":{"allow":["GET"]}}],"collection":[{"href":"https:\/\/www.le34.dk\/da\/wp-json\/wp\/v2\/pages"}],"about":[{"href":"https:\/\/www.le34.dk\/da\/wp-json\/wp\/v2\/types\/page"}],"author":[{"embeddable":true,"href":"https:\/\/www.le34.dk\/da\/wp-json\/wp\/v2\/users\/3"}],"replies":[{"embeddable":true,"href":"https:\/\/www.le34.dk\/da\/wp-json\/wp\/v2\/comments?post=1648"}],"version-history":[{"count":1,"href":"https:\/\/www.le34.dk\/da\/wp-json\/wp\/v2\/pages\/1648\/revisions"}],"predecessor-version":[{"id":13306,"href":"https:\/\/www.le34.dk\/da\/wp-json\/wp\/v2\/pages\/1648\/revisions\/13306"}],"wp:attachment":[{"href":"https:\/\/www.le34.dk\/da\/wp-json\/wp\/v2\/media?parent=1648"}],"curies":[{"name":"wp","href":"https:\/\/api.w.org\/{rel}","templated":true}]}}