{"id":16436,"date":"2024-10-21T08:47:04","date_gmt":"2024-10-21T08:47:04","guid":{"rendered":"https:\/\/www.le34.dk\/?page_id=16436"},"modified":"2025-12-19T13:00:30","modified_gmt":"2025-12-19T13:00:30","slug":"webinar-saadan-goer-du-data-fra-ler","status":"publish","type":"page","link":"https:\/\/www.le34.dk\/da\/webinar-saadan-goer-du-data-fra-ler\/","title":{"rendered":"Webinar: S\u00e5dan g\u00f8r du, data fra LER"},"content":{"rendered":"<p>Tilmeld dig<\/p>\n<p>Torbj\u00f8rn Mandahl Pedersen, Partner, Landinspekt\u00f8r &#038; Forretningschef for Forsyning og GIS:<br \/>\n\u201cI 2016 anslog Klima-, Energi- og Forsyningsministeriet graveskader for 2,8 mia. kroner over en ti-\u00e5rig periode \u2013 alts\u00e5 cirka 280 millioner kroner om \u00e5ret. \u00c5rsagen til, at omfanget og omkostningerne ved graveskader er s\u00e5 store, skal findes i, at de nuv\u00e6rende data om den underjordiske infrastruktur er for fragmenteret og for upr\u00e6cis.\u201d<\/p>\n<p>Dette f\u00e5r du med<\/p>\n<p>\u2022 Konkrete v\u00e6rkt\u00f8jer til at forst\u00e5 forskellige muligheder for h\u00e5ndtering<br \/>\naf data fra LER 2.0<\/p>\n<p>\u2022 Konkret GIS-viden, du kan tage med hjem til egen virksomhed<\/p>\n<p>\u2022 Viden om lettere h\u00e5ndtering af graveforesp\u00f8rgsler i din organisation<\/p>\n<p>\u2022 Gennemgang af en r\u00e6kke forskellige brugsscenarier og anvisning af<br \/>\nkonkrete redskaber til de forskellige scenarier<\/p>\n<p>Dette kan du efter kurset<br \/>\nDette kursus har til form\u00e5l at give en forst\u00e5else for h\u00e5ndtering af data fra LER 2.0. Deltagerne vil l\u00e6re at anvende data fra systemet effektivt for at sikre optimal h\u00e5ndtering af den ledningspakke, som LER danner og minimere risici for graveskader.<\/p>\n<p>Udbytte for dig og din organisation <\/p>\n<p>Konkret, ny viden<br \/>\nOpn\u00e5 en mere effektiv og sikker drift, der gavner b\u00e5de medarbejdere og kunder. Vi deler konkret viden om muligheder med ny teknologi og nye l\u00f8sninger.<\/p>\n<p>Oms\u00e6t viden til praksis<br \/>\nVi giver dig konkrete v\u00e6rkt\u00f8jer til h\u00e5ndtering af forskellige scenarier i forbindelse med LER-data.<\/p>\n<p>Bedste praksis<br \/>\nVi deler vores indsigt i, hvordan man opn\u00e5r bedste praksis, forebygger graveskader og reducerer omkostninger ved nedbrud.<\/p>\n<p>Indhold<br \/>\nKurset holdes som et webinar uden \u00f8velser. I kursusprisen indg\u00e5r 0,5 times gratis hotline, hvor du efterf\u00f8lgende kan kontakte kursusholder for konkrete anbefalinger eller hj\u00e6lp.<br \/>\nP\u00e5 kurset vil vi ogs\u00e5 ber\u00f8re HeyPipe\u2122, som er en ny digital platform, der forbedrer kommunikationen og samarbejdet mellem forsyningsselskaber og entrepren\u00f8rer ved gravearbejde. I HeyPipe\u2122 har vi indbygget et system til at varetage graveforesp\u00f8rgsler og sammenstille resultaterne.<\/p>\n<p>Det praktiske<br \/>\nSted: Webinar<br \/>\nDato: 29.09.2026<br \/>\nTid: 10.00 \u2013 11.30<br \/>\nPris: 1.500 ex. moms<br \/>\nUndervisere: Torbj\u00f8rn Mandahl Pedersen og Rasmus Lindeneg Johansen<\/p>\n<p>Frister<br \/>\nTilmeldingsfrist: senest kl. 12.00 to dage f\u00f8r kursusstart<br \/>\nAfmeldingsfrister: se kursusbetingelser<\/p>\n<p>Tilmeld dig<\/p>\n<p>M\u00f8d dine undervisere<\/p>\n<p>Torbj\u00f8rn Mandahl Pedersen<br \/>\nRasmus Lindeneg Johansen<\/p>\n","protected":false},"excerpt":{"rendered":"<p>Tilmeld dig Torbj\u00f8rn Mandahl Pedersen, Partner, Landinspekt\u00f8r &#038; Forretningschef for Forsyning og GIS: \u201cI 2016 anslog Klima-, Energi- og Forsyningsministeriet graveskader for 2,8 mia. kroner over en ti-\u00e5rig periode \u2013 alts\u00e5 cirka 280 millioner kroner om \u00e5ret. \u00c5rsagen til, at omfanget og omkostningerne ved graveskader er s\u00e5 store, skal findes i, at de nuv\u00e6rende data [&hellip;]<\/p>\n","protected":false},"author":11,"featured_media":0,"parent":0,"menu_order":0,"comment_status":"closed","ping_status":"closed","template":"","meta":{"_acf_changed":false,"footnotes":""},"class_list":["post-16436","page","type-page","status-publish","hentry"],"acf":[],"yoast_head":"<!-- This site is optimized with the Yoast SEO plugin v27.4 - https:\/\/yoast.com\/product\/yoast-seo-wordpress\/ -->\n<title>Webinar: S\u00e5dan g\u00f8r du, data fra LER - LE34<\/title>\n<meta name=\"description\" content=\"LER 2.0 afleverer digitale ledningskort som GIS-filer. Det er vigtigt at forst\u00e5, hvordan disse data bedst udnyttes for at undg\u00e5 graveskader.\" \/>\n<meta name=\"robots\" content=\"index, follow, max-snippet:-1, max-image-preview:large, max-video-preview:-1\" \/>\n<link rel=\"canonical\" href=\"https:\/\/www.le34.dk\/da\/webinar-saadan-goer-du-data-fra-ler\/\" \/>\n<meta property=\"og:locale\" content=\"da_DK\" \/>\n<meta property=\"og:type\" content=\"article\" \/>\n<meta property=\"og:title\" content=\"Webinar: S\u00e5dan g\u00f8r du, data fra LER - LE34\" \/>\n<meta property=\"og:description\" content=\"Tilmeld dig Torbj\u00f8rn Mandahl Pedersen, Partner, Landinspekt\u00f8r &#038; Forretningschef for Forsyning og GIS: \u201cI 2016 anslog Klima-, Energi- og Forsyningsministeriet graveskader for 2,8 mia. kroner over en ti-\u00e5rig periode \u2013 alts\u00e5 cirka 280 millioner kroner om \u00e5ret. \u00c5rsagen til, at omfanget og omkostningerne ved graveskader er s\u00e5 store, skal findes i, at de nuv\u00e6rende data [&hellip;]\" \/>\n<meta property=\"og:url\" content=\"https:\/\/www.le34.dk\/da\/webinar-saadan-goer-du-data-fra-ler\/\" \/>\n<meta property=\"og:site_name\" content=\"LE34\" \/>\n<meta property=\"article:modified_time\" content=\"2025-12-19T13:00:30+00:00\" \/>\n<meta name=\"twitter:card\" content=\"summary_large_image\" \/>\n<meta name=\"twitter:label1\" content=\"Estimeret l\u00e6setid\" \/>\n\t<meta name=\"twitter:data1\" content=\"5 minutter\" \/>\n<script type=\"application\/ld+json\" class=\"yoast-schema-graph\">{\"@context\":\"https:\\\/\\\/schema.org\",\"@graph\":[{\"@type\":\"WebPage\",\"@id\":\"https:\\\/\\\/www.le34.dk\\\/da\\\/webinar-saadan-goer-du-data-fra-ler\\\/\",\"url\":\"https:\\\/\\\/www.le34.dk\\\/da\\\/webinar-saadan-goer-du-data-fra-ler\\\/\",\"name\":\"Webinar: S\u00e5dan g\u00f8r du, data fra LER - LE34\",\"isPartOf\":{\"@id\":\"https:\\\/\\\/www.le34.dk\\\/da\\\/#website\"},\"datePublished\":\"2024-10-21T08:47:04+00:00\",\"dateModified\":\"2025-12-19T13:00:30+00:00\",\"breadcrumb\":{\"@id\":\"https:\\\/\\\/www.le34.dk\\\/da\\\/webinar-saadan-goer-du-data-fra-ler\\\/#breadcrumb\"},\"inLanguage\":\"da-DK\",\"potentialAction\":[{\"@type\":\"ReadAction\",\"target\":[\"https:\\\/\\\/www.le34.dk\\\/da\\\/webinar-saadan-goer-du-data-fra-ler\\\/\"]}]},{\"@type\":\"BreadcrumbList\",\"@id\":\"https:\\\/\\\/www.le34.dk\\\/da\\\/webinar-saadan-goer-du-data-fra-ler\\\/#breadcrumb\",\"itemListElement\":[{\"@type\":\"ListItem\",\"position\":1,\"name\":\"Home\",\"item\":\"https:\\\/\\\/www.le34.dk\\\/da\\\/\"},{\"@type\":\"ListItem\",\"position\":2,\"name\":\"Webinar: S\u00e5dan g\u00f8r du, data fra LER\"}]},{\"@type\":\"WebSite\",\"@id\":\"https:\\\/\\\/www.le34.dk\\\/da\\\/#website\",\"url\":\"https:\\\/\\\/www.le34.dk\\\/da\\\/\",\"name\":\"LE34\",\"description\":\"\",\"potentialAction\":[{\"@type\":\"SearchAction\",\"target\":{\"@type\":\"EntryPoint\",\"urlTemplate\":\"https:\\\/\\\/www.le34.dk\\\/da\\\/?s={search_term_string}\"},\"query-input\":{\"@type\":\"PropertyValueSpecification\",\"valueRequired\":true,\"valueName\":\"search_term_string\"}}],\"inLanguage\":\"da-DK\"}]}<\/script>\n<!-- \/ Yoast SEO plugin. -->","yoast_head_json":{"title":"Webinar: S\u00e5dan g\u00f8r du, data fra LER - LE34","description":"LER 2.0 afleverer digitale ledningskort som GIS-filer. Det er vigtigt at forst\u00e5, hvordan disse data bedst udnyttes for at undg\u00e5 graveskader.","robots":{"index":"index","follow":"follow","max-snippet":"max-snippet:-1","max-image-preview":"max-image-preview:large","max-video-preview":"max-video-preview:-1"},"canonical":"https:\/\/www.le34.dk\/da\/webinar-saadan-goer-du-data-fra-ler\/","og_locale":"da_DK","og_type":"article","og_title":"Webinar: S\u00e5dan g\u00f8r du, data fra LER - LE34","og_description":"Tilmeld dig Torbj\u00f8rn Mandahl Pedersen, Partner, Landinspekt\u00f8r &#038; Forretningschef for Forsyning og GIS: \u201cI 2016 anslog Klima-, Energi- og Forsyningsministeriet graveskader for 2,8 mia. kroner over en ti-\u00e5rig periode \u2013 alts\u00e5 cirka 280 millioner kroner om \u00e5ret. \u00c5rsagen til, at omfanget og omkostningerne ved graveskader er s\u00e5 store, skal findes i, at de nuv\u00e6rende data [&hellip;]","og_url":"https:\/\/www.le34.dk\/da\/webinar-saadan-goer-du-data-fra-ler\/","og_site_name":"LE34","article_modified_time":"2025-12-19T13:00:30+00:00","twitter_card":"summary_large_image","twitter_misc":{"Estimeret l\u00e6setid":"5 minutter"},"schema":{"@context":"https:\/\/schema.org","@graph":[{"@type":"WebPage","@id":"https:\/\/www.le34.dk\/da\/webinar-saadan-goer-du-data-fra-ler\/","url":"https:\/\/www.le34.dk\/da\/webinar-saadan-goer-du-data-fra-ler\/","name":"Webinar: S\u00e5dan g\u00f8r du, data fra LER - LE34","isPartOf":{"@id":"https:\/\/www.le34.dk\/da\/#website"},"datePublished":"2024-10-21T08:47:04+00:00","dateModified":"2025-12-19T13:00:30+00:00","breadcrumb":{"@id":"https:\/\/www.le34.dk\/da\/webinar-saadan-goer-du-data-fra-ler\/#breadcrumb"},"inLanguage":"da-DK","potentialAction":[{"@type":"ReadAction","target":["https:\/\/www.le34.dk\/da\/webinar-saadan-goer-du-data-fra-ler\/"]}]},{"@type":"BreadcrumbList","@id":"https:\/\/www.le34.dk\/da\/webinar-saadan-goer-du-data-fra-ler\/#breadcrumb","itemListElement":[{"@type":"ListItem","position":1,"name":"Home","item":"https:\/\/www.le34.dk\/da\/"},{"@type":"ListItem","position":2,"name":"Webinar: S\u00e5dan g\u00f8r du, data fra LER"}]},{"@type":"WebSite","@id":"https:\/\/www.le34.dk\/da\/#website","url":"https:\/\/www.le34.dk\/da\/","name":"LE34","description":"","potentialAction":[{"@type":"SearchAction","target":{"@type":"EntryPoint","urlTemplate":"https:\/\/www.le34.dk\/da\/?s={search_term_string}"},"query-input":{"@type":"PropertyValueSpecification","valueRequired":true,"valueName":"search_term_string"}}],"inLanguage":"da-DK"}]}},"_links":{"self":[{"href":"https:\/\/www.le34.dk\/da\/wp-json\/wp\/v2\/pages\/16436","targetHints":{"allow":["GET"]}}],"collection":[{"href":"https:\/\/www.le34.dk\/da\/wp-json\/wp\/v2\/pages"}],"about":[{"href":"https:\/\/www.le34.dk\/da\/wp-json\/wp\/v2\/types\/page"}],"author":[{"embeddable":true,"href":"https:\/\/www.le34.dk\/da\/wp-json\/wp\/v2\/users\/11"}],"replies":[{"embeddable":true,"href":"https:\/\/www.le34.dk\/da\/wp-json\/wp\/v2\/comments?post=16436"}],"version-history":[{"count":37,"href":"https:\/\/www.le34.dk\/da\/wp-json\/wp\/v2\/pages\/16436\/revisions"}],"predecessor-version":[{"id":20349,"href":"https:\/\/www.le34.dk\/da\/wp-json\/wp\/v2\/pages\/16436\/revisions\/20349"}],"wp:attachment":[{"href":"https:\/\/www.le34.dk\/da\/wp-json\/wp\/v2\/media?parent=16436"}],"curies":[{"name":"wp","href":"https:\/\/api.w.org\/{rel}","templated":true}]}}