{"id":16380,"date":"2024-10-07T08:25:23","date_gmt":"2024-10-07T08:25:23","guid":{"rendered":"https:\/\/www.le34.dk\/?page_id=16380"},"modified":"2025-03-19T21:00:24","modified_gmt":"2025-03-19T21:00:24","slug":"byggetilladelsesvilkaar-for-byggesagsbehandlere","status":"publish","type":"page","link":"https:\/\/www.le34.dk\/da\/byggetilladelsesvilkaar-for-byggesagsbehandlere\/","title":{"rendered":"Byggetilladelsesvilk\u00e5r for byggesagsbehandlere"},"content":{"rendered":"<p>Tilmeld dig<\/p>\n<p>Rune W\u00f8hlk, landinspekt\u00f8r og partner, LE34:<br \/>\n\u201cDette kursus giver dig de n\u00f8dvendige v\u00e6rkt\u00f8jer til at forst\u00e5 og sikre de vilk\u00e5r, du stiller i en byggetilladelse, s\u00e5 du kan opn\u00e5 bedre kvalitetssikring og sikre korrekt behandling af byggesager.\u201d<\/p>\n<p>L\u00e6r at forst\u00e5 og kontrollere landinspekt\u00f8rens produkter og sikre overholdelse af byggetilladelsens vilk\u00e5r for effektiv byggesagsbehandling.<\/p>\n<p>Dette f\u00e5r du med<br \/>\n\u2022\u00a0Indsigt i landinspekt\u00f8rens arbejde og de produkter, de leverer<br \/>\n\u2022\u00a0V\u00e6rkt\u00f8jer til at sikre overholdelse af byggetilladelsens vilk\u00e5r i praksis<br \/>\n\u2022\u00a0Viden om, hvordan du kvalitetssikrer byggesagsbehandlingen ved korrekt kontrol af landinspekt\u00f8rens dokumenter<\/p>\n<p>Dette kan du efter kurset<br \/>\n\u2022\u00a0L\u00e6se og forst\u00e5 landinspekt\u00f8rens produkter, herunder afs\u00e6tninger, koteplaner og BBR-arealer<br \/>\n\u2022\u00a0Kontrollere, at de opstillede vilk\u00e5r i byggetilladelser overholdes gennem korrekt anvendelse af landinspekt\u00f8rens attester og dokumentation<\/p>\n<p>Udbytte for dig og din organisation <\/p>\n<p>Konkret, ny viden<br \/>\nF\u00e5 forst\u00e5else for landinspekt\u00f8rens rolle og de n\u00f8dvendige produkter i relation til byggetilladelser og hvordan disse p\u00e5virker byggesagsbehandlingen.<\/p>\n<p>Oms\u00e6t viden til praksis<br \/>\nL\u00e6r at kontrollere og kvalitetssikre landinspekt\u00f8rens produkter i forhold til de vilk\u00e5r, der stilles i byggetilladelser.<\/p>\n<p>Bedste praksis<br \/>\nBrug den nyeste viden om landinspekt\u00f8rens praksis til at sikre korrekt og effektiv behandling af byggetilladelser i dit arbejde som byggesagsbehandler.<\/p>\n<p>Indhold<br \/>\nKurset kombinerer teori om byggelovgivning, Bygningsreglementet og landinspekt\u00f8rens arbejde med praktiske indl\u00e6g og dr\u00f8ftelser. Deltagerne f\u00e5r viden om de produkter, som landinspekt\u00f8ren leverer, og hvordan disse kan bruges til at kontrollere og sikre overholdelse af byggetilladelsens vilk\u00e5r i praksis.<\/p>\n<p>Det praktiske<br \/>\nSted: Landinspekt\u00f8rfirmaet LE34 A\/S<br \/>\nAdresse: Energivej 34, 2750 Ballerup<br \/>\nDato: 29.10.2025<br \/>\nTid: 13.30 \u2013 16.30<br \/>\nPris: 1.000 ex. moms<br \/>\nUndervisere:<br \/>\nLandinspekt\u00f8r Rune W\u00f8hlk (med over 10 \u00e5rs erfaring) og bygningskonstrukt\u00f8r Jakob Munk Weidlich (tidligere byggesagsbehandler med 19 \u00e5rs erfaring).<br \/>\nUnder kurset vil der v\u00e6re kaffe og kage samt mulighed for at dr\u00f8fte emnerne sammen med kollegaer fra andre kommuner i Stork\u00f8benhavnsomr\u00e5det.<br \/>\nKurset vil kun blive gennemf\u00f8rt, hvis der er mere end 12 deltagere. Det er ogs\u00e5 muligt, at vi kommer ud til den enkelte kommune, hvis der er et \u00f8nske. N\u00e6rmere pris afklares ved foresp\u00f8rgsel.<\/p>\n<p>Frister<br \/>\nTilmeldingsfrist: senest kl. 12.00 to hverdage f\u00f8r kursusstart.<br \/>\nAfmeldingsfrister: se\u00a0kursusbetingelser<\/p>\n<p>Tilmeld dig<\/p>\n<p>M\u00f8d dine undervisere<\/p>\n<p>Rune W\u00f8hlk<br \/>\nJakob Munk Weidlich<\/p>\n","protected":false},"excerpt":{"rendered":"<p>Tilmeld dig Rune W\u00f8hlk, landinspekt\u00f8r og partner, LE34: \u201cDette kursus giver dig de n\u00f8dvendige v\u00e6rkt\u00f8jer til at forst\u00e5 og sikre de vilk\u00e5r, du stiller i en byggetilladelse, s\u00e5 du kan opn\u00e5 bedre kvalitetssikring og sikre korrekt behandling af byggesager.\u201d L\u00e6r at forst\u00e5 og kontrollere landinspekt\u00f8rens produkter og sikre overholdelse af byggetilladelsens vilk\u00e5r for effektiv byggesagsbehandling. [&hellip;]<\/p>\n","protected":false},"author":11,"featured_media":0,"parent":0,"menu_order":0,"comment_status":"closed","ping_status":"closed","template":"","meta":{"_acf_changed":false,"footnotes":""},"class_list":["post-16380","page","type-page","status-publish","hentry"],"acf":[],"yoast_head":"<!-- This site is optimized with the Yoast SEO plugin v27.6 - https:\/\/yoast.com\/product\/yoast-seo-wordpress\/ -->\n<title>Byggetilladelsesvilk\u00e5r for byggesagsbehandlere - LE34<\/title>\n<meta name=\"robots\" content=\"index, follow, max-snippet:-1, max-image-preview:large, max-video-preview:-1\" \/>\n<link rel=\"canonical\" href=\"https:\/\/www.le34.dk\/da\/byggetilladelsesvilkaar-for-byggesagsbehandlere\/\" \/>\n<meta property=\"og:locale\" content=\"da_DK\" \/>\n<meta property=\"og:type\" content=\"article\" \/>\n<meta property=\"og:title\" content=\"Byggetilladelsesvilk\u00e5r for byggesagsbehandlere - LE34\" \/>\n<meta property=\"og:description\" content=\"Tilmeld dig Rune W\u00f8hlk, landinspekt\u00f8r og partner, LE34: \u201cDette kursus giver dig de n\u00f8dvendige v\u00e6rkt\u00f8jer til at forst\u00e5 og sikre de vilk\u00e5r, du stiller i en byggetilladelse, s\u00e5 du kan opn\u00e5 bedre kvalitetssikring og sikre korrekt behandling af byggesager.\u201d L\u00e6r at forst\u00e5 og kontrollere landinspekt\u00f8rens produkter og sikre overholdelse af byggetilladelsens vilk\u00e5r for effektiv byggesagsbehandling. [&hellip;]\" \/>\n<meta property=\"og:url\" content=\"https:\/\/www.le34.dk\/da\/byggetilladelsesvilkaar-for-byggesagsbehandlere\/\" \/>\n<meta property=\"og:site_name\" content=\"LE34\" \/>\n<meta property=\"article:modified_time\" content=\"2025-03-19T21:00:24+00:00\" \/>\n<meta name=\"twitter:card\" content=\"summary_large_image\" \/>\n<meta name=\"twitter:label1\" content=\"Estimeret l\u00e6setid\" \/>\n\t<meta name=\"twitter:data1\" content=\"5 minutter\" \/>\n<script type=\"application\/ld+json\" class=\"yoast-schema-graph\">{\"@context\":\"https:\\\/\\\/schema.org\",\"@graph\":[{\"@type\":\"WebPage\",\"@id\":\"https:\\\/\\\/www.le34.dk\\\/da\\\/byggetilladelsesvilkaar-for-byggesagsbehandlere\\\/\",\"url\":\"https:\\\/\\\/www.le34.dk\\\/da\\\/byggetilladelsesvilkaar-for-byggesagsbehandlere\\\/\",\"name\":\"Byggetilladelsesvilk\u00e5r for byggesagsbehandlere - LE34\",\"isPartOf\":{\"@id\":\"https:\\\/\\\/www.le34.dk\\\/da\\\/#website\"},\"datePublished\":\"2024-10-07T08:25:23+00:00\",\"dateModified\":\"2025-03-19T21:00:24+00:00\",\"breadcrumb\":{\"@id\":\"https:\\\/\\\/www.le34.dk\\\/da\\\/byggetilladelsesvilkaar-for-byggesagsbehandlere\\\/#breadcrumb\"},\"inLanguage\":\"da-DK\",\"potentialAction\":[{\"@type\":\"ReadAction\",\"target\":[\"https:\\\/\\\/www.le34.dk\\\/da\\\/byggetilladelsesvilkaar-for-byggesagsbehandlere\\\/\"]}]},{\"@type\":\"BreadcrumbList\",\"@id\":\"https:\\\/\\\/www.le34.dk\\\/da\\\/byggetilladelsesvilkaar-for-byggesagsbehandlere\\\/#breadcrumb\",\"itemListElement\":[{\"@type\":\"ListItem\",\"position\":1,\"name\":\"Home\",\"item\":\"https:\\\/\\\/www.le34.dk\\\/da\\\/\"},{\"@type\":\"ListItem\",\"position\":2,\"name\":\"Byggetilladelsesvilk\u00e5r for byggesagsbehandlere\"}]},{\"@type\":\"WebSite\",\"@id\":\"https:\\\/\\\/www.le34.dk\\\/da\\\/#website\",\"url\":\"https:\\\/\\\/www.le34.dk\\\/da\\\/\",\"name\":\"LE34\",\"description\":\"\",\"potentialAction\":[{\"@type\":\"SearchAction\",\"target\":{\"@type\":\"EntryPoint\",\"urlTemplate\":\"https:\\\/\\\/www.le34.dk\\\/da\\\/?s={search_term_string}\"},\"query-input\":{\"@type\":\"PropertyValueSpecification\",\"valueRequired\":true,\"valueName\":\"search_term_string\"}}],\"inLanguage\":\"da-DK\"}]}<\/script>\n<!-- \/ Yoast SEO plugin. -->","yoast_head_json":{"title":"Byggetilladelsesvilk\u00e5r for byggesagsbehandlere - LE34","robots":{"index":"index","follow":"follow","max-snippet":"max-snippet:-1","max-image-preview":"max-image-preview:large","max-video-preview":"max-video-preview:-1"},"canonical":"https:\/\/www.le34.dk\/da\/byggetilladelsesvilkaar-for-byggesagsbehandlere\/","og_locale":"da_DK","og_type":"article","og_title":"Byggetilladelsesvilk\u00e5r for byggesagsbehandlere - LE34","og_description":"Tilmeld dig Rune W\u00f8hlk, landinspekt\u00f8r og partner, LE34: \u201cDette kursus giver dig de n\u00f8dvendige v\u00e6rkt\u00f8jer til at forst\u00e5 og sikre de vilk\u00e5r, du stiller i en byggetilladelse, s\u00e5 du kan opn\u00e5 bedre kvalitetssikring og sikre korrekt behandling af byggesager.\u201d L\u00e6r at forst\u00e5 og kontrollere landinspekt\u00f8rens produkter og sikre overholdelse af byggetilladelsens vilk\u00e5r for effektiv byggesagsbehandling. [&hellip;]","og_url":"https:\/\/www.le34.dk\/da\/byggetilladelsesvilkaar-for-byggesagsbehandlere\/","og_site_name":"LE34","article_modified_time":"2025-03-19T21:00:24+00:00","twitter_card":"summary_large_image","twitter_misc":{"Estimeret l\u00e6setid":"5 minutter"},"schema":{"@context":"https:\/\/schema.org","@graph":[{"@type":"WebPage","@id":"https:\/\/www.le34.dk\/da\/byggetilladelsesvilkaar-for-byggesagsbehandlere\/","url":"https:\/\/www.le34.dk\/da\/byggetilladelsesvilkaar-for-byggesagsbehandlere\/","name":"Byggetilladelsesvilk\u00e5r for byggesagsbehandlere - LE34","isPartOf":{"@id":"https:\/\/www.le34.dk\/da\/#website"},"datePublished":"2024-10-07T08:25:23+00:00","dateModified":"2025-03-19T21:00:24+00:00","breadcrumb":{"@id":"https:\/\/www.le34.dk\/da\/byggetilladelsesvilkaar-for-byggesagsbehandlere\/#breadcrumb"},"inLanguage":"da-DK","potentialAction":[{"@type":"ReadAction","target":["https:\/\/www.le34.dk\/da\/byggetilladelsesvilkaar-for-byggesagsbehandlere\/"]}]},{"@type":"BreadcrumbList","@id":"https:\/\/www.le34.dk\/da\/byggetilladelsesvilkaar-for-byggesagsbehandlere\/#breadcrumb","itemListElement":[{"@type":"ListItem","position":1,"name":"Home","item":"https:\/\/www.le34.dk\/da\/"},{"@type":"ListItem","position":2,"name":"Byggetilladelsesvilk\u00e5r for byggesagsbehandlere"}]},{"@type":"WebSite","@id":"https:\/\/www.le34.dk\/da\/#website","url":"https:\/\/www.le34.dk\/da\/","name":"LE34","description":"","potentialAction":[{"@type":"SearchAction","target":{"@type":"EntryPoint","urlTemplate":"https:\/\/www.le34.dk\/da\/?s={search_term_string}"},"query-input":{"@type":"PropertyValueSpecification","valueRequired":true,"valueName":"search_term_string"}}],"inLanguage":"da-DK"}]}},"_links":{"self":[{"href":"https:\/\/www.le34.dk\/da\/wp-json\/wp\/v2\/pages\/16380","targetHints":{"allow":["GET"]}}],"collection":[{"href":"https:\/\/www.le34.dk\/da\/wp-json\/wp\/v2\/pages"}],"about":[{"href":"https:\/\/www.le34.dk\/da\/wp-json\/wp\/v2\/types\/page"}],"author":[{"embeddable":true,"href":"https:\/\/www.le34.dk\/da\/wp-json\/wp\/v2\/users\/11"}],"replies":[{"embeddable":true,"href":"https:\/\/www.le34.dk\/da\/wp-json\/wp\/v2\/comments?post=16380"}],"version-history":[{"count":31,"href":"https:\/\/www.le34.dk\/da\/wp-json\/wp\/v2\/pages\/16380\/revisions"}],"predecessor-version":[{"id":16395,"href":"https:\/\/www.le34.dk\/da\/wp-json\/wp\/v2\/pages\/16380\/revisions\/16395"}],"wp:attachment":[{"href":"https:\/\/www.le34.dk\/da\/wp-json\/wp\/v2\/media?parent=16380"}],"curies":[{"name":"wp","href":"https:\/\/api.w.org\/{rel}","templated":true}]}}