{"id":16079,"date":"2024-09-16T09:58:52","date_gmt":"2024-09-16T09:58:52","guid":{"rendered":"https:\/\/www.le34.dk\/?page_id=16079"},"modified":"2026-04-24T07:43:54","modified_gmt":"2026-04-24T07:43:54","slug":"le34-akademi","status":"publish","type":"page","link":"https:\/\/www.le34.dk\/da\/le34-akademi\/","title":{"rendered":"Kurser"},"content":{"rendered":"<p>Konference om Gr\u00f8n Trepart 2026<br \/>\nHortenDahl og LE34 byder p\u00e5 opl\u00e6g fra eksperter og praktikere, og du f\u00e5r del i deres erfaringer, arbejdsgange og indblik i det videre arbejde, n\u00e5r oml\u00e6gningsplanerne er p\u00e5 plads.<br \/>\nSted: Hellerup<br \/>\nDato: 26.11.2026<br \/>\nTid: 09.00 \u2013 16.30<br \/>\nPris: Gratis<br \/>\nUnderviser: HortenDahl og LE34<\/p>\n<p>L\u00e6s mere<\/p>\n<p>Vejforvaltningsret<br \/>\nF\u00e5 styr p\u00e5 de grundl\u00e6ggende forvaltningsretlige regler og deres samspil med vejlovgivningen. Kurset giver dig v\u00e6rkt\u00f8jerne til at h\u00e5ndtere myndighedsopgaver og tr\u00e6ffe juridisk korrekte afg\u00f8relser i arbejdet som vejmyndighed.<br \/>\nSted: Odense M.<br \/>\nDato: 01.10.2026<br \/>\nTid: 09.00 \u2013 16.00<br \/>\nPris: 2.500 ex. moms<br \/>\nUnderviser: Ren\u00e9 Aggersbjerg<\/p>\n<p>L\u00e6s mere<\/p>\n<p>Vejbidrag &#8211; betaling til vejanl\u00e6g<br \/>\nBliv klogere p\u00e5 vejlovens regler om vejbidrag, og hvordan du effektivt kan h\u00e5ndtere proceduren ved p\u00e5l\u00e6gning. L\u00e6r, hvilke vejanl\u00e6g og udgifter der kan d\u00e6kkes, hvordan bidraget fordeles, og hvilke grundejere der skal bidrage. Efter kurset er du klar til at skabe et solidt beslutningsgrundlag og sikre korrekt proces.<br \/>\nSted: Online<br \/>\nDato: 12.05.2026<br \/>\nTid: 09.00 \u2013 12.30<br \/>\nPris: 1.500,- ex. moms<br \/>\nUnderviser: Ren\u00e9 Aggersbjerg<\/p>\n<p>L\u00e6s mere<\/p>\n<p>S\u00e5dan g\u00f8r du, data fra LER<br \/>\nDette kursus giver forst\u00e5else for h\u00e5ndtering af data fra LER 2.0. Deltagerne l\u00e6rer at bruge systemets data effektivt for at sikre optimal h\u00e5ndtering af ledningspakker og minimere graveskader. Vi gennemg\u00e5r ogs\u00e5 HeyPipe\u2122, en digital platform, der forbedrer samarbejdet mellem forsyningsselskaber og entrepren\u00f8rer samt h\u00e5ndterer graveforesp\u00f8rgsler.<br \/>\nSted: Online<br \/>\nDato: 29.09.2026<br \/>\nTid: 10.00 \u2013 11.30<br \/>\nPris: 1.500 ex. moms<br \/>\nUnderviser: Torbj\u00f8rn Mandahl Pedersen og Rasmus Lindeneg Johansen<\/p>\n<p>L\u00e6s mere<\/p>\n<p>Nyheder fra den vejjuridiske verden<br \/>\nI mere end 10 \u00e5r har Ren\u00e9 Aggersbjerg skrevet artikelserien Nyheder fra den vejjuridiske verden i vejsektorens fagblad Trafik &#038; Veje. Nu tilbydes formatet som et halv\u00e5rligt webinar, hvor du kan f\u00e5 indsigt i afg\u00f8relser og domme, der har principiel betydning, samt en grundig pr\u00e6sentation af den nyeste praksis og diskussion af, hvordan den p\u00e5virker din sagsbehandling.<br \/>\nSted: Online<br \/>\nDato: 03.06.2026<br \/>\nTid: 10.00 \u2013 11.30<br \/>\nPris: 500,- ex. moms<br \/>\nUnderviser: Ren\u00e9 Aggersbjerg<\/p>\n<p>L\u00e6s mere<\/p>\n<p>\u00a0<\/p>\n<p>Har du brug for noget s\u00e6rligt? Vi sammens\u00e6tter skr\u00e6ddersyede kurser til vores kunder<\/p>\n<p>Lokalplanpligt, dispensationer og aflysning af lokalplaner<br \/>\nBliv klogere p\u00e5 lokalplanpligt, dispensationsmuligheder og aflysning af lokalplaner. Kurset giver dig konkret viden om planlovens regler og bedste praksis for byggeretsgivende lokalplansbestemmelser. Det kan desuden skr\u00e6ddersys til jeres kommune eller organisation.<\/p>\n<p>L\u00e6s mere<\/p>\n<p>Servitutter i lokalplanl\u00e6gningen<br \/>\nBliv klogere p\u00e5 forholdet mellem lokalplaner og servitutter. Kurset giver dig konkret viden om planlovens servitutregler samt v\u00e6rkt\u00f8jer til at h\u00e5ndtere form\u00e5ls- og indholdsuforenelige servitutter. Kurset kan desuden skr\u00e6ddersys til jeres kommune eller organisation.<\/p>\n<p>L\u00e6s mere<\/p>\n<p>Grundl\u00e6ggende forst\u00e5else for matrikul\u00e6rt arbejde<br \/>\nArbejder du i teknisk forvaltning, byggesagsbehandling eller arealadministration og oplever, at det matrikul\u00e6re omr\u00e5de kan virke komplekst og teknisk? P\u00e5 dette kursus hj\u00e6lper LE34 dig med at forst\u00e5 sammenh\u00e6ngen mellem matrikelkortet, skelretablering og bagvedliggende datagrundlag som ortofotos og m\u00e5leblade.<\/p>\n<p>L\u00e6s mere<\/p>\n<p>Effektiv anvendelse af QGIS i praksis<br \/>\nVil du blive bedre til at bruge QGIS i dit daglige arbejde? Uanset om du er ny bruger eller har arbejdet med QGIS i et stykke tid, f\u00e5r du her hands-on tr\u00e6ning i konkrete funktioner og arbejdsgange. Vi arbejder fysisk med dine egne data og problemstillinger og gennemg\u00e5r nyttige v\u00e6rkt\u00f8jer og metoder.<\/p>\n<p>L\u00e6s mere<\/p>\n<p>Overholdelse af LER \u2013 hvordan?<br \/>\nBliv klogere p\u00e5 dine forpligtelser som ledningsejer i forhold til at overholde LER-loven. Kurset giver dig konkret viden og kl\u00e6der dig p\u00e5 til at tage stilling til, hvordan I i din organisation indsamler, opbevarer og afleverer ledningsoplysninger til LER.<\/p>\n<p>L\u00e6s mere<\/p>\n<p>Salgsklar ejendom \u2013 kendskab til tekniske forhold ved ejendomshandler<br \/>\nArbejder du med salg og formidling af fast ejendom \u2013 og \u00f8nsker du et skarpere overblik over, hvilke tekniske forhold der kan v\u00e6re afg\u00f8rende for en tryg og effektiv handel? Kurset giver dig praktisk indsigt i, hvordan du sikrer korrekte oplysninger og et godt samarbejde med landinspekt\u00f8ren<\/p>\n<p>L\u00e6s mere<\/p>\n<p>Kommunal ekspropriation<br \/>\nBliv kl\u00e6dt p\u00e5 til at gennemf\u00f8re den kommunale ekspropriationsproces fra start til slut. P\u00e5 kurset f\u00e5r du indsigt i, hvordan du tilrettel\u00e6gger og gennemf\u00f8rer processen juridisk korrekt og praktisk effektivt \u2013 fra planl\u00e6gning til tinglysning og erstatning.<\/p>\n<p>L\u00e6s mere<\/p>\n<p> Introduktion til MyProperty\u2122<br \/>\nL\u00e6nge har det v\u00e6ret en udfordring at indhente data og skabe overblik over en ejendom, derfor udviklede vi MyProperty\u2122. MyProperty\u2122 samler alle ejendomsdata \u00e9t sted og g\u00f8r dem let tilg\u00e6ngelige i en visning. Data opdateres dagligt fra flere kilder, og du kan gemme og dele filtre samt integrere l\u00f8sningen i andre systemer. Som noget nyt er der kommet et tilf\u00f8jelsesprogram til MyProperty\u2122 som hj\u00e6lper med at g\u00e5 servitutter igennem systematisk for er projektomr\u00e5de og lave servituterkl\u00e6ringer direkte fra MyProperty.<\/p>\n<p>L\u00e6s mere<\/p>\n<p>Styrk dit faglige netv\u00e6rk og kom med til sp\u00e6ndende arrangementer<\/p>\n<p>Erfaringsnetv\u00e6rket &#8211; Vejfaglige Netv\u00e6rk<br \/>\nVejfaglige netv\u00e6rk er et forum, hvor vejfolk kan m\u00f8de fagf\u00e6ller fra andre kommuner, udveksle erfaringer og h\u00f8re om den nyeste udvikling p\u00e5 det vejjuridiske og ekspropriationsretlige omr\u00e5de.<br \/>\nL\u00e6s mere om Vejfaglige Netv\u00e6rk her<\/p>\n<p>Erfaringsnetv\u00e6rket &#8211; Fremtidens Forsyning<br \/>\nM\u00f8d kollegaer i hele forsyningsbranchen p\u00e5 tv\u00e6rs af landet og bliv opdateret p\u00e5 den nyeste lovgivning og de nyeste digitale muligheder. LE34 faciliterer erfaringsnetv\u00e6rket Fremtidens Forsyning for ansatte i forsyningsselskaber.<br \/>\nL\u00e6s mere om Fremtidens Forsyning her<\/p>\n","protected":false},"excerpt":{"rendered":"<p>Konference om Gr\u00f8n Trepart 2026 HortenDahl og LE34 byder p\u00e5 opl\u00e6g fra eksperter og praktikere, og du f\u00e5r del i deres erfaringer, arbejdsgange og indblik i det videre arbejde, n\u00e5r oml\u00e6gningsplanerne er p\u00e5 plads. Sted: Hellerup Dato: 26.11.2026 Tid: 09.00 \u2013 16.30 Pris: Gratis Underviser: HortenDahl og LE34 L\u00e6s mere Vejforvaltningsret F\u00e5 styr p\u00e5 de [&hellip;]<\/p>\n","protected":false},"author":8,"featured_media":0,"parent":0,"menu_order":0,"comment_status":"closed","ping_status":"closed","template":"","meta":{"_acf_changed":false,"footnotes":""},"class_list":["post-16079","page","type-page","status-publish","hentry"],"acf":[],"yoast_head":"<!-- This site is optimized with the Yoast SEO plugin v27.4 - https:\/\/yoast.com\/product\/yoast-seo-wordpress\/ -->\n<title>Kurser - LE34<\/title>\n<meta name=\"robots\" content=\"index, follow, max-snippet:-1, max-image-preview:large, max-video-preview:-1\" \/>\n<link rel=\"canonical\" href=\"https:\/\/www.le34.dk\/da\/le34-akademi\/\" \/>\n<meta property=\"og:locale\" content=\"da_DK\" \/>\n<meta property=\"og:type\" content=\"article\" \/>\n<meta property=\"og:title\" content=\"Kurser - LE34\" \/>\n<meta property=\"og:description\" content=\"Konference om Gr\u00f8n Trepart 2026 HortenDahl og LE34 byder p\u00e5 opl\u00e6g fra eksperter og praktikere, og du f\u00e5r del i deres erfaringer, arbejdsgange og indblik i det videre arbejde, n\u00e5r oml\u00e6gningsplanerne er p\u00e5 plads. Sted: Hellerup Dato: 26.11.2026 Tid: 09.00 \u2013 16.30 Pris: Gratis Underviser: HortenDahl og LE34 L\u00e6s mere Vejforvaltningsret F\u00e5 styr p\u00e5 de [&hellip;]\" \/>\n<meta property=\"og:url\" content=\"https:\/\/www.le34.dk\/da\/le34-akademi\/\" \/>\n<meta property=\"og:site_name\" content=\"LE34\" \/>\n<meta property=\"article:modified_time\" content=\"2026-04-24T07:43:54+00:00\" \/>\n<meta name=\"twitter:card\" content=\"summary_large_image\" \/>\n<meta name=\"twitter:label1\" content=\"Estimeret l\u00e6setid\" \/>\n\t<meta name=\"twitter:data1\" content=\"10 minutter\" \/>\n<script type=\"application\/ld+json\" class=\"yoast-schema-graph\">{\"@context\":\"https:\\\/\\\/schema.org\",\"@graph\":[{\"@type\":\"WebPage\",\"@id\":\"https:\\\/\\\/www.le34.dk\\\/da\\\/le34-akademi\\\/\",\"url\":\"https:\\\/\\\/www.le34.dk\\\/da\\\/le34-akademi\\\/\",\"name\":\"Kurser - LE34\",\"isPartOf\":{\"@id\":\"https:\\\/\\\/www.le34.dk\\\/da\\\/#website\"},\"datePublished\":\"2024-09-16T09:58:52+00:00\",\"dateModified\":\"2026-04-24T07:43:54+00:00\",\"breadcrumb\":{\"@id\":\"https:\\\/\\\/www.le34.dk\\\/da\\\/le34-akademi\\\/#breadcrumb\"},\"inLanguage\":\"da-DK\",\"potentialAction\":[{\"@type\":\"ReadAction\",\"target\":[\"https:\\\/\\\/www.le34.dk\\\/da\\\/le34-akademi\\\/\"]}]},{\"@type\":\"BreadcrumbList\",\"@id\":\"https:\\\/\\\/www.le34.dk\\\/da\\\/le34-akademi\\\/#breadcrumb\",\"itemListElement\":[{\"@type\":\"ListItem\",\"position\":1,\"name\":\"Home\",\"item\":\"https:\\\/\\\/www.le34.dk\\\/da\\\/\"},{\"@type\":\"ListItem\",\"position\":2,\"name\":\"Kurser\"}]},{\"@type\":\"WebSite\",\"@id\":\"https:\\\/\\\/www.le34.dk\\\/da\\\/#website\",\"url\":\"https:\\\/\\\/www.le34.dk\\\/da\\\/\",\"name\":\"LE34\",\"description\":\"\",\"potentialAction\":[{\"@type\":\"SearchAction\",\"target\":{\"@type\":\"EntryPoint\",\"urlTemplate\":\"https:\\\/\\\/www.le34.dk\\\/da\\\/?s={search_term_string}\"},\"query-input\":{\"@type\":\"PropertyValueSpecification\",\"valueRequired\":true,\"valueName\":\"search_term_string\"}}],\"inLanguage\":\"da-DK\"}]}<\/script>\n<!-- \/ Yoast SEO plugin. -->","yoast_head_json":{"title":"Kurser - LE34","robots":{"index":"index","follow":"follow","max-snippet":"max-snippet:-1","max-image-preview":"max-image-preview:large","max-video-preview":"max-video-preview:-1"},"canonical":"https:\/\/www.le34.dk\/da\/le34-akademi\/","og_locale":"da_DK","og_type":"article","og_title":"Kurser - LE34","og_description":"Konference om Gr\u00f8n Trepart 2026 HortenDahl og LE34 byder p\u00e5 opl\u00e6g fra eksperter og praktikere, og du f\u00e5r del i deres erfaringer, arbejdsgange og indblik i det videre arbejde, n\u00e5r oml\u00e6gningsplanerne er p\u00e5 plads. Sted: Hellerup Dato: 26.11.2026 Tid: 09.00 \u2013 16.30 Pris: Gratis Underviser: HortenDahl og LE34 L\u00e6s mere Vejforvaltningsret F\u00e5 styr p\u00e5 de [&hellip;]","og_url":"https:\/\/www.le34.dk\/da\/le34-akademi\/","og_site_name":"LE34","article_modified_time":"2026-04-24T07:43:54+00:00","twitter_card":"summary_large_image","twitter_misc":{"Estimeret l\u00e6setid":"10 minutter"},"schema":{"@context":"https:\/\/schema.org","@graph":[{"@type":"WebPage","@id":"https:\/\/www.le34.dk\/da\/le34-akademi\/","url":"https:\/\/www.le34.dk\/da\/le34-akademi\/","name":"Kurser - LE34","isPartOf":{"@id":"https:\/\/www.le34.dk\/da\/#website"},"datePublished":"2024-09-16T09:58:52+00:00","dateModified":"2026-04-24T07:43:54+00:00","breadcrumb":{"@id":"https:\/\/www.le34.dk\/da\/le34-akademi\/#breadcrumb"},"inLanguage":"da-DK","potentialAction":[{"@type":"ReadAction","target":["https:\/\/www.le34.dk\/da\/le34-akademi\/"]}]},{"@type":"BreadcrumbList","@id":"https:\/\/www.le34.dk\/da\/le34-akademi\/#breadcrumb","itemListElement":[{"@type":"ListItem","position":1,"name":"Home","item":"https:\/\/www.le34.dk\/da\/"},{"@type":"ListItem","position":2,"name":"Kurser"}]},{"@type":"WebSite","@id":"https:\/\/www.le34.dk\/da\/#website","url":"https:\/\/www.le34.dk\/da\/","name":"LE34","description":"","potentialAction":[{"@type":"SearchAction","target":{"@type":"EntryPoint","urlTemplate":"https:\/\/www.le34.dk\/da\/?s={search_term_string}"},"query-input":{"@type":"PropertyValueSpecification","valueRequired":true,"valueName":"search_term_string"}}],"inLanguage":"da-DK"}]}},"_links":{"self":[{"href":"https:\/\/www.le34.dk\/da\/wp-json\/wp\/v2\/pages\/16079","targetHints":{"allow":["GET"]}}],"collection":[{"href":"https:\/\/www.le34.dk\/da\/wp-json\/wp\/v2\/pages"}],"about":[{"href":"https:\/\/www.le34.dk\/da\/wp-json\/wp\/v2\/types\/page"}],"author":[{"embeddable":true,"href":"https:\/\/www.le34.dk\/da\/wp-json\/wp\/v2\/users\/8"}],"replies":[{"embeddable":true,"href":"https:\/\/www.le34.dk\/da\/wp-json\/wp\/v2\/comments?post=16079"}],"version-history":[{"count":112,"href":"https:\/\/www.le34.dk\/da\/wp-json\/wp\/v2\/pages\/16079\/revisions"}],"predecessor-version":[{"id":21272,"href":"https:\/\/www.le34.dk\/da\/wp-json\/wp\/v2\/pages\/16079\/revisions\/21272"}],"wp:attachment":[{"href":"https:\/\/www.le34.dk\/da\/wp-json\/wp\/v2\/media?parent=16079"}],"curies":[{"name":"wp","href":"https:\/\/api.w.org\/{rel}","templated":true}]}}