{"id":15867,"date":"2024-08-18T19:05:00","date_gmt":"2024-08-18T19:05:00","guid":{"rendered":"https:\/\/www.le34.dk\/?page_id=15867"},"modified":"2024-09-03T07:49:04","modified_gmt":"2024-09-03T07:49:04","slug":"betaling-for-arbejder-og-foranstaltninger","status":"publish","type":"page","link":"https:\/\/www.le34.dk\/da\/betaling-for-arbejder-og-foranstaltninger\/","title":{"rendered":"Betaling for arbejder og foranstaltninger p\u00e5 en privat f\u00e6llesvej som vilk\u00e5r for en adgangstilladelse"},"content":{"rendered":"<p>03.09.2024<br \/>\nGrundejerne havde s\u00f8gt kommunen om tilladelse til at etablere en adgang til en privat f\u00e6llesvej. Ved siden af grundejernes ejendom l\u00e5 der en skolesti, som mundede ud i den private f\u00e6llesvej. Kommunen traf afg\u00f8relse i sagen og meddelte tilladelse til at etablere adgangen med flere betingelser, herunder at der skulle ops\u00e6ttes en bom p\u00e5 skolestien ved stiens udmunding i den private f\u00e6llesvej. Kommunen ville selv st\u00e5 for indk\u00f8b og ops\u00e6tning af bommen, men grundejerne skulle afholde udgifterne. Afg\u00f8relsen blev truffet med henvisning til privatvejslovens \u00a7 62, stk. 1 og 3.<\/p>\n<p>Kommunens afg\u00f8relse blev p\u00e5klaget til Vejdirektoratet af grundejerne, som hverken \u00f8nskede at betale for bommen eller ops\u00e6tningen af bommen. I klagen gjorde grundejerne blandt andet g\u00e6ldende, at der var tale om en genetablering af en gammel indk\u00f8rsel. Grundejerne mente derfor, at der var tale om en tidligere erhvervet ret, der ikke burde indskr\u00e6nkes, selv om indk\u00f8rslen ikke havde v\u00e6ret benyttet af den tidligere ejer i en \u00e5rr\u00e6kke. Det blev ogs\u00e5 gjort g\u00e6ldende, at der ikke var tale om en skolesti, men blot en almindelig offentlig sti. At der var opsat bom i den anden ende af stien, hvor stien mundede ud i en offentlig vej, m\u00e5tte efter grundejernes opfattelse skyldes, at kommunen ans\u00e5 den offentlige vej som farlig.<br \/>\nI forbindelse med Vejdirektoratets behandling af klagen oplyste kommunen, at kravet om ops\u00e6tning af bom var begrundet i hensynet til stitrafikanterne, idet den nye adgang skulle etableres mindre end en halv meter fra stiudmundingen. Det var derfor kommunens vurdering, at der var stor risiko for sammenst\u00f8d med stitrafikanterne. Kommunen mente ikke, at der var andre muligheder for at etablere adgang til grundejernes ejendom.<\/p>\n<p>Vejdirektoratets afg\u00f8relse<br \/>\nI afg\u00f8relsen konstaterede Vejdirektoratet indledningsvis, at kommunen ved behandling af en ans\u00f8gning efter privatvejslovens \u00a7 62 alene skal tage stilling til, om almene, offentligretlige hensyn \u2013 f\u00f8rst og fremmest hensynet til den almene trafik og vejtekniske hensyn \u2013 taler imod en tilladelse til anl\u00e6g af ny vejadgang.<br \/>\nDerefter konstaterede Vejdirektoratet, at bestemmelsen i privatvejslovens \u00a7 62, stk. 3, svarer til vejlovens\u00a0\u00a7 49, stk. 4, om adgange til offentlige veje, og at vejmyndigheden s\u00e5ledes kan fasts\u00e6tte vilk\u00e5r om adgangens n\u00e6rmere placering, udformning og anvendelse, n\u00e5r det sk\u00f8nnes p\u00e5kr\u00e6vet af vejtekniske eller f\u00e6rdselsm\u00e6ssige grunde.<br \/>\nPrivatvejslovens \u00a7 62 indeholder derimod ikke en bestemmelse svarende til vejlovens \u00a7 49, stk. 5 og 6. Med hjemmel i disse bestemmelser, kan vejmyndigheden for en offentlig vej stille som vilk\u00e5r for en adgangstilladelse til en offentlig vej, at den offentlige vej ombygges med midterrabat, kanalisering, lyssignal og lignende, n\u00e5r det p\u00e5 grund af en adgang er trafikalt n\u00f8dvendigt. Vejmyndigheden kan kr\u00e6ve, at udgifterne til en s\u00e5dan foranstaltning afholdes af ans\u00f8geren, n\u00e5r disse udgifter st\u00e5r i et rimeligt forhold til de fordele, som ans\u00f8geren opn\u00e5r ved adgangstilladelsen.<br \/>\nDa privatvejsloven s\u00e5ledes ikke indeholder en tilsvarende bestemmelse, mente Vejdirektoratet ikke, at kommunen med hjemmel i privatvejslovens \u00a7 62 kunne kr\u00e6ve, at grundejerne skulle afholde udgifterne til etableringen af den omhandlede stibom.<br \/>\nDa kommunens afg\u00f8relse om, at der som et vilk\u00e5r for adgangstilladelsen skal etableres en stibom ude p\u00e5 den private f\u00e6llesvej, ikke havde hjemmel i privatvejslovens \u00a7 62, og da kommunen i \u00f8vrigt heller ikke havde iagttaget sin pligt til at partsh\u00f8re grundejerne, blev kommunens afg\u00f8relse oph\u00e6vet som ulovlig og hjemvist til fornyet behandling.<br \/>\nI forbindelse med den fornyede sagsbehandling bad Vejdirektoratet kommunen om at v\u00e6re mere pr\u00e6cis med hjemlen for afg\u00f8relsen, partsh\u00f8re ejeren af vejarealet og ogs\u00e5 ledsage afg\u00f8relsen med en fyldestg\u00f8rende begrundelse.<br \/>\nAfslutningsvis henledte Vejdirektoratet kommunens opm\u00e6rksomhed p\u00e5, at man som vejberettiget grundejer ikke har krav p\u00e5\u00a0k\u00f8rende\u00a0adgang til sin ejendom.<\/p>\n<p>Konklusion og bem\u00e6rkninger<br \/>\nDet m\u00e5 p\u00e5 baggrund af Vejdirektoratets afg\u00f8relse konkluderes, at kommunen som vejmyndighed alene kan stille vilk\u00e5r om den n\u00e6rmere placering, udformning og anvendelse af adgangen, n\u00e5r kommunen behandler en ans\u00f8gning om tilladelse til at etablere en adgang til en privat f\u00e6llesvej.<br \/>\nDet fremg\u00e5r ikke af Vejdirektoratets afg\u00f8relse, hvorfor kommunen ikke mente, at der kunne etableres adgang til grundejernes ejendom andre steder. Men havde det v\u00e6ret en mulighed, ville kommunen med hjemmel i privatvejslovens \u00a7 62, stk. 3, kunne bestemme, at adgangen skulle placeres et andet sted. Kommunen ville ogs\u00e5 kunne stille krav til udformningen af selve adgangen (men alts\u00e5 ikke til udformning \u2013 eller ombygning \u2013 af den private f\u00e6llesvej eller andre arbejder p\u00e5 den private f\u00e6llesvej). Endelig ville kommunen \u2013 som Vejdirektoratet ogs\u00e5 konstaterer \u2013 kunne bestemme, at adgangen ikke m\u00e5tte bruges som k\u00f8rende adgang, hvilket dog i betragtning af, at grundejerne havde s\u00f8gt om tilladelse, fordi de \u00f8nskede at parkere deres biler p\u00e5 ejendommen, n\u00e6ppe ville v\u00e6re en l\u00f8sning.<br \/>\nI et afsnit om hvilke regler der g\u00e6lder, omtaler Vejdirektoratet ogs\u00e5 reglerne i privatvejslovens \u00a7 57 om f\u00e6rdselsregulering. Her konstaterer Vejdirektoratet, at kommunen med hjemmel i privatvejslovens \u00a7 57, stk. 2, kan bestemme, at der p\u00e5 en privat f\u00e6llesvej skal etableres f\u00e6rdselsregulering, hvis almene, offentligretlige hensyn taler for den p\u00e5g\u00e6ldende f\u00e6rdselsregulering. Det fremg\u00e5r dog ogs\u00e5 direkte af bestemmelsen, at det er kommunen der skal afholde udgifterne. Bestemmelsen giver s\u00e5ledes ikke hjemmel til at l\u00e6gge udgiften over p\u00e5 grundejerne og er derfor ikke relevant, n\u00e5r kommunen \u00f8nsker, at grundejerne skal betale for bommen.<br \/>\nKun hvis foranstaltningerne i det v\u00e6sentlige etableres for at forbedre det trafikale milj\u00f8 p\u00e5 vejen, f.eks. ved etablering af opholds- eller legeomr\u00e5der eller omr\u00e5der med fartd\u00e6mpning, kan kommunen med hjemmel i \u00a7 57, stk. 3, bestemme, at udgifterne skal afholdes af grundejerne. Det vil dog i givet fald v\u00e6re alle de vedligeholdelsespligtige grundejere. Det synes dog ikke umiddelbart indlysende, at en stibom, der skal ops\u00e6ttes p\u00e5 baggrund af en enkelt grundejers \u00f8nske om at etablere en adgang ved siden af en sti, ops\u00e6ttes for at forbedre det trafikale milj\u00f8 p\u00e5 vejen. Desuden vil bommen formentlig skulle ops\u00e6ttes p\u00e5 den offentlige sti \u2013 ikke p\u00e5 den private f\u00e6llesvej.<br \/>\nKonklusionen m\u00e5 herefter v\u00e6re, at det som udgangspunkt ikke er muligt at bestemme, at en grundejer som vilk\u00e5r for en tilladelse til at etablere en adgang til en privat f\u00e6llesvej skal betale for arbejder p\u00e5 vejen, der ikke har en direkte sammenh\u00e6ng med selve adgangen.<br \/>\nHvis du har sp\u00f8rgsm\u00e5l til artiklen kan du kontakte Ren\u00e9 Aggersbjerg.<\/p>\n<p>Se alle nyheder fra Vejjura<\/p>\n<p>Kontakt eksperterne<\/p>\n<p>Kenneth Holme Poulsen<br \/>\nVibeke St\u00e6rdahl Nielsen<br \/>\nGert M. Henningsen<br \/>\nJonathan Overgaard Markman<br \/>\nRen\u00e9 Aggersbjerg<br \/>\nS\u00f8ren Henriksen<br \/>\nThomas Normann Asmussen<br \/>\nErik Jeppesen<br \/>\nMartin Korgaard<br \/>\nDaniel Lundeman Lind<\/p>\n","protected":false},"excerpt":{"rendered":"<p>03.09.2024 Grundejerne havde s\u00f8gt kommunen om tilladelse til at etablere en adgang til en privat f\u00e6llesvej. Ved siden af grundejernes ejendom l\u00e5 der en skolesti, som mundede ud i den private f\u00e6llesvej. Kommunen traf afg\u00f8relse i sagen og meddelte tilladelse til at etablere adgangen med flere betingelser, herunder at der skulle ops\u00e6ttes en bom p\u00e5 [&hellip;]<\/p>\n","protected":false},"author":11,"featured_media":0,"parent":0,"menu_order":0,"comment_status":"closed","ping_status":"closed","template":"","meta":{"_acf_changed":false,"footnotes":""},"class_list":["post-15867","page","type-page","status-publish","hentry"],"acf":[],"yoast_head":"<!-- This site is optimized with the Yoast SEO plugin v27.4 - https:\/\/yoast.com\/product\/yoast-seo-wordpress\/ -->\n<title>Betaling for arbejder og foranstaltninger p\u00e5 en privat f\u00e6llesvej<\/title>\n<meta name=\"robots\" content=\"index, follow, max-snippet:-1, max-image-preview:large, max-video-preview:-1\" \/>\n<link rel=\"canonical\" href=\"https:\/\/www.le34.dk\/da\/betaling-for-arbejder-og-foranstaltninger\/\" \/>\n<meta property=\"og:locale\" content=\"da_DK\" \/>\n<meta property=\"og:type\" content=\"article\" \/>\n<meta property=\"og:title\" content=\"Betaling for arbejder og foranstaltninger p\u00e5 en privat f\u00e6llesvej\" \/>\n<meta property=\"og:description\" content=\"03.09.2024 Grundejerne havde s\u00f8gt kommunen om tilladelse til at etablere en adgang til en privat f\u00e6llesvej. Ved siden af grundejernes ejendom l\u00e5 der en skolesti, som mundede ud i den private f\u00e6llesvej. Kommunen traf afg\u00f8relse i sagen og meddelte tilladelse til at etablere adgangen med flere betingelser, herunder at der skulle ops\u00e6ttes en bom p\u00e5 [&hellip;]\" \/>\n<meta property=\"og:url\" content=\"https:\/\/www.le34.dk\/da\/betaling-for-arbejder-og-foranstaltninger\/\" \/>\n<meta property=\"og:site_name\" content=\"LE34\" \/>\n<meta property=\"article:modified_time\" content=\"2024-09-03T07:49:04+00:00\" \/>\n<meta name=\"twitter:card\" content=\"summary_large_image\" \/>\n<meta name=\"twitter:label1\" content=\"Estimeret l\u00e6setid\" \/>\n\t<meta name=\"twitter:data1\" content=\"13 minutter\" \/>\n<script type=\"application\/ld+json\" class=\"yoast-schema-graph\">{\"@context\":\"https:\\\/\\\/schema.org\",\"@graph\":[{\"@type\":\"WebPage\",\"@id\":\"https:\\\/\\\/www.le34.dk\\\/da\\\/betaling-for-arbejder-og-foranstaltninger\\\/\",\"url\":\"https:\\\/\\\/www.le34.dk\\\/da\\\/betaling-for-arbejder-og-foranstaltninger\\\/\",\"name\":\"Betaling for arbejder og foranstaltninger p\u00e5 en privat f\u00e6llesvej\",\"isPartOf\":{\"@id\":\"https:\\\/\\\/www.le34.dk\\\/da\\\/#website\"},\"datePublished\":\"2024-08-18T19:05:00+00:00\",\"dateModified\":\"2024-09-03T07:49:04+00:00\",\"breadcrumb\":{\"@id\":\"https:\\\/\\\/www.le34.dk\\\/da\\\/betaling-for-arbejder-og-foranstaltninger\\\/#breadcrumb\"},\"inLanguage\":\"da-DK\",\"potentialAction\":[{\"@type\":\"ReadAction\",\"target\":[\"https:\\\/\\\/www.le34.dk\\\/da\\\/betaling-for-arbejder-og-foranstaltninger\\\/\"]}]},{\"@type\":\"BreadcrumbList\",\"@id\":\"https:\\\/\\\/www.le34.dk\\\/da\\\/betaling-for-arbejder-og-foranstaltninger\\\/#breadcrumb\",\"itemListElement\":[{\"@type\":\"ListItem\",\"position\":1,\"name\":\"Home\",\"item\":\"https:\\\/\\\/www.le34.dk\\\/da\\\/\"},{\"@type\":\"ListItem\",\"position\":2,\"name\":\"Betaling for arbejder og foranstaltninger p\u00e5 en privat f\u00e6llesvej som vilk\u00e5r for en adgangstilladelse\"}]},{\"@type\":\"WebSite\",\"@id\":\"https:\\\/\\\/www.le34.dk\\\/da\\\/#website\",\"url\":\"https:\\\/\\\/www.le34.dk\\\/da\\\/\",\"name\":\"LE34\",\"description\":\"\",\"potentialAction\":[{\"@type\":\"SearchAction\",\"target\":{\"@type\":\"EntryPoint\",\"urlTemplate\":\"https:\\\/\\\/www.le34.dk\\\/da\\\/?s={search_term_string}\"},\"query-input\":{\"@type\":\"PropertyValueSpecification\",\"valueRequired\":true,\"valueName\":\"search_term_string\"}}],\"inLanguage\":\"da-DK\"}]}<\/script>\n<!-- \/ Yoast SEO plugin. -->","yoast_head_json":{"title":"Betaling for arbejder og foranstaltninger p\u00e5 en privat f\u00e6llesvej","robots":{"index":"index","follow":"follow","max-snippet":"max-snippet:-1","max-image-preview":"max-image-preview:large","max-video-preview":"max-video-preview:-1"},"canonical":"https:\/\/www.le34.dk\/da\/betaling-for-arbejder-og-foranstaltninger\/","og_locale":"da_DK","og_type":"article","og_title":"Betaling for arbejder og foranstaltninger p\u00e5 en privat f\u00e6llesvej","og_description":"03.09.2024 Grundejerne havde s\u00f8gt kommunen om tilladelse til at etablere en adgang til en privat f\u00e6llesvej. Ved siden af grundejernes ejendom l\u00e5 der en skolesti, som mundede ud i den private f\u00e6llesvej. Kommunen traf afg\u00f8relse i sagen og meddelte tilladelse til at etablere adgangen med flere betingelser, herunder at der skulle ops\u00e6ttes en bom p\u00e5 [&hellip;]","og_url":"https:\/\/www.le34.dk\/da\/betaling-for-arbejder-og-foranstaltninger\/","og_site_name":"LE34","article_modified_time":"2024-09-03T07:49:04+00:00","twitter_card":"summary_large_image","twitter_misc":{"Estimeret l\u00e6setid":"13 minutter"},"schema":{"@context":"https:\/\/schema.org","@graph":[{"@type":"WebPage","@id":"https:\/\/www.le34.dk\/da\/betaling-for-arbejder-og-foranstaltninger\/","url":"https:\/\/www.le34.dk\/da\/betaling-for-arbejder-og-foranstaltninger\/","name":"Betaling for arbejder og foranstaltninger p\u00e5 en privat f\u00e6llesvej","isPartOf":{"@id":"https:\/\/www.le34.dk\/da\/#website"},"datePublished":"2024-08-18T19:05:00+00:00","dateModified":"2024-09-03T07:49:04+00:00","breadcrumb":{"@id":"https:\/\/www.le34.dk\/da\/betaling-for-arbejder-og-foranstaltninger\/#breadcrumb"},"inLanguage":"da-DK","potentialAction":[{"@type":"ReadAction","target":["https:\/\/www.le34.dk\/da\/betaling-for-arbejder-og-foranstaltninger\/"]}]},{"@type":"BreadcrumbList","@id":"https:\/\/www.le34.dk\/da\/betaling-for-arbejder-og-foranstaltninger\/#breadcrumb","itemListElement":[{"@type":"ListItem","position":1,"name":"Home","item":"https:\/\/www.le34.dk\/da\/"},{"@type":"ListItem","position":2,"name":"Betaling for arbejder og foranstaltninger p\u00e5 en privat f\u00e6llesvej som vilk\u00e5r for en adgangstilladelse"}]},{"@type":"WebSite","@id":"https:\/\/www.le34.dk\/da\/#website","url":"https:\/\/www.le34.dk\/da\/","name":"LE34","description":"","potentialAction":[{"@type":"SearchAction","target":{"@type":"EntryPoint","urlTemplate":"https:\/\/www.le34.dk\/da\/?s={search_term_string}"},"query-input":{"@type":"PropertyValueSpecification","valueRequired":true,"valueName":"search_term_string"}}],"inLanguage":"da-DK"}]}},"_links":{"self":[{"href":"https:\/\/www.le34.dk\/da\/wp-json\/wp\/v2\/pages\/15867","targetHints":{"allow":["GET"]}}],"collection":[{"href":"https:\/\/www.le34.dk\/da\/wp-json\/wp\/v2\/pages"}],"about":[{"href":"https:\/\/www.le34.dk\/da\/wp-json\/wp\/v2\/types\/page"}],"author":[{"embeddable":true,"href":"https:\/\/www.le34.dk\/da\/wp-json\/wp\/v2\/users\/11"}],"replies":[{"embeddable":true,"href":"https:\/\/www.le34.dk\/da\/wp-json\/wp\/v2\/comments?post=15867"}],"version-history":[{"count":14,"href":"https:\/\/www.le34.dk\/da\/wp-json\/wp\/v2\/pages\/15867\/revisions"}],"predecessor-version":[{"id":15983,"href":"https:\/\/www.le34.dk\/da\/wp-json\/wp\/v2\/pages\/15867\/revisions\/15983"}],"wp:attachment":[{"href":"https:\/\/www.le34.dk\/da\/wp-json\/wp\/v2\/media?parent=15867"}],"curies":[{"name":"wp","href":"https:\/\/api.w.org\/{rel}","templated":true}]}}