{"id":1494,"date":"2020-04-21T10:20:08","date_gmt":"2020-04-21T10:20:08","guid":{"rendered":"https:\/\/www.le34.dk\/le34-styrker-indsatsen-multifunktionel-jordfordeling\/"},"modified":"2024-01-15T14:58:02","modified_gmt":"2024-01-15T14:58:02","slug":"le34-styrker-indsatsen-multifunktionel-jordfordeling","status":"publish","type":"page","link":"https:\/\/www.le34.dk\/da\/le34-styrker-indsatsen-multifunktionel-jordfordeling\/","title":{"rendered":"LE34 styrker indsatsen for multifunktionel jordfordeling"},"content":{"rendered":"<p>Jordfordelinger f\u00f8rer til permanente \u00e6ndringer af landskabet<br \/>\nMultifunktionel jordfordeling er det redskab, der skal forandre store dele af det danske landskab i den n\u00e6rmeste fremtid for at l\u00f8se behovet for klimatilpasninger og de \u00f8vrige pladskr\u00e6vende udfordringer.<br \/>\nDet er der bred opbakning til fra b\u00e5de fagfolk og politikere: Regeringen har afsat to milliarder kroner p\u00e5 finansloven til udtagning af lavbundsjorde i de kommende \u00e5r. Det er vores forventning, af udm\u00f8ntningen af dette bel\u00f8b vil f\u00f8re til en r\u00e6kke jordfordelinger med multifunktionelt sigte.<\/p>\n<p>St\u00e6rke kompetencer bliver styrket med ny kollega<br \/>\nI LE34 er vi enige i, at multifunktionelle jordfordelinger er et effektivt redskab til at gennemf\u00f8re permanente \u00e6ndringer i den m\u00e5de, vi anvender Danmarks arealer p\u00e5. Derfor har vi valgt at styrke vores indsats ved at ans\u00e6tte endnu en ekspert i jordfordeling: landinspekt\u00f8r Sophie Dige Iversen.<br \/>\nHun har en omfattende viden og praktisk erfaring med gennemf\u00f8relse af jordfordelingsprojekter gennem de seneste seks \u00e5r \u2013 blandt andet med multifunktionel arealanvendelse og beskyttelse af drikkevand som form\u00e5l.<\/p>\n<p>Sophie Dige Iversen, landinspekt\u00f8r<br \/>\n\u201dMit hjerte banker for respekt og realistiske l\u00f8sninger. Det er m\u00f8det med den enkelte lodsejer og respekten for deres ejendom og virke, der udg\u00f8r fundamentet for, at der kan skabes realistiske l\u00f8sninger. Jordfordelinger som ikke kun gavner \u00e9t form\u00e5l, som for eksempel, beskyttelse af drikkevand, men ogs\u00e5 gavner et helt lokalsamfund, fordi der bliver rejst skov.\u201d<\/p>\n<p>Gert Henningsen, landinspekt\u00f8r og forretningschef for Ekspropriation &#038; Jura<br \/>\n\u201cLE34 faciliterer processen ved at identificere relevante interessenter, kvalificere indholdet af den multifunktionelle arealanvendelse i forhold til de opsatte nationale interesser og ved at udarbejde ans\u00f8gningsmaterialet.\u201d<\/p>\n<p>Kom i m\u00e5l med hj\u00e6lp fra LE34<br \/>\nSom landinspekt\u00f8rer hj\u00e6lper vi med at gennemf\u00f8re multifunktionelle jordfordelinger, s\u00e5 behovet og \u00f8nsket om multifunktionel arealanvendelse rent faktisk lykkes. Vi er med f\u00f8r, under og efter den multifunktionelle jordfordeling.<br \/>\nF\u00f8r: Det afg\u00f8rende fundament skabes i form af f\u00e6lles fodslag og gensidig forst\u00e5else blandt alle involverede interessenter \u2013 fra landmanden til den lokale l\u00f8beklub.<br \/>\nUnder: Det er afg\u00f8rende at v\u00e6re helt fremme i skoene og sikre, at samtlige tidsfrister bliver overholdt til punkt og prikke.<br \/>\nEfter: Det er udelukkende et landinspekt\u00f8rfirma, der m\u00e5 gennemf\u00f8re den matrikul\u00e6re berigtigelse, s\u00e5 alle de nye ejendomsgr\u00e6nser bliver registret, og de nye ejere f\u00e5r papir p\u00e5 deres ejendom.<\/p>\n<p>Derfor har vi behov for mere plads &#8211; jordreform p\u00e5 vej<br \/>\nVi arbejder i \u00f8jeblikket p\u00e5 store jordfordelinger i Jylland<\/p>\n<p>M\u00f8d eksperterne<\/p>\n<p>Gert M. Henningsen<br \/>\nJes Juhl J\u00f8rgensen<br \/>\nJonathan Overgaard Markman<br \/>\nKnud E. Klausen<br \/>\nMartin Nyvang<br \/>\nMorten Andersen<\/p>\n","protected":false},"excerpt":{"rendered":"<p>Jordfordelinger f\u00f8rer til permanente \u00e6ndringer af landskabet Multifunktionel jordfordeling er det redskab, der skal forandre store dele af det danske landskab i den n\u00e6rmeste fremtid for at l\u00f8se behovet for klimatilpasninger og de \u00f8vrige pladskr\u00e6vende udfordringer. Det er der bred opbakning til fra b\u00e5de fagfolk og politikere: Regeringen har afsat to milliarder kroner p\u00e5 finansloven [&hellip;]<\/p>\n","protected":false},"author":3,"featured_media":0,"parent":0,"menu_order":0,"comment_status":"closed","ping_status":"closed","template":"","meta":{"_acf_changed":false,"footnotes":""},"class_list":["post-1494","page","type-page","status-publish","hentry"],"acf":[],"yoast_head":"<!-- This site is optimized with the Yoast SEO plugin v27.5 - https:\/\/yoast.com\/product\/yoast-seo-wordpress\/ -->\n<title>LE34 styrker indsatsen for multifunktionel jordfordeling med ny kollega<\/title>\n<meta name=\"description\" content=\"I LE34 er vi overbeviste om potentialet for samfundet i at gennemf\u00f8re multifunktionelle jordfordelingsprojekter - f\u00f8rer til \u00e6ndringer af landskabet\" \/>\n<meta name=\"robots\" content=\"index, follow, max-snippet:-1, max-image-preview:large, max-video-preview:-1\" \/>\n<link rel=\"canonical\" href=\"https:\/\/www.le34.dk\/da\/le34-styrker-indsatsen-multifunktionel-jordfordeling\/\" \/>\n<meta property=\"og:locale\" content=\"da_DK\" \/>\n<meta property=\"og:type\" content=\"article\" \/>\n<meta property=\"og:title\" content=\"LE34 styrker indsatsen for multifunktionel jordfordeling med ny kollega\" \/>\n<meta property=\"og:description\" content=\"I LE34 er vi overbeviste om potentialet for samfundet i at gennemf\u00f8re multifunktionelle jordfordelingsprojekter - f\u00f8rer til \u00e6ndringer af landskabet\" \/>\n<meta property=\"og:url\" content=\"https:\/\/www.le34.dk\/da\/le34-styrker-indsatsen-multifunktionel-jordfordeling\/\" \/>\n<meta property=\"og:site_name\" content=\"LE34\" \/>\n<meta property=\"article:modified_time\" content=\"2024-01-15T14:58:02+00:00\" \/>\n<meta name=\"twitter:card\" content=\"summary_large_image\" \/>\n<meta name=\"twitter:label1\" content=\"Estimeret l\u00e6setid\" \/>\n\t<meta name=\"twitter:data1\" content=\"2 minutter\" \/>\n<script type=\"application\/ld+json\" class=\"yoast-schema-graph\">{\"@context\":\"https:\\\/\\\/schema.org\",\"@graph\":[{\"@type\":\"WebPage\",\"@id\":\"https:\\\/\\\/www.le34.dk\\\/da\\\/le34-styrker-indsatsen-multifunktionel-jordfordeling\\\/\",\"url\":\"https:\\\/\\\/www.le34.dk\\\/da\\\/le34-styrker-indsatsen-multifunktionel-jordfordeling\\\/\",\"name\":\"LE34 styrker indsatsen for multifunktionel jordfordeling med ny kollega\",\"isPartOf\":{\"@id\":\"https:\\\/\\\/www.le34.dk\\\/da\\\/#website\"},\"datePublished\":\"2020-04-21T10:20:08+00:00\",\"dateModified\":\"2024-01-15T14:58:02+00:00\",\"description\":\"I LE34 er vi overbeviste om potentialet for samfundet i at gennemf\u00f8re multifunktionelle jordfordelingsprojekter - f\u00f8rer til \u00e6ndringer af landskabet\",\"breadcrumb\":{\"@id\":\"https:\\\/\\\/www.le34.dk\\\/da\\\/le34-styrker-indsatsen-multifunktionel-jordfordeling\\\/#breadcrumb\"},\"inLanguage\":\"da-DK\",\"potentialAction\":[{\"@type\":\"ReadAction\",\"target\":[\"https:\\\/\\\/www.le34.dk\\\/da\\\/le34-styrker-indsatsen-multifunktionel-jordfordeling\\\/\"]}]},{\"@type\":\"BreadcrumbList\",\"@id\":\"https:\\\/\\\/www.le34.dk\\\/da\\\/le34-styrker-indsatsen-multifunktionel-jordfordeling\\\/#breadcrumb\",\"itemListElement\":[{\"@type\":\"ListItem\",\"position\":1,\"name\":\"Home\",\"item\":\"https:\\\/\\\/www.le34.dk\\\/da\\\/\"},{\"@type\":\"ListItem\",\"position\":2,\"name\":\"LE34 styrker indsatsen for multifunktionel jordfordeling\"}]},{\"@type\":\"WebSite\",\"@id\":\"https:\\\/\\\/www.le34.dk\\\/da\\\/#website\",\"url\":\"https:\\\/\\\/www.le34.dk\\\/da\\\/\",\"name\":\"LE34\",\"description\":\"\",\"potentialAction\":[{\"@type\":\"SearchAction\",\"target\":{\"@type\":\"EntryPoint\",\"urlTemplate\":\"https:\\\/\\\/www.le34.dk\\\/da\\\/?s={search_term_string}\"},\"query-input\":{\"@type\":\"PropertyValueSpecification\",\"valueRequired\":true,\"valueName\":\"search_term_string\"}}],\"inLanguage\":\"da-DK\"}]}<\/script>\n<!-- \/ Yoast SEO plugin. -->","yoast_head_json":{"title":"LE34 styrker indsatsen for multifunktionel jordfordeling med ny kollega","description":"I LE34 er vi overbeviste om potentialet for samfundet i at gennemf\u00f8re multifunktionelle jordfordelingsprojekter - f\u00f8rer til \u00e6ndringer af landskabet","robots":{"index":"index","follow":"follow","max-snippet":"max-snippet:-1","max-image-preview":"max-image-preview:large","max-video-preview":"max-video-preview:-1"},"canonical":"https:\/\/www.le34.dk\/da\/le34-styrker-indsatsen-multifunktionel-jordfordeling\/","og_locale":"da_DK","og_type":"article","og_title":"LE34 styrker indsatsen for multifunktionel jordfordeling med ny kollega","og_description":"I LE34 er vi overbeviste om potentialet for samfundet i at gennemf\u00f8re multifunktionelle jordfordelingsprojekter - f\u00f8rer til \u00e6ndringer af landskabet","og_url":"https:\/\/www.le34.dk\/da\/le34-styrker-indsatsen-multifunktionel-jordfordeling\/","og_site_name":"LE34","article_modified_time":"2024-01-15T14:58:02+00:00","twitter_card":"summary_large_image","twitter_misc":{"Estimeret l\u00e6setid":"2 minutter"},"schema":{"@context":"https:\/\/schema.org","@graph":[{"@type":"WebPage","@id":"https:\/\/www.le34.dk\/da\/le34-styrker-indsatsen-multifunktionel-jordfordeling\/","url":"https:\/\/www.le34.dk\/da\/le34-styrker-indsatsen-multifunktionel-jordfordeling\/","name":"LE34 styrker indsatsen for multifunktionel jordfordeling med ny kollega","isPartOf":{"@id":"https:\/\/www.le34.dk\/da\/#website"},"datePublished":"2020-04-21T10:20:08+00:00","dateModified":"2024-01-15T14:58:02+00:00","description":"I LE34 er vi overbeviste om potentialet for samfundet i at gennemf\u00f8re multifunktionelle jordfordelingsprojekter - f\u00f8rer til \u00e6ndringer af landskabet","breadcrumb":{"@id":"https:\/\/www.le34.dk\/da\/le34-styrker-indsatsen-multifunktionel-jordfordeling\/#breadcrumb"},"inLanguage":"da-DK","potentialAction":[{"@type":"ReadAction","target":["https:\/\/www.le34.dk\/da\/le34-styrker-indsatsen-multifunktionel-jordfordeling\/"]}]},{"@type":"BreadcrumbList","@id":"https:\/\/www.le34.dk\/da\/le34-styrker-indsatsen-multifunktionel-jordfordeling\/#breadcrumb","itemListElement":[{"@type":"ListItem","position":1,"name":"Home","item":"https:\/\/www.le34.dk\/da\/"},{"@type":"ListItem","position":2,"name":"LE34 styrker indsatsen for multifunktionel jordfordeling"}]},{"@type":"WebSite","@id":"https:\/\/www.le34.dk\/da\/#website","url":"https:\/\/www.le34.dk\/da\/","name":"LE34","description":"","potentialAction":[{"@type":"SearchAction","target":{"@type":"EntryPoint","urlTemplate":"https:\/\/www.le34.dk\/da\/?s={search_term_string}"},"query-input":{"@type":"PropertyValueSpecification","valueRequired":true,"valueName":"search_term_string"}}],"inLanguage":"da-DK"}]}},"_links":{"self":[{"href":"https:\/\/www.le34.dk\/da\/wp-json\/wp\/v2\/pages\/1494","targetHints":{"allow":["GET"]}}],"collection":[{"href":"https:\/\/www.le34.dk\/da\/wp-json\/wp\/v2\/pages"}],"about":[{"href":"https:\/\/www.le34.dk\/da\/wp-json\/wp\/v2\/types\/page"}],"author":[{"embeddable":true,"href":"https:\/\/www.le34.dk\/da\/wp-json\/wp\/v2\/users\/3"}],"replies":[{"embeddable":true,"href":"https:\/\/www.le34.dk\/da\/wp-json\/wp\/v2\/comments?post=1494"}],"version-history":[{"count":1,"href":"https:\/\/www.le34.dk\/da\/wp-json\/wp\/v2\/pages\/1494\/revisions"}],"predecessor-version":[{"id":13151,"href":"https:\/\/www.le34.dk\/da\/wp-json\/wp\/v2\/pages\/1494\/revisions\/13151"}],"wp:attachment":[{"href":"https:\/\/www.le34.dk\/da\/wp-json\/wp\/v2\/media?parent=1494"}],"curies":[{"name":"wp","href":"https:\/\/api.w.org\/{rel}","templated":true}]}}