{"id":14808,"date":"2024-04-26T11:33:47","date_gmt":"2024-04-26T11:33:47","guid":{"rendered":"https:\/\/www.le34.dk\/?page_id=14808"},"modified":"2024-04-26T12:30:43","modified_gmt":"2024-04-26T12:30:43","slug":"le34-er-klar-med-foerste-esg-rapport-to-aar-foer-tid","status":"publish","type":"page","link":"https:\/\/www.le34.dk\/da\/le34-er-klar-med-foerste-esg-rapport-to-aar-foer-tid\/","title":{"rendered":"LE34 er klar med f\u00f8rste ESG-rapport \u2013 to \u00e5r f\u00f8r tid"},"content":{"rendered":"<p>Rikke Kjeldsmark M\u00f8ller, tilbuds- og b\u00e6redygtighedsansvarlig, LE34:<br \/>\n\u201dDet er jo ikke rapporten, der g\u00f8r forskellen. Men i arbejdet med rapporten og de forskellige fokusomr\u00e5der f\u00e5r vi \u00f8jnene op for, hvor vi kan g\u00f8re en forskel og prioritere vores indsatser. Det er hele arbejdet bag, der er vigtigt. Det er her, vi l\u00e6rer os selv bedre at kende.\u201d<\/p>\n<p>Plads til forandring<br \/>\n\u201dDet er dybt meningsfuldt at arbejde med noget, man er passioneret omkring som menneske \u2013 ogs\u00e5 i sit privatliv. Det var derfor, jeg blev engageret i LE34\u2019s b\u00e6redygtighedsarbejde, fordi jeg spurgte: \u2013 Hvad er det egentlig vi g\u00f8r? Som person er jeg meget faktabaseret, og det er vigtigt for mig, at der er handling bag ordene.\u201d<br \/>\nRikke Kjeldsmark M\u00f8ller er tilbuds- og b\u00e6redygtighedsansvarlig i LE34. Og selvom de to ansvarsomr\u00e5der umiddelbart r\u00e6kker ind i hver deres felt, s\u00e5 er der to ting, de har til f\u00e6lles: Regels\u00e6t og krav. Her er Rikke specialist i at sikre compliance og fremdrift gennem struktureret og koordinerende projektledelse. Senest i udarbejdelsen af LE34\u2019s f\u00f8rste ESG-rapport*, fordi, som Rikke formulerer det:<\/p>\n<p>Forpligtet til processen<br \/>\n\u201dVi ser det som en mulighed for at tage ansvar \u2013 og skabe plads til forandring. Det er jo ikke rapporten, der g\u00f8r forskellen. Men i arbejdet med rapporten og de forskellige fokusomr\u00e5der f\u00e5r vi \u00f8jnene op for, hvor vi kan g\u00f8re en forskel og prioritere vores indsatser. Det er hele arbejdet bag, der er vigtigt. Det er her, vi l\u00e6rer os selv bedre at kende.<br \/>\nKravet om ESG-rapportering hvert \u00e5r forpligter os til en vigtig proces og til at igangs\u00e6tte arbejdet. Derfor implementerer vi samtidig med, vi definerer de strategiske indsatser. Allerede nu har vi implementeret Code of conduct (leverand\u00f8rstyring) og er i fuld gang med Antikorruptionspolitik og Politik for ligestilling mellem k\u00f8n. Politikkerne er \u00e9n ting, men det interessante er jo de handlinger, som politikkerne danner grundlag for fremover. Forandringen.<br \/>\nDet motiverer mig utroligt meget at drive forandringsprocesser \u2013 b\u00e5de hvad ang\u00e5r vores adf\u00e6rd som virksomhed, men ogs\u00e5 det at skabe forandring i m\u00e5den, folk t\u00e6nker om b\u00e6redygtighed p\u00e5 som noget ukonkret. Ved at s\u00e6tte handling bag ord.\u201d<\/p>\n<p>En grundig forberedelse<br \/>\nESG-rapporten for 2023 er vores m\u00e5de at forberede os til de nye krav om b\u00e6redygtighedsrapportering i henhold til CSRD (Corporate Sustainability Reporting Directive), som tr\u00e6der i kraft i 2026, hvor vi skal rapportere om milj\u00f8, sociale forhold og selskabsledelse (ESG \u2013 Environmental, Social &#038; Governance) for \u00e5ret 2025.<\/p>\n<p>L\u00e6s rapporten<\/p>\n","protected":false},"excerpt":{"rendered":"<p>Rikke Kjeldsmark M\u00f8ller, tilbuds- og b\u00e6redygtighedsansvarlig, LE34: \u201dDet er jo ikke rapporten, der g\u00f8r forskellen. Men i arbejdet med rapporten og de forskellige fokusomr\u00e5der f\u00e5r vi \u00f8jnene op for, hvor vi kan g\u00f8re en forskel og prioritere vores indsatser. Det er hele arbejdet bag, der er vigtigt. Det er her, vi l\u00e6rer os selv bedre [&hellip;]<\/p>\n","protected":false},"author":5,"featured_media":0,"parent":0,"menu_order":0,"comment_status":"closed","ping_status":"closed","template":"","meta":{"_acf_changed":false,"footnotes":""},"class_list":["post-14808","page","type-page","status-publish","hentry"],"acf":[],"yoast_head":"<!-- This site is optimized with the Yoast SEO plugin v27.6 - https:\/\/yoast.com\/product\/yoast-seo-wordpress\/ -->\n<title>LE34 er klar med f\u00f8rste ESG-rapport \u2013 to \u00e5r f\u00f8r tid - LE34<\/title>\n<meta name=\"description\" content=\"ESG-rapporten er vores m\u00e5de at forberede os til de nye krav om b\u00e6redygtighedsrapportering, som tr\u00e6der i kraft i 2026.\" \/>\n<meta name=\"robots\" content=\"index, follow, max-snippet:-1, max-image-preview:large, max-video-preview:-1\" \/>\n<link rel=\"canonical\" href=\"https:\/\/www.le34.dk\/da\/le34-er-klar-med-foerste-esg-rapport-to-aar-foer-tid\/\" \/>\n<meta property=\"og:locale\" content=\"da_DK\" \/>\n<meta property=\"og:type\" content=\"article\" \/>\n<meta property=\"og:title\" content=\"LE34 er klar med f\u00f8rste ESG-rapport \u2013 to \u00e5r f\u00f8r tid - LE34\" \/>\n<meta property=\"og:description\" content=\"ESG-rapporten er vores m\u00e5de at forberede os til de nye krav om b\u00e6redygtighedsrapportering, som tr\u00e6der i kraft i 2026.\" \/>\n<meta property=\"og:url\" content=\"https:\/\/www.le34.dk\/da\/le34-er-klar-med-foerste-esg-rapport-to-aar-foer-tid\/\" \/>\n<meta property=\"og:site_name\" content=\"LE34\" \/>\n<meta property=\"article:modified_time\" content=\"2024-04-26T12:30:43+00:00\" \/>\n<meta name=\"twitter:card\" content=\"summary_large_image\" \/>\n<meta name=\"twitter:label1\" content=\"Estimeret l\u00e6setid\" \/>\n\t<meta name=\"twitter:data1\" content=\"6 minutter\" \/>\n<script type=\"application\/ld+json\" class=\"yoast-schema-graph\">{\"@context\":\"https:\\\/\\\/schema.org\",\"@graph\":[{\"@type\":\"WebPage\",\"@id\":\"https:\\\/\\\/www.le34.dk\\\/da\\\/le34-er-klar-med-foerste-esg-rapport-to-aar-foer-tid\\\/\",\"url\":\"https:\\\/\\\/www.le34.dk\\\/da\\\/le34-er-klar-med-foerste-esg-rapport-to-aar-foer-tid\\\/\",\"name\":\"LE34 er klar med f\u00f8rste ESG-rapport \u2013 to \u00e5r f\u00f8r tid - LE34\",\"isPartOf\":{\"@id\":\"https:\\\/\\\/www.le34.dk\\\/da\\\/#website\"},\"datePublished\":\"2024-04-26T11:33:47+00:00\",\"dateModified\":\"2024-04-26T12:30:43+00:00\",\"description\":\"ESG-rapporten er vores m\u00e5de at forberede os til de nye krav om b\u00e6redygtighedsrapportering, som tr\u00e6der i kraft i 2026.\",\"breadcrumb\":{\"@id\":\"https:\\\/\\\/www.le34.dk\\\/da\\\/le34-er-klar-med-foerste-esg-rapport-to-aar-foer-tid\\\/#breadcrumb\"},\"inLanguage\":\"da-DK\",\"potentialAction\":[{\"@type\":\"ReadAction\",\"target\":[\"https:\\\/\\\/www.le34.dk\\\/da\\\/le34-er-klar-med-foerste-esg-rapport-to-aar-foer-tid\\\/\"]}]},{\"@type\":\"BreadcrumbList\",\"@id\":\"https:\\\/\\\/www.le34.dk\\\/da\\\/le34-er-klar-med-foerste-esg-rapport-to-aar-foer-tid\\\/#breadcrumb\",\"itemListElement\":[{\"@type\":\"ListItem\",\"position\":1,\"name\":\"Home\",\"item\":\"https:\\\/\\\/www.le34.dk\\\/da\\\/\"},{\"@type\":\"ListItem\",\"position\":2,\"name\":\"LE34 er klar med f\u00f8rste ESG-rapport \u2013 to \u00e5r f\u00f8r tid\"}]},{\"@type\":\"WebSite\",\"@id\":\"https:\\\/\\\/www.le34.dk\\\/da\\\/#website\",\"url\":\"https:\\\/\\\/www.le34.dk\\\/da\\\/\",\"name\":\"LE34\",\"description\":\"\",\"potentialAction\":[{\"@type\":\"SearchAction\",\"target\":{\"@type\":\"EntryPoint\",\"urlTemplate\":\"https:\\\/\\\/www.le34.dk\\\/da\\\/?s={search_term_string}\"},\"query-input\":{\"@type\":\"PropertyValueSpecification\",\"valueRequired\":true,\"valueName\":\"search_term_string\"}}],\"inLanguage\":\"da-DK\"}]}<\/script>\n<!-- \/ Yoast SEO plugin. -->","yoast_head_json":{"title":"LE34 er klar med f\u00f8rste ESG-rapport \u2013 to \u00e5r f\u00f8r tid - LE34","description":"ESG-rapporten er vores m\u00e5de at forberede os til de nye krav om b\u00e6redygtighedsrapportering, som tr\u00e6der i kraft i 2026.","robots":{"index":"index","follow":"follow","max-snippet":"max-snippet:-1","max-image-preview":"max-image-preview:large","max-video-preview":"max-video-preview:-1"},"canonical":"https:\/\/www.le34.dk\/da\/le34-er-klar-med-foerste-esg-rapport-to-aar-foer-tid\/","og_locale":"da_DK","og_type":"article","og_title":"LE34 er klar med f\u00f8rste ESG-rapport \u2013 to \u00e5r f\u00f8r tid - LE34","og_description":"ESG-rapporten er vores m\u00e5de at forberede os til de nye krav om b\u00e6redygtighedsrapportering, som tr\u00e6der i kraft i 2026.","og_url":"https:\/\/www.le34.dk\/da\/le34-er-klar-med-foerste-esg-rapport-to-aar-foer-tid\/","og_site_name":"LE34","article_modified_time":"2024-04-26T12:30:43+00:00","twitter_card":"summary_large_image","twitter_misc":{"Estimeret l\u00e6setid":"6 minutter"},"schema":{"@context":"https:\/\/schema.org","@graph":[{"@type":"WebPage","@id":"https:\/\/www.le34.dk\/da\/le34-er-klar-med-foerste-esg-rapport-to-aar-foer-tid\/","url":"https:\/\/www.le34.dk\/da\/le34-er-klar-med-foerste-esg-rapport-to-aar-foer-tid\/","name":"LE34 er klar med f\u00f8rste ESG-rapport \u2013 to \u00e5r f\u00f8r tid - LE34","isPartOf":{"@id":"https:\/\/www.le34.dk\/da\/#website"},"datePublished":"2024-04-26T11:33:47+00:00","dateModified":"2024-04-26T12:30:43+00:00","description":"ESG-rapporten er vores m\u00e5de at forberede os til de nye krav om b\u00e6redygtighedsrapportering, som tr\u00e6der i kraft i 2026.","breadcrumb":{"@id":"https:\/\/www.le34.dk\/da\/le34-er-klar-med-foerste-esg-rapport-to-aar-foer-tid\/#breadcrumb"},"inLanguage":"da-DK","potentialAction":[{"@type":"ReadAction","target":["https:\/\/www.le34.dk\/da\/le34-er-klar-med-foerste-esg-rapport-to-aar-foer-tid\/"]}]},{"@type":"BreadcrumbList","@id":"https:\/\/www.le34.dk\/da\/le34-er-klar-med-foerste-esg-rapport-to-aar-foer-tid\/#breadcrumb","itemListElement":[{"@type":"ListItem","position":1,"name":"Home","item":"https:\/\/www.le34.dk\/da\/"},{"@type":"ListItem","position":2,"name":"LE34 er klar med f\u00f8rste ESG-rapport \u2013 to \u00e5r f\u00f8r tid"}]},{"@type":"WebSite","@id":"https:\/\/www.le34.dk\/da\/#website","url":"https:\/\/www.le34.dk\/da\/","name":"LE34","description":"","potentialAction":[{"@type":"SearchAction","target":{"@type":"EntryPoint","urlTemplate":"https:\/\/www.le34.dk\/da\/?s={search_term_string}"},"query-input":{"@type":"PropertyValueSpecification","valueRequired":true,"valueName":"search_term_string"}}],"inLanguage":"da-DK"}]}},"_links":{"self":[{"href":"https:\/\/www.le34.dk\/da\/wp-json\/wp\/v2\/pages\/14808","targetHints":{"allow":["GET"]}}],"collection":[{"href":"https:\/\/www.le34.dk\/da\/wp-json\/wp\/v2\/pages"}],"about":[{"href":"https:\/\/www.le34.dk\/da\/wp-json\/wp\/v2\/types\/page"}],"author":[{"embeddable":true,"href":"https:\/\/www.le34.dk\/da\/wp-json\/wp\/v2\/users\/5"}],"replies":[{"embeddable":true,"href":"https:\/\/www.le34.dk\/da\/wp-json\/wp\/v2\/comments?post=14808"}],"version-history":[{"count":17,"href":"https:\/\/www.le34.dk\/da\/wp-json\/wp\/v2\/pages\/14808\/revisions"}],"predecessor-version":[{"id":14821,"href":"https:\/\/www.le34.dk\/da\/wp-json\/wp\/v2\/pages\/14808\/revisions\/14821"}],"wp:attachment":[{"href":"https:\/\/www.le34.dk\/da\/wp-json\/wp\/v2\/media?parent=14808"}],"curies":[{"name":"wp","href":"https:\/\/api.w.org\/{rel}","templated":true}]}}