{"id":1469,"date":"2020-01-15T08:24:47","date_gmt":"2020-01-15T08:24:47","guid":{"rendered":"https:\/\/www.le34.dk\/le34-pabegynder-store-jordfordelingsprojekter-i-jylland\/"},"modified":"2024-09-23T13:41:52","modified_gmt":"2024-09-23T13:41:52","slug":"le34-pabegynder-store-jordfordelingsprojekter-i-jylland","status":"publish","type":"page","link":"https:\/\/www.le34.dk\/da\/le34-pabegynder-store-jordfordelingsprojekter-i-jylland\/","title":{"rendered":"LE34 p\u00e5begynder store jordfordelingsprojekter"},"content":{"rendered":"<p>Gert Henningsen, landinspekt\u00f8r og forretningschef for LE34 Ekspropriation &#038; Jura<br \/>\n\u201cKlassisk jordfordeling er et redskab, som l\u00e6nge har v\u00e6ret anvendt til at optimere lodsejernes bedrifter. Da maskinerne k\u00f8rer mindre p\u00e5 vejene sparer landm\u00e6ndene tid samt br\u00e6ndstof til gavn for klimaet. Samtidig sparer kommunen udgifter til vedligeholdelse af vejene.\u201c<\/p>\n<p>Jordfordeling er afh\u00e6ngig af \u00f8konomiske tilskud<br \/>\nTilsagnene om \u00f8konomisk tilskud til landm\u00e6ndene kommer p\u00e5 et tidspunkt, hvor debatten om landbrugets klimaeffekt bobler og syder, og hvor regeringen p\u00e5 den nye finanslov har afsat to milliarder kroner til at tage lavbundsjorde ud af drift.<br \/>\nLandbrugsstyrelsens tilsagn til de projekter, LE34 er involveret i, handler dog om klassisk jordfordeling og er en del af den s\u00e5kaldte T\u00f8rkepakke, der blev vedtaget i 2018. Klassisk jordfordeling vil grundl\u00e6ggende sige, at landm\u00e6ndene bytter jord med hinanden. Derved samles markerne, s\u00e5 der skal k\u00f8res kortere afstande p\u00e5 vejene for at n\u00e5 frem med diverse maskiner. Man forbedrer den s\u00e5kaldte arrondering.<\/p>\n<p>Mange interesser p\u00e5 spil i jordfordeling<br \/>\nUd over det kroner- og \u00f8rem\u00e6ssige er jordfordeling en kompleks st\u00f8rrelse, fordi der er mange interesser p\u00e5 spil, og mange mennesker, som skal v\u00e6re villige til at give lidt for at f\u00e5 noget nyt.<\/p>\n<p>Multifunktionelt potentiale venter p\u00e5 at blive foldet ud<br \/>\nI Lemvig har LE34 s\u00f8gt tilskud til jordfordeling i samarbejde med den lokale landboforening, der samtidig bidrager med et indg\u00e5ende kendskab til de enkelte landm\u00e6nds bedrifter.\u00a0<br \/>\nI s\u00e5vel Lemvig som \u00d8stvendsyssel er der tale om klassiske jordfordelingsopgaver. Men med samme metode kan man l\u00f8se mere komplekse opgaver, som for eksempel at omfordele lavbundsjorde til gavn for milj\u00f8et.\u00a0<br \/>\nHidtil har m\u00e6ngden af jordfordelingsopgaver v\u00e6ret begr\u00e6nset, og det er generelt sm\u00e5t med erfaring p\u00e5 omr\u00e5det. I fremtiden vil vi se disciplinen anvendt til s\u00e5kaldt multifunktionel jordfordeling, hvor man kombinerer forskellige funktioner p\u00e5 samme areal \u2013 for eksempel n\u00e5r lavtliggende landbrugsjord omdannes til et v\u00e5domr\u00e5de af hensyn til klimaet, og der samtidig skabes rekreative funktioner og nye dyrehabitater.<\/p>\n<p>L\u00e6s mere om multifunktionel jordfordeling<br \/>\nDerfor har Danmark brug for multifunktionel jordfordeling og en jordreform<\/p>\n<p>Sophie Dige Iversen, landinspekt\u00f8r og ekspert i jordfordelinger<br \/>\n\u201cJordfordeling handler om mennesker og om at skabe dialog, forst\u00e5else og respekt for hinanden, for at f\u00e5 jordfordeling til at lykkes.\u201d<\/p>\n<p>Lavbundsjorde skal tages ud af drift<br \/>\nFor at reducere landbrugets klimabelastning har regeringen afsat to milliarder kroner til at tage lavbundsjorde ud af almindelig drift. De to milliarder fordeles med 200 millioner kroner \u00e5rligt i perioden 2020-2029. Desuden \u00e5bner en ny pulje under T\u00f8rkepakken op for nye ans\u00f8gninger den 24. marts \u2013 her kan kommuner og Naturstyrelsen s\u00f8ge om at f\u00e5 gennemf\u00f8rt multifunktionel jordfordeling til gavn for klima, natur og landbrug.<br \/>\nBeregninger viser, at Danmarks lavbundsjorde st\u00e5r for omkring ti procent af de samlede danske udledninger af klimagasser, og da det sandsynligvis vil koste over 20 milliarder kroner, hvis alle lavbundsjorde skal tages ud af landbrugsdrift, skal der findes flere midler at g\u00f8re godt med.<\/p>\n<p>Gert Henningsen, landinspekt\u00f8r og forretningschef for LE34 Ekspropriation &#038; Jura<br \/>\n\u201cDet er vigtigt, at nogen opbygger og mestrer kompetencerne til jordfordeling, s\u00e5 der ikke opst\u00e5r en flaskehals, n\u00e5r det hen over de kommende \u00e5r med garanti vil blive efterspurgt i flere sammenh\u00e6nge. Og som landets st\u00f8rste landinspekt\u00f8rfirma vil vi i LE34 gerne g\u00f8re en forskel p\u00e5 denne vigtige samfundsopgave.\u201d<\/p>\n<p>M\u00f8d eksperterne<\/p>\n<p>Gert M. Henningsen<br \/>\nJonathan Overgaard Markman<br \/>\nKnud E. Klausen<br \/>\nMorten \u00d8rtved<br \/>\nJes Juhl J\u00f8rgensen<br \/>\nMorten Andersen<br \/>\nArnt S. Madsen<\/p>\n","protected":false},"excerpt":{"rendered":"<p>Gert Henningsen, landinspekt\u00f8r og forretningschef for LE34 Ekspropriation &#038; Jura \u201cKlassisk jordfordeling er et redskab, som l\u00e6nge har v\u00e6ret anvendt til at optimere lodsejernes bedrifter. Da maskinerne k\u00f8rer mindre p\u00e5 vejene sparer landm\u00e6ndene tid samt br\u00e6ndstof til gavn for klimaet. Samtidig sparer kommunen udgifter til vedligeholdelse af vejene.\u201c Jordfordeling er afh\u00e6ngig af \u00f8konomiske tilskud Tilsagnene [&hellip;]<\/p>\n","protected":false},"author":36,"featured_media":0,"parent":0,"menu_order":0,"comment_status":"closed","ping_status":"closed","template":"","meta":{"_acf_changed":false,"footnotes":""},"class_list":["post-1469","page","type-page","status-publish","hentry"],"acf":[],"yoast_head":"<!-- This site is optimized with the Yoast SEO plugin v27.4 - https:\/\/yoast.com\/product\/yoast-seo-wordpress\/ -->\n<title>LE34 g\u00e5r forrest med store jordfordelingsprojekter i Jylland<\/title>\n<meta name=\"description\" content=\"Landm\u00e6nd i Lemvig er g\u00e5et sammen, det samme er landm\u00e6nd i \u00d8stvendsyssel, sammen med LE34 skaber vi jordfordeling til gavn for klimaet.\" \/>\n<meta name=\"robots\" content=\"index, follow, max-snippet:-1, max-image-preview:large, max-video-preview:-1\" \/>\n<link rel=\"canonical\" href=\"https:\/\/www.le34.dk\/da\/le34-pabegynder-store-jordfordelingsprojekter-i-jylland\/\" \/>\n<meta property=\"og:locale\" content=\"da_DK\" \/>\n<meta property=\"og:type\" content=\"article\" \/>\n<meta property=\"og:title\" content=\"LE34 g\u00e5r forrest med store jordfordelingsprojekter i Jylland\" \/>\n<meta property=\"og:description\" content=\"Landm\u00e6nd i Lemvig er g\u00e5et sammen, det samme er landm\u00e6nd i \u00d8stvendsyssel, sammen med LE34 skaber vi jordfordeling til gavn for klimaet.\" \/>\n<meta property=\"og:url\" content=\"https:\/\/www.le34.dk\/da\/le34-pabegynder-store-jordfordelingsprojekter-i-jylland\/\" \/>\n<meta property=\"og:site_name\" content=\"LE34\" \/>\n<meta property=\"article:modified_time\" content=\"2024-09-23T13:41:52+00:00\" \/>\n<meta name=\"twitter:card\" content=\"summary_large_image\" \/>\n<meta name=\"twitter:label1\" content=\"Estimeret l\u00e6setid\" \/>\n\t<meta name=\"twitter:data1\" content=\"8 minutter\" \/>\n<script type=\"application\/ld+json\" class=\"yoast-schema-graph\">{\"@context\":\"https:\\\/\\\/schema.org\",\"@graph\":[{\"@type\":\"WebPage\",\"@id\":\"https:\\\/\\\/www.le34.dk\\\/da\\\/le34-pabegynder-store-jordfordelingsprojekter-i-jylland\\\/\",\"url\":\"https:\\\/\\\/www.le34.dk\\\/da\\\/le34-pabegynder-store-jordfordelingsprojekter-i-jylland\\\/\",\"name\":\"LE34 g\u00e5r forrest med store jordfordelingsprojekter i Jylland\",\"isPartOf\":{\"@id\":\"https:\\\/\\\/www.le34.dk\\\/da\\\/#website\"},\"datePublished\":\"2020-01-15T08:24:47+00:00\",\"dateModified\":\"2024-09-23T13:41:52+00:00\",\"description\":\"Landm\u00e6nd i Lemvig er g\u00e5et sammen, det samme er landm\u00e6nd i \u00d8stvendsyssel, sammen med LE34 skaber vi jordfordeling til gavn for klimaet.\",\"breadcrumb\":{\"@id\":\"https:\\\/\\\/www.le34.dk\\\/da\\\/le34-pabegynder-store-jordfordelingsprojekter-i-jylland\\\/#breadcrumb\"},\"inLanguage\":\"da-DK\",\"potentialAction\":[{\"@type\":\"ReadAction\",\"target\":[\"https:\\\/\\\/www.le34.dk\\\/da\\\/le34-pabegynder-store-jordfordelingsprojekter-i-jylland\\\/\"]}]},{\"@type\":\"BreadcrumbList\",\"@id\":\"https:\\\/\\\/www.le34.dk\\\/da\\\/le34-pabegynder-store-jordfordelingsprojekter-i-jylland\\\/#breadcrumb\",\"itemListElement\":[{\"@type\":\"ListItem\",\"position\":1,\"name\":\"Home\",\"item\":\"https:\\\/\\\/www.le34.dk\\\/da\\\/\"},{\"@type\":\"ListItem\",\"position\":2,\"name\":\"LE34 p\u00e5begynder store jordfordelingsprojekter\"}]},{\"@type\":\"WebSite\",\"@id\":\"https:\\\/\\\/www.le34.dk\\\/da\\\/#website\",\"url\":\"https:\\\/\\\/www.le34.dk\\\/da\\\/\",\"name\":\"LE34\",\"description\":\"\",\"potentialAction\":[{\"@type\":\"SearchAction\",\"target\":{\"@type\":\"EntryPoint\",\"urlTemplate\":\"https:\\\/\\\/www.le34.dk\\\/da\\\/?s={search_term_string}\"},\"query-input\":{\"@type\":\"PropertyValueSpecification\",\"valueRequired\":true,\"valueName\":\"search_term_string\"}}],\"inLanguage\":\"da-DK\"}]}<\/script>\n<!-- \/ Yoast SEO plugin. -->","yoast_head_json":{"title":"LE34 g\u00e5r forrest med store jordfordelingsprojekter i Jylland","description":"Landm\u00e6nd i Lemvig er g\u00e5et sammen, det samme er landm\u00e6nd i \u00d8stvendsyssel, sammen med LE34 skaber vi jordfordeling til gavn for klimaet.","robots":{"index":"index","follow":"follow","max-snippet":"max-snippet:-1","max-image-preview":"max-image-preview:large","max-video-preview":"max-video-preview:-1"},"canonical":"https:\/\/www.le34.dk\/da\/le34-pabegynder-store-jordfordelingsprojekter-i-jylland\/","og_locale":"da_DK","og_type":"article","og_title":"LE34 g\u00e5r forrest med store jordfordelingsprojekter i Jylland","og_description":"Landm\u00e6nd i Lemvig er g\u00e5et sammen, det samme er landm\u00e6nd i \u00d8stvendsyssel, sammen med LE34 skaber vi jordfordeling til gavn for klimaet.","og_url":"https:\/\/www.le34.dk\/da\/le34-pabegynder-store-jordfordelingsprojekter-i-jylland\/","og_site_name":"LE34","article_modified_time":"2024-09-23T13:41:52+00:00","twitter_card":"summary_large_image","twitter_misc":{"Estimeret l\u00e6setid":"8 minutter"},"schema":{"@context":"https:\/\/schema.org","@graph":[{"@type":"WebPage","@id":"https:\/\/www.le34.dk\/da\/le34-pabegynder-store-jordfordelingsprojekter-i-jylland\/","url":"https:\/\/www.le34.dk\/da\/le34-pabegynder-store-jordfordelingsprojekter-i-jylland\/","name":"LE34 g\u00e5r forrest med store jordfordelingsprojekter i Jylland","isPartOf":{"@id":"https:\/\/www.le34.dk\/da\/#website"},"datePublished":"2020-01-15T08:24:47+00:00","dateModified":"2024-09-23T13:41:52+00:00","description":"Landm\u00e6nd i Lemvig er g\u00e5et sammen, det samme er landm\u00e6nd i \u00d8stvendsyssel, sammen med LE34 skaber vi jordfordeling til gavn for klimaet.","breadcrumb":{"@id":"https:\/\/www.le34.dk\/da\/le34-pabegynder-store-jordfordelingsprojekter-i-jylland\/#breadcrumb"},"inLanguage":"da-DK","potentialAction":[{"@type":"ReadAction","target":["https:\/\/www.le34.dk\/da\/le34-pabegynder-store-jordfordelingsprojekter-i-jylland\/"]}]},{"@type":"BreadcrumbList","@id":"https:\/\/www.le34.dk\/da\/le34-pabegynder-store-jordfordelingsprojekter-i-jylland\/#breadcrumb","itemListElement":[{"@type":"ListItem","position":1,"name":"Home","item":"https:\/\/www.le34.dk\/da\/"},{"@type":"ListItem","position":2,"name":"LE34 p\u00e5begynder store jordfordelingsprojekter"}]},{"@type":"WebSite","@id":"https:\/\/www.le34.dk\/da\/#website","url":"https:\/\/www.le34.dk\/da\/","name":"LE34","description":"","potentialAction":[{"@type":"SearchAction","target":{"@type":"EntryPoint","urlTemplate":"https:\/\/www.le34.dk\/da\/?s={search_term_string}"},"query-input":{"@type":"PropertyValueSpecification","valueRequired":true,"valueName":"search_term_string"}}],"inLanguage":"da-DK"}]}},"_links":{"self":[{"href":"https:\/\/www.le34.dk\/da\/wp-json\/wp\/v2\/pages\/1469","targetHints":{"allow":["GET"]}}],"collection":[{"href":"https:\/\/www.le34.dk\/da\/wp-json\/wp\/v2\/pages"}],"about":[{"href":"https:\/\/www.le34.dk\/da\/wp-json\/wp\/v2\/types\/page"}],"author":[{"embeddable":true,"href":"https:\/\/www.le34.dk\/da\/wp-json\/wp\/v2\/users\/36"}],"replies":[{"embeddable":true,"href":"https:\/\/www.le34.dk\/da\/wp-json\/wp\/v2\/comments?post=1469"}],"version-history":[{"count":2,"href":"https:\/\/www.le34.dk\/da\/wp-json\/wp\/v2\/pages\/1469\/revisions"}],"predecessor-version":[{"id":16159,"href":"https:\/\/www.le34.dk\/da\/wp-json\/wp\/v2\/pages\/1469\/revisions\/16159"}],"wp:attachment":[{"href":"https:\/\/www.le34.dk\/da\/wp-json\/wp\/v2\/media?parent=1469"}],"curies":[{"name":"wp","href":"https:\/\/api.w.org\/{rel}","templated":true}]}}