{"id":1468,"date":"2021-09-14T13:04:02","date_gmt":"2021-09-14T13:04:02","guid":{"rendered":"https:\/\/www.le34.dk\/le34-pa-vejforum-2021\/"},"modified":"2024-11-14T08:39:26","modified_gmt":"2024-11-14T08:39:26","slug":"le34-pa-vejforum-2021","status":"publish","type":"page","link":"https:\/\/www.le34.dk\/da\/le34-pa-vejforum-2021\/","title":{"rendered":"LE34 p\u00e5 Vejforum 2021"},"content":{"rendered":"<p>16.09.2021<br \/>\nLE34 skal holde opl\u00e6g om nedenst\u00e5ende emner.<br \/>\nVi gl\u00e6der os til at se jer.<\/p>\n<p>\u2022 LAR-anl\u00e6g p\u00e5 vejareal og g\u00e6steprincippet ved Vibeke St\u00e6rdahl Nielsen<br \/>\n\u2022 Private f\u00e6llesveje: Principielle og aktuelle afg\u00f8relser ved Ren\u00e9 Aggersberg<br \/>\n\u2022 Vedligeholdelse af s\u00e6rlige elementer p\u00e5 private f\u00e6llesveje: Hvem skal betale? ved Ren\u00e9 Aggersberg<br \/>\n\u2022 Flere elbiler p\u00e5 vejene: Hvordan skaber vi ladeinfrastrukturen? ved L\u00e6rke Flader og S\u00f8ren Henriksen<br \/>\n\u2022 Punktskyer til ledningsnet ved Torbj\u00f8rn Mandahl Pedersen, Lasse Hedegaard, PHD-studerende ved AAU, Novafos og Aarhus Vand.<br \/>\n\u00a0<\/p>\n<p>Se alle nyheder fra Vejjura<\/p>\n<p>Kontakt eksperterne<\/p>\n<p>Gert M. Henningsen<br \/>\nJonathan Overgaard Markman<br \/>\nKenneth Holme Poulsen<br \/>\nRen\u00e9 Aggersbjerg<br \/>\nS\u00f8ren Henriksen<br \/>\nThomas Normann Asmussen<br \/>\nVibeke St\u00e6rdahl Nielsen<\/p>\n","protected":false},"excerpt":{"rendered":"<p>16.09.2021 LE34 skal holde opl\u00e6g om nedenst\u00e5ende emner. Vi gl\u00e6der os til at se jer. \u2022 LAR-anl\u00e6g p\u00e5 vejareal og g\u00e6steprincippet ved Vibeke St\u00e6rdahl Nielsen \u2022 Private f\u00e6llesveje: Principielle og aktuelle afg\u00f8relser ved Ren\u00e9 Aggersberg \u2022 Vedligeholdelse af s\u00e6rlige elementer p\u00e5 private f\u00e6llesveje: Hvem skal betale? ved Ren\u00e9 Aggersberg \u2022 Flere elbiler p\u00e5 vejene: Hvordan [&hellip;]<\/p>\n","protected":false},"author":36,"featured_media":0,"parent":0,"menu_order":0,"comment_status":"closed","ping_status":"closed","template":"","meta":{"_acf_changed":false,"footnotes":""},"class_list":["post-1468","page","type-page","status-publish","hentry"],"acf":[],"yoast_head":"<!-- This site is optimized with the Yoast SEO plugin v27.5 - https:\/\/yoast.com\/product\/yoast-seo-wordpress\/ -->\n<title>LE34 p\u00e5 Vejforum 2021 - L\u00e6s mere om vores indsats p\u00e5 Vejforum<\/title>\n<meta name=\"description\" content=\"LE34 har f\u00e5et tildelt en r\u00e6kke indl\u00e6g p\u00e5 konferencen. Bliv klogere p\u00e5 vores indl\u00e6g og hvilke mener vi vil snakke om. Se emnerne p\u00e5 siden her\" \/>\n<meta name=\"robots\" content=\"index, follow, max-snippet:-1, max-image-preview:large, max-video-preview:-1\" \/>\n<link rel=\"canonical\" href=\"https:\/\/www.le34.dk\/da\/le34-pa-vejforum-2021\/\" \/>\n<meta property=\"og:locale\" content=\"da_DK\" \/>\n<meta property=\"og:type\" content=\"article\" \/>\n<meta property=\"og:title\" content=\"LE34 p\u00e5 Vejforum 2021 - L\u00e6s mere om vores indsats p\u00e5 Vejforum\" \/>\n<meta property=\"og:description\" content=\"LE34 har f\u00e5et tildelt en r\u00e6kke indl\u00e6g p\u00e5 konferencen. Bliv klogere p\u00e5 vores indl\u00e6g og hvilke mener vi vil snakke om. Se emnerne p\u00e5 siden her\" \/>\n<meta property=\"og:url\" content=\"https:\/\/www.le34.dk\/da\/le34-pa-vejforum-2021\/\" \/>\n<meta property=\"og:site_name\" content=\"LE34\" \/>\n<meta property=\"article:modified_time\" content=\"2024-11-14T08:39:26+00:00\" \/>\n<meta name=\"twitter:card\" content=\"summary_large_image\" \/>\n<meta name=\"twitter:label1\" content=\"Estimeret l\u00e6setid\" \/>\n\t<meta name=\"twitter:data1\" content=\"2 minutter\" \/>\n<script type=\"application\/ld+json\" class=\"yoast-schema-graph\">{\"@context\":\"https:\\\/\\\/schema.org\",\"@graph\":[{\"@type\":\"WebPage\",\"@id\":\"https:\\\/\\\/www.le34.dk\\\/da\\\/le34-pa-vejforum-2021\\\/\",\"url\":\"https:\\\/\\\/www.le34.dk\\\/da\\\/le34-pa-vejforum-2021\\\/\",\"name\":\"LE34 p\u00e5 Vejforum 2021 - L\u00e6s mere om vores indsats p\u00e5 Vejforum\",\"isPartOf\":{\"@id\":\"https:\\\/\\\/www.le34.dk\\\/da\\\/#website\"},\"datePublished\":\"2021-09-14T13:04:02+00:00\",\"dateModified\":\"2024-11-14T08:39:26+00:00\",\"description\":\"LE34 har f\u00e5et tildelt en r\u00e6kke indl\u00e6g p\u00e5 konferencen. Bliv klogere p\u00e5 vores indl\u00e6g og hvilke mener vi vil snakke om. Se emnerne p\u00e5 siden her\",\"breadcrumb\":{\"@id\":\"https:\\\/\\\/www.le34.dk\\\/da\\\/le34-pa-vejforum-2021\\\/#breadcrumb\"},\"inLanguage\":\"da-DK\",\"potentialAction\":[{\"@type\":\"ReadAction\",\"target\":[\"https:\\\/\\\/www.le34.dk\\\/da\\\/le34-pa-vejforum-2021\\\/\"]}]},{\"@type\":\"BreadcrumbList\",\"@id\":\"https:\\\/\\\/www.le34.dk\\\/da\\\/le34-pa-vejforum-2021\\\/#breadcrumb\",\"itemListElement\":[{\"@type\":\"ListItem\",\"position\":1,\"name\":\"Home\",\"item\":\"https:\\\/\\\/www.le34.dk\\\/da\\\/\"},{\"@type\":\"ListItem\",\"position\":2,\"name\":\"LE34 p\u00e5 Vejforum 2021\"}]},{\"@type\":\"WebSite\",\"@id\":\"https:\\\/\\\/www.le34.dk\\\/da\\\/#website\",\"url\":\"https:\\\/\\\/www.le34.dk\\\/da\\\/\",\"name\":\"LE34\",\"description\":\"\",\"potentialAction\":[{\"@type\":\"SearchAction\",\"target\":{\"@type\":\"EntryPoint\",\"urlTemplate\":\"https:\\\/\\\/www.le34.dk\\\/da\\\/?s={search_term_string}\"},\"query-input\":{\"@type\":\"PropertyValueSpecification\",\"valueRequired\":true,\"valueName\":\"search_term_string\"}}],\"inLanguage\":\"da-DK\"}]}<\/script>\n<!-- \/ Yoast SEO plugin. -->","yoast_head_json":{"title":"LE34 p\u00e5 Vejforum 2021 - L\u00e6s mere om vores indsats p\u00e5 Vejforum","description":"LE34 har f\u00e5et tildelt en r\u00e6kke indl\u00e6g p\u00e5 konferencen. Bliv klogere p\u00e5 vores indl\u00e6g og hvilke mener vi vil snakke om. Se emnerne p\u00e5 siden her","robots":{"index":"index","follow":"follow","max-snippet":"max-snippet:-1","max-image-preview":"max-image-preview:large","max-video-preview":"max-video-preview:-1"},"canonical":"https:\/\/www.le34.dk\/da\/le34-pa-vejforum-2021\/","og_locale":"da_DK","og_type":"article","og_title":"LE34 p\u00e5 Vejforum 2021 - L\u00e6s mere om vores indsats p\u00e5 Vejforum","og_description":"LE34 har f\u00e5et tildelt en r\u00e6kke indl\u00e6g p\u00e5 konferencen. Bliv klogere p\u00e5 vores indl\u00e6g og hvilke mener vi vil snakke om. Se emnerne p\u00e5 siden her","og_url":"https:\/\/www.le34.dk\/da\/le34-pa-vejforum-2021\/","og_site_name":"LE34","article_modified_time":"2024-11-14T08:39:26+00:00","twitter_card":"summary_large_image","twitter_misc":{"Estimeret l\u00e6setid":"2 minutter"},"schema":{"@context":"https:\/\/schema.org","@graph":[{"@type":"WebPage","@id":"https:\/\/www.le34.dk\/da\/le34-pa-vejforum-2021\/","url":"https:\/\/www.le34.dk\/da\/le34-pa-vejforum-2021\/","name":"LE34 p\u00e5 Vejforum 2021 - L\u00e6s mere om vores indsats p\u00e5 Vejforum","isPartOf":{"@id":"https:\/\/www.le34.dk\/da\/#website"},"datePublished":"2021-09-14T13:04:02+00:00","dateModified":"2024-11-14T08:39:26+00:00","description":"LE34 har f\u00e5et tildelt en r\u00e6kke indl\u00e6g p\u00e5 konferencen. Bliv klogere p\u00e5 vores indl\u00e6g og hvilke mener vi vil snakke om. Se emnerne p\u00e5 siden her","breadcrumb":{"@id":"https:\/\/www.le34.dk\/da\/le34-pa-vejforum-2021\/#breadcrumb"},"inLanguage":"da-DK","potentialAction":[{"@type":"ReadAction","target":["https:\/\/www.le34.dk\/da\/le34-pa-vejforum-2021\/"]}]},{"@type":"BreadcrumbList","@id":"https:\/\/www.le34.dk\/da\/le34-pa-vejforum-2021\/#breadcrumb","itemListElement":[{"@type":"ListItem","position":1,"name":"Home","item":"https:\/\/www.le34.dk\/da\/"},{"@type":"ListItem","position":2,"name":"LE34 p\u00e5 Vejforum 2021"}]},{"@type":"WebSite","@id":"https:\/\/www.le34.dk\/da\/#website","url":"https:\/\/www.le34.dk\/da\/","name":"LE34","description":"","potentialAction":[{"@type":"SearchAction","target":{"@type":"EntryPoint","urlTemplate":"https:\/\/www.le34.dk\/da\/?s={search_term_string}"},"query-input":{"@type":"PropertyValueSpecification","valueRequired":true,"valueName":"search_term_string"}}],"inLanguage":"da-DK"}]}},"_links":{"self":[{"href":"https:\/\/www.le34.dk\/da\/wp-json\/wp\/v2\/pages\/1468","targetHints":{"allow":["GET"]}}],"collection":[{"href":"https:\/\/www.le34.dk\/da\/wp-json\/wp\/v2\/pages"}],"about":[{"href":"https:\/\/www.le34.dk\/da\/wp-json\/wp\/v2\/types\/page"}],"author":[{"embeddable":true,"href":"https:\/\/www.le34.dk\/da\/wp-json\/wp\/v2\/users\/36"}],"replies":[{"embeddable":true,"href":"https:\/\/www.le34.dk\/da\/wp-json\/wp\/v2\/comments?post=1468"}],"version-history":[{"count":2,"href":"https:\/\/www.le34.dk\/da\/wp-json\/wp\/v2\/pages\/1468\/revisions"}],"predecessor-version":[{"id":16583,"href":"https:\/\/www.le34.dk\/da\/wp-json\/wp\/v2\/pages\/1468\/revisions\/16583"}],"wp:attachment":[{"href":"https:\/\/www.le34.dk\/da\/wp-json\/wp\/v2\/media?parent=1468"}],"curies":[{"name":"wp","href":"https:\/\/api.w.org\/{rel}","templated":true}]}}