{"id":1379,"date":"2017-09-12T09:02:41","date_gmt":"2017-09-12T09:02:41","guid":{"rendered":"https:\/\/www.le34.dk\/kursus-om-planlagning\/"},"modified":"2024-04-05T08:49:39","modified_gmt":"2024-04-05T08:49:39","slug":"kursus-om-planlagning","status":"publish","type":"page","link":"https:\/\/www.le34.dk\/da\/kursus-om-planlagning\/","title":{"rendered":"Kurser om planl\u00e6gning"},"content":{"rendered":"<p>Anne Velling Christiansen, adm. direkt\u00f8r i By og Kulturforvaltningen, Odense Kommune<br \/>\n\u201cDet var en l\u00e6rerig dag, hvor vi fik mulighed for at dr\u00f8fte en r\u00e6kke emner p\u00e5 tv\u00e6rs af traditionelle faggrupper med hj\u00e6lp af dygtige og kompetente eksperter fra LE34.\u201d<\/p>\n<p>Kurser til forvaltningen<br \/>\nEn faglig kursusdag styrker det faglige samarbejde og netv\u00e6rk i kommunens administration. LE34 tilbyder at skabe grobund for nye praksisser med et kursus, hvor I f\u00e5r gl\u00e6de af vores planl\u00e6gningsspecialisters ekspertise og opl\u00e6g, der kan s\u00e6tte gang i debatten.<br \/>\nVores kurser er velegnede til at I kan g\u00e5 sammen med nabokommunen og f\u00e5 mulighed for faglig sparring p\u00e5 tv\u00e6rs af kommunegr\u00e6nsen \u2013 eller I kan g\u00e5 sammen p\u00e5 tv\u00e6rs af faggrupperne i jeres kommune f.eks. byggesagsbehandlere, milj\u00f8medarbejdere og andre faggrupper, der har gavn af at kende jura i forhold til lokalplaner og planloven.<\/p>\n<p>Skr\u00e6ddersyet kursus<br \/>\nKontakt os, for at h\u00f8re om mulighederne for at skr\u00e6ddersy et kursus til jeres kommune.<\/p>\n<p>Kursus om planl\u00e6gning og st\u00f8j<br \/>\nP\u00e5 kurset bliver du pr\u00e6senteret for planlovens sammenh\u00e6ng med vejledninger om st\u00f8j. I eksisterende byomr\u00e5der kan det v\u00e6re en udfordring at sikre, at milj\u00f8styrelsens vejledende gr\u00e6nsev\u00e6rdier kan overholdes.<br \/>\nHvordan tager vi i planl\u00e6gningen hensyn til, at st\u00f8jf\u00f8lsomme omr\u00e5der ikke belastes med st\u00f8j fra virksomheder? Hvilke muligheder er der i byomdannelsesomr\u00e5der?<br \/>\nP\u00e5 kurset pr\u00e6senteres en r\u00e6kke cases med udgangspunkt i ovenst\u00e5ende.<\/p>\n<p>Kontakt underviser<\/p>\n<p>Kursus om planl\u00e6gning \u2013 formalia og jura<br \/>\nFor hvert \u00e5r, kommer der st\u00f8rre og st\u00f8rre fokus p\u00e5 formalia og den juridiske udformning af lokalplanerne. Hvordan sikrer man at alle formalia er overholdt, s\u00e5 man er sikker p\u00e5 at en klage ikke forsinker eller omst\u00f8der planen? Hvad siger planloven? Hvad er minimumskravene til lokalplanens indhold for at den betragtes som byggeretsgivende?<br \/>\nDette og meget mere kan I blive klogere p\u00e5, hvis I booker et af vores hel- eller halvdagskursus, Planl\u00e6gning \u2013 formalia og jura.<br \/>\nKurset tager fat p\u00e5 aktuelle \u00e6ndringer i planloven s\u00e5 vel som et bredere perspektiv, uden at det dog er t\u00e6nkt som en introduktion til den ny planlov.<\/p>\n<p>Kontakt underviser<\/p>\n<p>Kursus om \u00e6ndring af planloven<br \/>\nMed den nye planlov, der tr\u00e5dte i kraft i juni 2017, gives nye muligheder, der skal give kommunerne, borgerne og virksomhederne bedre muligheder for at skabe v\u00e6kst og udvikling.<br \/>\nP\u00e5 kurset vil der bl.a. v\u00e6re fokus p\u00e5 nye regler vedr\u00f8rende udl\u00e6g af nye arealer til byv\u00e6kst, nye regler for detailhandel, nye muligheder indenfor kystn\u00e6rhedszonen, nye muligheder med lokalplanen samt en gennemgang af de nye regler for landzone.<\/p>\n<p>Kontakt underviser<\/p>\n<p>F\u00e5 mere at vide<br \/>\nKontakt os<br \/>\nAnders Ebsen Jellesen<br \/>\nTeamleder og Byplankonsulent<br \/>\n+45 9244 3439<br \/>\najj@le34.dk<\/p>\n<p>Send mail til Anders Ebsen Jellesen<\/p>\n","protected":false},"excerpt":{"rendered":"<p>Anne Velling Christiansen, adm. direkt\u00f8r i By og Kulturforvaltningen, Odense Kommune \u201cDet var en l\u00e6rerig dag, hvor vi fik mulighed for at dr\u00f8fte en r\u00e6kke emner p\u00e5 tv\u00e6rs af traditionelle faggrupper med hj\u00e6lp af dygtige og kompetente eksperter fra LE34.\u201d Kurser til forvaltningen En faglig kursusdag styrker det faglige samarbejde og netv\u00e6rk i kommunens administration. [&hellip;]<\/p>\n","protected":false},"author":28,"featured_media":0,"parent":0,"menu_order":0,"comment_status":"closed","ping_status":"closed","template":"","meta":{"_acf_changed":false,"footnotes":""},"class_list":["post-1379","page","type-page","status-publish","hentry"],"acf":[],"yoast_head":"<!-- This site is optimized with the Yoast SEO plugin v27.4 - https:\/\/yoast.com\/product\/yoast-seo-wordpress\/ -->\n<title>Kurser om planl\u00e6gning - Landinspekt\u00f8rfirmaet LE34 viser vejen<\/title>\n<meta name=\"description\" content=\"Kunne du t\u00e6nke dig at f\u00e5 LE34 til at holde en kursusdag, der kl\u00e6der dig og dine kolleger p\u00e5 med viden om de nyeste tendenser inden for planl\u00e6gning?\" \/>\n<meta name=\"robots\" content=\"index, follow, max-snippet:-1, max-image-preview:large, max-video-preview:-1\" \/>\n<link rel=\"canonical\" href=\"https:\/\/www.le34.dk\/da\/kursus-om-planlagning\/\" \/>\n<meta property=\"og:locale\" content=\"da_DK\" \/>\n<meta property=\"og:type\" content=\"article\" \/>\n<meta property=\"og:title\" content=\"Kurser om planl\u00e6gning - Landinspekt\u00f8rfirmaet LE34 viser vejen\" \/>\n<meta property=\"og:description\" content=\"Kunne du t\u00e6nke dig at f\u00e5 LE34 til at holde en kursusdag, der kl\u00e6der dig og dine kolleger p\u00e5 med viden om de nyeste tendenser inden for planl\u00e6gning?\" \/>\n<meta property=\"og:url\" content=\"https:\/\/www.le34.dk\/da\/kursus-om-planlagning\/\" \/>\n<meta property=\"og:site_name\" content=\"LE34\" \/>\n<meta property=\"article:modified_time\" content=\"2024-04-05T08:49:39+00:00\" \/>\n<meta name=\"twitter:card\" content=\"summary_large_image\" \/>\n<meta name=\"twitter:label1\" content=\"Estimeret l\u00e6setid\" \/>\n\t<meta name=\"twitter:data1\" content=\"7 minutter\" \/>\n<script type=\"application\/ld+json\" class=\"yoast-schema-graph\">{\"@context\":\"https:\\\/\\\/schema.org\",\"@graph\":[{\"@type\":\"WebPage\",\"@id\":\"https:\\\/\\\/www.le34.dk\\\/da\\\/kursus-om-planlagning\\\/\",\"url\":\"https:\\\/\\\/www.le34.dk\\\/da\\\/kursus-om-planlagning\\\/\",\"name\":\"Kurser om planl\u00e6gning - Landinspekt\u00f8rfirmaet LE34 viser vejen\",\"isPartOf\":{\"@id\":\"https:\\\/\\\/www.le34.dk\\\/da\\\/#website\"},\"datePublished\":\"2017-09-12T09:02:41+00:00\",\"dateModified\":\"2024-04-05T08:49:39+00:00\",\"description\":\"Kunne du t\u00e6nke dig at f\u00e5 LE34 til at holde en kursusdag, der kl\u00e6der dig og dine kolleger p\u00e5 med viden om de nyeste tendenser inden for planl\u00e6gning?\",\"breadcrumb\":{\"@id\":\"https:\\\/\\\/www.le34.dk\\\/da\\\/kursus-om-planlagning\\\/#breadcrumb\"},\"inLanguage\":\"da-DK\",\"potentialAction\":[{\"@type\":\"ReadAction\",\"target\":[\"https:\\\/\\\/www.le34.dk\\\/da\\\/kursus-om-planlagning\\\/\"]}]},{\"@type\":\"BreadcrumbList\",\"@id\":\"https:\\\/\\\/www.le34.dk\\\/da\\\/kursus-om-planlagning\\\/#breadcrumb\",\"itemListElement\":[{\"@type\":\"ListItem\",\"position\":1,\"name\":\"Home\",\"item\":\"https:\\\/\\\/www.le34.dk\\\/da\\\/\"},{\"@type\":\"ListItem\",\"position\":2,\"name\":\"Kurser om planl\u00e6gning\"}]},{\"@type\":\"WebSite\",\"@id\":\"https:\\\/\\\/www.le34.dk\\\/da\\\/#website\",\"url\":\"https:\\\/\\\/www.le34.dk\\\/da\\\/\",\"name\":\"LE34\",\"description\":\"\",\"potentialAction\":[{\"@type\":\"SearchAction\",\"target\":{\"@type\":\"EntryPoint\",\"urlTemplate\":\"https:\\\/\\\/www.le34.dk\\\/da\\\/?s={search_term_string}\"},\"query-input\":{\"@type\":\"PropertyValueSpecification\",\"valueRequired\":true,\"valueName\":\"search_term_string\"}}],\"inLanguage\":\"da-DK\"}]}<\/script>\n<!-- \/ Yoast SEO plugin. -->","yoast_head_json":{"title":"Kurser om planl\u00e6gning - Landinspekt\u00f8rfirmaet LE34 viser vejen","description":"Kunne du t\u00e6nke dig at f\u00e5 LE34 til at holde en kursusdag, der kl\u00e6der dig og dine kolleger p\u00e5 med viden om de nyeste tendenser inden for planl\u00e6gning?","robots":{"index":"index","follow":"follow","max-snippet":"max-snippet:-1","max-image-preview":"max-image-preview:large","max-video-preview":"max-video-preview:-1"},"canonical":"https:\/\/www.le34.dk\/da\/kursus-om-planlagning\/","og_locale":"da_DK","og_type":"article","og_title":"Kurser om planl\u00e6gning - Landinspekt\u00f8rfirmaet LE34 viser vejen","og_description":"Kunne du t\u00e6nke dig at f\u00e5 LE34 til at holde en kursusdag, der kl\u00e6der dig og dine kolleger p\u00e5 med viden om de nyeste tendenser inden for planl\u00e6gning?","og_url":"https:\/\/www.le34.dk\/da\/kursus-om-planlagning\/","og_site_name":"LE34","article_modified_time":"2024-04-05T08:49:39+00:00","twitter_card":"summary_large_image","twitter_misc":{"Estimeret l\u00e6setid":"7 minutter"},"schema":{"@context":"https:\/\/schema.org","@graph":[{"@type":"WebPage","@id":"https:\/\/www.le34.dk\/da\/kursus-om-planlagning\/","url":"https:\/\/www.le34.dk\/da\/kursus-om-planlagning\/","name":"Kurser om planl\u00e6gning - Landinspekt\u00f8rfirmaet LE34 viser vejen","isPartOf":{"@id":"https:\/\/www.le34.dk\/da\/#website"},"datePublished":"2017-09-12T09:02:41+00:00","dateModified":"2024-04-05T08:49:39+00:00","description":"Kunne du t\u00e6nke dig at f\u00e5 LE34 til at holde en kursusdag, der kl\u00e6der dig og dine kolleger p\u00e5 med viden om de nyeste tendenser inden for planl\u00e6gning?","breadcrumb":{"@id":"https:\/\/www.le34.dk\/da\/kursus-om-planlagning\/#breadcrumb"},"inLanguage":"da-DK","potentialAction":[{"@type":"ReadAction","target":["https:\/\/www.le34.dk\/da\/kursus-om-planlagning\/"]}]},{"@type":"BreadcrumbList","@id":"https:\/\/www.le34.dk\/da\/kursus-om-planlagning\/#breadcrumb","itemListElement":[{"@type":"ListItem","position":1,"name":"Home","item":"https:\/\/www.le34.dk\/da\/"},{"@type":"ListItem","position":2,"name":"Kurser om planl\u00e6gning"}]},{"@type":"WebSite","@id":"https:\/\/www.le34.dk\/da\/#website","url":"https:\/\/www.le34.dk\/da\/","name":"LE34","description":"","potentialAction":[{"@type":"SearchAction","target":{"@type":"EntryPoint","urlTemplate":"https:\/\/www.le34.dk\/da\/?s={search_term_string}"},"query-input":{"@type":"PropertyValueSpecification","valueRequired":true,"valueName":"search_term_string"}}],"inLanguage":"da-DK"}]}},"_links":{"self":[{"href":"https:\/\/www.le34.dk\/da\/wp-json\/wp\/v2\/pages\/1379","targetHints":{"allow":["GET"]}}],"collection":[{"href":"https:\/\/www.le34.dk\/da\/wp-json\/wp\/v2\/pages"}],"about":[{"href":"https:\/\/www.le34.dk\/da\/wp-json\/wp\/v2\/types\/page"}],"author":[{"embeddable":true,"href":"https:\/\/www.le34.dk\/da\/wp-json\/wp\/v2\/users\/28"}],"replies":[{"embeddable":true,"href":"https:\/\/www.le34.dk\/da\/wp-json\/wp\/v2\/comments?post=1379"}],"version-history":[{"count":8,"href":"https:\/\/www.le34.dk\/da\/wp-json\/wp\/v2\/pages\/1379\/revisions"}],"predecessor-version":[{"id":14639,"href":"https:\/\/www.le34.dk\/da\/wp-json\/wp\/v2\/pages\/1379\/revisions\/14639"}],"wp:attachment":[{"href":"https:\/\/www.le34.dk\/da\/wp-json\/wp\/v2\/media?parent=1379"}],"curies":[{"name":"wp","href":"https:\/\/api.w.org\/{rel}","templated":true}]}}