{"id":1378,"date":"2017-09-12T09:22:46","date_gmt":"2017-09-12T09:22:46","guid":{"rendered":"https:\/\/www.le34.dk\/kurser-ekspropriation-og-jura-2017\/"},"modified":"2024-01-15T14:55:26","modified_gmt":"2024-01-15T14:55:26","slug":"kurser-ekspropriation-og-jura-2017","status":"publish","type":"page","link":"https:\/\/www.le34.dk\/da\/kurser-ekspropriation-og-jura-2017\/","title":{"rendered":"Kurser &#8211; Ekspropriation og jura"},"content":{"rendered":"<p>Bestil et kursus til dig og dine kollegaer<br \/>\nDu og dine kollegaer har muligheden for at f\u00e5 bes\u00f8g af vores specialister, hvor I deltager i et sp\u00e6ndende kursus, der giver et bredt og d\u00e6kkende overblik over den g\u00e6ldende vejlovgivning. Kurset kan tilpasses jeres dagligdag og s\u00e6rlige udfordringer.<br \/>\nKurserne kan omhandle:<br \/>\nPlanl\u00e6gning og vejforhold<br \/>\nVejloven \u2013 i teori og praksis<br \/>\nPrivatvejsloven \u2013 i teori og praksis<br \/>\nForvaltningsloven i en vejforvaltning<\/p>\n<p>Tilmeld dig<\/p>\n<p>Specialister i vejjura &#8211; Lige i n\u00e6rheden af dig<br \/>\nLE34 Vejjura omfatter en gruppe af kompetente landinspekt\u00f8rer og jurister, der har specialiseret sig inden for dette faglige omr\u00e5de. Vi har bl.a. opn\u00e5et vores viden gennemarbejde for offentlige forvaltninger i hele landet i ekspropriationssager og som r\u00e5dgiver ved alle typer af vejjuridiske sp\u00f8rgsm\u00e5l.\u00a0<br \/>\nVi hj\u00e6lper i dag 2\/3 af Danmarks kommuner med blandt andet afholdelse af vejsyn, gennemf\u00f8relse af ekspropriationer, vurdering af erstatningssp\u00f8rgsm\u00e5l, udarbejdelse af udgiftsfordelinger og \u00f8vrig r\u00e5dgivning og sagsbehandling relateret til vejlovgivningen.\u00a0<\/p>\n<p>F\u00e5 mere at vide<br \/>\nKontakt os<br \/>\nKontakt ekspert i ekspropriation og jura, Thomas Normann Asmussen, hvis du er interesseret i at h\u00f8re mere.<br \/>\nThomas Normann Asmussen<br \/>\nLandinspekt\u00f8r &#038; Partner<br \/>\n+45 7733 2106<br \/>\ntna@le34.dk<\/p>\n<p>Send mail til Thomas Asmussen<\/p>\n","protected":false},"excerpt":{"rendered":"<p>Bestil et kursus til dig og dine kollegaer Du og dine kollegaer har muligheden for at f\u00e5 bes\u00f8g af vores specialister, hvor I deltager i et sp\u00e6ndende kursus, der giver et bredt og d\u00e6kkende overblik over den g\u00e6ldende vejlovgivning. Kurset kan tilpasses jeres dagligdag og s\u00e6rlige udfordringer. Kurserne kan omhandle: Planl\u00e6gning og vejforhold Vejloven \u2013 [&hellip;]<\/p>\n","protected":false},"author":3,"featured_media":0,"parent":0,"menu_order":0,"comment_status":"closed","ping_status":"closed","template":"","meta":{"_acf_changed":false,"footnotes":""},"class_list":["post-1378","page","type-page","status-publish","hentry"],"acf":[],"yoast_head":"<!-- This site is optimized with the Yoast SEO plugin v27.5 - https:\/\/yoast.com\/product\/yoast-seo-wordpress\/ -->\n<title>Kurser - Ekspropriation og jura 2017 - Landinspekt\u00f8rfirmaet LE34<\/title>\n<meta name=\"description\" content=\"Bliv opdateret med den seneste lovgivning og praksis inden for vejlovgivning. Deltag i et sp\u00e6ndende kursus, der s\u00e6tter fokus p\u00e5 forvaltningens fagligheder.\" \/>\n<meta name=\"robots\" content=\"index, follow, max-snippet:-1, max-image-preview:large, max-video-preview:-1\" \/>\n<link rel=\"canonical\" href=\"https:\/\/www.le34.dk\/da\/kurser-ekspropriation-og-jura-2017\/\" \/>\n<meta property=\"og:locale\" content=\"da_DK\" \/>\n<meta property=\"og:type\" content=\"article\" \/>\n<meta property=\"og:title\" content=\"Kurser - Ekspropriation og jura 2017 - Landinspekt\u00f8rfirmaet LE34\" \/>\n<meta property=\"og:description\" content=\"Bliv opdateret med den seneste lovgivning og praksis inden for vejlovgivning. Deltag i et sp\u00e6ndende kursus, der s\u00e6tter fokus p\u00e5 forvaltningens fagligheder.\" \/>\n<meta property=\"og:url\" content=\"https:\/\/www.le34.dk\/da\/kurser-ekspropriation-og-jura-2017\/\" \/>\n<meta property=\"og:site_name\" content=\"LE34\" \/>\n<meta property=\"article:modified_time\" content=\"2024-01-15T14:55:26+00:00\" \/>\n<meta name=\"twitter:card\" content=\"summary_large_image\" \/>\n<meta name=\"twitter:label1\" content=\"Estimeret l\u00e6setid\" \/>\n\t<meta name=\"twitter:data1\" content=\"1 minut\" \/>\n<script type=\"application\/ld+json\" class=\"yoast-schema-graph\">{\"@context\":\"https:\\\/\\\/schema.org\",\"@graph\":[{\"@type\":\"WebPage\",\"@id\":\"https:\\\/\\\/www.le34.dk\\\/da\\\/kurser-ekspropriation-og-jura-2017\\\/\",\"url\":\"https:\\\/\\\/www.le34.dk\\\/da\\\/kurser-ekspropriation-og-jura-2017\\\/\",\"name\":\"Kurser - Ekspropriation og jura 2017 - Landinspekt\u00f8rfirmaet LE34\",\"isPartOf\":{\"@id\":\"https:\\\/\\\/www.le34.dk\\\/da\\\/#website\"},\"datePublished\":\"2017-09-12T09:22:46+00:00\",\"dateModified\":\"2024-01-15T14:55:26+00:00\",\"description\":\"Bliv opdateret med den seneste lovgivning og praksis inden for vejlovgivning. Deltag i et sp\u00e6ndende kursus, der s\u00e6tter fokus p\u00e5 forvaltningens fagligheder.\",\"breadcrumb\":{\"@id\":\"https:\\\/\\\/www.le34.dk\\\/da\\\/kurser-ekspropriation-og-jura-2017\\\/#breadcrumb\"},\"inLanguage\":\"da-DK\",\"potentialAction\":[{\"@type\":\"ReadAction\",\"target\":[\"https:\\\/\\\/www.le34.dk\\\/da\\\/kurser-ekspropriation-og-jura-2017\\\/\"]}]},{\"@type\":\"BreadcrumbList\",\"@id\":\"https:\\\/\\\/www.le34.dk\\\/da\\\/kurser-ekspropriation-og-jura-2017\\\/#breadcrumb\",\"itemListElement\":[{\"@type\":\"ListItem\",\"position\":1,\"name\":\"Home\",\"item\":\"https:\\\/\\\/www.le34.dk\\\/da\\\/\"},{\"@type\":\"ListItem\",\"position\":2,\"name\":\"Kurser &#8211; Ekspropriation og jura\"}]},{\"@type\":\"WebSite\",\"@id\":\"https:\\\/\\\/www.le34.dk\\\/da\\\/#website\",\"url\":\"https:\\\/\\\/www.le34.dk\\\/da\\\/\",\"name\":\"LE34\",\"description\":\"\",\"potentialAction\":[{\"@type\":\"SearchAction\",\"target\":{\"@type\":\"EntryPoint\",\"urlTemplate\":\"https:\\\/\\\/www.le34.dk\\\/da\\\/?s={search_term_string}\"},\"query-input\":{\"@type\":\"PropertyValueSpecification\",\"valueRequired\":true,\"valueName\":\"search_term_string\"}}],\"inLanguage\":\"da-DK\"}]}<\/script>\n<!-- \/ Yoast SEO plugin. -->","yoast_head_json":{"title":"Kurser - Ekspropriation og jura 2017 - Landinspekt\u00f8rfirmaet LE34","description":"Bliv opdateret med den seneste lovgivning og praksis inden for vejlovgivning. Deltag i et sp\u00e6ndende kursus, der s\u00e6tter fokus p\u00e5 forvaltningens fagligheder.","robots":{"index":"index","follow":"follow","max-snippet":"max-snippet:-1","max-image-preview":"max-image-preview:large","max-video-preview":"max-video-preview:-1"},"canonical":"https:\/\/www.le34.dk\/da\/kurser-ekspropriation-og-jura-2017\/","og_locale":"da_DK","og_type":"article","og_title":"Kurser - Ekspropriation og jura 2017 - Landinspekt\u00f8rfirmaet LE34","og_description":"Bliv opdateret med den seneste lovgivning og praksis inden for vejlovgivning. Deltag i et sp\u00e6ndende kursus, der s\u00e6tter fokus p\u00e5 forvaltningens fagligheder.","og_url":"https:\/\/www.le34.dk\/da\/kurser-ekspropriation-og-jura-2017\/","og_site_name":"LE34","article_modified_time":"2024-01-15T14:55:26+00:00","twitter_card":"summary_large_image","twitter_misc":{"Estimeret l\u00e6setid":"1 minut"},"schema":{"@context":"https:\/\/schema.org","@graph":[{"@type":"WebPage","@id":"https:\/\/www.le34.dk\/da\/kurser-ekspropriation-og-jura-2017\/","url":"https:\/\/www.le34.dk\/da\/kurser-ekspropriation-og-jura-2017\/","name":"Kurser - Ekspropriation og jura 2017 - Landinspekt\u00f8rfirmaet LE34","isPartOf":{"@id":"https:\/\/www.le34.dk\/da\/#website"},"datePublished":"2017-09-12T09:22:46+00:00","dateModified":"2024-01-15T14:55:26+00:00","description":"Bliv opdateret med den seneste lovgivning og praksis inden for vejlovgivning. Deltag i et sp\u00e6ndende kursus, der s\u00e6tter fokus p\u00e5 forvaltningens fagligheder.","breadcrumb":{"@id":"https:\/\/www.le34.dk\/da\/kurser-ekspropriation-og-jura-2017\/#breadcrumb"},"inLanguage":"da-DK","potentialAction":[{"@type":"ReadAction","target":["https:\/\/www.le34.dk\/da\/kurser-ekspropriation-og-jura-2017\/"]}]},{"@type":"BreadcrumbList","@id":"https:\/\/www.le34.dk\/da\/kurser-ekspropriation-og-jura-2017\/#breadcrumb","itemListElement":[{"@type":"ListItem","position":1,"name":"Home","item":"https:\/\/www.le34.dk\/da\/"},{"@type":"ListItem","position":2,"name":"Kurser &#8211; Ekspropriation og jura"}]},{"@type":"WebSite","@id":"https:\/\/www.le34.dk\/da\/#website","url":"https:\/\/www.le34.dk\/da\/","name":"LE34","description":"","potentialAction":[{"@type":"SearchAction","target":{"@type":"EntryPoint","urlTemplate":"https:\/\/www.le34.dk\/da\/?s={search_term_string}"},"query-input":{"@type":"PropertyValueSpecification","valueRequired":true,"valueName":"search_term_string"}}],"inLanguage":"da-DK"}]}},"_links":{"self":[{"href":"https:\/\/www.le34.dk\/da\/wp-json\/wp\/v2\/pages\/1378","targetHints":{"allow":["GET"]}}],"collection":[{"href":"https:\/\/www.le34.dk\/da\/wp-json\/wp\/v2\/pages"}],"about":[{"href":"https:\/\/www.le34.dk\/da\/wp-json\/wp\/v2\/types\/page"}],"author":[{"embeddable":true,"href":"https:\/\/www.le34.dk\/da\/wp-json\/wp\/v2\/users\/3"}],"replies":[{"embeddable":true,"href":"https:\/\/www.le34.dk\/da\/wp-json\/wp\/v2\/comments?post=1378"}],"version-history":[{"count":1,"href":"https:\/\/www.le34.dk\/da\/wp-json\/wp\/v2\/pages\/1378\/revisions"}],"predecessor-version":[{"id":13036,"href":"https:\/\/www.le34.dk\/da\/wp-json\/wp\/v2\/pages\/1378\/revisions\/13036"}],"wp:attachment":[{"href":"https:\/\/www.le34.dk\/da\/wp-json\/wp\/v2\/media?parent=1378"}],"curies":[{"name":"wp","href":"https:\/\/api.w.org\/{rel}","templated":true}]}}