{"id":1364,"date":"2020-10-28T08:59:26","date_gmt":"2020-10-28T08:59:26","guid":{"rendered":"https:\/\/www.le34.dk\/kortdage-2020\/"},"modified":"2024-01-15T14:55:03","modified_gmt":"2024-01-15T14:55:03","slug":"kortdage-2020","status":"publish","type":"page","link":"https:\/\/www.le34.dk\/da\/kortdage-2020\/","title":{"rendered":"Kortdage 2020"},"content":{"rendered":"<p>Hvad kan laserscanning g\u00f8re for dig?<br \/>\n16.11.2020    |    10.00-11.00<br \/>\nLaserscanning er en effektiv metode til at indsamle data af h\u00f8j kvalitet og efterf\u00f8lgende udarbejde punktskyer, 3D-modeller og BIM. LE34 r\u00e5dgiver dig til den scanningsmetode, der egner sig bedst til dit projekt. Den rigtige metode er af afg\u00f8rende betydning for alt fra drift og planl\u00e6gning til renovering og nyopf\u00f8relse. Vores eksperter i laserscanning viser, hvad de nyeste teknologier kan.<br \/>\nDeltag i webinar om laserscanning og se, hvad metoden kan betyde for dig. Tilmelding sker via mail til Mathias Krag Bach p\u00e5 mkb@le34.dk. Hvis du er interesseret i emnet, men forhindret i at deltage, er du velkommen til at sende dit \u00f8nske til ny dato. <\/p>\n<p>Enkel ledningsh\u00e5ndtering til forsyninger<br \/>\n16.11.2020    |    13.00-14.00<br \/>\nVA-banken\u00a9 samler ledningsregistrering, drift, henvendelser og planl\u00e6gning i \u00e9t brugervenligt system. Uanset opgaven og 100% p\u00e5 dansk. Udviklet til forsyninger af forsyningseksperter.<br \/>\nDeltag i webinar om VA-banken\u00a9 og se, hvad systemet kan g\u00f8re for dig. Tilmelding sker via mail til Mathias Krag Bach p\u00e5 mkb@le34.dk. Hvis du er interesseret i emnet, men forhindret i at deltage, er du velkommen til at sende dit \u00f8nske til ny dato.<\/p>\n<p>LER for for dig der er ny i LER 2.0 f.eks. kommuner, havne og sm\u00e5 ledningsejere<br \/>\n17.11.2020    |    13.00-14.00<br \/>\nEr du og din organisation klar til LER 2.0? I LE34 har vi udviklet et intuitivt og fremtidssikret v\u00e6rkt\u00f8j, som sikrer automatisk LER-besvarelse, vedligeholdelse af data og l\u00f8fter opgaven fra dine skuldre.<br \/>\nDeltag i webinar om AutoLER og find ud af, hvad LER 2.0 er, hvordan du som ny ledningsejer skal forholde dig og hvad automatisering kan g\u00f8re for dig. Tilmelding sker via mail til Mathias Krag Bach p\u00e5 mkb@le34.dk. Hvis du er interesseret i emnet, men forhindret i at deltage, er du velkommen til at sende dit \u00f8nske til ny dato. <\/p>\n<p>Mobile Mapping &#8211; gennembrud for kortl\u00e6gning af veje<br \/>\n19.11.2020    |    10.00-11.00<br \/>\nMobile Mapping fra LE34 samler alle data p\u00e5 dit vejnet i et komplet og brugervenligt digitalt overblik, som g\u00f8r det muligt at optage pr\u00e6cise m\u00e5l direkte fra sk\u00e6rmen. Det er markedets bedste og hurtigste redskab til effektiv vejdrift og projektering.<br \/>\nDeltag i webinar om Mobile Mapping og f\u00e5 et unikt indblik i den banebrydende teknologi. Tilmelding sker via mail til Mathias Krag Bach p\u00e5 mkb@le34.dk. Hvis du er interesseret i emnet, men forhindret i at deltage, er du velkommen til at sende dit \u00f8nske til ny dato.<\/p>\n<p>SmartSurvey\u2122 forvandler din smartphone til en laserscanner<br \/>\n20.11.2020    |    11.00-12.00<br \/>\nAppen SmartSurvey\u2122 fra LE34 er en lille teknologisk revolution, hvor simpel video bliver omsat til en kompleks 3D-punktsky. Udviklet i samarbejde med nogle af landets f\u00f8rende entrepren\u00f8rer og forsyningsselskaber og testet af brugerne.<br \/>\nDeltag i webinar om SmartSurvey\u2122 og f\u00e5 et unikt indblik i den banebrydende teknologi. Tilmelding sker via mail til Mathias Krag Bach p\u00e5 mkb@le34.dk. Hvis du er interesseret i emnet, men forhindret i at deltage, er du velkommen til at sende dit \u00f8nske til ny dato. <\/p>\n<p>H\u00e5ndter 3D data fra alle former for kilder i en brugervenlig kortvisning<br \/>\n20.11.2020      |      13.00-14.00<br \/>\nForestil dig en webbaseret l\u00f8sning, som giver dig adgang til kolossale datam\u00e6ngder i et enkelt og brugervenligt overblik. Det har manglet, n\u00e5r man skulle udveksle og arbejde i punktskyer, 3D-modeller og detaljerede interaktive kort. Derfor udviklede vi PointView\u2122.<br \/>\nDeltag i webinar om PointView\u2122 og f\u00e5 et unikt indblik i mulighederne. Tilmelding sker via mail til Mathias Krag Bach p\u00e5 mkb@le34.dk. Hvis du er interesseret i emnet, men forhindret i at deltage, er du velkommen til at sende dit \u00f8nske til ny dato.<\/p>\n<p>Opgavestyring og overblik<br \/>\n23.11.2020    |    13.00-14.00<br \/>\nI LE34 har vi udviklet et fleksibelt v\u00e6rkt\u00f8j, der giver frie h\u00e6nder til at s\u00e6tte opgaven i centrum. Med GeoNote\u2122 f\u00e5r I automatiseret arbejdsgangene omkring de daglige opgaver i en digital l\u00f8sning, s\u00e5 det er nemt at f\u00e5 et overblik.<br \/>\nDeltag i webinar om digital opgavestyring med fokus p\u00e5 brugervenlighed. Tilmelding sker via mail til Mathias Krag Bach p\u00e5 mkb@le34.dk. Hvis du er interesseret i emnet, men forhindret i at deltage, er du velkommen til at sende dit \u00f8nske til ny dato. <\/p>\n<p>LER 2.0 for forsyninger og andre som kender det grundl\u00e6ggende i LER 2.0<br \/>\n24.11.2020    |    14.00-15.00<br \/>\nEr du og din organisation klar til LER 2.0? Har du styr p\u00e5 data, strategi for overgang og fremadrettet vedligeholdelse af data.<br \/>\nDeltag i webinar om AutoLER og bliv opdateret p\u00e5 det seneste nyt, f\u00e5 svar p\u00e5 tvivlssp\u00f8rgsm\u00e5l, h\u00f8r hvad andre g\u00f8r og find ud af om der er ting i jeres approach til LER2.0 der skal \u00e6ndres. Tilmelding sker via mail til Mathias Krag Bach p\u00e5 mkb@le34.dk. Hvis du er interesseret i emnet, men forhindret i at deltage, er du velkommen til at sende dit \u00f8nske til ny dato.<\/p>\n<p>Kontakt eksperterne<\/p>\n<p>Torbj\u00f8rn Mandahl Pedersen<br \/>\nRichard Lindquist Capion<br \/>\nLasse Kjemtrup<br \/>\nAnders Nygaard M\u00f8ller<br \/>\nKim Verup<\/p>\n","protected":false},"excerpt":{"rendered":"<p>Hvad kan laserscanning g\u00f8re for dig? 16.11.2020 | 10.00-11.00 Laserscanning er en effektiv metode til at indsamle data af h\u00f8j kvalitet og efterf\u00f8lgende udarbejde punktskyer, 3D-modeller og BIM. LE34 r\u00e5dgiver dig til den scanningsmetode, der egner sig bedst til dit projekt. Den rigtige metode er af afg\u00f8rende betydning for alt fra drift og planl\u00e6gning til [&hellip;]<\/p>\n","protected":false},"author":3,"featured_media":0,"parent":0,"menu_order":0,"comment_status":"closed","ping_status":"closed","template":"","meta":{"_acf_changed":false,"footnotes":""},"class_list":["post-1364","page","type-page","status-publish","hentry"],"acf":[],"yoast_head":"<!-- This site is optimized with the Yoast SEO plugin v27.4 - https:\/\/yoast.com\/product\/yoast-seo-wordpress\/ -->\n<title>LE34 p\u00e5 Virtuelle Kortdage 2020 med nyeste teknologier og metoder<\/title>\n<meta name=\"description\" content=\"M\u00f8d landets f\u00f8rende eksperter inden for kortl\u00e6gning, dataindsamling og kortdata til en r\u00e6kke sp\u00e6ndende webinarer om de nyeste teknologier og metoder.\" \/>\n<meta name=\"robots\" content=\"index, follow, max-snippet:-1, max-image-preview:large, max-video-preview:-1\" \/>\n<link rel=\"canonical\" href=\"https:\/\/www.le34.dk\/da\/kortdage-2020\/\" \/>\n<meta property=\"og:locale\" content=\"da_DK\" \/>\n<meta property=\"og:type\" content=\"article\" \/>\n<meta property=\"og:title\" content=\"LE34 p\u00e5 Virtuelle Kortdage 2020 med nyeste teknologier og metoder\" \/>\n<meta property=\"og:description\" content=\"M\u00f8d landets f\u00f8rende eksperter inden for kortl\u00e6gning, dataindsamling og kortdata til en r\u00e6kke sp\u00e6ndende webinarer om de nyeste teknologier og metoder.\" \/>\n<meta property=\"og:url\" content=\"https:\/\/www.le34.dk\/da\/kortdage-2020\/\" \/>\n<meta property=\"og:site_name\" content=\"LE34\" \/>\n<meta property=\"article:modified_time\" content=\"2024-01-15T14:55:03+00:00\" \/>\n<meta name=\"twitter:card\" content=\"summary_large_image\" \/>\n<meta name=\"twitter:label1\" content=\"Estimeret l\u00e6setid\" \/>\n\t<meta name=\"twitter:data1\" content=\"4 minutter\" \/>\n<script type=\"application\/ld+json\" class=\"yoast-schema-graph\">{\"@context\":\"https:\\\/\\\/schema.org\",\"@graph\":[{\"@type\":\"WebPage\",\"@id\":\"https:\\\/\\\/www.le34.dk\\\/da\\\/kortdage-2020\\\/\",\"url\":\"https:\\\/\\\/www.le34.dk\\\/da\\\/kortdage-2020\\\/\",\"name\":\"LE34 p\u00e5 Virtuelle Kortdage 2020 med nyeste teknologier og metoder\",\"isPartOf\":{\"@id\":\"https:\\\/\\\/www.le34.dk\\\/da\\\/#website\"},\"datePublished\":\"2020-10-28T08:59:26+00:00\",\"dateModified\":\"2024-01-15T14:55:03+00:00\",\"description\":\"M\u00f8d landets f\u00f8rende eksperter inden for kortl\u00e6gning, dataindsamling og kortdata til en r\u00e6kke sp\u00e6ndende webinarer om de nyeste teknologier og metoder.\",\"breadcrumb\":{\"@id\":\"https:\\\/\\\/www.le34.dk\\\/da\\\/kortdage-2020\\\/#breadcrumb\"},\"inLanguage\":\"da-DK\",\"potentialAction\":[{\"@type\":\"ReadAction\",\"target\":[\"https:\\\/\\\/www.le34.dk\\\/da\\\/kortdage-2020\\\/\"]}]},{\"@type\":\"BreadcrumbList\",\"@id\":\"https:\\\/\\\/www.le34.dk\\\/da\\\/kortdage-2020\\\/#breadcrumb\",\"itemListElement\":[{\"@type\":\"ListItem\",\"position\":1,\"name\":\"Home\",\"item\":\"https:\\\/\\\/www.le34.dk\\\/da\\\/\"},{\"@type\":\"ListItem\",\"position\":2,\"name\":\"Kortdage 2020\"}]},{\"@type\":\"WebSite\",\"@id\":\"https:\\\/\\\/www.le34.dk\\\/da\\\/#website\",\"url\":\"https:\\\/\\\/www.le34.dk\\\/da\\\/\",\"name\":\"LE34\",\"description\":\"\",\"potentialAction\":[{\"@type\":\"SearchAction\",\"target\":{\"@type\":\"EntryPoint\",\"urlTemplate\":\"https:\\\/\\\/www.le34.dk\\\/da\\\/?s={search_term_string}\"},\"query-input\":{\"@type\":\"PropertyValueSpecification\",\"valueRequired\":true,\"valueName\":\"search_term_string\"}}],\"inLanguage\":\"da-DK\"}]}<\/script>\n<!-- \/ Yoast SEO plugin. -->","yoast_head_json":{"title":"LE34 p\u00e5 Virtuelle Kortdage 2020 med nyeste teknologier og metoder","description":"M\u00f8d landets f\u00f8rende eksperter inden for kortl\u00e6gning, dataindsamling og kortdata til en r\u00e6kke sp\u00e6ndende webinarer om de nyeste teknologier og metoder.","robots":{"index":"index","follow":"follow","max-snippet":"max-snippet:-1","max-image-preview":"max-image-preview:large","max-video-preview":"max-video-preview:-1"},"canonical":"https:\/\/www.le34.dk\/da\/kortdage-2020\/","og_locale":"da_DK","og_type":"article","og_title":"LE34 p\u00e5 Virtuelle Kortdage 2020 med nyeste teknologier og metoder","og_description":"M\u00f8d landets f\u00f8rende eksperter inden for kortl\u00e6gning, dataindsamling og kortdata til en r\u00e6kke sp\u00e6ndende webinarer om de nyeste teknologier og metoder.","og_url":"https:\/\/www.le34.dk\/da\/kortdage-2020\/","og_site_name":"LE34","article_modified_time":"2024-01-15T14:55:03+00:00","twitter_card":"summary_large_image","twitter_misc":{"Estimeret l\u00e6setid":"4 minutter"},"schema":{"@context":"https:\/\/schema.org","@graph":[{"@type":"WebPage","@id":"https:\/\/www.le34.dk\/da\/kortdage-2020\/","url":"https:\/\/www.le34.dk\/da\/kortdage-2020\/","name":"LE34 p\u00e5 Virtuelle Kortdage 2020 med nyeste teknologier og metoder","isPartOf":{"@id":"https:\/\/www.le34.dk\/da\/#website"},"datePublished":"2020-10-28T08:59:26+00:00","dateModified":"2024-01-15T14:55:03+00:00","description":"M\u00f8d landets f\u00f8rende eksperter inden for kortl\u00e6gning, dataindsamling og kortdata til en r\u00e6kke sp\u00e6ndende webinarer om de nyeste teknologier og metoder.","breadcrumb":{"@id":"https:\/\/www.le34.dk\/da\/kortdage-2020\/#breadcrumb"},"inLanguage":"da-DK","potentialAction":[{"@type":"ReadAction","target":["https:\/\/www.le34.dk\/da\/kortdage-2020\/"]}]},{"@type":"BreadcrumbList","@id":"https:\/\/www.le34.dk\/da\/kortdage-2020\/#breadcrumb","itemListElement":[{"@type":"ListItem","position":1,"name":"Home","item":"https:\/\/www.le34.dk\/da\/"},{"@type":"ListItem","position":2,"name":"Kortdage 2020"}]},{"@type":"WebSite","@id":"https:\/\/www.le34.dk\/da\/#website","url":"https:\/\/www.le34.dk\/da\/","name":"LE34","description":"","potentialAction":[{"@type":"SearchAction","target":{"@type":"EntryPoint","urlTemplate":"https:\/\/www.le34.dk\/da\/?s={search_term_string}"},"query-input":{"@type":"PropertyValueSpecification","valueRequired":true,"valueName":"search_term_string"}}],"inLanguage":"da-DK"}]}},"_links":{"self":[{"href":"https:\/\/www.le34.dk\/da\/wp-json\/wp\/v2\/pages\/1364","targetHints":{"allow":["GET"]}}],"collection":[{"href":"https:\/\/www.le34.dk\/da\/wp-json\/wp\/v2\/pages"}],"about":[{"href":"https:\/\/www.le34.dk\/da\/wp-json\/wp\/v2\/types\/page"}],"author":[{"embeddable":true,"href":"https:\/\/www.le34.dk\/da\/wp-json\/wp\/v2\/users\/3"}],"replies":[{"embeddable":true,"href":"https:\/\/www.le34.dk\/da\/wp-json\/wp\/v2\/comments?post=1364"}],"version-history":[{"count":1,"href":"https:\/\/www.le34.dk\/da\/wp-json\/wp\/v2\/pages\/1364\/revisions"}],"predecessor-version":[{"id":13021,"href":"https:\/\/www.le34.dk\/da\/wp-json\/wp\/v2\/pages\/1364\/revisions\/13021"}],"wp:attachment":[{"href":"https:\/\/www.le34.dk\/da\/wp-json\/wp\/v2\/media?parent=1364"}],"curies":[{"name":"wp","href":"https:\/\/api.w.org\/{rel}","templated":true}]}}