{"id":1359,"date":"2017-07-18T04:19:25","date_gmt":"2017-07-18T04:19:25","guid":{"rendered":"https:\/\/www.le34.dk\/kontakt\/"},"modified":"2025-03-26T11:36:02","modified_gmt":"2025-03-26T11:36:02","slug":"kontakt","status":"publish","type":"page","link":"https:\/\/www.le34.dk\/da\/kontakt\/","title":{"rendered":"Kontakt"},"content":{"rendered":"<p>Pressekontakt<\/p>\n<p>Find os<br \/>\nLE34 er lige i n\u00e6rheden af dig. Find din lokale landinspekt\u00f8r her.<\/p>\n","protected":false},"excerpt":{"rendered":"<p>Pressekontakt Find os LE34 er lige i n\u00e6rheden af dig. Find din lokale landinspekt\u00f8r her.<\/p>\n","protected":false},"author":28,"featured_media":0,"parent":0,"menu_order":0,"comment_status":"closed","ping_status":"closed","template":"","meta":{"_acf_changed":false,"footnotes":""},"class_list":["post-1359","page","type-page","status-publish","hentry"],"acf":[],"yoast_head":"<!-- This site is optimized with the Yoast SEO plugin v27.4 - https:\/\/yoast.com\/product\/yoast-seo-wordpress\/ -->\n<title>Kontakt landinspekt\u00f8rfirmaet LE34 - vi har afdelinger n\u00e6r dig<\/title>\n<meta name=\"description\" content=\"Kontakt landinspekt\u00f8rfirmaet LE34 p\u00e5 mail, telefon eller ved et personligt m\u00f8de. Uanset hvor i landet, s\u00e5 har vi kontorer i n\u00e6rheden. Kontakt os p\u00e5 siden her\" \/>\n<meta name=\"robots\" content=\"index, follow, max-snippet:-1, max-image-preview:large, max-video-preview:-1\" \/>\n<link rel=\"canonical\" href=\"https:\/\/www.le34.dk\/da\/kontakt\/\" \/>\n<meta property=\"og:locale\" content=\"da_DK\" \/>\n<meta property=\"og:type\" content=\"article\" \/>\n<meta property=\"og:title\" content=\"Kontakt landinspekt\u00f8rfirmaet LE34 - vi har afdelinger n\u00e6r dig\" \/>\n<meta property=\"og:description\" content=\"Kontakt landinspekt\u00f8rfirmaet LE34 p\u00e5 mail, telefon eller ved et personligt m\u00f8de. Uanset hvor i landet, s\u00e5 har vi kontorer i n\u00e6rheden. Kontakt os p\u00e5 siden her\" \/>\n<meta property=\"og:url\" content=\"https:\/\/www.le34.dk\/da\/kontakt\/\" \/>\n<meta property=\"og:site_name\" content=\"LE34\" \/>\n<meta property=\"article:modified_time\" content=\"2025-03-26T11:36:02+00:00\" \/>\n<meta name=\"twitter:card\" content=\"summary_large_image\" \/>\n<meta name=\"twitter:label1\" content=\"Estimeret l\u00e6setid\" \/>\n\t<meta name=\"twitter:data1\" content=\"1 minut\" \/>\n<script type=\"application\/ld+json\" class=\"yoast-schema-graph\">{\"@context\":\"https:\\\/\\\/schema.org\",\"@graph\":[{\"@type\":\"WebPage\",\"@id\":\"https:\\\/\\\/www.le34.dk\\\/da\\\/kontakt\\\/\",\"url\":\"https:\\\/\\\/www.le34.dk\\\/da\\\/kontakt\\\/\",\"name\":\"Kontakt landinspekt\u00f8rfirmaet LE34 - vi har afdelinger n\u00e6r dig\",\"isPartOf\":{\"@id\":\"https:\\\/\\\/www.le34.dk\\\/da\\\/#website\"},\"datePublished\":\"2017-07-18T04:19:25+00:00\",\"dateModified\":\"2025-03-26T11:36:02+00:00\",\"description\":\"Kontakt landinspekt\u00f8rfirmaet LE34 p\u00e5 mail, telefon eller ved et personligt m\u00f8de. Uanset hvor i landet, s\u00e5 har vi kontorer i n\u00e6rheden. Kontakt os p\u00e5 siden her\",\"breadcrumb\":{\"@id\":\"https:\\\/\\\/www.le34.dk\\\/da\\\/kontakt\\\/#breadcrumb\"},\"inLanguage\":\"da-DK\",\"potentialAction\":[{\"@type\":\"ReadAction\",\"target\":[\"https:\\\/\\\/www.le34.dk\\\/da\\\/kontakt\\\/\"]}]},{\"@type\":\"BreadcrumbList\",\"@id\":\"https:\\\/\\\/www.le34.dk\\\/da\\\/kontakt\\\/#breadcrumb\",\"itemListElement\":[{\"@type\":\"ListItem\",\"position\":1,\"name\":\"Home\",\"item\":\"https:\\\/\\\/www.le34.dk\\\/da\\\/\"},{\"@type\":\"ListItem\",\"position\":2,\"name\":\"Kontakt\"}]},{\"@type\":\"WebSite\",\"@id\":\"https:\\\/\\\/www.le34.dk\\\/da\\\/#website\",\"url\":\"https:\\\/\\\/www.le34.dk\\\/da\\\/\",\"name\":\"LE34\",\"description\":\"\",\"potentialAction\":[{\"@type\":\"SearchAction\",\"target\":{\"@type\":\"EntryPoint\",\"urlTemplate\":\"https:\\\/\\\/www.le34.dk\\\/da\\\/?s={search_term_string}\"},\"query-input\":{\"@type\":\"PropertyValueSpecification\",\"valueRequired\":true,\"valueName\":\"search_term_string\"}}],\"inLanguage\":\"da-DK\"}]}<\/script>\n<!-- \/ Yoast SEO plugin. -->","yoast_head_json":{"title":"Kontakt landinspekt\u00f8rfirmaet LE34 - vi har afdelinger n\u00e6r dig","description":"Kontakt landinspekt\u00f8rfirmaet LE34 p\u00e5 mail, telefon eller ved et personligt m\u00f8de. Uanset hvor i landet, s\u00e5 har vi kontorer i n\u00e6rheden. Kontakt os p\u00e5 siden her","robots":{"index":"index","follow":"follow","max-snippet":"max-snippet:-1","max-image-preview":"max-image-preview:large","max-video-preview":"max-video-preview:-1"},"canonical":"https:\/\/www.le34.dk\/da\/kontakt\/","og_locale":"da_DK","og_type":"article","og_title":"Kontakt landinspekt\u00f8rfirmaet LE34 - vi har afdelinger n\u00e6r dig","og_description":"Kontakt landinspekt\u00f8rfirmaet LE34 p\u00e5 mail, telefon eller ved et personligt m\u00f8de. Uanset hvor i landet, s\u00e5 har vi kontorer i n\u00e6rheden. Kontakt os p\u00e5 siden her","og_url":"https:\/\/www.le34.dk\/da\/kontakt\/","og_site_name":"LE34","article_modified_time":"2025-03-26T11:36:02+00:00","twitter_card":"summary_large_image","twitter_misc":{"Estimeret l\u00e6setid":"1 minut"},"schema":{"@context":"https:\/\/schema.org","@graph":[{"@type":"WebPage","@id":"https:\/\/www.le34.dk\/da\/kontakt\/","url":"https:\/\/www.le34.dk\/da\/kontakt\/","name":"Kontakt landinspekt\u00f8rfirmaet LE34 - vi har afdelinger n\u00e6r dig","isPartOf":{"@id":"https:\/\/www.le34.dk\/da\/#website"},"datePublished":"2017-07-18T04:19:25+00:00","dateModified":"2025-03-26T11:36:02+00:00","description":"Kontakt landinspekt\u00f8rfirmaet LE34 p\u00e5 mail, telefon eller ved et personligt m\u00f8de. Uanset hvor i landet, s\u00e5 har vi kontorer i n\u00e6rheden. Kontakt os p\u00e5 siden her","breadcrumb":{"@id":"https:\/\/www.le34.dk\/da\/kontakt\/#breadcrumb"},"inLanguage":"da-DK","potentialAction":[{"@type":"ReadAction","target":["https:\/\/www.le34.dk\/da\/kontakt\/"]}]},{"@type":"BreadcrumbList","@id":"https:\/\/www.le34.dk\/da\/kontakt\/#breadcrumb","itemListElement":[{"@type":"ListItem","position":1,"name":"Home","item":"https:\/\/www.le34.dk\/da\/"},{"@type":"ListItem","position":2,"name":"Kontakt"}]},{"@type":"WebSite","@id":"https:\/\/www.le34.dk\/da\/#website","url":"https:\/\/www.le34.dk\/da\/","name":"LE34","description":"","potentialAction":[{"@type":"SearchAction","target":{"@type":"EntryPoint","urlTemplate":"https:\/\/www.le34.dk\/da\/?s={search_term_string}"},"query-input":{"@type":"PropertyValueSpecification","valueRequired":true,"valueName":"search_term_string"}}],"inLanguage":"da-DK"}]}},"_links":{"self":[{"href":"https:\/\/www.le34.dk\/da\/wp-json\/wp\/v2\/pages\/1359","targetHints":{"allow":["GET"]}}],"collection":[{"href":"https:\/\/www.le34.dk\/da\/wp-json\/wp\/v2\/pages"}],"about":[{"href":"https:\/\/www.le34.dk\/da\/wp-json\/wp\/v2\/types\/page"}],"author":[{"embeddable":true,"href":"https:\/\/www.le34.dk\/da\/wp-json\/wp\/v2\/users\/28"}],"replies":[{"embeddable":true,"href":"https:\/\/www.le34.dk\/da\/wp-json\/wp\/v2\/comments?post=1359"}],"version-history":[{"count":11,"href":"https:\/\/www.le34.dk\/da\/wp-json\/wp\/v2\/pages\/1359\/revisions"}],"predecessor-version":[{"id":18051,"href":"https:\/\/www.le34.dk\/da\/wp-json\/wp\/v2\/pages\/1359\/revisions\/18051"}],"wp:attachment":[{"href":"https:\/\/www.le34.dk\/da\/wp-json\/wp\/v2\/media?parent=1359"}],"curies":[{"name":"wp","href":"https:\/\/api.w.org\/{rel}","templated":true}]}}