{"id":1345,"date":"2023-03-07T07:02:39","date_gmt":"2023-03-07T07:02:39","guid":{"rendered":"https:\/\/www.le34.dk\/klima\/"},"modified":"2026-04-14T07:47:25","modified_gmt":"2026-04-14T07:47:25","slug":"klima","status":"publish","type":"page","link":"https:\/\/www.le34.dk\/da\/klima\/","title":{"rendered":"Klima"},"content":{"rendered":"<p>Bliv kontaktet af vores klimar\u00e5dgivere<\/p>\n<p>Byudviklingsprojekter<br \/>\nByggemodning<br \/>\nByomdannelse<br \/>\nDGNB-r\u00e5dgivning<br \/>\nPlanl\u00e6gning<\/p>\n<p>CO2-reduktionsprojekter<br \/>\nCCS Offshore &#8211; Carbon Capture and Storage<br \/>\nCO2-lagring i jorden<br \/>\nUdtagning af lavbundsjorde<\/p>\n<p>Forsyningsprojekter<br \/>\nKloakseparering<br \/>\nLAR-anl\u00e6g<br \/>\nRegnvandsparker\/klimaparker<br \/>\nSkybrudstunneller<\/p>\n<p>Grundvandsbeskyttelse<br \/>\nBNBO &#8211; boringsn\u00e6re beskyttelsesomr\u00e5der<br \/>\nGrundvandsparker<br \/>\nKildepladser<br \/>\nSkovrejsning<\/p>\n<p> Infrastruktur- og anl\u00e6gsprojekter<br \/>\nArealopg\u00f8relse til dokumentation af klimap\u00e5virkning<br \/>\nData til gennemstr\u00f8msanalyser og overfladevand<br \/>\nKystsikring<br \/>\nMinimering af jordflytning<\/p>\n<p>Milj\u00f8vurdering (VVM) af energiprojekter<br \/>\nMilj\u00f8vurdering &#8211; overblik<br \/>\nMilj\u00f8vurdering af planer og programmer<br \/>\nMilj\u00f8konsekvensvurdering af projekter<br \/>\nVisualisering af fremtidigt projekt til milj\u00f8vurdering<\/p>\n<p>Natur og biodiversitet<br \/>\nJordfordeling<br \/>\nMultifunktionel arealanvendelse<\/p>\n<p>Vedvarende energiprojekter (VE-anl\u00e6g)<br \/>\nBiogasanl\u00e6g<br \/>\nLadestandere til elbiler<br \/>\nLokaliseringsanalyse til VE-anl\u00e6g<br \/>\nPower-2-X-anl\u00e6g<br \/>\nSolcelleanl\u00e6g<br \/>\nInfrastruktur for VE-projekter<br \/>\nVindm\u00f8lleanl\u00e6g<\/p>\n<p>Vi er formet af en tradition og en faglighed, hvor ansvaret for fremtiden og forvaltningen af vores jord er central. Landinspekt\u00f8rvidenskaben er mere end 250 \u00e5r gammel, men vi st\u00e5r i dag over for udfordringer, som er st\u00f8rre og mere komplekse end nogensinde. Det kr\u00e6ver ny viden, vilje til handling og plads til klimaet. Disse tre afg\u00f8rende faktorer udg\u00f8r derfor fundamentet for vores r\u00e5dgivning om den gr\u00f8nne omstilling.<\/p>\n<p>Den gr\u00f8nne omstilling kr\u00e6ver viden<br \/>\nVi har specialiseret os i r\u00e5dgivning p\u00e5 projekter, som er relaterede til den gr\u00f8nne omstilling. Fra beregning af klimap\u00e5virkning og identificering af mulige arealer for placering af VE-anl\u00e6g, til multifunktionel jordfordeling og udtagning af kulstofrige lavbundsjorder. Fra identifikation af vigtige natur- og milj\u00f8konsekvenser af nye anl\u00e6g til opm\u00e5ling, afs\u00e6tning og rettighedserhvervelse af arealer til b\u00e5de anl\u00e6g og infrastruktur omkring gr\u00f8nne projekter. Kort sagt \u2013 vi r\u00e5dgiver b\u00e5de f\u00f8r, under og efter projekterne.\u00a0<br \/>\nVi har erfaret, at vores rolle som r\u00e5dgivere g\u00f8r det muligt at p\u00e5virke processer og projekter ved at bidrage med den viden, vi tilegner os gennem vores brede ber\u00f8ring med vidt forskellige projekter. Vores r\u00e5dgivere arbejder p\u00e5 tv\u00e6rs af afdelinger og fagomr\u00e5der og r\u00e5dgiver b\u00e5de internt og eksternt.\u00a0<br \/>\nDet er en banal observation, men vi kan kun l\u00f8fte de udfordringer, verden st\u00e5r over for, hvis vi arbejder sammen.<br \/>\n\u00a0<\/p>\n<p>Den gr\u00f8n\u00adne om\u00adstil\u00adling kr\u00e6\u00adver plads<br \/>\nEn af de mest presserende udfordringer i et land som Danmark er pladsen. Teknologir\u00e5det har gennemf\u00f8rt et omfattende analysearbejde og publiceret rapporten\u00a0Prioritering af Danmarks areal i fremtiden, som s\u00e6tter tal p\u00e5 presset p\u00e5 vores begr\u00e6nsede areal.<br \/>\nR\u00e5dets konklusion er sl\u00e5ende: Hvis Danmark skulle rumme alle vedtagne planer, m\u00e5l og behov, ville vi f\u00e5 brug for 40% mere plads.\u00a0<br \/>\nDerfor spiller eksperter i arealanvendelse og rettigheder en central rolle i vores klimar\u00e5dgivning: Vi arbejder hver dag for, at klimaet ikke bliver taberen i den kamp om pladsen, som udspiller sig i disse \u00e5r og som bliver afg\u00f8rende for, om vi vil lykkes med den gr\u00f8nne omstilling.<br \/>\nVores viden om det danske matrikul\u00e6re system, hvor ejerskab af jord er reguleret gennem rettigheder, ansvar og restriktioner, er central i udnyttelsen af vores arealer.\u00a0Vores r\u00e5dgivning omfatter multifunktionel arealanvendelse, b\u00e6redygtig planl\u00e6gning af anl\u00e6g og infrastruktur med naturkorridorer til beskyttelse af biodiversitet, lokaliseringsanalyser og areal- og rettighedserhvervelse.\u00a0<\/p>\n<p>Se Teknologir\u00e5dets rapport<\/p>\n<p>Seneste nyt<\/p>\n<p>Multifunktionel arealudnyttelse i Solbjerg<br \/>\nMartin Korgaard var LE34\u2019s repr\u00e6sentant i et pressem\u00f8de med Milj\u00f8minister Magnus Heunicke i Solbjerg Skov i februar. Her var fokus p\u00e5, hvordan skovrejsning spiller en afg\u00f8rende rolle i beskyttelsen af drikkevandet og samtidig bidrager til biodiversitet, rekreative omr\u00e5der og CO2-fangst.<\/p>\n<p>\u201dDet var inspirerende at opleve Magnus Heunickes interesse for den rolle, de vigtige dr\u00f8ftelser med lodsejerne har \u2013 d\u00e9r, hvor vi skal f\u00e5 politik til at g\u00e5 op med virkeligheden,\u201d siger Martin Korgaard.<\/p>\n<p>Skovene i Solbjerg er et godt eksempel p\u00e5 multifunktionel arealudnyttelse, hvor \u00e9t projekt skaber v\u00e6rdi p\u00e5 flere fronter. For at f\u00e5 det til at lykkes er det afg\u00f8rende at oms\u00e6tte politiske ambitioner til konkret handling \u2013 og det kr\u00e6ver dialog og partnerskaber. LE34 er r\u00e5dgiver for Aarhus Kommune p\u00e5 skovrejsningen i Solbjerg og har gennemf\u00f8rt vurderingsforretning for den kommende jordfordeling i omr\u00e5det, der skal frig\u00f8re areal til at rejse den nye skov.<br \/>\nL\u00e6s mere<\/p>\n<p>VANDETS VEJE: Kolindsund \u2013 Tilbage til fremtiden<br \/>\nDen Gr\u00f8nne Trepart rejser store og komplekse sp\u00f8rgsm\u00e5l til b\u00e5de lokalbefolkning og politikere. Kan vi \u00e5bne sluserne for \u00f8gede vandm\u00e6ngder og samtidig styrke \u00f8kosystemer, CO2-reduktion, trivsel, bos\u00e6tning, erhvervsudvikling, turisme og natur?<\/p>\n<p>Kolindsund rummer enorme potentialer for milj\u00f8forbedringer. Men det koloniserede landskab er formet af industrielle landbrugsmetoder. I stedet for brat at slukke pumper og \u00e5bne for alle sluser, kunne man s\u00e5 skabe en gradvis transformation, hvor vandet langsomt f\u00e5r sin plads tilbage?<\/p>\n<p>Visionsscenariet \u201dKolindsund \u2013 Tilbage til fremtiden\u201d er udarbejdet af landskabsarkitekterne Sch\u00f8nherr i samarbejde med LE34, Pax Arkitekter og kunsthistoriker Jacob Wamberg.<\/p>\n<p>L\u00e6s mere<\/p>\n<p>Teknologir\u00e5dets rapport; Prioritering af Danmarks areal i fremtiden:<br \/>\n\u201cHele Danmarks areal er i brug. Men mange flere behov tr\u00e6nger sig p\u00e5. Det skal prioriteres. Vi kan ikke blive ved med at lade som om, landet er st\u00f8rre, end det er.\u201d<\/p>\n<p>Sebastian Mernild,\u00a0professor og hovedforfatter p\u00e5 FN&#8217;s klimapanel IPCC&#8217;s rapport:<br \/>\n\u201cDer er ingen tvivl om, at vi dels skal handle hurtigt og effektivt politisk, dels skal have sat mere skub p\u00e5 implementeringen af teknologier, og at vi skal udvikle nye teknologier.\u201d<\/p>\n<p>Den gr\u00f8nne omstilling kr\u00e6ver handling<br \/>\nFN\u2019s klimapanel IPCC\u2019s seneste rapport om klimaforandringer blev offentliggjort i marts 2023. Budskabet er ikke til at tage fejl af: Stigningen af den globale middeltemperatur er historisk h\u00f8j, og koncentrationen af CO2 i atmosf\u00e6ren er p\u00e5 sit h\u00f8jeste niveau i mindst to millioner \u00e5r. Klimarapportens fremskrivninger forudser katastrofale konsekvenser inden for blot f\u00e5 \u00e5rtier.<br \/>\nHensigtserkl\u00e6ringer kan ikke g\u00f8re det \u2013 der skal handling til.<br \/>\nVores indsatser omfatter b\u00e5de gr\u00f8nne projekter, omstilling af vores drift og aktiv indsats i forhold til FN\u2019s Verdensm\u00e5l. Siden 2016 har vi v\u00e6ret en del af UN Global Compact og forpligtet os til \u00e5rligt at afl\u00e6gge rapport. Vi bidrager pro bono til projekter uden for landets gr\u00e6nser: I Ghana r\u00e5dgiver vi om spildevandsh\u00e5ndtering i partnerskab med Aarhus Vand og Udenrigsministeriet. I Armenien har vi bidraget til et FN-projekt med fokus p\u00e5 en b\u00e6redygtig udnyttelse af jorder gennem dokumentation af ejendomsret. Og lige nu er vi ved at planl\u00e6gge et nyt, sp\u00e6ndende projekt, som vi gl\u00e6der os til at kunne dele.<br \/>\nI vores egen drift handler det om at identificere forhold, vi kan \u00e6ndre eller p\u00e5virke i b\u00e5de stort og sm\u00e5t. Her er udfasning af fossile biler er en af de vigtigste indsatser, som kan m\u00e5les direkte p\u00e5 vores CO2-udledning. Reduktion af vores rejser mellem afdelinger spiller ogs\u00e5 en v\u00e6sentlig rolle, da vi med 29 kontorer i Norden tidligere havde v\u00e6sentligt mere rejseaktivitet. I dag er samtlige m\u00f8delokaler p\u00e5 tv\u00e6rs af vores kontorer udstyret til virtuelle m\u00f8der. Vi drifter 100 % p\u00e5 str\u00f8m fra vedvarende energikilder og vores ladestandere er stillet til r\u00e5dighed for medarbejderes private elbiler for at give et \u00f8get incitament til at v\u00e6lge el.<\/p>\n<p>L\u00e6s mere om vores projekt i Ghana<br \/>\nL\u00e6s mere om vores projekt i Armenien<br \/>\nL\u00e6s FN&#8217;s klimapanels 2023-rapport<\/p>\n<p>Vi er startet med os selv<\/p>\n<p>72 % af vores biler erstattet med elbiler<br \/>\nI 2021 rullede den f\u00f8rste leverance af LE34\u2019s elbiler ud p\u00e5 vejene. Inden da havde vi investeret i ladeinfrastruktur p\u00e5 vores fire st\u00f8rste kontorer. I dag har vi ladere p\u00e5 77 % af vores kontorer i Danmark.<br \/>\nElbilerne udleder 0 g CO2\/km, n\u00e5r str\u00f8mforsyningen til bilerne kommer fra vedvarende energi, som den naturligvis g\u00f8r i vores ladestandere. Det betyder, at vi i 2023 p\u00e5 blot tre \u00e5r havde reduceret vores \u00e5rlige CO2-udledning med 203 tons.<br \/>\nVi forts\u00e6tter udfasningen af fossile biler frem mod vores m\u00e5ls\u00e6tning om at k\u00f8re 100 % p\u00e5 el.<\/p>\n<p>Vi drifter p\u00e5 vedvarende energi<br \/>\nMed et stigende antal elbiler i daglig drift, et stigende antal virtuelle m\u00f8der, digital korrespondance og servere har overgangen til str\u00f8m fra vedvarende energi v\u00e6ret et vigtigt tiltag. 1. januar 2023 overgik vi til str\u00f8m fra NRGi, hvilket betyder, at 100 % af den str\u00f8m, vi selv indk\u00f8ber kommer fra VE-kilder, svarende til 90 % af vores samlede str\u00f8mforbrug. <\/p>\n<p>B\u00e6redygtighedsrapportering fra 2023<br \/>\nFra 2026 tr\u00e6der nye krav om b\u00e6redygtighedsrapportering i kraft for virksomheder af vores st\u00f8rrelse. Den nye ESG-lovgivning er en del af EU-Kommissionens handlingsplan for finansiering af b\u00e6redygtig v\u00e6kst, som skal bidrage til, at EU bliver det f\u00f8rste kontinent, som n\u00e5r m\u00e5lene i Parisaftalen.<br \/>\nVi har valgt at se direktivet som en mulighed for at tage ansvar nu. Derfor startede vi i 2022 en proces om LE34\u2019s b\u00e6redygtige omstilling inden for milj\u00f8, sociale forhold og selskabsledelse for at kunne rapportere allerede fra 2023.<br \/>\nSe vores ESG-rapport for 2024<\/p>\n<p>Klimaprojekter<\/p>\n<p>Gr\u00f8n omstilling: Energinet henter r\u00e5dgivning fra LE34 til arealer og rettigheder<br \/>\nNye vinde bl\u00e6ser med stor styrke over energisektoren som f\u00f8lge af nationale og internationale aftaler om at overg\u00e5 til klimaneutrale samfund inden 2030. Som ejer og udvikler af el- og gasnet i Danmark st\u00e5r Energinet overfor en omfattende gr\u00f8n omstilling af deres energisystemer. LE34 er leverand\u00f8r af konsulenter til rettighedserhvervelse af arealer til projektet.<br \/>\nG\u00e5 til projektet<\/p>\n<p>Vindpark Overgaard &#8211; st\u00f8rst med gr\u00f8n str\u00f8m<br \/>\nLE34 har bidraget til, at Vindpark Overgaard nord for Randers er Danmarks st\u00f8rste vindm\u00f8llepark. M\u00f8llerne kan producere str\u00f8m til mere end 125.000 husstande.<br \/>\nL\u00e6s mere<\/p>\n<p>Femerns multifunktionelle jordfordeling<br \/>\nDu skal plante et tr\u00e6 &#8230; multifunktionel arealanvendelse er bragt i spil i anl\u00e6ggelse af Femern-forbindelsen. Et anl\u00e6gsprojekt, der p\u00e5virker alle i lokalomr\u00e5det p\u00e5 den ene eller anden m\u00e5de. Ogs\u00e5 naturen.<br \/>\nG\u00e5 til projektet<\/p>\n<p>Klim Vindm\u00f8llepark<br \/>\nHver af de 22 m\u00f8llers placering er n\u00f8je udvalgt: LE34&#8217;s landinspekt\u00f8rer har sikret, at placeringen er optimal i forhold til vind, skygge, st\u00f8j og rettigheder.<br \/>\nG\u00e5 til projekt<\/p>\n<p>Skybrudstunneller ved Svanem\u00f8llen og Valby<br \/>\nHvordan f\u00e5r man lige lov til at placere Danmarks st\u00f8rste skybrudstunnel p\u00e5 10 km midt i en t\u00e6tbebygget hovedstad?<br \/>\nG\u00e5 til projekt<\/p>\n<p>Jordfordeling i Dronninglund: lodsejerne str\u00f8mmede til<br \/>\nDet begyndte med engagement og initiativ fra 32 lodsejere. Nu har 75 lodsejere indg\u00e5et jordfordelingsaftaler med hinanden og rokkeret rundt p\u00e5 i alt 878 hektar til gavn for b\u00e5de \u00f8konomien og klimaet i form af mindre k\u00f8rsel mellem markerne. LE34 haft en gennemg\u00e5ende rolle som jordfordelingsplanl\u00e6gger fra start til slut.<br \/>\nG\u00e5 til projekt<\/p>\n<p>Skybrudstunnel Strandboulevarden<br \/>\nSkybrudstunneller og andre klimatilpasninger, der skal fremtidssikre byer og land, er komplekse anl\u00e6gsprojekter, hvor behovet for tekniske landinspekt\u00f8rydelser er stort.<br \/>\nG\u00e5 til projekt<\/p>\n<p>Kontakt r\u00e5dgiverne<\/p>\n<p>Anders Ebsen Jellesen<br \/>\nAndreas Hodal<br \/>\nEbru Kuscu Corlu<br \/>\nFrida Dalbjerg Kunnerup<br \/>\nGert M. Henningsen<br \/>\nJes Juhl J\u00f8rgensen<br \/>\nJosefine Vedtofte Laumann<br \/>\nKasper Nimand Steffensen<br \/>\nMads Lyngh\u00f8j Leerb\u00e6k<br \/>\nMagnus Gregersen Dissing<br \/>\nMarin Haugas<br \/>\nMartin Korgaard<br \/>\nMartin Nyvang<br \/>\nMette Kajh\u00f8j<br \/>\nMorten Dalby<br \/>\nPeter Christian von Westphal<br \/>\nRen\u00e9 Bundgaard Christensen<br \/>\nSune Iversen<br \/>\nVibeke St\u00e6rdahl Nielsen<br \/>\nBirgitte Blaabjerg Olsen<\/p>\n","protected":false},"excerpt":{"rendered":"<p>Bliv kontaktet af vores klimar\u00e5dgivere Byudviklingsprojekter Byggemodning Byomdannelse DGNB-r\u00e5dgivning Planl\u00e6gning CO2-reduktionsprojekter CCS Offshore &#8211; Carbon Capture and Storage CO2-lagring i jorden Udtagning af lavbundsjorde Forsyningsprojekter Kloakseparering LAR-anl\u00e6g Regnvandsparker\/klimaparker Skybrudstunneller Grundvandsbeskyttelse BNBO &#8211; boringsn\u00e6re beskyttelsesomr\u00e5der Grundvandsparker Kildepladser Skovrejsning Infrastruktur- og anl\u00e6gsprojekter Arealopg\u00f8relse til dokumentation af klimap\u00e5virkning Data til gennemstr\u00f8msanalyser og overfladevand Kystsikring Minimering af jordflytning Milj\u00f8vurdering [&hellip;]<\/p>\n","protected":false},"author":28,"featured_media":0,"parent":0,"menu_order":2,"comment_status":"closed","ping_status":"closed","template":"","meta":{"_acf_changed":false,"footnotes":""},"class_list":["post-1345","page","type-page","status-publish","hentry"],"acf":[],"yoast_head":"<!-- This site is optimized with the Yoast SEO plugin v27.4 - https:\/\/yoast.com\/product\/yoast-seo-wordpress\/ -->\n<title>Klimar\u00e5dgivning fra eksperter hos landinspekt\u00f8rvirksomheden LE34<\/title>\n<meta name=\"description\" content=\"Vi har specialiseret os i milj\u00f8vurdering, VVM-redeg\u00f8relse, planl\u00e6gning, opm\u00e5ling og rettighedserhvervelse til gr\u00f8nne projekter.\" \/>\n<meta name=\"robots\" content=\"index, follow, max-snippet:-1, max-image-preview:large, max-video-preview:-1\" \/>\n<link rel=\"canonical\" href=\"https:\/\/www.le34.dk\/da\/klima\/\" \/>\n<meta property=\"og:locale\" content=\"da_DK\" \/>\n<meta property=\"og:type\" content=\"article\" \/>\n<meta property=\"og:title\" content=\"Klimar\u00e5dgivning fra eksperter hos landinspekt\u00f8rvirksomheden LE34\" \/>\n<meta property=\"og:description\" content=\"Vi har specialiseret os i milj\u00f8vurdering, VVM-redeg\u00f8relse, planl\u00e6gning, opm\u00e5ling og rettighedserhvervelse til gr\u00f8nne projekter.\" \/>\n<meta property=\"og:url\" content=\"https:\/\/www.le34.dk\/da\/klima\/\" \/>\n<meta property=\"og:site_name\" content=\"LE34\" \/>\n<meta property=\"article:modified_time\" content=\"2026-04-14T07:47:25+00:00\" \/>\n<meta name=\"twitter:card\" content=\"summary_large_image\" \/>\n<meta name=\"twitter:label1\" content=\"Estimeret l\u00e6setid\" \/>\n\t<meta name=\"twitter:data1\" content=\"19 minutter\" \/>\n<script type=\"application\/ld+json\" class=\"yoast-schema-graph\">{\"@context\":\"https:\\\/\\\/schema.org\",\"@graph\":[{\"@type\":\"WebPage\",\"@id\":\"https:\\\/\\\/www.le34.dk\\\/da\\\/klima\\\/\",\"url\":\"https:\\\/\\\/www.le34.dk\\\/da\\\/klima\\\/\",\"name\":\"Klimar\u00e5dgivning fra eksperter hos landinspekt\u00f8rvirksomheden LE34\",\"isPartOf\":{\"@id\":\"https:\\\/\\\/www.le34.dk\\\/da\\\/#website\"},\"datePublished\":\"2023-03-07T07:02:39+00:00\",\"dateModified\":\"2026-04-14T07:47:25+00:00\",\"description\":\"Vi har specialiseret os i milj\u00f8vurdering, VVM-redeg\u00f8relse, planl\u00e6gning, opm\u00e5ling og rettighedserhvervelse til gr\u00f8nne projekter.\",\"breadcrumb\":{\"@id\":\"https:\\\/\\\/www.le34.dk\\\/da\\\/klima\\\/#breadcrumb\"},\"inLanguage\":\"da-DK\",\"potentialAction\":[{\"@type\":\"ReadAction\",\"target\":[\"https:\\\/\\\/www.le34.dk\\\/da\\\/klima\\\/\"]}]},{\"@type\":\"BreadcrumbList\",\"@id\":\"https:\\\/\\\/www.le34.dk\\\/da\\\/klima\\\/#breadcrumb\",\"itemListElement\":[{\"@type\":\"ListItem\",\"position\":1,\"name\":\"Home\",\"item\":\"https:\\\/\\\/www.le34.dk\\\/da\\\/\"},{\"@type\":\"ListItem\",\"position\":2,\"name\":\"Klima\"}]},{\"@type\":\"WebSite\",\"@id\":\"https:\\\/\\\/www.le34.dk\\\/da\\\/#website\",\"url\":\"https:\\\/\\\/www.le34.dk\\\/da\\\/\",\"name\":\"LE34\",\"description\":\"\",\"potentialAction\":[{\"@type\":\"SearchAction\",\"target\":{\"@type\":\"EntryPoint\",\"urlTemplate\":\"https:\\\/\\\/www.le34.dk\\\/da\\\/?s={search_term_string}\"},\"query-input\":{\"@type\":\"PropertyValueSpecification\",\"valueRequired\":true,\"valueName\":\"search_term_string\"}}],\"inLanguage\":\"da-DK\"}]}<\/script>\n<!-- \/ Yoast SEO plugin. -->","yoast_head_json":{"title":"Klimar\u00e5dgivning fra eksperter hos landinspekt\u00f8rvirksomheden LE34","description":"Vi har specialiseret os i milj\u00f8vurdering, VVM-redeg\u00f8relse, planl\u00e6gning, opm\u00e5ling og rettighedserhvervelse til gr\u00f8nne projekter.","robots":{"index":"index","follow":"follow","max-snippet":"max-snippet:-1","max-image-preview":"max-image-preview:large","max-video-preview":"max-video-preview:-1"},"canonical":"https:\/\/www.le34.dk\/da\/klima\/","og_locale":"da_DK","og_type":"article","og_title":"Klimar\u00e5dgivning fra eksperter hos landinspekt\u00f8rvirksomheden LE34","og_description":"Vi har specialiseret os i milj\u00f8vurdering, VVM-redeg\u00f8relse, planl\u00e6gning, opm\u00e5ling og rettighedserhvervelse til gr\u00f8nne projekter.","og_url":"https:\/\/www.le34.dk\/da\/klima\/","og_site_name":"LE34","article_modified_time":"2026-04-14T07:47:25+00:00","twitter_card":"summary_large_image","twitter_misc":{"Estimeret l\u00e6setid":"19 minutter"},"schema":{"@context":"https:\/\/schema.org","@graph":[{"@type":"WebPage","@id":"https:\/\/www.le34.dk\/da\/klima\/","url":"https:\/\/www.le34.dk\/da\/klima\/","name":"Klimar\u00e5dgivning fra eksperter hos landinspekt\u00f8rvirksomheden LE34","isPartOf":{"@id":"https:\/\/www.le34.dk\/da\/#website"},"datePublished":"2023-03-07T07:02:39+00:00","dateModified":"2026-04-14T07:47:25+00:00","description":"Vi har specialiseret os i milj\u00f8vurdering, VVM-redeg\u00f8relse, planl\u00e6gning, opm\u00e5ling og rettighedserhvervelse til gr\u00f8nne projekter.","breadcrumb":{"@id":"https:\/\/www.le34.dk\/da\/klima\/#breadcrumb"},"inLanguage":"da-DK","potentialAction":[{"@type":"ReadAction","target":["https:\/\/www.le34.dk\/da\/klima\/"]}]},{"@type":"BreadcrumbList","@id":"https:\/\/www.le34.dk\/da\/klima\/#breadcrumb","itemListElement":[{"@type":"ListItem","position":1,"name":"Home","item":"https:\/\/www.le34.dk\/da\/"},{"@type":"ListItem","position":2,"name":"Klima"}]},{"@type":"WebSite","@id":"https:\/\/www.le34.dk\/da\/#website","url":"https:\/\/www.le34.dk\/da\/","name":"LE34","description":"","potentialAction":[{"@type":"SearchAction","target":{"@type":"EntryPoint","urlTemplate":"https:\/\/www.le34.dk\/da\/?s={search_term_string}"},"query-input":{"@type":"PropertyValueSpecification","valueRequired":true,"valueName":"search_term_string"}}],"inLanguage":"da-DK"}]}},"_links":{"self":[{"href":"https:\/\/www.le34.dk\/da\/wp-json\/wp\/v2\/pages\/1345","targetHints":{"allow":["GET"]}}],"collection":[{"href":"https:\/\/www.le34.dk\/da\/wp-json\/wp\/v2\/pages"}],"about":[{"href":"https:\/\/www.le34.dk\/da\/wp-json\/wp\/v2\/types\/page"}],"author":[{"embeddable":true,"href":"https:\/\/www.le34.dk\/da\/wp-json\/wp\/v2\/users\/28"}],"replies":[{"embeddable":true,"href":"https:\/\/www.le34.dk\/da\/wp-json\/wp\/v2\/comments?post=1345"}],"version-history":[{"count":48,"href":"https:\/\/www.le34.dk\/da\/wp-json\/wp\/v2\/pages\/1345\/revisions"}],"predecessor-version":[{"id":14087,"href":"https:\/\/www.le34.dk\/da\/wp-json\/wp\/v2\/pages\/1345\/revisions\/14087"}],"wp:attachment":[{"href":"https:\/\/www.le34.dk\/da\/wp-json\/wp\/v2\/media?parent=1345"}],"curies":[{"name":"wp","href":"https:\/\/api.w.org\/{rel}","templated":true}]}}